{"id":9691,"date":"2023-09-04T21:27:40","date_gmt":"2023-09-04T19:27:40","guid":{"rendered":"https:\/\/lesfeespapillons-mineraux.com\/?post_type=product&#038;p=9691"},"modified":"2024-06-06T10:44:16","modified_gmt":"2024-06-06T08:44:16","slug":"pendentifs-rhodonite-6","status":"publish","type":"product","link":"https:\/\/lesfeespapillons-mineraux.com\/index.php\/produit\/pendentifs-rhodonite-6\/","title":{"rendered":"pendentifs c\u0153urs rhodonite"},"content":{"rendered":"<p style=\"text-align: center\"><strong>La rhodonite<\/strong><\/p>\n<p style=\"text-align: center\"><strong>Sa couleur lui vient de traces de fer <\/strong><\/p>\n<p>&nbsp;<\/p>\n<p><u>Origine du nom\u00a0:<\/u> <em>du grec \u00ab\u00a0rhodon\u00a0\u00bb qui signifie \u00ab\u00a0rose\u00a0\u00bb<\/em><\/p>\n<p><em><u>Classe cristalline\u00a0:<\/u><\/em><em> pinaco\u00efde<\/em><\/p>\n<p><em><u>Formule chimique\u00a0:<\/u><\/em> Mn<sup>2+<\/sup>, Fe<sup>2+<\/sup>, Mg, Ca<\/p>\n<p><u>Duret\u00e9\u00a0:<\/u> 5.5-6.5 selon l\u2019\u00e9chelle de Mohs<\/p>\n<p><u>Syst\u00e8me cristallin\u00a0<\/u>: triclinique<\/p>\n<p><u>Densit\u00e9\u00a0:<\/u> 3,6<\/p>\n<p><u>Gisements\u00a0:<\/u> Br\u00e9sil, Etats-Unis, France, Inde, Madagascar, Pakistan, Sri Lanka<\/p>\n<p><u>Chakra\u00a0:<\/u> coeur<\/p>\n<p>&nbsp;<\/p>\n<p style=\"text-align: center\"><strong><u>Les vertus pr\u00eat\u00e9es \u00e0 cette pierre en lithoth\u00e9rapie <\/u><\/strong><\/p>\n<p><strong>Au niveau \u00e9motionnel et spirituel, <\/strong>la rhodonite apporte du r\u00e9confort et aide \u00e0 lutter contre le stress et les angoisses. C\u2019est une barri\u00e8re contre la jalousie qui permet de retrouver l\u2019estime de soi tout en poussant \u00e0 l\u2019altruisme et la g\u00e9n\u00e9rosit\u00e9.<\/p>\n<p><strong>Au niveau physique, <\/strong>elle est un soutien pour tous les probl\u00e8mes li\u00e9s au pancr\u00e9as, au foie et \u00e0 la rate. C\u2019est une pierre d\u2019auto-gu\u00e9rison.<\/p>\n<p>&nbsp;<\/p>\n<p>&nbsp;<\/p>\n<p style=\"text-align: center\"><strong><u>Les moyens de purification\u00a0:<\/u><\/strong><\/p>\n<p>On pourra la purifier sous un filet d\u2019eau (de pr\u00e9f\u00e9rence d\u2019eau de source) ou dans les fum\u00e9es d\u2019encens (sauge blanche, dragon\u2019s blood, palo santo, tulsi\u2026)<\/p>\n<p>La rhodonite se recharge ensuite \u00e0 la lumi\u00e8re du soleil, sur un amas cristallin (am\u00e9thyste ou cristal de roche), sur un motif de fleur de vie ou dans une coquille Saint-Jacques&#8230;<\/p>\n<p>A chacun de trouver le rituel qui lui convient.<\/p>\n<p>&nbsp;<\/p>\n<p>&nbsp;<\/p>\n<p>&nbsp;<\/p>\n<p>&nbsp;<\/p>\n<p>&nbsp;<\/p>\n<p>&nbsp;<\/p>\n<p>&nbsp;<\/p>\n<p><sub>\u00a0<\/sub><\/p>\n<p>&nbsp;<\/p>\n<p>&nbsp;<\/p>\n<p>&nbsp;<\/p>\n<p>&nbsp;<\/p>\n<p>&nbsp;<\/p>\n<p>&nbsp;<\/p>\n<p><sub>\u00a0<\/sub><\/p>\n<p>&nbsp;<\/p>\n<p><sub>\u00a0<\/sub><\/p>\n<p>&nbsp;<\/p>\n","protected":false},"excerpt":{"rendered":"<p>b\u00e9li\u00e8re argent 925<\/p>\n<p>vendus sans cha\u00eene<\/p>\n<p>&nbsp;<\/p>\n","protected":false},"featured_media":9696,"template":"","meta":[],"product_brand":[],"product_cat":[96,266,109],"product_tag":[147,475,474,473,476,472],"class_list":{"0":"post-9691","1":"product","2":"type-product","3":"status-publish","4":"has-post-thumbnail","6":"product_cat-bijoux","7":"product_cat-bijoux-beliere-argent","8":"product_cat-bijoux-pierres-naturelles","9":"product_tag-angoisses","10":"product_tag-foie","11":"product_tag-generosite","12":"product_tag-jalousie","13":"product_tag-rate","14":"product_tag-stress","15":"pa_mineraux-rhodonite","16":"pa_piece-318","17":"pa_piece-319","18":"pa_piece-320","19":"pa_piece-322","20":"pa_type-de-bijoux-pendentif","22":"first","23":"instock","24":"shipping-taxable","25":"purchasable","26":"product-type-variable"},"jetpack_sharing_enabled":true,"_links":{"self":[{"href":"https:\/\/lesfeespapillons-mineraux.com\/index.php\/wp-json\/wp\/v2\/product\/9691","targetHints":{"allow":["GET"]}}],"collection":[{"href":"https:\/\/lesfeespapillons-mineraux.com\/index.php\/wp-json\/wp\/v2\/product"}],"about":[{"href":"https:\/\/lesfeespapillons-mineraux.com\/index.php\/wp-json\/wp\/v2\/types\/product"}],"wp:featuredmedia":[{"embeddable":true,"href":"https:\/\/lesfeespapillons-mineraux.com\/index.php\/wp-json\/wp\/v2\/media\/9696"}],"wp:attachment":[{"href":"https:\/\/lesfeespapillons-mineraux.com\/index.php\/wp-json\/wp\/v2\/media?parent=9691"}],"wp:term":[{"taxonomy":"product_brand","embeddable":true,"href":"https:\/\/lesfeespapillons-mineraux.com\/index.php\/wp-json\/wp\/v2\/product_brand?post=9691"},{"taxonomy":"product_cat","embeddable":true,"href":"https:\/\/lesfeespapillons-mineraux.com\/index.php\/wp-json\/wp\/v2\/product_cat?post=9691"},{"taxonomy":"product_tag","embeddable":true,"href":"https:\/\/lesfeespapillons-mineraux.com\/index.php\/wp-json\/wp\/v2\/product_tag?post=9691"}],"curies":[{"name":"wp","href":"https:\/\/api.w.org\/{rel}","templated":true}]}}