{"id":9552,"date":"2023-09-04T15:52:51","date_gmt":"2023-09-04T13:52:51","guid":{"rendered":"https:\/\/lesfeespapillons-mineraux.com\/?post_type=product&#038;p=9552"},"modified":"2024-12-28T14:22:16","modified_gmt":"2024-12-28T13:22:16","slug":"pendentifs-lepidolite-2","status":"publish","type":"product","link":"https:\/\/lesfeespapillons-mineraux.com\/index.php\/produit\/pendentifs-lepidolite-2\/","title":{"rendered":"pendentifs en l\u00e9pidolite"},"content":{"rendered":"<p style=\"text-align: center\"><strong>La L\u00e9pidolite<\/strong><\/p>\n<p>&nbsp;<\/p>\n<p>&nbsp;<\/p>\n<ul>\n<li><strong>Famille<\/strong> : Groupe des micas (phyllosilicates)<\/li>\n<li><strong>Couleur<\/strong> : Rose, violet, lilas, parfois gris\u00e2tre ou incolore<\/li>\n<li><strong>Duret\u00e9 (\u00c9chelle de Mohs)<\/strong> : 2,5 \u00e0 3<\/li>\n<li><strong>Syst\u00e8me cristallin<\/strong> : Monoclinique<\/li>\n<li><strong>Composition chimique<\/strong> : K(Li,Al)\u2082(Al,Si)\u2084O\u2081\u2080(F,OH)\u2082 (Aluminosilicate de lithium et d&rsquo;aluminium avec du fluor)<\/li>\n<li><strong>Clivage<\/strong> : Parfait<\/li>\n<li><strong>Transparence<\/strong> : Translucide \u00e0 opaque<\/li>\n<li><strong>\u00c9clat<\/strong> : Nacr\u00e9, vitreux<\/li>\n<\/ul>\n<p>&nbsp;<\/p>\n<p><strong>Provenance :<\/strong><\/p>\n<ul>\n<li><strong>Gisements principaux<\/strong> : Br\u00e9sil, \u00c9tats-Unis (Californie), Madagascar, Russie, Afghanistan, Canada<\/li>\n<li><strong>Type de formation<\/strong> : La l\u00e9pidolite se trouve dans les pegmatites, des roches magmatiques riches en min\u00e9raux. C\u2019est une source importante de lithium.<\/li>\n<\/ul>\n<p>&nbsp;<\/p>\n<p><strong>Propri\u00e9t\u00e9s physiques :<\/strong><\/p>\n<ul>\n<li><strong>Lithium<\/strong> : La l\u00e9pidolite est l\u2019une des plus grandes sources naturelles de lithium, un \u00e9l\u00e9ment chimique utilis\u00e9 dans les batteries et pour des traitements m\u00e9dicaux, notamment pour les troubles bipolaires.<\/li>\n<li><strong>Apparence<\/strong> : Ses cristaux sont souvent en fines couches, ressemblant \u00e0 des feuillets ou des paillettes brillantes, avec une texture nacr\u00e9e qui lui donne un aspect l\u00e9g\u00e8rement m\u00e9tallique.<\/li>\n<\/ul>\n<p>&nbsp;<\/p>\n<p><strong>Propri\u00e9t\u00e9s \u00e9nerg\u00e9tiques et vertus en lithoth\u00e9rapie :<\/strong><\/p>\n<ul>\n<li><strong>Apaisement et s\u00e9r\u00e9nit\u00e9<\/strong> : La l\u00e9pidolite est r\u00e9put\u00e9e pour ses vertus calmantes et anti-stress. Elle aide \u00e0 apaiser les tensions et \u00e0 calmer l&rsquo;esprit.<\/li>\n<li><strong>Gestion des \u00e9motions<\/strong> : Tr\u00e8s utilis\u00e9e pour combattre les angoisses, le stress, et les \u00e9motions n\u00e9gatives, cette pierre est souvent conseill\u00e9e aux personnes en qu\u00eate de paix int\u00e9rieure.<\/li>\n<li><strong>\u00c9quilibre \u00e9motionnel<\/strong> : Gr\u00e2ce \u00e0 sa teneur en lithium, la l\u00e9pidolite est parfois associ\u00e9e \u00e0 la stabilisation des \u00e9motions. Elle aide \u00e0 r\u00e9duire les troubles \u00e9motionnels et \u00e0 trouver un \u00e9quilibre.<\/li>\n<li><strong>Favorise le sommeil<\/strong> : Elle peut aider \u00e0 lutter contre l\u2019insomnie en favorisant le calme et en r\u00e9duisant les pens\u00e9es agit\u00e9es.<\/li>\n<li><strong>Protection contre les ondes \u00e9lectromagn\u00e9tiques<\/strong> : Certaines personnes la portent pour se prot\u00e9ger des ondes \u00e9mises par les appareils \u00e9lectroniques (t\u00e9l\u00e9phones, ordinateurs).<\/li>\n<\/ul>\n<p>&nbsp;<\/p>\n<p><strong>Chakras associ\u00e9s :<\/strong><\/p>\n<ul>\n<li>Chakra coronal (7\u1d49 chakra, situ\u00e9 au sommet du cr\u00e2ne), qui est li\u00e9 \u00e0 la conscience spirituelle.<\/li>\n<\/ul>\n<p>&nbsp;<\/p>\n<p><strong>Entretien :<\/strong><\/p>\n<ul>\n<li><strong>Nettoyage<\/strong> : La l\u00e9pidolite doit \u00eatre nettoy\u00e9e r\u00e9guli\u00e8rement en raison de sa sensibilit\u00e9. Sous un filet d\u2019eau ou dans les fum\u00e9es d\u2019encens.<\/li>\n<li><strong>Rechargement<\/strong> : Elle peut \u00eatre recharg\u00e9e \u00e0 la lumi\u00e8re lunaire, qui est douce pour cette pierre. On \u00e9vite la lumi\u00e8re directe du soleil, car cela peut alt\u00e9rer sa couleur. On peut \u00e9galement la recharger au contact d\u2019un amas cristallin (am\u00e9thyste ou quartz).<\/li>\n<\/ul>\n<p>&nbsp;<\/p>\n<p><strong>Utilisations courantes :<\/strong><\/p>\n<ul>\n<li><strong>Bijoux<\/strong> : La l\u00e9pidolite est souvent utilis\u00e9e dans les bracelets, colliers ou pendentifs en raison de ses propri\u00e9t\u00e9s apaisantes et de son \u00e9clat nacr\u00e9.<\/li>\n<li><strong>D\u00e9coration<\/strong> : Elle est appr\u00e9ci\u00e9e en tant que pierre de d\u00e9coration, que ce soit sous forme de pierre brute ou polie.<\/li>\n<li><strong>Lithoth\u00e9rapie<\/strong> : En s\u00e9ances de m\u00e9ditation ou de soins \u00e9nerg\u00e9tiques, la l\u00e9pidolite est souvent plac\u00e9e sur le chakra du c\u0153ur ou du troisi\u00e8me \u0153il pour apaiser et recentrer.<\/li>\n<\/ul>\n<p>&nbsp;<\/p>\n<p><strong>Symbolique :<\/strong><\/p>\n<ul>\n<li><strong>Pierre de tranquillit\u00e9<\/strong> : Elle symbolise la paix int\u00e9rieure, la r\u00e9duction du stress et la gestion des \u00e9motions difficiles.<\/li>\n<li><strong>Pierre de gu\u00e9rison \u00e9motionnelle<\/strong> : La l\u00e9pidolite est associ\u00e9e \u00e0 la gu\u00e9rison des blessures \u00e9motionnelles profondes et \u00e0 l&rsquo;harmonie mentale.<\/li>\n<\/ul>\n<p>&nbsp;<\/p>\n<p><strong>Conclusion :<\/strong><\/p>\n<p>La l\u00e9pidolite est une pierre pr\u00e9cieuse pour les personnes en qu\u00eate de calme et d&rsquo;\u00e9quilibre \u00e9motionnel. Sa teneur en lithium la rend unique et en fait un min\u00e9ral essentiel \u00e0 la fois pour son utilisation industrielle et ses vertus apaisantes dans le domaine spirituel.<\/p>\n<p>&nbsp;<\/p>\n<p>&nbsp;<\/p>\n<p>&nbsp;<\/p>\n<p>&nbsp;<\/p>\n<p>&nbsp;<\/p>\n<p><sub>\u00a0<\/sub><\/p>\n<p>&nbsp;<\/p>\n<p>&nbsp;<\/p>\n<p>&nbsp;<\/p>\n<p><sub>\u00a0<\/sub><\/p>\n<p>&nbsp;<\/p>\n","protected":false},"excerpt":{"rendered":"<p>b\u00e9li\u00e8re argent 925<\/p>\n<p>vendus sans cha\u00eene<\/p>\n<p>&nbsp;<\/p>\n<p><strong>\u00a0<\/strong><\/p>\n","protected":false},"featured_media":9555,"template":"","meta":[],"product_brand":[],"product_cat":[96,266,109],"product_tag":[147,146,676,510,472],"class_list":{"0":"post-9552","1":"product","2":"type-product","3":"status-publish","4":"has-post-thumbnail","6":"product_cat-bijoux","7":"product_cat-bijoux-beliere-argent","8":"product_cat-bijoux-pierres-naturelles","9":"product_tag-angoisses","10":"product_tag-apaisement","11":"product_tag-calme","12":"product_tag-insomnie","13":"product_tag-stress","14":"pa_mineraux-lepidolite","15":"pa_piece-318","16":"pa_piece-319","17":"pa_type-de-bijoux-pendentif","19":"first","20":"instock","21":"shipping-taxable","22":"purchasable","23":"product-type-variable"},"jetpack_sharing_enabled":true,"_links":{"self":[{"href":"https:\/\/lesfeespapillons-mineraux.com\/index.php\/wp-json\/wp\/v2\/product\/9552","targetHints":{"allow":["GET"]}}],"collection":[{"href":"https:\/\/lesfeespapillons-mineraux.com\/index.php\/wp-json\/wp\/v2\/product"}],"about":[{"href":"https:\/\/lesfeespapillons-mineraux.com\/index.php\/wp-json\/wp\/v2\/types\/product"}],"wp:featuredmedia":[{"embeddable":true,"href":"https:\/\/lesfeespapillons-mineraux.com\/index.php\/wp-json\/wp\/v2\/media\/9555"}],"wp:attachment":[{"href":"https:\/\/lesfeespapillons-mineraux.com\/index.php\/wp-json\/wp\/v2\/media?parent=9552"}],"wp:term":[{"taxonomy":"product_brand","embeddable":true,"href":"https:\/\/lesfeespapillons-mineraux.com\/index.php\/wp-json\/wp\/v2\/product_brand?post=9552"},{"taxonomy":"product_cat","embeddable":true,"href":"https:\/\/lesfeespapillons-mineraux.com\/index.php\/wp-json\/wp\/v2\/product_cat?post=9552"},{"taxonomy":"product_tag","embeddable":true,"href":"https:\/\/lesfeespapillons-mineraux.com\/index.php\/wp-json\/wp\/v2\/product_tag?post=9552"}],"curies":[{"name":"wp","href":"https:\/\/api.w.org\/{rel}","templated":true}]}}