{"id":8876,"date":"2023-09-01T00:39:57","date_gmt":"2023-08-31T22:39:57","guid":{"rendered":"https:\/\/lesfeespapillons-mineraux.com\/?post_type=product&#038;p=8876"},"modified":"2024-10-11T18:49:43","modified_gmt":"2024-10-11T16:49:43","slug":"selenite-ohm","status":"publish","type":"product","link":"https:\/\/lesfeespapillons-mineraux.com\/index.php\/produit\/selenite-ohm\/","title":{"rendered":"s\u00e9l\u00e9nite Ohm"},"content":{"rendered":"<p style=\"text-align: center\"><strong>La S\u00e9l\u00e9nite<\/strong><\/p>\n<p><strong>\u00a0<\/strong><\/p>\n<ul>\n<li><strong>Famille<\/strong> : Gypse (sulfate de calcium hydrat\u00e9)<\/li>\n<li><strong>Formule chimique<\/strong> : CaSO\u2084\u00b72H\u2082O<\/li>\n<li><strong>Couleur<\/strong> : Blanche translucide, parfois avec des reflets l\u00e9g\u00e8rement argent\u00e9s ou chatoyants<\/li>\n<li><strong>Duret\u00e9<\/strong> : 2 sur l\u2019\u00e9chelle de Mohs (tr\u00e8s tendre)<\/li>\n<li><strong>\u00c9clat<\/strong> : Nacr\u00e9, satin\u00e9<\/li>\n<li><strong>Origine du nom<\/strong> : Du grec <em>Selenitis<\/em> (litt\u00e9ralement \u00ab\u00a0pierre de lune\u00a0\u00bb), en r\u00e9f\u00e9rence \u00e0 la d\u00e9esse grecque de la lune, <strong>S\u00e9l\u00e9n\u00e9<\/strong>, en raison de sa couleur blanche et de sa lumi\u00e8re douce.<\/li>\n<\/ul>\n<p>La <strong>s\u00e9l\u00e9nite<\/strong> est une vari\u00e9t\u00e9 de gypse particuli\u00e8rement pris\u00e9e en lithoth\u00e9rapie pour ses propri\u00e9t\u00e9s \u00e9nerg\u00e9tiques douces, apaisantes et purificatrices. Elle se distingue par son \u00e9clat chatoyant et sa texture fibreuse, presque soyeuse. Tr\u00e8s populaire dans le domaine spirituel, elle est r\u00e9put\u00e9e pour \u00eatre une pierre de <strong>clart\u00e9<\/strong> et de <strong>s\u00e9r\u00e9nit\u00e9<\/strong>.<\/p>\n<p>&nbsp;<\/p>\n<p><strong>Caract\u00e9ristiques Physiques<\/strong><\/p>\n<ul>\n<li><strong>Transparence<\/strong> : La s\u00e9l\u00e9nite est g\u00e9n\u00e9ralement translucide \u00e0 semi-transparente, avec une apparence \u00e9th\u00e9r\u00e9e.<\/li>\n<li><strong>Structure cristalline<\/strong> : Elle se pr\u00e9sente souvent sous forme de longues baguettes ou de plaques planes, ce qui refl\u00e8te ses propri\u00e9t\u00e9s \u00e9nerg\u00e9tiques lin\u00e9aires.<\/li>\n<li><strong>Duret\u00e9<\/strong> : Avec une duret\u00e9 tr\u00e8s faible (2 sur l\u2019\u00e9chelle de Mohs), la s\u00e9l\u00e9nite est fragile et doit \u00eatre manipul\u00e9e avec soin, car elle peut se rayer facilement.<\/li>\n<\/ul>\n<p>&nbsp;<\/p>\n<p><strong>Chakras Associ\u00e9s<\/strong><\/p>\n<ul>\n<li><strong>Chakra couronne<\/strong> (<em>Sahasrara<\/em>) : La s\u00e9l\u00e9nite est avant tout li\u00e9e au chakra couronne, facilitant la connexion avec les \u00e9nergies sup\u00e9rieures, la sagesse spirituelle, et l\u2019ouverture \u00e0 des niveaux de conscience plus \u00e9lev\u00e9s.<\/li>\n<li><strong>Chakra troisi\u00e8me \u0153il<\/strong> (<em>Ajna<\/em>) : Elle favorise \u00e9galement l\u2019ouverture du troisi\u00e8me \u0153il, stimulant la clart\u00e9 mentale et l\u2019intuition.<\/li>\n<li><strong>Chakra sacr\u00e9\u00a0: elle active l\u2019\u00e9nergie Yin.<\/strong><\/li>\n<\/ul>\n<p>&nbsp;<\/p>\n<p><strong>Propri\u00e9t\u00e9s \u00c9nerg\u00e9tiques et Spirituelles<\/strong><\/p>\n<ol>\n<li><strong>Purification et Nettoyage<\/strong>\n<ul>\n<li>La <strong>s\u00e9l\u00e9nite<\/strong> est une pierre de <strong>purification<\/strong> puissante, capable de nettoyer les espaces, les autres cristaux, et m\u00eame l\u2019aura d\u2019une personne. Elle est souvent utilis\u00e9e pour effacer les blocages \u00e9nerg\u00e9tiques et r\u00e9tablir une \u00e9nergie harmonieuse.<\/li>\n<li>En raison de sa capacit\u00e9 \u00e0 purifier, la s\u00e9l\u00e9nite ne n\u00e9cessite g\u00e9n\u00e9ralement pas de nettoyage fr\u00e9quent. Elle peut aussi \u00eatre utilis\u00e9e pour recharger d\u2019autres pierres en les pla\u00e7ant \u00e0 proximit\u00e9.<\/li>\n<\/ul>\n<\/li>\n<li><strong>Clart\u00e9 mentale et concentration<\/strong>\n<ul>\n<li>La s\u00e9l\u00e9nite est reconnue pour sa capacit\u00e9 \u00e0 clarifier l\u2019esprit et \u00e0 aider \u00e0 organiser les pens\u00e9es. Elle est particuli\u00e8rement utile lors de la <strong>m\u00e9ditation<\/strong>, des pratiques spirituelles, ou lorsqu\u2019on a besoin d\u2019un regain de <strong>lucidit\u00e9 mentale<\/strong>.<\/li>\n<li>En pla\u00e7ant une baguette de s\u00e9l\u00e9nite pr\u00e8s de soi, elle aide \u00e0 \u00e9loigner la confusion mentale et favorise la concentration.<\/li>\n<\/ul>\n<\/li>\n<li><strong>S\u00e9r\u00e9nit\u00e9 et Paix<\/strong>\n<ul>\n<li>La s\u00e9l\u00e9nite poss\u00e8de une \u00e9nergie douce, apaisante, et bienveillante, qui aide \u00e0 instaurer un climat de <strong>calme<\/strong> et de <strong>tranquillit\u00e9<\/strong>. Elle est excellente pour r\u00e9duire le <strong>stress<\/strong> et l\u2019<strong>anxi\u00e9t\u00e9<\/strong>, favorisant un \u00e9tat de <strong>relaxation profonde<\/strong>.<\/li>\n<li>Elle est souvent plac\u00e9e dans des chambres pour favoriser un <strong>sommeil r\u00e9parateur<\/strong> et un environnement serein.<\/li>\n<\/ul>\n<\/li>\n<li><strong>Connexion spirituelle et d\u00e9veloppement intuitif<\/strong>\n<ul>\n<li>\u00c9tant fortement associ\u00e9e au chakra couronne, la s\u00e9l\u00e9nite favorise la connexion avec les <strong>plans spirituels<\/strong> sup\u00e9rieurs, permettant d\u2019acc\u00e9der \u00e0 des \u00e9tats de <strong>conscience \u00e9largie<\/strong>. Elle est id\u00e9ale pour ceux qui souhaitent approfondir leur <strong>intuition<\/strong>, leur <strong>m\u00e9ditation<\/strong>, ou d\u00e9velopper des capacit\u00e9s <strong>psychiques<\/strong> telles que la clairvoyance.<\/li>\n<li>Elle est \u00e9galement utilis\u00e9e pour entrer en contact avec ses <strong>guides spirituels<\/strong> et pour am\u00e9liorer la <strong>communication spirituelle<\/strong>.<\/li>\n<\/ul>\n<\/li>\n<li><strong>\u00c9quilibre et Alignement<\/strong>\n<ul>\n<li>La s\u00e9l\u00e9nite est une pierre d\u2019<strong>alignement<\/strong> \u00e9nerg\u00e9tique. Elle aide \u00e0 harmoniser les chakras, \u00e0 r\u00e9tablir l\u2019\u00e9quilibre entre le corps physique et les corps subtils, et \u00e0 ajuster les \u00e9nergies d\u00e9s\u00e9quilibr\u00e9es dans le champ aurique.<\/li>\n<\/ul>\n<\/li>\n<li><strong>Encouragement \u00e0 la r\u00e9flexion int\u00e9rieure<\/strong>\n<ul>\n<li>Utilis\u00e9e comme un outil de d\u00e9veloppement personnel, la s\u00e9l\u00e9nite encourage la <strong>r\u00e9flexion int\u00e9rieure<\/strong> et la compr\u00e9hension des le\u00e7ons karmiques. Elle favorise un chemin de <strong>croissance spirituelle<\/strong>.<\/li>\n<\/ul>\n<\/li>\n<\/ol>\n<p>&nbsp;<\/p>\n<p><strong>Utilisations en Lithoth\u00e9rapie et Spiritualit\u00e9<\/strong><\/p>\n<ol>\n<li><strong>Nettoyage des autres cristaux<\/strong>\n<ul>\n<li>La s\u00e9l\u00e9nite est une pierre id\u00e9ale pour <strong>nettoyer et recharger<\/strong> d\u2019autres cristaux. Il suffit de poser les pierres \u00e0 nettoyer sur une plaque ou une baguette de s\u00e9l\u00e9nite, et elles se purifient en quelques heures.<\/li>\n<\/ul>\n<\/li>\n<li><strong>Purification des espaces<\/strong>\n<ul>\n<li>En pla\u00e7ant des morceaux de s\u00e9l\u00e9nite dans diff\u00e9rents coins de votre maison ou de votre espace de travail, vous pouvez aider \u00e0 cr\u00e9er un <strong>environnement \u00e9nerg\u00e9tique clair<\/strong>, en dissipant les \u00e9nergies n\u00e9gatives et en apportant une atmosph\u00e8re calme et harmonieuse.<\/li>\n<\/ul>\n<\/li>\n<li><strong>M\u00e9ditation et Relaxation<\/strong>\n<ul>\n<li>La s\u00e9l\u00e9nite est souvent utilis\u00e9e lors des <strong>s\u00e9ances de m\u00e9ditation<\/strong> pour ouvrir et \u00e9quilibrer le chakra couronne. Tenir une baguette ou un morceau de s\u00e9l\u00e9nite pendant la m\u00e9ditation peut aider \u00e0 atteindre des niveaux plus profonds de conscience et \u00e0 renforcer la connexion avec les plans spirituels.<\/li>\n<\/ul>\n<\/li>\n<li><strong>Harmonisation des chakras<\/strong>\n<ul>\n<li>Pour r\u00e9\u00e9quilibrer les chakras, vous pouvez passer doucement une baguette de s\u00e9l\u00e9nite le long du corps, en commen\u00e7ant du chakra racine jusqu\u2019au chakra couronne. Ce processus harmonise et purifie les centres \u00e9nerg\u00e9tiques.<\/li>\n<\/ul>\n<\/li>\n<li><strong>Bijoux et Talismans<\/strong>\n<ul>\n<li>Bien que la s\u00e9l\u00e9nite soit relativement fragile, elle est parfois utilis\u00e9e dans la cr\u00e9ation de <strong>bijoux<\/strong> ou de <strong>pendentifs<\/strong> pour ses puissantes \u00e9nergies spirituelles. Porter une pi\u00e8ce de s\u00e9l\u00e9nite pr\u00e8s de soi peut amplifier la <strong>clart\u00e9 mentale<\/strong> et favoriser un \u00e9tat de <strong>paix int\u00e9rieure<\/strong> tout au long de la journ\u00e9e.<\/li>\n<\/ul>\n<\/li>\n<\/ol>\n<p>&nbsp;<\/p>\n<p><strong>Purification et Rechargement<\/strong><\/p>\n<ul>\n<li><strong>Purification<\/strong> : La s\u00e9l\u00e9nite n\u2019a g\u00e9n\u00e9ralement pas besoin d\u2019\u00eatre purifi\u00e9e souvent car elle poss\u00e8de des propri\u00e9t\u00e9s auto-nettoyantes. Cependant, si vous ressentez le besoin de la purifier, vous pouvez la passer sous un filet d&rsquo;eau douce tr\u00e8s rapidement (\u00e9vitez le contact prolong\u00e9 avec l\u2019eau, car la s\u00e9l\u00e9nite est soluble dans l\u2019eau) ou utiliser la fum\u00e9e de sauge ou de palo santo.<\/li>\n<li><strong>Rechargement<\/strong> : Elle se recharge id\u00e9alement \u00e0 la lumi\u00e8re douce du <strong>soleil<\/strong> ou de la <strong>lune<\/strong>, ou simplement en \u00e9tant plac\u00e9e \u00e0 proximit\u00e9 de cristaux tels que le quartz.<\/li>\n<\/ul>\n<p>&nbsp;<\/p>\n<p><strong>Origine et Gisements<\/strong><\/p>\n<ul>\n<li>Les gisements de s\u00e9l\u00e9nite sont pr\u00e9sents dans diverses r\u00e9gions du monde, notamment :\n<ul>\n<li><strong>Maroc<\/strong><\/li>\n<li><strong>Mexique<\/strong><\/li>\n<li><strong>\u00c9tats-Unis<\/strong><\/li>\n<li><strong>France<\/strong><\/li>\n<\/ul>\n<\/li>\n<\/ul>\n<p>Elle est particuli\u00e8rement c\u00e9l\u00e8bre pour ses spectaculaires cristaux dans la <strong>Cueva de los Cristales<\/strong> (Grotte des Cristaux) au Mexique, o\u00f9 des cristaux de gypse atteignent des tailles gigantesques.<\/p>\n<p>&nbsp;<\/p>\n<p><strong>Pr\u00e9cautions d&rsquo;Utilisation<\/strong><\/p>\n<ul>\n<li><strong>Fragilit\u00e9<\/strong> : La s\u00e9l\u00e9nite est une pierre tr\u00e8s tendre et fragile, qui peut se rayer facilement. Il faut donc la manipuler avec soin et \u00e9viter de la placer pr\u00e8s de l\u2019eau.<\/li>\n<li><strong>Solubilit\u00e9<\/strong> : La s\u00e9l\u00e9nite est soluble dans l\u2019eau, il est donc important de la prot\u00e9ger de toute exposition prolong\u00e9e \u00e0 l\u2019humidit\u00e9 ou aux liquides.<\/li>\n<\/ul>\n<p>&nbsp;<\/p>\n<p><strong>R\u00e9sum\u00e9 des Bienfaits<\/strong><\/p>\n<ul>\n<li><strong>Purification<\/strong> des \u00e9nergies et des cristaux<\/li>\n<li><strong>Clart\u00e9 mentale<\/strong> et concentration<\/li>\n<li><strong>Paix int\u00e9rieure<\/strong> et <strong>s\u00e9r\u00e9nit\u00e9<\/strong><\/li>\n<li><strong>Connexion spirituelle<\/strong> et d\u00e9veloppement intuitif<\/li>\n<li><strong>\u00c9quilibre<\/strong> \u00e9nerg\u00e9tique et harmonisation des chakras<\/li>\n<li>Favorise la <strong>r\u00e9flexion int\u00e9rieure<\/strong> et la croissance personnelle<\/li>\n<\/ul>\n<p>&nbsp;<\/p>\n<p><strong>Conclusion<\/strong><\/p>\n<p>La <strong>s\u00e9l\u00e9nite<\/strong> est une pierre exceptionnelle, \u00e0 la fois pour ses propri\u00e9t\u00e9s \u00e9nerg\u00e9tiques apaisantes et pour sa capacit\u00e9 \u00e0 purifier les espaces et les autres cristaux. Elle est particuli\u00e8rement b\u00e9n\u00e9fique pour ceux qui cherchent \u00e0 am\u00e9liorer leur <strong>clarit\u00e9 mentale<\/strong>, \u00e0 d\u00e9velopper leur <strong>spiritualit\u00e9<\/strong>, et \u00e0 trouver un \u00e9tat de <strong>calme profond<\/strong> dans leur vie quotidienne. Gr\u00e2ce \u00e0 sa douce lumi\u00e8re et \u00e0 ses propri\u00e9t\u00e9s harmonisantes, la s\u00e9l\u00e9nite est un alli\u00e9 pr\u00e9cieux pour toute personne engag\u00e9e sur un chemin de <strong>d\u00e9veloppement personnel<\/strong> et <strong>spirituel<\/strong>.<\/p>\n<p>&nbsp;<\/p>\n<p>&nbsp;<\/p>\n<p>&nbsp;<\/p>\n<p>&nbsp;<\/p>\n<p>&nbsp;<\/p>\n<p>&nbsp;<\/p>\n<p>&nbsp;<\/p>\n<p>&nbsp;<\/p>\n<p><sub>\u00a0<\/sub><\/p>\n<p>&nbsp;<\/p>\n","protected":false},"excerpt":{"rendered":"<p>Photo non-contractuelle<\/p>\n<p>environ : 14,7&#215;3,8x1cm<\/p>\n<p>Poids : environ 130 grammes<\/p>\n","protected":false},"featured_media":11728,"template":"","meta":[],"product_brand":[],"product_cat":[104],"product_tag":[525,147,500,526,508,131],"class_list":{"0":"post-8876","1":"product","2":"type-product","3":"status-publish","4":"has-post-thumbnail","6":"product_cat-deco","7":"product_tag-agitation","8":"product_tag-angoisses","9":"product_tag-colere","10":"product_tag-meditation","11":"product_tag-serenite","12":"product_tag-sommeil","13":"pa_mineraux-selenite","15":"first","16":"instock","17":"shipping-taxable","18":"purchasable","19":"product-type-simple"},"jetpack_sharing_enabled":true,"_links":{"self":[{"href":"https:\/\/lesfeespapillons-mineraux.com\/index.php\/wp-json\/wp\/v2\/product\/8876","targetHints":{"allow":["GET"]}}],"collection":[{"href":"https:\/\/lesfeespapillons-mineraux.com\/index.php\/wp-json\/wp\/v2\/product"}],"about":[{"href":"https:\/\/lesfeespapillons-mineraux.com\/index.php\/wp-json\/wp\/v2\/types\/product"}],"wp:featuredmedia":[{"embeddable":true,"href":"https:\/\/lesfeespapillons-mineraux.com\/index.php\/wp-json\/wp\/v2\/media\/11728"}],"wp:attachment":[{"href":"https:\/\/lesfeespapillons-mineraux.com\/index.php\/wp-json\/wp\/v2\/media?parent=8876"}],"wp:term":[{"taxonomy":"product_brand","embeddable":true,"href":"https:\/\/lesfeespapillons-mineraux.com\/index.php\/wp-json\/wp\/v2\/product_brand?post=8876"},{"taxonomy":"product_cat","embeddable":true,"href":"https:\/\/lesfeespapillons-mineraux.com\/index.php\/wp-json\/wp\/v2\/product_cat?post=8876"},{"taxonomy":"product_tag","embeddable":true,"href":"https:\/\/lesfeespapillons-mineraux.com\/index.php\/wp-json\/wp\/v2\/product_tag?post=8876"}],"curies":[{"name":"wp","href":"https:\/\/api.w.org\/{rel}","templated":true}]}}