{"id":8249,"date":"2023-08-23T21:51:25","date_gmt":"2023-08-23T19:51:25","guid":{"rendered":"https:\/\/lesfeespapillons-mineraux.com\/?post_type=product&#038;p=8249"},"modified":"2024-12-28T15:02:08","modified_gmt":"2024-12-28T14:02:08","slug":"hematite","status":"publish","type":"product","link":"https:\/\/lesfeespapillons-mineraux.com\/index.php\/produit\/hematite\/","title":{"rendered":"H\u00e9matite brute"},"content":{"rendered":"<p style=\"text-align: center\"><strong>L\u2019H\u00e9matite<\/strong><\/p>\n<p><strong>\u00a0<\/strong><\/p>\n<p><strong>Nom scientifique<\/strong> : H\u00e9matite (ou oligiste)<\/p>\n<p><strong>Famille<\/strong> : Oxyde de fer<\/p>\n<p>&nbsp;<\/p>\n<p><strong>Formule chimique<\/strong><\/p>\n<ul>\n<li><strong>Formule<\/strong> : Fe\u2082O\u2083\n<ul>\n<li>L&rsquo;h\u00e9matite est un oxyde de fer contenant environ 70% de fer, d&rsquo;o\u00f9 sa couleur m\u00e9tallique et ses propri\u00e9t\u00e9s magn\u00e9tiques faibles.<\/li>\n<\/ul>\n<\/li>\n<\/ul>\n<p><strong>\u00a0Couleur et aspect<\/strong><\/p>\n<ul>\n<li><strong>Couleur<\/strong> : Noir argent\u00e9, gris m\u00e9tallique brillant<\/li>\n<li><strong>Aspect<\/strong> : Pierre dense et lourde avec un \u00e9clat m\u00e9tallique. Elle peut se pr\u00e9senter sous forme brute, polie ou fa\u00e7onn\u00e9e en bijoux. Lorsqu&rsquo;elle est r\u00e9duite en poudre, elle devient rouge brun\u00e2tre (qui rappelle le sang, d&rsquo;o\u00f9 son nom).<\/li>\n<\/ul>\n<p><strong>Origine et provenance<\/strong><\/p>\n<ul>\n<li><strong>Provenance<\/strong> : L&rsquo;h\u00e9matite est pr\u00e9sente partout dans le monde, notamment en :<\/li>\n<\/ul>\n<p>Au Br\u00e9sil, en Afrique du Sud, aux \u00c9tats-Unis, au Canada, en Russie, en Chine et en Italie.<\/p>\n<p>&nbsp;<\/p>\n<p><strong>Chakras associ\u00e9s<\/strong><\/p>\n<ul>\n<li><strong>Chakra racine (Muladhara)<\/strong> : L\u2019h\u00e9matite est particuli\u00e8rement associ\u00e9e au chakra racine, li\u00e9 \u00e0 l\u2019ancrage, \u00e0 la s\u00e9curit\u00e9, et \u00e0 la connexion \u00e0 la terre.\n<ul>\n<li><strong>Effet sur le chakra racine<\/strong> : Enracinement, force int\u00e9rieure, stabilit\u00e9 mentale et physique.<\/li>\n<\/ul>\n<\/li>\n<\/ul>\n<p>&nbsp;<\/p>\n<p><strong>Vertus en lithoth\u00e9rapie<\/strong><\/p>\n<ul>\n<li><strong>Ancrage et protection<\/strong> : L\u2019h\u00e9matite est connue pour ses puissantes propri\u00e9t\u00e9s d\u2019ancrage. Elle aide \u00e0 stabiliser et \u00e0 \u00e9quilibrer l&rsquo;\u00e9nergie, apportant une sensation de s\u00e9curit\u00e9 et de protection.<\/li>\n<li><strong>Renforcement de la confiance en soi<\/strong> : Elle renforce la confiance en soi, la volont\u00e9 et l&rsquo;autodiscipline. Utilis\u00e9e dans les p\u00e9riodes de doute, elle aide \u00e0 surmonter la timidit\u00e9 et les h\u00e9sitations.<\/li>\n<li><strong>Clart\u00e9 mentale et concentration<\/strong> : Pierre id\u00e9ale pour ceux qui ont besoin d&rsquo;am\u00e9liorer leur concentration, l&rsquo;h\u00e9matite stimule l&rsquo;esprit analytique et la m\u00e9moire.<\/li>\n<li><strong>\u00c9quilibre des \u00e9nergies<\/strong> : Elle agit sur les d\u00e9s\u00e9quilibres \u00e9nerg\u00e9tiques, apportant un sentiment de stabilit\u00e9 \u00e9motionnelle. L&rsquo;h\u00e9matite est aussi r\u00e9put\u00e9e pour r\u00e9\u00e9quilibrer le corps et l&rsquo;esprit apr\u00e8s des p\u00e9riodes de stress ou de fatigue.<\/li>\n<li><strong>Protection contre les \u00e9nergies n\u00e9gatives<\/strong> : L&rsquo;h\u00e9matite agit comme un bouclier qui repousse les \u00e9nergies n\u00e9gatives tout en absorbant le stress et la n\u00e9gativit\u00e9 de son porteur.<\/li>\n<\/ul>\n<p>&nbsp;<\/p>\n<p><strong>Bienfaits physiques (en lithoth\u00e9rapie)<\/strong><\/p>\n<ul>\n<li><strong>Circulation sanguine<\/strong> : Connue pour stimuler et renforcer la circulation sanguine, l\u2019h\u00e9matite est souvent utilis\u00e9e pour am\u00e9liorer la sant\u00e9 cardiovasculaire et soutenir les personnes ayant des troubles circulatoires.<\/li>\n<li><strong>Apport en fer<\/strong> : Elle serait b\u00e9n\u00e9fique pour traiter les probl\u00e8mes li\u00e9s au sang, comme l\u2019an\u00e9mie, en renfor\u00e7ant l\u2019apport de fer dans le corps.<\/li>\n<li><strong>R\u00e9g\u00e9n\u00e9ration et gu\u00e9rison<\/strong> : L\u2019h\u00e9matite est associ\u00e9e \u00e0 la r\u00e9g\u00e9n\u00e9ration des tissus et peut aider dans le processus de gu\u00e9rison apr\u00e8s des blessures ou des op\u00e9rations chirurgicales.<\/li>\n<li><strong>Soulagement des douleurs<\/strong> : Elle est parfois utilis\u00e9e pour att\u00e9nuer les douleurs li\u00e9es aux crampes musculaires et aux tensions physiques.<\/li>\n<\/ul>\n<p>&nbsp;<\/p>\n<p><strong>Utilisations pratiques<\/strong><\/p>\n<ul>\n<li><strong>Bijoux<\/strong> : L&rsquo;h\u00e9matite est souvent port\u00e9e sous forme de bracelets, colliers ou bagues, en raison de ses propri\u00e9t\u00e9s protectrices et \u00e9nerg\u00e9tiques.<\/li>\n<li><strong>M\u00e9ditation<\/strong> : Utilis\u00e9e pour se recentrer et s\u2019ancrer durant la m\u00e9ditation, elle permet de retrouver une stabilit\u00e9 \u00e9motionnelle.<\/li>\n<li><strong>Placement dans l\u2019environnement<\/strong> : L&rsquo;h\u00e9matite peut \u00eatre plac\u00e9e dans un espace de travail pour favoriser la concentration et \u00e9liminer les \u00e9nergies perturbatrices.<\/li>\n<\/ul>\n<p>&nbsp;<\/p>\n<p><strong>\u00a0Entretien de la pierre<\/strong><\/p>\n<ul>\n<li><strong>Purification<\/strong> : L&rsquo;h\u00e9matite peut \u00eatre purifi\u00e9e en la rin\u00e7ant \u00e0 l&rsquo;eau distill\u00e9e (\u00e9vitez le sel qui pourrait ab\u00eemer son \u00e9clat m\u00e9tallique) ou en la d\u00e9posant sur un amas de quartz.<\/li>\n<li><strong>Rechargement<\/strong> : Pour recharger l\u2019h\u00e9matite, il est pr\u00e9f\u00e9rable de la placer \u00e0 la lumi\u00e8re de la lune plut\u00f4t qu\u2019au soleil, car l&rsquo;exposition prolong\u00e9e au soleil peut alt\u00e9rer son apparence.<\/li>\n<\/ul>\n<p>&nbsp;<\/p>\n<p><strong>\u00a0Symbolisme et l\u00e9gendes<\/strong><\/p>\n<ul>\n<li><strong>Symbole de force et de protection<\/strong> : Depuis l&rsquo;Antiquit\u00e9, l\u2019h\u00e9matite est utilis\u00e9e comme amulette de protection. Les guerriers romains polissaient leurs armures avec cette pierre avant les batailles, croyant qu\u2019elle les rendrait invincibles.<\/li>\n<li><strong>Pierre de gu\u00e9rison<\/strong> : Dans l&rsquo;\u00c9gypte ancienne, elle \u00e9tait utilis\u00e9e pour arr\u00eater les saignements et favoriser la cicatrisation.<\/li>\n<\/ul>\n<p>&nbsp;<\/p>\n<p><strong>Confusions possibles<\/strong><\/p>\n<ul>\n<li>L\u2019h\u00e9matite peut parfois \u00eatre confondue avec la <strong>magn\u00e9tite<\/strong> (autre min\u00e9ral contenant du fer) en raison de leur aspect m\u00e9tallique similaire, bien que l\u2019h\u00e9matite soit moins magn\u00e9tique.<\/li>\n<\/ul>\n<p>&nbsp;<\/p>\n<p><strong>Anecdote<\/strong><\/p>\n<p>Le nom \u00ab\u00a0h\u00e9matite\u00a0\u00bb provient du grec <strong>haima<\/strong>, signifiant \u00ab\u00a0sang\u00a0\u00bb, en raison de sa couleur rouge lorsqu\u2019elle est r\u00e9duite en poudre. Cette caract\u00e9ristique lui a valu d&rsquo;\u00eatre associ\u00e9e au sang et \u00e0 la vie depuis des mill\u00e9naires.<\/p>\n<p>&nbsp;<\/p>\n","protected":false},"excerpt":{"rendered":"<p>L\u2019H\u00e9matite \u00a0 Nom scientifique : H\u00e9matite (ou oligiste) Famille : Oxyde de fer &nbsp; Formule chimique Formule : Fe\u2082O\u2083 L&rsquo;h\u00e9matite est un oxyde de fer contenant environ 70% de fer, d&rsquo;o\u00f9 sa couleur m\u00e9tallique et ses propri\u00e9t\u00e9s magn\u00e9tiques faibles. \u00a0Couleur et aspect Couleur : Noir argent\u00e9, gris m\u00e9tallique brillant Aspect : Pierre dense et lourde [&hellip;]<\/p>\n","protected":false},"featured_media":8250,"template":"","meta":[],"product_brand":[],"product_cat":[95,311],"product_tag":[229,709,706,231,710,522],"class_list":{"0":"post-8249","1":"product","2":"type-product","3":"status-publish","4":"has-post-thumbnail","6":"product_cat-mineraux","7":"product_cat-pierres-brutes","8":"product_tag-ancrage","9":"product_tag-autodiscipline","10":"product_tag-confiance-en-soi","11":"product_tag-protection","12":"product_tag-stabilite-emotionnelle","13":"product_tag-timidite","14":"pa_mineraux-hematite","16":"first","17":"instock","18":"shipping-taxable","19":"purchasable","20":"product-type-simple"},"jetpack_sharing_enabled":true,"_links":{"self":[{"href":"https:\/\/lesfeespapillons-mineraux.com\/index.php\/wp-json\/wp\/v2\/product\/8249","targetHints":{"allow":["GET"]}}],"collection":[{"href":"https:\/\/lesfeespapillons-mineraux.com\/index.php\/wp-json\/wp\/v2\/product"}],"about":[{"href":"https:\/\/lesfeespapillons-mineraux.com\/index.php\/wp-json\/wp\/v2\/types\/product"}],"wp:featuredmedia":[{"embeddable":true,"href":"https:\/\/lesfeespapillons-mineraux.com\/index.php\/wp-json\/wp\/v2\/media\/8250"}],"wp:attachment":[{"href":"https:\/\/lesfeespapillons-mineraux.com\/index.php\/wp-json\/wp\/v2\/media?parent=8249"}],"wp:term":[{"taxonomy":"product_brand","embeddable":true,"href":"https:\/\/lesfeespapillons-mineraux.com\/index.php\/wp-json\/wp\/v2\/product_brand?post=8249"},{"taxonomy":"product_cat","embeddable":true,"href":"https:\/\/lesfeespapillons-mineraux.com\/index.php\/wp-json\/wp\/v2\/product_cat?post=8249"},{"taxonomy":"product_tag","embeddable":true,"href":"https:\/\/lesfeespapillons-mineraux.com\/index.php\/wp-json\/wp\/v2\/product_tag?post=8249"}],"curies":[{"name":"wp","href":"https:\/\/api.w.org\/{rel}","templated":true}]}}