{"id":7970,"date":"2023-08-18T13:06:09","date_gmt":"2023-08-18T11:06:09","guid":{"rendered":"https:\/\/lesfeespapillons-mineraux.com\/?post_type=product&#038;p=7970"},"modified":"2024-05-15T14:23:12","modified_gmt":"2024-05-15T12:23:12","slug":"porte-clefs-pointes-damethyste-brutes","status":"publish","type":"product","link":"https:\/\/lesfeespapillons-mineraux.com\/index.php\/produit\/porte-clefs-pointes-damethyste-brutes\/","title":{"rendered":"Porte-clefs pointes d&rsquo;am\u00e9thyste brutes"},"content":{"rendered":"<p style=\"text-align: center\"><strong>L&rsquo;am\u00e9thyste<\/strong><\/p>\n<p style=\"text-align: center\"><strong>Sa couleur lui vient de traces de fer et de mangan\u00e8se<\/strong><\/p>\n<p>&nbsp;<\/p>\n<p><u>Origine du nom\u00a0:<\/u> <em>du grec \u00ab\u00a0a\u00a0\u00bb (sans) \u00ab\u00a0m\u00e9thys\u00a0\u00bb (alcool)<\/em><\/p>\n<p><em><u>Classe cristalline\u00a0:<\/u><\/em><em> Quartz<\/em><\/p>\n<p><em><u>Formule chimique\u00a0:<\/u><\/em> SiO<sub>2 <\/sub>(dioxyde de silicium)<\/p>\n<p><u>Duret\u00e9\u00a0:<\/u> 7 selon l\u2019\u00e9chelle de Mohs<\/p>\n<p><u>Syst\u00e8me cristallin\u00a0<\/u>: rhombo\u00e9drique<\/p>\n<p><u>Densit\u00e9\u00a0:<\/u> 2,58-2,64<\/p>\n<p><u>Gisements\u00a0:<\/u> Afrique du Sud, Autriche, Br\u00e9sil, \u00c9tats-Unis, France, Inde, Maroc, Mexique, Namibie, Slovaquie, Sri Lanka, Uruguay<\/p>\n<p><u>Chakra\u00a0:<\/u> coronal<\/p>\n<p>&nbsp;<\/p>\n<p style=\"text-align: center\"><strong><u>Les vertus pr\u00eat\u00e9es \u00e0 cette pierre en Lithoth\u00e9rapie :<br \/>\n<\/u><\/strong><\/p>\n<p>&nbsp;<\/p>\n<p><strong>Au niveau \u00e9motionnel et spirituel, <\/strong>l\u2019am\u00e9thyste harmonise le lieu dans lequel elle se trouve, elle apporte la paix int\u00e9rieure, le calme mental et l\u2019acuit\u00e9 intellectuelle, elle favorise les r\u00eaves et intuitions paisibles et lib\u00e8re des pens\u00e9es obsessionnelles.<\/p>\n<p><strong>Au niveau physique, <\/strong>l\u2019am\u00e9thyste aide \u00e0 travailler sur les addictions, aide \u00e0 g\u00e9rer les migraines et les douleurs li\u00e9es \u00e0 l\u2019arthrite, elle pourra \u00eatre un soutien pour la cicatrisation.<\/p>\n<p><strong>Au niveau \u00e9nerg\u00e9tique : <\/strong>Elle \u00e9nergise les autres pierres, \u00e9quilibre les corps \u00e9nerg\u00e9tiques et purifie l\u2019aura de celui qui la porte.<\/p>\n<p>&nbsp;<\/p>\n<p style=\"text-align: center\"><strong><u>Les moyens de purification\u00a0:<\/u><\/strong><\/p>\n<p>L\u2019am\u00e9thyste n\u2019a pas besoin d\u2019\u00eatre purifi\u00e9e ou r\u00e9g\u00e9n\u00e9r\u00e9e.<\/p>\n<p>Cependant, pour se lier \u00e0 elle, on peut la passer sous un filet d\u2019eau ou de fum\u00e9e d\u2019encens et pourquoi pas, la laisser prendre la luminosit\u00e9 de la lune (il faut absolument \u00e9viter la lumi\u00e8re directe du soleil pour ne pas alt\u00e9rer l\u2019\u00e9clat de sa couleur)<\/p>\n<p>&nbsp;<\/p>\n<p>&nbsp;<\/p>\n<p>&nbsp;<\/p>\n<p>&nbsp;<\/p>\n<p>&nbsp;<\/p>\n<p>&nbsp;<\/p>\n<p>&nbsp;<\/p>\n<p>&nbsp;<\/p>\n<p>&nbsp;<\/p>\n<p><sub>\u00a0<\/sub><\/p>\n<p>&nbsp;<\/p>\n","protected":false},"excerpt":{"rendered":"<p>Poids : environ 29 grammes<\/p>\n","protected":false},"featured_media":10560,"template":"","meta":[],"product_brand":[],"product_cat":[339,340],"product_tag":[132,134,135,130,133,131],"class_list":{"0":"post-7970","1":"product","2":"type-product","3":"status-publish","4":"has-post-thumbnail","6":"product_cat-accessoires","7":"product_cat-porte-clefs","8":"product_tag-addictions","9":"product_tag-arthrite","10":"product_tag-cicatrisation","11":"product_tag-harmonie","12":"product_tag-migraines","13":"product_tag-sommeil","14":"pa_mineraux-amethyste","16":"first","17":"instock","18":"shipping-taxable","19":"purchasable","20":"product-type-simple"},"jetpack_sharing_enabled":true,"_links":{"self":[{"href":"https:\/\/lesfeespapillons-mineraux.com\/index.php\/wp-json\/wp\/v2\/product\/7970","targetHints":{"allow":["GET"]}}],"collection":[{"href":"https:\/\/lesfeespapillons-mineraux.com\/index.php\/wp-json\/wp\/v2\/product"}],"about":[{"href":"https:\/\/lesfeespapillons-mineraux.com\/index.php\/wp-json\/wp\/v2\/types\/product"}],"wp:featuredmedia":[{"embeddable":true,"href":"https:\/\/lesfeespapillons-mineraux.com\/index.php\/wp-json\/wp\/v2\/media\/10560"}],"wp:attachment":[{"href":"https:\/\/lesfeespapillons-mineraux.com\/index.php\/wp-json\/wp\/v2\/media?parent=7970"}],"wp:term":[{"taxonomy":"product_brand","embeddable":true,"href":"https:\/\/lesfeespapillons-mineraux.com\/index.php\/wp-json\/wp\/v2\/product_brand?post=7970"},{"taxonomy":"product_cat","embeddable":true,"href":"https:\/\/lesfeespapillons-mineraux.com\/index.php\/wp-json\/wp\/v2\/product_cat?post=7970"},{"taxonomy":"product_tag","embeddable":true,"href":"https:\/\/lesfeespapillons-mineraux.com\/index.php\/wp-json\/wp\/v2\/product_tag?post=7970"}],"curies":[{"name":"wp","href":"https:\/\/api.w.org\/{rel}","templated":true}]}}