{"id":7927,"date":"2023-08-17T18:30:27","date_gmt":"2023-08-17T16:30:27","guid":{"rendered":"https:\/\/lesfeespapillons-mineraux.com\/?post_type=product&#038;p=7927"},"modified":"2024-09-30T18:28:04","modified_gmt":"2024-09-30T16:28:04","slug":"pierres-roulees-en-obsidienne-noire-2","status":"publish","type":"product","link":"https:\/\/lesfeespapillons-mineraux.com\/index.php\/produit\/pierres-roulees-en-obsidienne-noire-2\/","title":{"rendered":"Pierres roul\u00e9es en obsidienne noire"},"content":{"rendered":"<p style=\"text-align: center\"><strong>L\u2019Obsidienne noire<\/strong><\/p>\n<p>&nbsp;<\/p>\n<p><strong>Couleur<\/strong> : Noir profond, parfois avec des reflets l\u00e9g\u00e8rement argent\u00e9s.<\/p>\n<p><strong>Famille<\/strong> : Roche volcanique (verre naturel form\u00e9 par refroidissement rapide de la lave).<\/p>\n<p><strong>Duret\u00e9<\/strong> : 5 \u00e0 5,5 sur l&rsquo;\u00e9chelle de Mohs.<\/p>\n<p><strong>Composition chimique<\/strong> : Silice amorphe (SiO\u2082), avec des traces de fer et de magn\u00e9sium.<\/p>\n<p>&nbsp;<\/p>\n<p><strong>Provenance et Gisements<\/strong><\/p>\n<p>L&rsquo;obsidienne noire se trouve dans des r\u00e9gions \u00e0 forte activit\u00e9 volcanique, notamment :<\/p>\n<ul>\n<li><strong>Mexique<\/strong><\/li>\n<li><strong>Islande<\/strong><\/li>\n<li><strong>\u00c9tats-Unis<\/strong><\/li>\n<li><strong>Japon<\/strong><\/li>\n<li><strong>Hawa\u00ef<\/strong><\/li>\n<\/ul>\n<p>&nbsp;<\/p>\n<p><strong>Histoire et Symbolisme<\/strong><\/p>\n<ul>\n<li><strong>Origine du nom<\/strong> : Nomm\u00e9e d&rsquo;apr\u00e8s Obsius, un Romain qui aurait d\u00e9couvert la pierre en \u00c9thiopie.<\/li>\n<li><strong>Symbolisme<\/strong> : Pierre de protection puissante, l&rsquo;obsidienne noire est associ\u00e9e \u00e0 la v\u00e9rit\u00e9 et \u00e0 la dissolution des blocages \u00e9motionnels et \u00e9nerg\u00e9tiques.<\/li>\n<\/ul>\n<p>&nbsp;<\/p>\n<p><strong>Propri\u00e9t\u00e9s en Lithoth\u00e9rapie<\/strong><\/p>\n<ul>\n<li><strong>Protection<\/strong> : Elle repousse les \u00e9nergies n\u00e9gatives et cr\u00e9e un bouclier protecteur.<\/li>\n<li><strong>Ancrage<\/strong> : Aide \u00e0 l&rsquo;ancrage et \u00e0 la stabilit\u00e9 \u00e9motionnelle.<\/li>\n<li><strong>Clart\u00e9 mentale<\/strong> : Favorise la v\u00e9rit\u00e9 int\u00e9rieure, r\u00e9v\u00e9lant les v\u00e9rit\u00e9s cach\u00e9es et enfouies.<\/li>\n<li><strong>Gu\u00e9rison \u00e9motionnelle<\/strong> : Permet de travailler sur les blessures \u00e9motionnelles profondes.<\/li>\n<\/ul>\n<p>&nbsp;<\/p>\n<p><strong>Utilisation et Entretien<\/strong><\/p>\n<ul>\n<li><strong>Utilisation<\/strong> : Port\u00e9e en bijoux ou plac\u00e9e dans l\u2019environnement pour une protection contre les influences n\u00e9gatives.<\/li>\n<\/ul>\n<p>&nbsp;<\/p>\n<p><strong>Signes Astrologiques Associ\u00e9s<\/strong><\/p>\n<ul>\n<li><strong>Capricorne<\/strong><\/li>\n<li><strong>Scorpion<\/strong><\/li>\n<\/ul>\n<p>&nbsp;<\/p>\n<p><strong>Chakras Associ\u00e9s<\/strong><\/p>\n<ul>\n<li><strong>Chakra racine (Muladhara)<\/strong> : Favorise l&rsquo;ancrage et la stabilit\u00e9.<\/li>\n<\/ul>\n<p>&nbsp;<\/p>\n<p><strong>Bienfaits Physiques<\/strong><\/p>\n<ul>\n<li><strong>Douleurs articulaires<\/strong> : Utilis\u00e9e pour apaiser les douleurs articulaires et musculaires.<\/li>\n<li><strong>D\u00e9toxification<\/strong> : Aide \u00e0 \u00e9liminer les toxines du corps.<\/li>\n<\/ul>\n<p>&nbsp;<\/p>\n<p><strong>R\u00e9sum\u00e9<\/strong> : L&rsquo;obsidienne noire est une pierre protectrice puissante, parfaite pour l&rsquo;ancrage, la gu\u00e9rison \u00e9motionnelle et la recherche de v\u00e9rit\u00e9 int\u00e9rieure.<\/p>\n<p>&nbsp;<\/p>\n<p>&nbsp;<\/p>\n<p>&nbsp;<\/p>\n<p>&nbsp;<\/p>\n<p><sub>\u00a0<\/sub><\/p>\n<p>&nbsp;<\/p>\n<p>&nbsp;<\/p>\n<p>&nbsp;<\/p>\n<p>&nbsp;<\/p>\n<p><sub>\u00a0<\/sub><\/p>\n<p>&nbsp;<\/p>\n<p>&nbsp;<\/p>\n<p>&nbsp;<\/p>\n<p>&nbsp;<\/p>\n<p>&nbsp;<\/p>\n<p><sub>\u00a0<\/sub><\/p>\n<p>&nbsp;<\/p>\n<p>&nbsp;<\/p>\n<p>&nbsp;<\/p>\n<p>&nbsp;<\/p>\n<p>&nbsp;<\/p>\n<p>&nbsp;<\/p>\n<p>&nbsp;<\/p>\n<p><sub>\u00a0<\/sub><\/p>\n<p>&nbsp;<\/p>\n<p>&nbsp;<\/p>\n<p>&nbsp;<\/p>\n<p>&nbsp;<\/p>\n<p>&nbsp;<\/p>\n<p><sub>\u00a0<\/sub><\/p>\n<p>&nbsp;<\/p>\n<p>&nbsp;<\/p>\n<p>&nbsp;<\/p>\n<p>&nbsp;<\/p>\n<p>&nbsp;<\/p>\n<p>&nbsp;<\/p>\n<p><sub>\u00a0<\/sub><\/p>\n<p>&nbsp;<\/p>\n<p>&nbsp;<\/p>\n<p>&nbsp;<\/p>\n<p>&nbsp;<\/p>\n<p><sub>\u00a0<\/sub><\/p>\n<p>&nbsp;<\/p>\n","protected":false},"excerpt":{"rendered":"<p>Environ 3 \u00e0 4cm<\/p>\n<p>vendu \u00e0 la pi\u00e8ce<\/p>\n","protected":false},"featured_media":7928,"template":"","meta":[],"product_brand":[],"product_cat":[95,313],"product_tag":[229,520,506,233,519,521],"class_list":{"0":"post-7927","1":"product","2":"type-product","3":"status-publish","4":"has-post-thumbnail","6":"product_cat-mineraux","7":"product_cat-pierres-roulees","8":"product_tag-ancrage","9":"product_tag-centrage","10":"product_tag-digestion","11":"product_tag-inflammation","12":"product_tag-peurs","13":"product_tag-ulcere","14":"pa_mineraux-obsidienne","16":"first","17":"instock","18":"shipping-taxable","19":"purchasable","20":"product-type-simple"},"jetpack_sharing_enabled":true,"_links":{"self":[{"href":"https:\/\/lesfeespapillons-mineraux.com\/index.php\/wp-json\/wp\/v2\/product\/7927","targetHints":{"allow":["GET"]}}],"collection":[{"href":"https:\/\/lesfeespapillons-mineraux.com\/index.php\/wp-json\/wp\/v2\/product"}],"about":[{"href":"https:\/\/lesfeespapillons-mineraux.com\/index.php\/wp-json\/wp\/v2\/types\/product"}],"wp:featuredmedia":[{"embeddable":true,"href":"https:\/\/lesfeespapillons-mineraux.com\/index.php\/wp-json\/wp\/v2\/media\/7928"}],"wp:attachment":[{"href":"https:\/\/lesfeespapillons-mineraux.com\/index.php\/wp-json\/wp\/v2\/media?parent=7927"}],"wp:term":[{"taxonomy":"product_brand","embeddable":true,"href":"https:\/\/lesfeespapillons-mineraux.com\/index.php\/wp-json\/wp\/v2\/product_brand?post=7927"},{"taxonomy":"product_cat","embeddable":true,"href":"https:\/\/lesfeespapillons-mineraux.com\/index.php\/wp-json\/wp\/v2\/product_cat?post=7927"},{"taxonomy":"product_tag","embeddable":true,"href":"https:\/\/lesfeespapillons-mineraux.com\/index.php\/wp-json\/wp\/v2\/product_tag?post=7927"}],"curies":[{"name":"wp","href":"https:\/\/api.w.org\/{rel}","templated":true}]}}