{"id":7923,"date":"2023-08-17T18:27:20","date_gmt":"2023-08-17T16:27:20","guid":{"rendered":"https:\/\/lesfeespapillons-mineraux.com\/?post_type=product&#038;p=7923"},"modified":"2024-10-13T14:46:03","modified_gmt":"2024-10-13T12:46:03","slug":"pierres-roulees-en-obsidienne-fumee","status":"publish","type":"product","link":"https:\/\/lesfeespapillons-mineraux.com\/index.php\/produit\/pierres-roulees-en-obsidienne-fumee\/","title":{"rendered":"Pierres roul\u00e9es en obsidienne fum\u00e9e"},"content":{"rendered":"<p style=\"text-align: center\"><strong>L\u2019Obsidienne Fum\u00e9e<\/strong><\/p>\n<p><strong>\u00a0<\/strong><\/p>\n<p><strong>Type<\/strong> : Roche volcanique vitreuse<\/p>\n<p><strong>Composition<\/strong> : Dioxyde de silicium (SiO\u2082), avec des traces de min\u00e9raux donnant la couleur fum\u00e9e<\/p>\n<p><strong>Couleur<\/strong> : Teintes sombres allant du gris fum\u00e9 au brun fonc\u00e9, parfois avec des reflets translucides ou l\u00e9g\u00e8rement opaques<\/p>\n<p><strong>Duret\u00e9<\/strong> : 5 \u00e0 5,5 sur l\u2019\u00e9chelle de Mohs<\/p>\n<p><strong>Origine<\/strong> : Issue de la solidification rapide de la lave volcanique. On trouve des gisements d\u2019obsidienne fum\u00e9e principalement au Mexique, aux \u00c9tats-Unis, en Islande, et en Italie.<\/p>\n<p>&nbsp;<\/p>\n<p><strong>Description et Apparence<\/strong><\/p>\n<p>L\u2019<strong>obsidienne fum\u00e9e<\/strong> est une vari\u00e9t\u00e9 d\u2019obsidienne aux teintes plus douces et moins opaques que les autres types d\u2019obsidienne, comme l\u2019obsidienne noire ou dor\u00e9e. Elle pr\u00e9sente un aspect fum\u00e9, avec des nuances de gris \u00e0 brun qui peuvent varier en intensit\u00e9 et en transparence selon les sp\u00e9cimens. Sa surface lisse et vitreuse est souvent polie pour faire ressortir sa texture brillante, en faisant une pierre pris\u00e9e en joaillerie et en lithoth\u00e9rapie.<\/p>\n<p>&nbsp;<\/p>\n<p><strong>Propri\u00e9t\u00e9s et Vertus de l&rsquo;Obsidienne Fum\u00e9e<\/strong><\/p>\n<ol>\n<li><strong>Protection et Dissipation des \u00c9nergies N\u00e9gatives<\/strong> :\n<ul>\n<li>L\u2019obsidienne fum\u00e9e est une pierre de protection r\u00e9put\u00e9e pour sa capacit\u00e9 \u00e0 dissiper les \u00e9nergies n\u00e9gatives et \u00e0 cr\u00e9er un bouclier protecteur autour de son porteur. Elle aide \u00e0 se lib\u00e9rer des influences n\u00e9fastes et \u00e0 \u00e9viter les \u00e9nergies toxiques.<\/li>\n<\/ul>\n<\/li>\n<li><strong>Ancrage et \u00c9quilibre \u00c9motionnel<\/strong> :\n<ul>\n<li>Cette pierre favorise un fort sentiment d&rsquo;ancrage, aidant \u00e0 rester centr\u00e9 et stable dans les p\u00e9riodes de stress ou de confusion. Elle apporte une tranquillit\u00e9 int\u00e9rieure qui permet de faire face aux \u00e9motions perturbatrices de mani\u00e8re calme et pos\u00e9e.<\/li>\n<\/ul>\n<\/li>\n<li><strong>Clart\u00e9 et Conscience de Soi<\/strong> :\n<ul>\n<li>L\u2019obsidienne fum\u00e9e est connue pour sa capacit\u00e9 \u00e0 clarifier l\u2019esprit et \u00e0 renforcer la conscience de soi. Elle encourage l\u2019introspection et la prise de d\u00e9cision, tout en aidant \u00e0 identifier les sch\u00e9mas de pens\u00e9e n\u00e9gatifs ou auto-sabotants.<\/li>\n<\/ul>\n<\/li>\n<li><strong>Gu\u00e9rison et Lib\u00e9ration des Blocages \u00c9nerg\u00e9tiques<\/strong> :\n<ul>\n<li>Elle est utile pour lib\u00e9rer les blocages \u00e9nerg\u00e9tiques, en particulier ceux li\u00e9s au pass\u00e9 ou aux traumatismes \u00e9motionnels. L\u2019obsidienne fum\u00e9e permet de transformer les \u00e9nergies stagnantes en \u00e9nergies positives, favorisant ainsi la gu\u00e9rison personnelle.<\/li>\n<\/ul>\n<\/li>\n<\/ol>\n<p>&nbsp;<\/p>\n<p><strong>Utilisation en Lithoth\u00e9rapie<\/strong><\/p>\n<ol>\n<li><strong>Porter l&rsquo;Obsidienne Fum\u00e9e<\/strong> :\n<ul>\n<li>L\u2019obsidienne fum\u00e9e est souvent port\u00e9e en bijou, comme un pendentif ou un bracelet, pour b\u00e9n\u00e9ficier de ses effets protecteurs et apaisants tout au long de la journ\u00e9e. Elle aide \u00e0 rester centr\u00e9 et \u00e0 se prot\u00e9ger des influences n\u00e9gatives ext\u00e9rieures.<\/li>\n<\/ul>\n<\/li>\n<li><strong>M\u00e9ditation et Travail \u00c9nerg\u00e9tique<\/strong> :\n<ul>\n<li>Pendant les s\u00e9ances de m\u00e9ditation, l\u2019obsidienne fum\u00e9e peut \u00eatre plac\u00e9e sur le <strong>chakra racine<\/strong> pour renforcer l\u2019ancrage, ou sur le <strong>chakra du troisi\u00e8me \u0153il<\/strong> pour stimuler la clart\u00e9 mentale et l\u2019introspection. Elle est \u00e9galement utilis\u00e9e pour nettoyer les champs \u00e9nerg\u00e9tiques et \u00e9quilibrer les chakras.<\/li>\n<\/ul>\n<\/li>\n<li><strong>Purification de l\u2019Espace<\/strong> :\n<ul>\n<li>Plac\u00e9e dans une pi\u00e8ce, l\u2019obsidienne fum\u00e9e aide \u00e0 purifier l\u2019environnement en absorbant les \u00e9nergies n\u00e9gatives et en instaurant un sentiment de calme. Elle est id\u00e9ale pour les espaces de travail ou de repos.<\/li>\n<\/ul>\n<\/li>\n<\/ol>\n<p>&nbsp;<\/p>\n<p><strong>Entretien de l&rsquo;Obsidienne Fum\u00e9e<\/strong><\/p>\n<ul>\n<li><strong>Purification<\/strong> : L\u2019obsidienne fum\u00e9e peut \u00eatre purifi\u00e9e en la passant sous l\u2019eau courante, ou en utilisant la fum\u00e9e de sauge ou de palo santo. \u00c9vitez le sel, car il peut endommager la surface vitreuse de la pierre.<\/li>\n<li><strong>Rechargement<\/strong> : La pierre peut \u00eatre recharg\u00e9e en l&rsquo;exposant \u00e0 la lumi\u00e8re de la lune, notamment pendant la pleine lune, pour pr\u00e9server son \u00e9nergie. L&rsquo;exposition au soleil est moins recommand\u00e9e, car elle pourrait alt\u00e9rer l\u00e9g\u00e8rement ses teintes.<\/li>\n<\/ul>\n<p>&nbsp;<\/p>\n<p><strong>Symbolisme et Signification<\/strong><\/p>\n<p>L\u2019obsidienne fum\u00e9e symbolise <strong>la protection, l&rsquo;ancrage, et la transformation<\/strong>. Elle est associ\u00e9e \u00e0 la terre en raison de son origine volcanique et est connue pour sa capacit\u00e9 \u00e0 aider dans les p\u00e9riodes de transition et de changement. Elle invite \u00e0 explorer les profondeurs de l\u2019esprit, favorisant une meilleure compr\u00e9hension de soi et la dissolution des \u00e9nergies n\u00e9gatives.<\/p>\n<ul>\n<li><strong>Chakras<\/strong> : Principalement associ\u00e9e au <strong>chakra racine<\/strong> pour l\u2019ancrage, et au <strong>chakra du troisi\u00e8me \u0153il<\/strong> pour la clart\u00e9 mentale.<\/li>\n<li><strong>\u00c9l\u00e9ments<\/strong> : Terre et Feu, en raison de son lien avec les processus volcaniques et son effet stabilisateur et transformateur.<\/li>\n<\/ul>\n<p>&nbsp;<\/p>\n<p><strong>Conclusion<\/strong><\/p>\n<p>L\u2019obsidienne fum\u00e9e est une pierre puissante pour ceux qui cherchent \u00e0 se prot\u00e9ger des influences n\u00e9gatives tout en favorisant l\u2019introspection et la gu\u00e9rison personnelle. Que ce soit en m\u00e9ditation, dans la vie quotidienne, ou comme \u00e9l\u00e9ment purificateur dans un espace, l\u2019obsidienne fum\u00e9e offre un soutien profond et une connexion apaisante \u00e0 la terre. Sa nature unique et son aspect esth\u00e9tique en font une pierre appr\u00e9ci\u00e9e pour la transformation int\u00e9rieure et la recherche de l\u2019\u00e9quilibre \u00e9motionnel.<\/p>\n<p>&nbsp;<\/p>\n<p>&nbsp;<\/p>\n<p>&nbsp;<\/p>\n<p>&nbsp;<\/p>\n<p>&nbsp;<\/p>\n<p>&nbsp;<\/p>\n<p><sub>\u00a0<\/sub><\/p>\n<p>&nbsp;<\/p>\n<p>&nbsp;<\/p>\n<p>&nbsp;<\/p>\n<p>&nbsp;<\/p>\n<p>&nbsp;<\/p>\n<p>&nbsp;<\/p>\n<p>&nbsp;<\/p>\n<p><sub>\u00a0<\/sub><\/p>\n<p>&nbsp;<\/p>\n<p>&nbsp;<\/p>\n<p>&nbsp;<\/p>\n<p>&nbsp;<\/p>\n<p>&nbsp;<\/p>\n<p><sub>\u00a0<\/sub><\/p>\n<p>&nbsp;<\/p>\n<p>&nbsp;<\/p>\n<p>&nbsp;<\/p>\n<p>&nbsp;<\/p>\n<p>&nbsp;<\/p>\n<p>&nbsp;<\/p>\n<p><sub>\u00a0<\/sub><\/p>\n<p>&nbsp;<\/p>\n<p>&nbsp;<\/p>\n<p>&nbsp;<\/p>\n<p>&nbsp;<\/p>\n<p><sub>\u00a0<\/sub><\/p>\n<p>&nbsp;<\/p>\n","protected":false},"excerpt":{"rendered":"<p>Environ 3 \u00e0 4cm<\/p>\n<p>vendu \u00e0 la pi\u00e8ce<\/p>\n","protected":false},"featured_media":7924,"template":"","meta":[],"product_brand":[],"product_cat":[95,313],"product_tag":[229,520,506,233,519,521],"class_list":{"0":"post-7923","1":"product","2":"type-product","3":"status-publish","4":"has-post-thumbnail","6":"product_cat-mineraux","7":"product_cat-pierres-roulees","8":"product_tag-ancrage","9":"product_tag-centrage","10":"product_tag-digestion","11":"product_tag-inflammation","12":"product_tag-peurs","13":"product_tag-ulcere","14":"pa_mineraux-obsidienne","16":"first","17":"instock","18":"shipping-taxable","19":"purchasable","20":"product-type-simple"},"jetpack_sharing_enabled":true,"_links":{"self":[{"href":"https:\/\/lesfeespapillons-mineraux.com\/index.php\/wp-json\/wp\/v2\/product\/7923","targetHints":{"allow":["GET"]}}],"collection":[{"href":"https:\/\/lesfeespapillons-mineraux.com\/index.php\/wp-json\/wp\/v2\/product"}],"about":[{"href":"https:\/\/lesfeespapillons-mineraux.com\/index.php\/wp-json\/wp\/v2\/types\/product"}],"wp:featuredmedia":[{"embeddable":true,"href":"https:\/\/lesfeespapillons-mineraux.com\/index.php\/wp-json\/wp\/v2\/media\/7924"}],"wp:attachment":[{"href":"https:\/\/lesfeespapillons-mineraux.com\/index.php\/wp-json\/wp\/v2\/media?parent=7923"}],"wp:term":[{"taxonomy":"product_brand","embeddable":true,"href":"https:\/\/lesfeespapillons-mineraux.com\/index.php\/wp-json\/wp\/v2\/product_brand?post=7923"},{"taxonomy":"product_cat","embeddable":true,"href":"https:\/\/lesfeespapillons-mineraux.com\/index.php\/wp-json\/wp\/v2\/product_cat?post=7923"},{"taxonomy":"product_tag","embeddable":true,"href":"https:\/\/lesfeespapillons-mineraux.com\/index.php\/wp-json\/wp\/v2\/product_tag?post=7923"}],"curies":[{"name":"wp","href":"https:\/\/api.w.org\/{rel}","templated":true}]}}