{"id":7821,"date":"2023-08-17T14:41:39","date_gmt":"2023-08-17T12:41:39","guid":{"rendered":"https:\/\/lesfeespapillons-mineraux.com\/?post_type=product&#038;p=7821"},"modified":"2024-10-14T14:44:57","modified_gmt":"2024-10-14T12:44:57","slug":"pierres-roulees-en-morganite","status":"publish","type":"product","link":"https:\/\/lesfeespapillons-mineraux.com\/index.php\/produit\/pierres-roulees-en-morganite\/","title":{"rendered":"Pierres roul\u00e9es en morganite extra"},"content":{"rendered":"<p style=\"text-align: center\"><strong>La Morganite<\/strong><\/p>\n<p><strong>\u00a0<\/strong><\/p>\n<p><strong>Type<\/strong> : Vari\u00e9t\u00e9 de b\u00e9ryl<\/p>\n<p><strong>Composition<\/strong> : B\u00e9ryllium-aluminium-silicate (Be\u2083Al\u2082Si\u2086O\u2081\u2088) avec des traces de mangan\u00e8se, qui lui donne sa couleur rose<\/p>\n<p><strong>Couleur<\/strong> : Rose p\u00e2le \u00e0 rose p\u00eache, parfois avec des teintes de violet ou d&rsquo;orange<\/p>\n<p><strong>Duret\u00e9<\/strong> : 7,5 \u00e0 8 sur l\u2019\u00e9chelle de Mohs<\/p>\n<p><strong>Origine<\/strong> : Majoritairement trouv\u00e9e au Br\u00e9sil, au Mozambique, \u00e0 Madagascar, en Afghanistan, et aux \u00c9tats-Unis<\/p>\n<p>&nbsp;<\/p>\n<p><strong>Description et Apparence<\/strong><\/p>\n<p>La <strong>morganite<\/strong> est une vari\u00e9t\u00e9 de b\u00e9ryl, comme l&rsquo;\u00e9meraude et l&rsquo;aigue-marine, caract\u00e9ris\u00e9e par sa couleur rose d\u00e9licate. Cette teinte est due \u00e0 la pr\u00e9sence de mangan\u00e8se. Elle se d\u00e9cline dans une gamme de couleurs allant du rose p\u00e2le au rose p\u00eache, parfois avec des nuances de violet ou d&rsquo;orange. Tr\u00e8s appr\u00e9ci\u00e9e en joaillerie pour sa beaut\u00e9 et sa duret\u00e9, la morganite est \u00e9galement connue pour ses propri\u00e9t\u00e9s apaisantes et est souvent associ\u00e9e \u00e0 l&rsquo;amour et \u00e0 la compassion.<\/p>\n<p>&nbsp;<\/p>\n<p><strong>Propri\u00e9t\u00e9s et Vertus de la Morganite<\/strong><\/p>\n<ol>\n<li><strong>Amour Inconditionnel et Compassion<\/strong> :\n<ul>\n<li>La morganite est une pierre de l&rsquo;amour et de la compassion. Elle aide \u00e0 ouvrir le <strong>chakra du c\u0153ur<\/strong>, encourageant des relations harmonieuses et facilitant l\u2019expression des \u00e9motions. Elle soutient \u00e9galement l\u2019amour de soi et la capacit\u00e9 \u00e0 accepter et \u00e0 donner de l&rsquo;amour sans condition.<\/li>\n<\/ul>\n<\/li>\n<li><strong>Gu\u00e9rison \u00c9motionnelle et Lib\u00e9ration des Traumatismes<\/strong> :\n<ul>\n<li>Cette pierre favorise la gu\u00e9rison \u00e9motionnelle en aidant \u00e0 lib\u00e9rer les peines du pass\u00e9 et \u00e0 surmonter les traumatismes affectifs. La morganite apporte une \u00e9nergie douce qui facilite le pardon, la r\u00e9conciliation, et le l\u00e2cher-prise des \u00e9motions n\u00e9gatives.<\/li>\n<\/ul>\n<\/li>\n<li><strong>Paix Int\u00e9rieure et R\u00e9duction du Stress<\/strong> :\n<ul>\n<li>La morganite aide \u00e0 apaiser l&rsquo;esprit et \u00e0 r\u00e9duire le stress. Elle encourage un \u00e9tat de calme int\u00e9rieur et permet de g\u00e9rer les \u00e9motions de mani\u00e8re \u00e9quilibr\u00e9e. Elle est particuli\u00e8rement b\u00e9n\u00e9fique pour les personnes qui cherchent \u00e0 trouver la paix et la s\u00e9r\u00e9nit\u00e9 dans leur vie quotidienne.<\/li>\n<\/ul>\n<\/li>\n<li><strong>Connexion Spirituelle et \u00c9l\u00e9vation<\/strong> :\n<ul>\n<li>En tant que pierre d&rsquo;amour spirituel, la morganite favorise l&rsquo;\u00e9l\u00e9vation de la conscience et la connexion avec des \u00e9nergies plus \u00e9lev\u00e9es. Elle aide \u00e0 renforcer les pratiques de m\u00e9ditation, favorisant une ouverture \u00e0 la sagesse spirituelle et \u00e0 la guidance int\u00e9rieure.<\/li>\n<\/ul>\n<\/li>\n<li><strong>Attirance de l&rsquo;Amour et Renforcement des Liens<\/strong> :\n<ul>\n<li>La morganite est souvent utilis\u00e9e pour attirer l&rsquo;amour dans la vie ou pour renforcer les liens existants. Elle favorise des relations \u00e9quilibr\u00e9es, bas\u00e9es sur le respect et la compr\u00e9hension mutuelle.<\/li>\n<\/ul>\n<\/li>\n<\/ol>\n<p>&nbsp;<\/p>\n<p><strong>Utilisation en Lithoth\u00e9rapie<\/strong><\/p>\n<ol>\n<li><strong>Porter la Morganite<\/strong> :\n<ul>\n<li>Port\u00e9e en bijou, comme un pendentif, une bague ou un bracelet, la morganite permet de profiter de ses \u00e9nergies d\u2019amour et de compassion tout au long de la journ\u00e9e. Elle est id\u00e9ale pour les personnes qui souhaitent renforcer leur capacit\u00e9 \u00e0 aimer et \u00e0 s&rsquo;ouvrir aux autres.<\/li>\n<\/ul>\n<\/li>\n<li><strong>M\u00e9ditation et \u00c9quilibrage du Chakra du C\u0153ur<\/strong> :\n<ul>\n<li>Utilis\u00e9e en m\u00e9ditation, la morganite peut \u00eatre plac\u00e9e sur le <strong>chakra du c\u0153ur<\/strong> pour favoriser l&rsquo;ouverture \u00e9motionnelle et la gu\u00e9rison. Elle aide \u00e0 rel\u00e2cher les tensions et \u00e0 renforcer la connexion avec soi-m\u00eame et les autres.<\/li>\n<\/ul>\n<\/li>\n<li><strong>Cr\u00e9ation d\u2019un Environnement Apaisant<\/strong> :\n<ul>\n<li>Plac\u00e9e dans un espace de vie, la morganite diffuse une \u00e9nergie douce et apaisante qui favorise la paix et l&rsquo;harmonie. Elle est particuli\u00e8rement adapt\u00e9e aux chambres \u00e0 coucher pour encourager un sommeil r\u00e9parateur et des relations amoureuses harmonieuses.<\/li>\n<\/ul>\n<\/li>\n<\/ol>\n<p>&nbsp;<\/p>\n<p><strong>Entretien de la Pierre Morganite<\/strong><\/p>\n<ul>\n<li><strong>Purification<\/strong> : La morganite peut \u00eatre purifi\u00e9e en la passant sous de l\u2019eau courante ou en utilisant la fum\u00e9e de sauge ou de palo santo. \u00c9vitez les sels, car ils peuvent endommager sa surface d\u00e9licate.<\/li>\n<li><strong>Rechargement<\/strong> : Elle se recharge id\u00e9alement \u00e0 la lumi\u00e8re de la pleine lune, mais peut \u00e9galement \u00eatre expos\u00e9e \u00e0 la lumi\u00e8re douce du soleil du matin pour raviver ses \u00e9nergies. Elle peut aussi \u00eatre plac\u00e9e sur un amas de quartz pour un rechargement \u00e9nerg\u00e9tique plus doux.<\/li>\n<\/ul>\n<p>&nbsp;<\/p>\n<p><strong>Symbolisme et Signification<\/strong><\/p>\n<p>La morganite symbolise <strong>l&rsquo;amour, la paix et la compassion<\/strong>. C\u2019est une pierre associ\u00e9e \u00e0 l&rsquo;amour inconditionnel et \u00e0 la gu\u00e9rison \u00e9motionnelle. En raison de sa couleur douce et de ses vibrations apaisantes, elle est souvent vue comme une pierre de r\u00e9confort et de soutien pour les relations et le bien-\u00eatre \u00e9motionnel. La morganite est \u00e9galement associ\u00e9e \u00e0 l\u2019\u00e9l\u00e9vation spirituelle, favorisant une connexion profonde avec les \u00e9nergies sup\u00e9rieures et la guidance spirituelle.<\/p>\n<ul>\n<li><strong>Chakras<\/strong> : Principalement associ\u00e9e au <strong>chakra du c\u0153ur<\/strong>, pour l\u2019amour et la gu\u00e9rison \u00e9motionnelle.<\/li>\n<li><strong>\u00c9l\u00e9ments<\/strong> : Eau, en raison de ses qualit\u00e9s apaisantes et de sa connexion \u00e0 l&rsquo;amour et \u00e0 la compassion.<\/li>\n<\/ul>\n<p>&nbsp;<\/p>\n<p><strong>Conclusion<\/strong><\/p>\n<p>La morganite est une pierre pr\u00e9cieuse qui apporte douceur, amour et gu\u00e9rison \u00e0 ceux qui la portent. Elle est particuli\u00e8rement appr\u00e9ci\u00e9e en lithoth\u00e9rapie pour ses vertus de compassion, de paix int\u00e9rieure et de soutien \u00e9motionnel. Que ce soit pour renforcer les liens affectifs, attirer l&rsquo;amour ou simplement pour b\u00e9n\u00e9ficier de son \u00e9nergie apaisante, la morganite est un alli\u00e9 pr\u00e9cieux pour cultiver l&rsquo;harmonie et l&rsquo;\u00e9panouissement personnel. Sa beaut\u00e9 et son symbolisme en font une pierre id\u00e9ale pour ceux qui cherchent \u00e0 vivre dans l\u2019amour et \u00e0 s\u2019ouvrir \u00e0 des relations sinc\u00e8res et \u00e9quilibr\u00e9es.<\/p>\n<p>&nbsp;<\/p>\n<p>&nbsp;<\/p>\n<p>&nbsp;<\/p>\n<p>&nbsp;<\/p>\n<p>&nbsp;<\/p>\n<p>&nbsp;<\/p>\n<p>&nbsp;<\/p>\n<p><sub>\u00a0<\/sub><\/p>\n<p>&nbsp;<\/p>\n<p>&nbsp;<\/p>\n<p>&nbsp;<\/p>\n<p>&nbsp;<\/p>\n<p>&nbsp;<\/p>\n<p><sub>\u00a0<\/sub><\/p>\n<p>&nbsp;<\/p>\n<p>&nbsp;<\/p>\n<p>&nbsp;<\/p>\n<p>&nbsp;<\/p>\n<p>&nbsp;<\/p>\n<p>&nbsp;<\/p>\n<p><sub>\u00a0<\/sub><\/p>\n<p>&nbsp;<\/p>\n<p>&nbsp;<\/p>\n<p>&nbsp;<\/p>\n<p>&nbsp;<\/p>\n<p><sub>\u00a0<\/sub><\/p>\n<p>&nbsp;<\/p>\n","protected":false},"excerpt":{"rendered":"<p>Qualit\u00e9 extra<\/p>\n<p>Environ 2 \u00e0 3cm<\/p>\n<p>vendu \u00e0 la pi\u00e8ce<\/p>\n","protected":false},"featured_media":7823,"template":"","meta":[],"product_brand":[],"product_cat":[95,313],"product_tag":[507,669,552,704,705,703],"class_list":{"0":"post-7821","1":"product","2":"type-product","3":"status-publish","4":"has-post-thumbnail","6":"product_cat-mineraux","7":"product_cat-pierres-roulees","8":"product_tag-amour","9":"product_tag-compassion","10":"product_tag-emotions","11":"product_tag-guerison-emotionnelle","12":"product_tag-reconciliation","13":"product_tag-relations-harmonieuses","14":"pa_mineraux-morganite","16":"first","17":"instock","18":"shipping-taxable","19":"purchasable","20":"product-type-simple"},"jetpack_sharing_enabled":true,"_links":{"self":[{"href":"https:\/\/lesfeespapillons-mineraux.com\/index.php\/wp-json\/wp\/v2\/product\/7821","targetHints":{"allow":["GET"]}}],"collection":[{"href":"https:\/\/lesfeespapillons-mineraux.com\/index.php\/wp-json\/wp\/v2\/product"}],"about":[{"href":"https:\/\/lesfeespapillons-mineraux.com\/index.php\/wp-json\/wp\/v2\/types\/product"}],"wp:featuredmedia":[{"embeddable":true,"href":"https:\/\/lesfeespapillons-mineraux.com\/index.php\/wp-json\/wp\/v2\/media\/7823"}],"wp:attachment":[{"href":"https:\/\/lesfeespapillons-mineraux.com\/index.php\/wp-json\/wp\/v2\/media?parent=7821"}],"wp:term":[{"taxonomy":"product_brand","embeddable":true,"href":"https:\/\/lesfeespapillons-mineraux.com\/index.php\/wp-json\/wp\/v2\/product_brand?post=7821"},{"taxonomy":"product_cat","embeddable":true,"href":"https:\/\/lesfeespapillons-mineraux.com\/index.php\/wp-json\/wp\/v2\/product_cat?post=7821"},{"taxonomy":"product_tag","embeddable":true,"href":"https:\/\/lesfeespapillons-mineraux.com\/index.php\/wp-json\/wp\/v2\/product_tag?post=7821"}],"curies":[{"name":"wp","href":"https:\/\/api.w.org\/{rel}","templated":true}]}}