{"id":7783,"date":"2023-08-17T13:21:17","date_gmt":"2023-08-17T11:21:17","guid":{"rendered":"https:\/\/lesfeespapillons-mineraux.com\/?post_type=product&#038;p=7783"},"modified":"2024-09-27T13:46:43","modified_gmt":"2024-09-27T11:46:43","slug":"pierres-roulees-en-sodalite-3","status":"publish","type":"product","link":"https:\/\/lesfeespapillons-mineraux.com\/index.php\/produit\/pierres-roulees-en-sodalite-3\/","title":{"rendered":"Pierres roul\u00e9es en sodalite br\u00e9sil"},"content":{"rendered":"<p style=\"text-align: center\"><strong>La Sodalite<\/strong><\/p>\n<p style=\"text-align: center\"><strong>Famille : Silicate (sous-groupe des tectosilicates)<\/strong><\/p>\n<p><strong>Couleur :<\/strong><\/p>\n<p>La sodalite est g\u00e9n\u00e9ralement de couleur bleu vif, souvent marbr\u00e9e de veines blanches ou grises. Elle peut \u00e9galement pr\u00e9senter des nuances allant du bleu clair au bleu fonc\u00e9, et parfois des teintes plus rares comme le violet.<\/p>\n<p><strong>Origine et gisements :<\/strong><\/p>\n<p>Les principaux gisements de sodalite se trouvent au Canada, au Br\u00e9sil, en Inde, en Namibie et en Russie. Le Canada, notamment la r\u00e9gion de l&rsquo;Ontario, est c\u00e9l\u00e8bre pour produire de la sodalite de haute qualit\u00e9.<\/p>\n<p><strong>Propri\u00e9t\u00e9s physiques :<\/strong><\/p>\n<ul>\n<li><strong>Duret\u00e9 :<\/strong> 5,5 \u00e0 6 sur l&rsquo;\u00e9chelle de Mohs<\/li>\n<li><strong>Syst\u00e8me cristallin :<\/strong> Cubique<\/li>\n<li><strong>Densit\u00e9 :<\/strong> Environ 2,2 \u00e0 2,4<\/li>\n<li><strong>\u00c9clat :<\/strong> Vitreux \u00e0 soyeux<\/li>\n<li><strong>Transparence :<\/strong> Opaque \u00e0 translucide<\/li>\n<li><strong>Clivage :<\/strong> Aucun (fracture concho\u00efdale)<\/li>\n<\/ul>\n<p><strong>Symbolisme et histoire :<\/strong><\/p>\n<p>La sodalite est souvent associ\u00e9e \u00e0 la sagesse, \u00e0 la compr\u00e9hension et \u00e0 l&rsquo;intuition. Elle est consid\u00e9r\u00e9e comme une pierre de communication, favorisant l\u2019expression des pens\u00e9es et des sentiments. Dans certaines traditions, elle est \u00e9galement li\u00e9e \u00e0 l&rsquo;harmonie et \u00e0 l&rsquo;\u00e9quilibre \u00e9motionnel. En lithoth\u00e9rapie, elle est parfois appel\u00e9e \u00ab\u00a0pierre des philosophes\u00a0\u00bb en raison de son lien avec la logique et la rationalit\u00e9.<\/p>\n<p><strong>Propri\u00e9t\u00e9s en lithoth\u00e9rapie :<\/strong><\/p>\n<ul>\n<li><strong>Clart\u00e9 mentale :<\/strong> La sodalite aide \u00e0 clarifier les pens\u00e9es, \u00e0 renforcer la concentration et \u00e0 favoriser une meilleure prise de d\u00e9cision. Elle est particuli\u00e8rement utile pour les p\u00e9riodes d&rsquo;introspection ou d&rsquo;analyse.<\/li>\n<li><strong>Communication :<\/strong> Cette pierre est souvent utilis\u00e9e pour am\u00e9liorer les comp\u00e9tences en communication, facilitant l&rsquo;expression authentique des pens\u00e9es et des \u00e9motions. Elle est id\u00e9ale pour ceux qui ont du mal \u00e0 s&rsquo;exprimer ou \u00e0 \u00eatre entendus.<\/li>\n<li><strong>\u00c9quilibre \u00e9motionnel :<\/strong> La sodalite aide \u00e0 stabiliser les \u00e9motions et \u00e0 r\u00e9duire le stress et l&rsquo;anxi\u00e9t\u00e9. Elle favorise un \u00e9tat d&rsquo;esprit calme et \u00e9quilibr\u00e9, contribuant ainsi \u00e0 une meilleure sant\u00e9 mentale.<\/li>\n<li><strong>Intuition et spiritualit\u00e9 :<\/strong> En lien avec le troisi\u00e8me \u0153il, la sodalite stimule l&rsquo;intuition et la perception spirituelle. Elle est souvent utilis\u00e9e lors de m\u00e9ditations pour renforcer la connexion avec soi-m\u00eame.<\/li>\n<li><strong>Sant\u00e9 physique :<\/strong> On lui attribue des bienfaits sur la r\u00e9gulation de la pression sanguine et l&rsquo;am\u00e9lioration du syst\u00e8me immunitaire. Elle est \u00e9galement consid\u00e9r\u00e9e comme utile pour apaiser les maux de gorge et les troubles respiratoires.<\/li>\n<li><strong>Chakra :<\/strong> Principalement associ\u00e9e au <strong>chakra de la gorge<\/strong> et au <strong>chakra du troisi\u00e8me \u0153il<\/strong>, elle favorise l&rsquo;expression de soi et l&rsquo;intuition.<\/li>\n<\/ul>\n<p><strong>Utilisations et entretien :<\/strong><\/p>\n<ul>\n<li><strong>Bijoux :<\/strong> La sodalite est souvent utilis\u00e9e en bijouterie, notamment dans des colliers, bracelets, et boucles d\u2019oreilles, gr\u00e2ce \u00e0 sa belle couleur et ses motifs uniques.<\/li>\n<li><strong>D\u00e9coration :<\/strong> Des galets ou des sculptures en sodalite sont utilis\u00e9s pour la d\u00e9coration int\u00e9rieure, apportant une touche de couleur tout en favorisant un environnement apaisant.<\/li>\n<li><strong>Entretien :<\/strong> Pour purifier la sodalite, il est recommand\u00e9 de la nettoyer sous l\u2019eau claire. Pour la recharger, il est conseill\u00e9 de l\u2019exposer \u00e0 la lumi\u00e8re de la lune ou sur un amas de quartz.<\/li>\n<\/ul>\n<p><strong>Signes astrologiques associ\u00e9s :<\/strong><\/p>\n<p>La sodalite est particuli\u00e8rement b\u00e9n\u00e9fique pour les signes suivants : <strong>Sagittaire<\/strong>, <strong>G\u00e9meaux<\/strong>, <strong>Verseau<\/strong> et <strong>Poissons<\/strong>. Elle aide ces signes \u00e0 renforcer leur intuition et \u00e0 mieux communiquer.<\/p>\n<p><strong>Anecdote :<\/strong><\/p>\n<p>La sodalite a \u00e9t\u00e9 largement utilis\u00e9e dans l&rsquo;architecture au d\u00e9but du 20\u00e8me si\u00e8cle, notamment pour ses belles couleurs et ses propri\u00e9t\u00e9s esth\u00e9tiques. Certains b\u00e2timents embl\u00e9matiques, comme le Palais de la Paix \u00e0 La Haye, contiennent des \u00e9l\u00e9ments en sodalite, soulignant ainsi son attrait visuel.<\/p>\n<p><strong>R\u00e9sum\u00e9 :<\/strong><br \/>\nLa sodalite est une pierre magnifique et puissante, reconnue pour ses propri\u00e9t\u00e9s apaisantes et \u00e9quilibrantes. Elle favorise la clart\u00e9 mentale, l\u2019expression authentique et l\u2019intuition. En lithoth\u00e9rapie, elle est utilis\u00e9e pour stabiliser les \u00e9motions et am\u00e9liorer la communication, tout en apportant des bienfaits sur la sant\u00e9 physique. Gr\u00e2ce \u00e0 sa couleur bleu vif et \u00e0 ses motifs uniques, elle est \u00e9galement tr\u00e8s appr\u00e9ci\u00e9e en joaillerie et en d\u00e9coration int\u00e9rieure.<\/p>\n<p>&nbsp;<\/p>\n<p>&nbsp;<\/p>\n<p>&nbsp;<\/p>\n<p>&nbsp;<\/p>\n<p>&nbsp;<\/p>\n<p><sub>\u00a0<\/sub><\/p>\n<p>&nbsp;<\/p>\n","protected":false},"excerpt":{"rendered":"<p>Environ 2 \u00e0 3cm<\/p>\n<p>vendu \u00e0 la pi\u00e8ce<\/p>\n","protected":false},"featured_media":7784,"template":"","meta":[],"product_brand":[],"product_cat":[95,313],"product_tag":[501,666,665,667,131,148],"class_list":{"0":"post-7783","1":"product","2":"type-product","3":"status-publish","4":"has-post-thumbnail","6":"product_cat-mineraux","7":"product_cat-pierres-roulees","8":"product_tag-concentration","9":"product_tag-maitrise-des-emotions","10":"product_tag-nervosite","11":"product_tag-sens-logique","12":"product_tag-sommeil","13":"product_tag-thyroide","14":"pa_mineraux-amethyste","16":"first","17":"instock","18":"shipping-taxable","19":"purchasable","20":"product-type-simple"},"jetpack_sharing_enabled":true,"_links":{"self":[{"href":"https:\/\/lesfeespapillons-mineraux.com\/index.php\/wp-json\/wp\/v2\/product\/7783","targetHints":{"allow":["GET"]}}],"collection":[{"href":"https:\/\/lesfeespapillons-mineraux.com\/index.php\/wp-json\/wp\/v2\/product"}],"about":[{"href":"https:\/\/lesfeespapillons-mineraux.com\/index.php\/wp-json\/wp\/v2\/types\/product"}],"wp:featuredmedia":[{"embeddable":true,"href":"https:\/\/lesfeespapillons-mineraux.com\/index.php\/wp-json\/wp\/v2\/media\/7784"}],"wp:attachment":[{"href":"https:\/\/lesfeespapillons-mineraux.com\/index.php\/wp-json\/wp\/v2\/media?parent=7783"}],"wp:term":[{"taxonomy":"product_brand","embeddable":true,"href":"https:\/\/lesfeespapillons-mineraux.com\/index.php\/wp-json\/wp\/v2\/product_brand?post=7783"},{"taxonomy":"product_cat","embeddable":true,"href":"https:\/\/lesfeespapillons-mineraux.com\/index.php\/wp-json\/wp\/v2\/product_cat?post=7783"},{"taxonomy":"product_tag","embeddable":true,"href":"https:\/\/lesfeespapillons-mineraux.com\/index.php\/wp-json\/wp\/v2\/product_tag?post=7783"}],"curies":[{"name":"wp","href":"https:\/\/api.w.org\/{rel}","templated":true}]}}