{"id":7710,"date":"2023-08-15T16:35:39","date_gmt":"2023-08-15T14:35:39","guid":{"rendered":"https:\/\/lesfeespapillons-mineraux.com\/?post_type=product&#038;p=7710"},"modified":"2024-05-15T14:13:12","modified_gmt":"2024-05-15T12:13:12","slug":"porte-clefs-tourmaline-brute","status":"publish","type":"product","link":"https:\/\/lesfeespapillons-mineraux.com\/index.php\/produit\/porte-clefs-tourmaline-brute\/","title":{"rendered":"Porte-clefs tourmaline brute"},"content":{"rendered":"<p style=\"text-align: center\"><strong>La tourmaline noire<\/strong><\/p>\n<p>&nbsp;<\/p>\n<p>&nbsp;<\/p>\n<p><em><u>Formule chimique\u00a0:<\/u><\/em> NaFe<sup>2+<\/sup><sub> 3<\/sub>Al<sub>6<\/sub>(BO<sub>3<\/sub>)<sub>3<\/sub>Si<sub>6<\/sub>O<sub>18<\/sub>(OH)<sub>4<\/sub><\/p>\n<p><u>Duret\u00e9\u00a0:<\/u> 7 selon l\u2019\u00e9chelle de Mohs<\/p>\n<p><u>Syst\u00e8me cristallin\u00a0<\/u>: Rhombo\u00e9drique<\/p>\n<p><u>Gisements\u00a0:<\/u> Afrique, Russie, Madagascar, Br\u00e9sil, USA, Myanmar, Sri Lanka<\/p>\n<p><u>Chakra\u00a0:<\/u> racine<\/p>\n<p>&nbsp;<\/p>\n<p style=\"text-align: center\"><strong><u>Les vertus pr\u00eat\u00e9es \u00e0 cette pierre en lithoth\u00e9rapie <\/u><\/strong><\/p>\n<p>&nbsp;<\/p>\n<p><strong>Au niveau \u00e9motionnel et spirituel, <\/strong>la tourmaline noire aide \u00e0 l\u2019enracinement et au centrage, c\u2019est une bonne pierre de protection qui sera un bon soutien pour travailler sue les blocages.<\/p>\n<p><strong>Au niveau physique, <\/strong>elle fortifie les muscles, soulage l\u2019arthrite et aide la circulation sanguine.<\/p>\n<p><strong>Au niveau \u00e9nerg\u00e9tique,<\/strong> la tourmaline r\u00e9aligne les chakras en partant de la racine et prot\u00e8ge des ondes \u00e9lectromagn\u00e9tiques.<\/p>\n<p>&nbsp;<\/p>\n<p style=\"text-align: center\"><strong><u>Les moyens de purification\u00a0:<\/u><\/strong><\/p>\n<p>La tourmaline noire n\u2019a pas besoin d\u2019\u00eatre purifi\u00e9e ou recharg\u00e9e car elle d\u00e9vie les \u00e9nergies.<\/p>\n<p>&nbsp;<\/p>\n<p>&nbsp;<\/p>\n<p>&nbsp;<\/p>\n<p>&nbsp;<\/p>\n<p>&nbsp;<\/p>\n<p>&nbsp;<\/p>\n<p><sub>\u00a0<\/sub><\/p>\n<p>&nbsp;<\/p>\n<p>&nbsp;<\/p>\n<p>&nbsp;<\/p>\n<p>&nbsp;<\/p>\n<p>&nbsp;<\/p>\n<p><sub>\u00a0<\/sub><\/p>\n<p>&nbsp;<\/p>\n","protected":false},"excerpt":{"rendered":"<p>Poids : environ 30 grammes<\/p>\n","protected":false},"featured_media":11236,"template":"","meta":[],"product_brand":[],"product_cat":[339,340],"product_tag":[134,520,644,642,231,643],"class_list":{"0":"post-7710","1":"product","2":"type-product","3":"status-publish","4":"has-post-thumbnail","6":"product_cat-accessoires","7":"product_cat-porte-clefs","8":"product_tag-arthrite","9":"product_tag-centrage","10":"product_tag-circulation","11":"product_tag-enracinement","12":"product_tag-protection","13":"product_tag-soulagement","14":"pa_mineraux-tourmaline","16":"first","17":"instock","18":"shipping-taxable","19":"purchasable","20":"product-type-simple"},"jetpack_sharing_enabled":true,"_links":{"self":[{"href":"https:\/\/lesfeespapillons-mineraux.com\/index.php\/wp-json\/wp\/v2\/product\/7710","targetHints":{"allow":["GET"]}}],"collection":[{"href":"https:\/\/lesfeespapillons-mineraux.com\/index.php\/wp-json\/wp\/v2\/product"}],"about":[{"href":"https:\/\/lesfeespapillons-mineraux.com\/index.php\/wp-json\/wp\/v2\/types\/product"}],"wp:featuredmedia":[{"embeddable":true,"href":"https:\/\/lesfeespapillons-mineraux.com\/index.php\/wp-json\/wp\/v2\/media\/11236"}],"wp:attachment":[{"href":"https:\/\/lesfeespapillons-mineraux.com\/index.php\/wp-json\/wp\/v2\/media?parent=7710"}],"wp:term":[{"taxonomy":"product_brand","embeddable":true,"href":"https:\/\/lesfeespapillons-mineraux.com\/index.php\/wp-json\/wp\/v2\/product_brand?post=7710"},{"taxonomy":"product_cat","embeddable":true,"href":"https:\/\/lesfeespapillons-mineraux.com\/index.php\/wp-json\/wp\/v2\/product_cat?post=7710"},{"taxonomy":"product_tag","embeddable":true,"href":"https:\/\/lesfeespapillons-mineraux.com\/index.php\/wp-json\/wp\/v2\/product_tag?post=7710"}],"curies":[{"name":"wp","href":"https:\/\/api.w.org\/{rel}","templated":true}]}}