{"id":7704,"date":"2023-08-15T16:29:21","date_gmt":"2023-08-15T14:29:21","guid":{"rendered":"https:\/\/lesfeespapillons-mineraux.com\/?post_type=product&#038;p=7704"},"modified":"2024-05-15T14:15:08","modified_gmt":"2024-05-15T12:15:08","slug":"porte-clefs-cristal-de-roche-depoli","status":"publish","type":"product","link":"https:\/\/lesfeespapillons-mineraux.com\/index.php\/produit\/porte-clefs-cristal-de-roche-depoli\/","title":{"rendered":"Porte-clefs cristal de roche d\u00e9poli"},"content":{"rendered":"<p style=\"text-align: center\"><strong>Le cristal de roche<\/strong><\/p>\n<p>&nbsp;<\/p>\n<p>&nbsp;<\/p>\n<p><u>Origine du nom\u00a0:<\/u> <em>du grec \u00ab\u00a0krystallos\u00a0\u00bb, \u00ab\u00a0gel\u00e9\u00a0\u00bb<\/em><\/p>\n<p><em><u>Classe cristalline\u00a0:<\/u><\/em><em> Quartz<\/em><\/p>\n<p><em><u>Formule chimique\u00a0:<\/u><\/em> SiO<sub>2 <\/sub>\u00a0(dioxyde de silicium)<\/p>\n<p><u>Duret\u00e9\u00a0:<\/u> 7 selon l\u2019\u00e9chelle de Mohs<\/p>\n<p><u>Syst\u00e8me cristallin\u00a0<\/u>: trigonal<\/p>\n<p><u>Densit\u00e9\u00a0:<\/u> 2,65<\/p>\n<p>&nbsp;<\/p>\n<p>&nbsp;<\/p>\n<p style=\"text-align: center\"><strong><u>Les vertus pr\u00eat\u00e9es \u00e0 cette pierre en lithoth\u00e9rapie <\/u><\/strong><\/p>\n<p>&nbsp;<\/p>\n<p><strong>Au niveau \u00e9motionnel et spirituel, <\/strong>le cristal de roche aide \u00e0 la m\u00e9ditation, au discernement et \u00e0 la sagesse.<\/p>\n<p><strong>Au niveau physique, <\/strong>Il permet de travailler sur les probl\u00e8mes de digestion et les hernies discales.<\/p>\n<p><strong>\u00a0<\/strong><\/p>\n<p style=\"text-align: center\">il est un amplificateur \u00e9nerg\u00e9tique et r\u00e9aligne les diff\u00e9rents corps \u00e9nerg\u00e9tiques.<\/p>\n<p>&nbsp;<\/p>\n<p style=\"text-align: center\"><strong><u>Les moyens de purification\u00a0:<\/u><\/strong><\/p>\n<p>&nbsp;<\/p>\n<p>On pourra le purifier sous un filet d\u2019eau (de pr\u00e9f\u00e9rence d\u2019eau de source) ou dans les fum\u00e9es d\u2019encens (sauge blanche, dragon\u2019s blood, palo santo, tulsi\u2026)<\/p>\n<p>Le cristal de roche se recharge ensuite \u00e0 la lumi\u00e8re du soleil, sur un amas cristallin (am\u00e9thyste ou cristal de roche), sur un motif de fleur de vie ou dans une coquille Saint-Jacques \u2026<\/p>\n<p>\u00c0 chacun de trouver le rituel qui lui convient.<\/p>\n<p>&nbsp;<\/p>\n<p>&nbsp;<\/p>\n<p>&nbsp;<\/p>\n<p>&nbsp;<\/p>\n<p>&nbsp;<\/p>\n<p>&nbsp;<\/p>\n<p>&nbsp;<\/p>\n<p><sub>\u00a0<\/sub><\/p>\n<p>&nbsp;<\/p>\n<p>&nbsp;<\/p>\n<p>&nbsp;<\/p>\n<p>&nbsp;<\/p>\n<p><sub>\u00a0<\/sub><\/p>\n<p>&nbsp;<\/p>\n","protected":false},"excerpt":{"rendered":"<p>Poids : environ 30 grammes<\/p>\n","protected":false},"featured_media":7693,"template":"","meta":[],"product_brand":[],"product_cat":[339,340],"product_tag":[145,501,506,498,526,542],"class_list":{"0":"post-7704","1":"product","2":"type-product","3":"status-publish","4":"has-post-thumbnail","6":"product_cat-accessoires","7":"product_cat-porte-clefs","8":"product_tag-clarte","9":"product_tag-concentration","10":"product_tag-digestion","11":"product_tag-discernement","12":"product_tag-meditation","13":"product_tag-sagesse","14":"pa_mineraux-cristal-de-roche","16":"first","17":"instock","18":"shipping-taxable","19":"purchasable","20":"product-type-simple"},"jetpack_sharing_enabled":true,"_links":{"self":[{"href":"https:\/\/lesfeespapillons-mineraux.com\/index.php\/wp-json\/wp\/v2\/product\/7704","targetHints":{"allow":["GET"]}}],"collection":[{"href":"https:\/\/lesfeespapillons-mineraux.com\/index.php\/wp-json\/wp\/v2\/product"}],"about":[{"href":"https:\/\/lesfeespapillons-mineraux.com\/index.php\/wp-json\/wp\/v2\/types\/product"}],"wp:featuredmedia":[{"embeddable":true,"href":"https:\/\/lesfeespapillons-mineraux.com\/index.php\/wp-json\/wp\/v2\/media\/7693"}],"wp:attachment":[{"href":"https:\/\/lesfeespapillons-mineraux.com\/index.php\/wp-json\/wp\/v2\/media?parent=7704"}],"wp:term":[{"taxonomy":"product_brand","embeddable":true,"href":"https:\/\/lesfeespapillons-mineraux.com\/index.php\/wp-json\/wp\/v2\/product_brand?post=7704"},{"taxonomy":"product_cat","embeddable":true,"href":"https:\/\/lesfeespapillons-mineraux.com\/index.php\/wp-json\/wp\/v2\/product_cat?post=7704"},{"taxonomy":"product_tag","embeddable":true,"href":"https:\/\/lesfeespapillons-mineraux.com\/index.php\/wp-json\/wp\/v2\/product_tag?post=7704"}],"curies":[{"name":"wp","href":"https:\/\/api.w.org\/{rel}","templated":true}]}}