{"id":7638,"date":"2023-08-15T08:35:51","date_gmt":"2023-08-15T06:35:51","guid":{"rendered":"https:\/\/lesfeespapillons-mineraux.com\/?post_type=product&#038;p=7638"},"modified":"2024-10-11T19:49:02","modified_gmt":"2024-10-11T17:49:02","slug":"porte-clefs-chiastolite","status":"publish","type":"product","link":"https:\/\/lesfeespapillons-mineraux.com\/index.php\/produit\/porte-clefs-chiastolite\/","title":{"rendered":"Porte-clefs chiastolite"},"content":{"rendered":"<p style=\"text-align: center\"><strong>La Chiastolite<\/strong><br \/>\n<strong>Groupe<\/strong> : Silicate<br \/>\n<strong>Famille<\/strong> : Aluminosilicate d&rsquo;aluminium<br \/>\n<strong>Formule chimique<\/strong> : Al\u2082SiO\u2085<\/p>\n<p>&nbsp;<\/p>\n<p><strong>Caract\u00e9ristiques<\/strong><\/p>\n<ol>\n<li><strong>Couleur<\/strong> :<br \/>\nLa chiastolite pr\u00e9sente une gamme de couleurs allant du gris au brun, en passant par des nuances de beige et de marron. Elle est surtout reconnaissable par ses inclusions noires en forme de croix, form\u00e9es par des d\u00e9p\u00f4ts de graphite ou d&rsquo;autres min\u00e9raux.<\/li>\n<li><strong>Duret\u00e9<\/strong> :<br \/>\nEntre 6 et 7 sur l&rsquo;\u00e9chelle de Mohs, ce qui en fait une pierre relativement r\u00e9sistante.<\/li>\n<li><strong>Syst\u00e8me cristallin<\/strong> :<br \/>\nOrthorhombique. Elle se pr\u00e9sente sous forme de prismes allong\u00e9s avec des faces rectangulaires.<\/li>\n<li><strong>Clivage<\/strong> :<br \/>\nPas de clivage apparent.<\/li>\n<li><strong>Transparence<\/strong> :<br \/>\nTranslucide \u00e0 opaque.<\/li>\n<li><strong>\u00c9clat<\/strong> :<br \/>\nVitreux \u00e0 mat.<\/li>\n<li><strong>Densit\u00e9<\/strong> :<br \/>\nEntre 3,1 et 3,2 g\/cm\u00b3.<\/li>\n<\/ol>\n<p>&nbsp;<\/p>\n<p><strong>Origine et Formation<\/strong><\/p>\n<p>La chiastolite est une vari\u00e9t\u00e9 d&rsquo;andalousite, un min\u00e9ral qui se forme dans les roches m\u00e9tamorphiques, telles que les schistes et les gneiss, sous haute pression et haute temp\u00e9rature. Son origine est g\u00e9n\u00e9ralement associ\u00e9e \u00e0 des r\u00e9gions m\u00e9tamorphiques, notamment des zones de contact entre des intrusions magmatiques et des s\u00e9diments.<\/p>\n<p>Les cristaux de chiastolite se distinguent par leur structure particuli\u00e8re en croix, due \u00e0 la r\u00e9partition in\u00e9gale des inclusions internes, ce qui en fait une pierre unique et recherch\u00e9e.<\/p>\n<p><strong>Gisements<\/strong><\/p>\n<p>Les principaux gisements de chiastolite se trouvent dans plusieurs r\u00e9gions du monde, notamment :<\/p>\n<ul>\n<li><strong>Espagne<\/strong> (Galice)<\/li>\n<li><strong>France<\/strong> (Bretagne, Massif Central)<\/li>\n<li><strong>Australie<\/strong><\/li>\n<li><strong>Chine<\/strong><\/li>\n<li><strong>\u00c9tats-Unis<\/strong><\/li>\n<li><strong>Russie (pour les plus rares)<\/strong><\/li>\n<\/ul>\n<p>&nbsp;<\/p>\n<p><strong>Propri\u00e9t\u00e9s et Utilisations<\/strong><\/p>\n<ol>\n<li><strong>Lithoth\u00e9rapie<\/strong> :<br \/>\nLa chiastolite est utilis\u00e9e pour ses pr\u00e9tendues propri\u00e9t\u00e9s \u00e9nerg\u00e9tiques et spirituelles. Elle est consid\u00e9r\u00e9e comme une pierre de protection et d&rsquo;ancrage, cens\u00e9e prot\u00e9ger contre les \u00e9nergies n\u00e9gatives. On lui pr\u00eate aussi des vertus de renforcement de la pers\u00e9v\u00e9rance et de la concentration.<\/li>\n<li><strong>Symbolisme<\/strong> :<br \/>\nEn raison de sa croix naturelle, elle est souvent vue comme un symbole spirituel et religieux, notamment dans les cultures chr\u00e9tiennes. Elle peut \u00eatre utilis\u00e9e comme amulette ou talisman pour favoriser la m\u00e9ditation et la connexion spirituelle.<\/li>\n<li><strong>Bijoux et Collection<\/strong> :<br \/>\nGr\u00e2ce \u00e0 son apparence unique, la chiastolite est utilis\u00e9e dans la fabrication de bijoux, notamment sous forme de pendentifs ou de cabochons. Elle est aussi pris\u00e9e par les collectionneurs pour ses motifs naturels distinctifs.<\/li>\n<\/ol>\n<p>&nbsp;<\/p>\n<p><strong>Entretien<\/strong><\/p>\n<p>Comme beaucoup de pierres semi-pr\u00e9cieuses, la chiastolite doit \u00eatre manipul\u00e9e avec soin pour \u00e9viter les rayures et les chocs. Il est recommand\u00e9 de la nettoyer avec de l&rsquo;eau ti\u00e8de et un chiffon doux, en \u00e9vitant les produits chimiques agressifs qui pourraient ab\u00eemer sa surface.<\/p>\n<p>&nbsp;<\/p>\n<p><strong>L\u00e9gendes et Mythes<\/strong><\/p>\n<p>Autrefois, la chiastolite \u00e9tait surnomm\u00e9e \u00ab\u00a0la pierre de croix\u00a0\u00bb en raison de sa forme particuli\u00e8re. Elle a souvent \u00e9t\u00e9 associ\u00e9e \u00e0 des propri\u00e9t\u00e9s magiques, utilis\u00e9es pour \u00e9loigner le mauvais \u0153il ou prot\u00e9ger des esprits malveillants.<\/p>\n<p>Dans certaines cultures, elle est per\u00e7ue comme une pierre d&rsquo;\u00e9quilibre et de transformation, aidant son porteur \u00e0 traverser des p\u00e9riodes de transition avec force et d\u00e9termination.<\/p>\n<p>&nbsp;<\/p>\n<p><strong>Conclusion<\/strong><\/p>\n<p>La chiastolite est une pierre fascinante, tant pour ses propri\u00e9t\u00e9s min\u00e9ralogiques que pour ses utilisations en lithoth\u00e9rapie. Sa forme en croix naturelle en fait un min\u00e9ral tr\u00e8s appr\u00e9ci\u00e9, tant pour son esth\u00e9tique que pour son symbolisme spirituel puissant.<\/p>\n<p>&nbsp;<\/p>\n<p>&nbsp;<\/p>\n<p>&nbsp;<\/p>\n<p>&nbsp;<\/p>\n<p>&nbsp;<\/p>\n<p>&nbsp;<\/p>\n<p>&nbsp;<\/p>\n<p><sub>\u00a0<\/sub><\/p>\n<p>&nbsp;<\/p>\n","protected":false},"excerpt":{"rendered":"<p>environ 2cm<\/p>\n<p>Poids : environ 15 grammes<\/p>\n","protected":false},"featured_media":11215,"template":"","meta":[],"product_brand":[],"product_cat":[339,340],"product_tag":[229,501,561,524,231],"class_list":{"0":"post-7638","1":"product","2":"type-product","3":"status-publish","4":"has-post-thumbnail","6":"product_cat-accessoires","7":"product_cat-porte-clefs","8":"product_tag-ancrage","9":"product_tag-concentration","10":"product_tag-determination","11":"product_tag-perseverence","12":"product_tag-protection","13":"pa_mineraux-chiastolite","15":"first","16":"instock","17":"shipping-taxable","18":"purchasable","19":"product-type-variable"},"jetpack_sharing_enabled":true,"_links":{"self":[{"href":"https:\/\/lesfeespapillons-mineraux.com\/index.php\/wp-json\/wp\/v2\/product\/7638","targetHints":{"allow":["GET"]}}],"collection":[{"href":"https:\/\/lesfeespapillons-mineraux.com\/index.php\/wp-json\/wp\/v2\/product"}],"about":[{"href":"https:\/\/lesfeespapillons-mineraux.com\/index.php\/wp-json\/wp\/v2\/types\/product"}],"wp:featuredmedia":[{"embeddable":true,"href":"https:\/\/lesfeespapillons-mineraux.com\/index.php\/wp-json\/wp\/v2\/media\/11215"}],"wp:attachment":[{"href":"https:\/\/lesfeespapillons-mineraux.com\/index.php\/wp-json\/wp\/v2\/media?parent=7638"}],"wp:term":[{"taxonomy":"product_brand","embeddable":true,"href":"https:\/\/lesfeespapillons-mineraux.com\/index.php\/wp-json\/wp\/v2\/product_brand?post=7638"},{"taxonomy":"product_cat","embeddable":true,"href":"https:\/\/lesfeespapillons-mineraux.com\/index.php\/wp-json\/wp\/v2\/product_cat?post=7638"},{"taxonomy":"product_tag","embeddable":true,"href":"https:\/\/lesfeespapillons-mineraux.com\/index.php\/wp-json\/wp\/v2\/product_tag?post=7638"}],"curies":[{"name":"wp","href":"https:\/\/api.w.org\/{rel}","templated":true}]}}