{"id":7324,"date":"2023-06-16T18:08:10","date_gmt":"2023-06-16T16:08:10","guid":{"rendered":"https:\/\/lesfeespapillons-mineraux.com\/?post_type=product&#038;p=7324"},"modified":"2025-03-14T12:45:27","modified_gmt":"2025-03-14T11:45:27","slug":"sauge-sang-de-dragon","status":"publish","type":"product","link":"https:\/\/lesfeespapillons-mineraux.com\/index.php\/produit\/sauge-sang-de-dragon\/","title":{"rendered":"Sauge sang de dragon"},"content":{"rendered":"<p>La <strong>sauge \u00ab\u00a0Sang de Dragon\u00a0\u00bb<\/strong> est un type particulier de sauge utilis\u00e9e dans les pratiques spirituelles et \u00e9nerg\u00e9tiques, mais elle se distingue par le fait qu\u2019elle est impr\u00e9gn\u00e9e ou m\u00e9lang\u00e9e avec de la <strong>r\u00e9sine de Sang de Dragon<\/strong>. La <strong>r\u00e9sine de Sang de Dragon<\/strong> provient de plusieurs types d&rsquo;arbres tropicaux du genre <em>Daemonorops<\/em>, <em>Dracaena<\/em>, <em>Croton<\/em> ou <em>Pterocarpus<\/em>, et elle est connue pour sa couleur rouge vif, semblable au sang. Cette r\u00e9sine est utilis\u00e9e depuis des si\u00e8cles dans les rituels de protection, de purification, et de gu\u00e9rison.<\/p>\n<p>La sauge Sang de Dragon combine ainsi les propri\u00e9t\u00e9s purificatrices de la <strong>sauge blanche<\/strong> avec les puissants pouvoirs spirituels et protecteurs de la <strong>r\u00e9sine Sang de Dragon<\/strong>.<\/p>\n<p>&nbsp;<\/p>\n<p><strong>FICHE D&rsquo;IDENTIT\u00c9 : SAUGE SANG DE DRAGON<\/strong><\/p>\n<p><strong>Nom : Sauge Sang de Dragon<\/strong><\/p>\n<p><strong>Ingr\u00e9dients : Sauge blanche (Salvia apiana) impr\u00e9gn\u00e9e de r\u00e9sine de Sang de Dragon<\/strong><\/p>\n<p><strong>Origine de la sauge : Am\u00e9rique du Nord (principalement les r\u00e9gions du sud-ouest des \u00c9tats-Unis et du Mexique, l\u00e0 o\u00f9 la sauge blanche pousse naturellement)<\/strong><\/p>\n<p><strong>Origine de la r\u00e9sine : For\u00eats tropicales d&rsquo;Asie et d&rsquo;Afrique<\/strong><\/p>\n<p><strong>\u00a0<\/strong><\/p>\n<p><strong>CARACT\u00c9RISTIQUES ET PROPRI\u00c9T\u00c9S<\/strong><\/p>\n<ol>\n<li><strong> Purification et nettoyage des \u00e9nergies :<\/strong><\/li>\n<\/ol>\n<ul>\n<li><strong>Sauge blanche<\/strong> : Elle est d\u00e9j\u00e0 connue pour ses fortes propri\u00e9t\u00e9s purificatrices, souvent utilis\u00e9e pour nettoyer un espace, un objet ou une personne des \u00e9nergies n\u00e9gatives. La fum\u00e9e de sauge blanche aide \u00e0 restaurer l\u2019\u00e9quilibre spirituel et \u00e9nerg\u00e9tique.<\/li>\n<li><strong>R\u00e9sine de Sang de Dragon<\/strong> : Connue pour ses propri\u00e9t\u00e9s de <strong>protection<\/strong> et de <strong>force spirituelle<\/strong>, la r\u00e9sine Sang de Dragon renforce la capacit\u00e9 de la sauge \u00e0 \u00e9liminer les \u00e9nergies n\u00e9gatives et offre un <strong>bouclier protecteur<\/strong>. Elle est \u00e9galement r\u00e9put\u00e9e pour son <strong>pouvoir de gu\u00e9rison<\/strong> \u00e9motionnelle et physique.<\/li>\n<\/ul>\n<ol start=\"2\">\n<li><strong> Protection spirituelle :<\/strong><\/li>\n<\/ol>\n<ul>\n<li>La combinaison de la <strong>sauge blanche<\/strong> et de la <strong>r\u00e9sine de Sang de Dragon<\/strong> en fait un puissant outil de protection spirituelle. La fum\u00e9e de la sauge Sang de Dragon est utilis\u00e9e pour \u00e9loigner les <strong>influences malveillantes<\/strong>, les <strong>entit\u00e9s n\u00e9gatives<\/strong>, et cr\u00e9er un <strong>espace sacr\u00e9<\/strong>.<\/li>\n<li>Cette protection renforc\u00e9e en fait une option id\u00e9ale lors des moments o\u00f9 l\u2019on se sent particuli\u00e8rement vuln\u00e9rable ou expos\u00e9 \u00e0 des \u00e9nergies toxiques.<\/li>\n<\/ul>\n<ol start=\"3\">\n<li><strong> Renforcement des intentions :<\/strong><\/li>\n<\/ol>\n<ul>\n<li>Le <strong>Sang de Dragon<\/strong> est souvent utilis\u00e9 pour amplifier les intentions pos\u00e9es lors des rituels. Cela en fait un alli\u00e9 pour les pratiques magiques ou spirituelles, lorsque l\u2019on cherche \u00e0 <strong>manifester un objectif<\/strong> ou \u00e0 <strong>renforcer une pri\u00e8re<\/strong>.<\/li>\n<li>En br\u00fblant cette sauge, il est commun de poser une intention forte et de se concentrer sur la purification de l&rsquo;espace, la protection ou la r\u00e9alisation d&rsquo;un d\u00e9sir.<\/li>\n<\/ul>\n<p>&nbsp;<\/p>\n<ol start=\"4\">\n<li><strong> Favorise la gu\u00e9rison :<\/strong><\/li>\n<\/ol>\n<ul>\n<li>Le Sang de Dragon a \u00e9galement \u00e9t\u00e9 utilis\u00e9 historiquement pour ses propri\u00e9t\u00e9s de <strong>gu\u00e9rison physique<\/strong> et spirituelle. Il est utilis\u00e9 pour aider \u00e0 soulager les blessures \u00e9motionnelles, apaiser les tensions spirituelles, et gu\u00e9rir les <strong>blessures \u00e9nerg\u00e9tiques<\/strong> laiss\u00e9es par des exp\u00e9riences n\u00e9gatives ou des traumatismes.<\/li>\n<\/ul>\n<p>&nbsp;<\/p>\n<p><strong>UTILISATION DE LA SAUGE SANG DE DRAGON<\/strong><\/p>\n<ol>\n<li><strong> Fumigation pour la purification :<\/strong><\/li>\n<\/ol>\n<ul>\n<li>Comme pour la sauge blanche traditionnelle, la sauge Sang de Dragon est principalement utilis\u00e9e en <strong>fumigation<\/strong> pour <strong>nettoyer l\u2019\u00e9nergie<\/strong> dans les espaces, les objets et les personnes.\n<ul>\n<li><strong>Allumez<\/strong> le fagot de sauge avec une flamme.<\/li>\n<li><strong>Laissez br\u00fbler quelques secondes<\/strong> puis soufflez doucement pour \u00e9teindre la flamme.<\/li>\n<li><strong>Diffusez la fum\u00e9e<\/strong> dans toutes les pi\u00e8ces, dans les coins et autour des objets ou personnes que vous souhaitez purifier.<\/li>\n<li><strong>Posez une intention<\/strong> claire de purification et de protection pendant la fumigation.<\/li>\n<\/ul>\n<\/li>\n<\/ul>\n<ol start=\"2\">\n<li><strong> Cr\u00e9ation d&rsquo;un bouclier de protection :<\/strong><\/li>\n<\/ol>\n<ul>\n<li>Utilisez la sauge Sang de Dragon dans un rituel sp\u00e9cifique pour cr\u00e9er un <strong>bouclier \u00e9nerg\u00e9tique<\/strong> autour de vous ou de votre espace de vie. La r\u00e9sine renforce l\u2019effet protecteur, ce qui en fait un outil utile avant de m\u00e9diter, de pratiquer des rituels ou simplement de se pr\u00e9parer \u00e0 un moment difficile ou stressant.<\/li>\n<\/ul>\n<ol start=\"3\">\n<li><strong> Utilisation dans des rituels de manifestation :<\/strong><\/li>\n<\/ol>\n<ul>\n<li>La puissance de la r\u00e9sine Sang de Dragon permet de renforcer les intentions et les manifestations. Si vous travaillez sur un objectif personnel, br\u00fblez la sauge Sang de Dragon tout en r\u00e9p\u00e9tant votre intention pour augmenter les chances de succ\u00e8s.<\/li>\n<\/ul>\n<ol start=\"4\">\n<li><strong> Apaiser les \u00e9motions :<\/strong><\/li>\n<\/ol>\n<ul>\n<li>En cas de stress, de tensions \u00e9motionnelles, ou de blessures spirituelles, br\u00fbler cette sauge peut aider \u00e0 <strong>apaiser<\/strong> et <strong>r\u00e9\u00e9quilibrer<\/strong> vos \u00e9nergies. C\u2019est un excellent outil pour se reconnecter \u00e0 soi-m\u00eame et retrouver un \u00e9tat de <strong>calme int\u00e9rieur<\/strong>.<\/li>\n<\/ul>\n<p>&nbsp;<\/p>\n<p><strong>BIENFAITS SUPPL\u00c9MENTAIRES<\/strong><\/p>\n<ol>\n<li><strong> Effet sur les \u00e9motions et l&rsquo;esprit :<\/strong><\/li>\n<\/ol>\n<p>La sauge Sang de Dragon, gr\u00e2ce \u00e0 la combinaison de ces deux puissants \u00e9l\u00e9ments, est r\u00e9put\u00e9e pour avoir un effet apaisant sur l\u2019esprit. Elle est souvent utilis\u00e9e pour <strong>dissiper l\u2019anxi\u00e9t\u00e9<\/strong>, <strong>r\u00e9duire le stress<\/strong>, et favoriser un sentiment de <strong>s\u00e9curit\u00e9 int\u00e9rieure<\/strong>.<\/p>\n<ol start=\"2\">\n<li><strong> Utilisation pour des espaces sacr\u00e9s :<\/strong><\/li>\n<\/ol>\n<p>Cette sauge est fr\u00e9quemment utilis\u00e9e dans les <strong>cercles spirituels<\/strong>, les <strong>rituels de gu\u00e9rison<\/strong>, ou pour la <strong>cons\u00e9cration d&rsquo;un autel<\/strong>. Elle aide \u00e0 \u00e9tablir un espace de <strong>pri\u00e8re<\/strong> ou de <strong>m\u00e9ditation<\/strong> clair et \u00e9nerg\u00e9tiquement prot\u00e9g\u00e9.<\/p>\n<ol start=\"3\">\n<li><strong> Odeur intense :<\/strong><\/li>\n<\/ol>\n<p>La r\u00e9sine de Sang de Dragon ajoute une <strong>odeur plus r\u00e9sineuse<\/strong> et <strong>terreuse<\/strong> \u00e0 la sauge blanche. Elle a un parfum plus dense et profond, souvent d\u00e9crit comme l\u00e9g\u00e8rement sucr\u00e9 et \u00e9pic\u00e9, ce qui en fait une option int\u00e9ressante pour ceux qui recherchent une alternative au parfum typique de la sauge blanche pure.<\/p>\n<p>&nbsp;<\/p>\n<p><strong>\u00c9THIQUE ET DURABILIT\u00c9<\/strong><\/p>\n<p>Comme pour toutes les plantes et r\u00e9sines sacr\u00e9es, il est important de s\u2019assurer que la <strong>sauge blanche<\/strong> et la <strong>r\u00e9sine Sang de Dragon<\/strong> sont r\u00e9colt\u00e9es de mani\u00e8re <strong>\u00e9thique<\/strong> et <strong>durable<\/strong>. La popularit\u00e9 croissante de ces plantes dans les pratiques spirituelles peut entra\u00eener une surexploitation. Il est conseill\u00e9 de v\u00e9rifier la provenance des produits, en particulier la sauge blanche, qui est parfois menac\u00e9e par la surexploitation.<\/p>\n<p>&nbsp;<\/p>\n<p><strong>CONCLUSION<\/strong><\/p>\n<p>La <strong>sauge Sang de Dragon<\/strong> est un outil spirituel puissant qui allie les propri\u00e9t\u00e9s purificatrices de la <strong>sauge blanche<\/strong> et les qualit\u00e9s protectrices et gu\u00e9risseuses de la <strong>r\u00e9sine Sang de Dragon<\/strong>. Elle est id\u00e9ale pour ceux qui cherchent \u00e0 purifier leur environnement de mani\u00e8re approfondie, \u00e0 \u00e9tablir une protection \u00e9nerg\u00e9tique forte, ou \u00e0 intensifier leurs pratiques spirituelles. Son <strong>parfum riche<\/strong> et ses effets puissants en font une option privil\u00e9gi\u00e9e pour les rituels de <strong>protection<\/strong>, de <strong>manifestation<\/strong>, et de <strong>gu\u00e9rison<\/strong>.<\/p>\n<p>&nbsp;<\/p>\n","protected":false},"excerpt":{"rendered":"<p>vendu \u00e0 la pi\u00e8ce<\/p>\n<p>environ 10cm<\/p>\n","protected":false},"featured_media":11196,"template":"","meta":[],"product_brand":[],"product_cat":[168,321],"product_tag":[],"class_list":{"0":"post-7324","1":"product","2":"type-product","3":"status-publish","4":"has-post-thumbnail","6":"product_cat-encens","7":"product_cat-sauges","9":"first","10":"instock","11":"shipping-taxable","12":"purchasable","13":"product-type-simple"},"jetpack_sharing_enabled":true,"_links":{"self":[{"href":"https:\/\/lesfeespapillons-mineraux.com\/index.php\/wp-json\/wp\/v2\/product\/7324","targetHints":{"allow":["GET"]}}],"collection":[{"href":"https:\/\/lesfeespapillons-mineraux.com\/index.php\/wp-json\/wp\/v2\/product"}],"about":[{"href":"https:\/\/lesfeespapillons-mineraux.com\/index.php\/wp-json\/wp\/v2\/types\/product"}],"wp:featuredmedia":[{"embeddable":true,"href":"https:\/\/lesfeespapillons-mineraux.com\/index.php\/wp-json\/wp\/v2\/media\/11196"}],"wp:attachment":[{"href":"https:\/\/lesfeespapillons-mineraux.com\/index.php\/wp-json\/wp\/v2\/media?parent=7324"}],"wp:term":[{"taxonomy":"product_brand","embeddable":true,"href":"https:\/\/lesfeespapillons-mineraux.com\/index.php\/wp-json\/wp\/v2\/product_brand?post=7324"},{"taxonomy":"product_cat","embeddable":true,"href":"https:\/\/lesfeespapillons-mineraux.com\/index.php\/wp-json\/wp\/v2\/product_cat?post=7324"},{"taxonomy":"product_tag","embeddable":true,"href":"https:\/\/lesfeespapillons-mineraux.com\/index.php\/wp-json\/wp\/v2\/product_tag?post=7324"}],"curies":[{"name":"wp","href":"https:\/\/api.w.org\/{rel}","templated":true}]}}