{"id":7289,"date":"2023-06-14T14:11:04","date_gmt":"2023-06-14T12:11:04","guid":{"rendered":"https:\/\/lesfeespapillons-mineraux.com\/?post_type=product&#038;p=7289"},"modified":"2024-12-28T15:10:54","modified_gmt":"2024-12-28T14:10:54","slug":"bracelet-collection-munich-pyrite-et-argent-925-2","status":"publish","type":"product","link":"https:\/\/lesfeespapillons-mineraux.com\/index.php\/produit\/bracelet-collection-munich-pyrite-et-argent-925-2\/","title":{"rendered":"Bracelet en pyrite #6 et argent 925"},"content":{"rendered":"<p style=\"text-align: center\"><strong>La Pyrite<\/strong><\/p>\n<p>&nbsp;<\/p>\n<ul>\n<li><strong>Nom scientifique<\/strong> : Disulfure de fer (<strong>FeS\u2082<\/strong>)<\/li>\n<li><strong>Surnoms<\/strong> : \u00ab Or des fous \u00bb, \u00ab Or du pauvre \u00bb<\/li>\n<\/ul>\n<p>&nbsp;<\/p>\n<p><strong>Origine du nom :<\/strong><\/p>\n<p>Le mot <strong>pyrite<\/strong> vient du grec ancien <strong>\u00ab\u00a0pyr\u00edt\u0113s\u00a0\u00bb<\/strong>, signifiant \u00ab\u00a0pierre \u00e0 feu\u00a0\u00bb. Cela fait r\u00e9f\u00e9rence \u00e0 la capacit\u00e9 de la pyrite \u00e0 produire des \u00e9tincelles lorsqu\u2019elle est frapp\u00e9e contre du m\u00e9tal ou une autre pierre dure.<\/p>\n<p>&nbsp;<\/p>\n<p><strong>CARACT\u00c9RISTIQUES G\u00c9N\u00c9RALES<\/strong><\/p>\n<ul>\n<li><strong>Couleur<\/strong> : Jaune dor\u00e9, parfois argent\u00e9e, avec un \u00e9clat m\u00e9tallique brillant.<\/li>\n<li><strong>Composition chimique<\/strong> : Disulfure de fer (FeS\u2082).<\/li>\n<li><strong>Syst\u00e8me cristallin<\/strong> : Cubique. Elle forme souvent des cristaux cubiques ou octa\u00e9driques bien d\u00e9finis, parfois en agr\u00e9gats massifs.<\/li>\n<li><strong>Duret\u00e9 (\u00c9chelle de Mohs)<\/strong> : 6 \u00e0 6,5. Bien qu\u2019elle ressemble \u00e0 de l\u2019or, elle est plus dure que l\u2019or v\u00e9ritable, mais fragile et peut se casser sous pression.<\/li>\n<li><strong>Densit\u00e9<\/strong> : 4,9 \u00e0 5,2 (l\u00e9g\u00e8rement plus lourde que la plupart des min\u00e9raux).<\/li>\n<\/ul>\n<p>&nbsp;<\/p>\n<p><strong>Localisation :<\/strong><\/p>\n<p>La pyrite est trouv\u00e9e un peu partout dans le monde. Elle est pr\u00e9sente dans des gisements en Espagne, en Italie, au P\u00e9rou, aux \u00c9tats-Unis, en France et dans bien d&rsquo;autres pays.<\/p>\n<p>&nbsp;<\/p>\n<p><strong>PROPRI\u00c9T\u00c9S PHYSIQUES<\/strong><\/p>\n<ul>\n<li><strong>Couleur du trait<\/strong> : Noir verd\u00e2tre, gris ou brun fonc\u00e9 (cela permet de la distinguer de l\u2019or, dont le trait est jaune dor\u00e9).<\/li>\n<li><strong>\u00c9clat<\/strong> : M\u00e9tallique, brillant.<\/li>\n<li><strong>Transparence<\/strong> : Opaque.<\/li>\n<li><strong>Fracture<\/strong> : Irr\u00e9guli\u00e8re ou concho\u00efdale (avec des surfaces courbes).<\/li>\n<li><strong>Magn\u00e9tisme<\/strong> : Non magn\u00e9tique, sauf apr\u00e8s chauffage intense.<\/li>\n<\/ul>\n<p>&nbsp;<\/p>\n<p><strong>PROPRI\u00c9T\u00c9S M\u00c9TAPHYSIQUES ET SPIRITUELLES (en lithoth\u00e9rapie)<\/strong><\/p>\n<ul>\n<li><strong>\u00c9nergie<\/strong> : La pyrite est connue pour son \u00e9nergie <strong>protectrice<\/strong> et <strong>stimulative<\/strong>.<\/li>\n<li><strong>Protection<\/strong> : Elle est souvent utilis\u00e9e pour <strong>repousser les \u00e9nergies n\u00e9gatives<\/strong> et cr\u00e9er une barri\u00e8re \u00e9nerg\u00e9tique autour de son porteur.<\/li>\n<li><strong>Confiance en soi<\/strong> : Cette pierre est associ\u00e9e \u00e0 l&rsquo;<strong>estime de soi<\/strong>, \u00e0 la <strong>force mentale<\/strong> et au <strong>courage<\/strong>. Elle aide \u00e0 surmonter la peur de l\u2019\u00e9chec et favorise la <strong>confiance<\/strong>.<\/li>\n<li><strong>\u00c9nergie mentale<\/strong> : Elle stimule la <strong>m\u00e9moire<\/strong>, la <strong>concentration<\/strong> et la <strong>clart\u00e9 mentale<\/strong>, facilitant la prise de d\u00e9cisions.<\/li>\n<li><strong>Abondance<\/strong> : La pyrite est aussi li\u00e9e \u00e0 l&rsquo;<strong>abondance<\/strong>, \u00e0 la <strong>prosp\u00e9rit\u00e9<\/strong>, et \u00e0 l&rsquo;attraction des <strong>opportunit\u00e9s financi\u00e8res<\/strong>. Elle est souvent utilis\u00e9e dans les pratiques pour attirer la richesse.<\/li>\n<\/ul>\n<p>&nbsp;<\/p>\n<p><strong>Chakras associ\u00e9s :<\/strong><\/p>\n<ul>\n<li><strong>Chakra du Plexus Solaire<\/strong> (Manipura) : Ce chakra est li\u00e9 \u00e0 la confiance en soi, \u00e0 la volont\u00e9 et \u00e0 l&rsquo;\u00e9nergie personnelle. La pyrite y est souvent associ\u00e9e pour renforcer ces aspects.<\/li>\n<\/ul>\n<p>&nbsp;<\/p>\n<p><strong>UTILISATIONS<\/strong><\/p>\n<ul>\n<li><strong>Industrie<\/strong> : La pyrite est une source importante de soufre pour l&rsquo;industrie chimique. Historiquement, elle \u00e9tait \u00e9galement utilis\u00e9e pour la production de soufre dans l&rsquo;acide sulfurique.<\/li>\n<li><strong>Ornementation et collection<\/strong> : En raison de son \u00e9clat dor\u00e9, la pyrite est souvent utilis\u00e9e comme pierre d\u00e9corative ou collect\u00e9e pour ses cristaux spectaculaires.<\/li>\n<li><strong>Lithoth\u00e9rapie<\/strong> : En tant que pierre \u00e9nerg\u00e9tique, elle est souvent utilis\u00e9e dans des rituels de protection et d\u2019attraction de prosp\u00e9rit\u00e9, ou port\u00e9e sous forme de bijoux.<\/li>\n<\/ul>\n<p>&nbsp;<\/p>\n<p><strong>ENTRETIEN DE LA PYRITE<\/strong><\/p>\n<ul>\n<li><strong>Purification<\/strong> : Pour enlever les \u00e9nergies accumul\u00e9es, la pyrite peut \u00eatre purifi\u00e9e dans les fum\u00e9es d\u2019encens.<\/li>\n<li><strong>Rechargement<\/strong> : Il est conseill\u00e9 de recharger la pyrite en l\u2019exposant \u00e0 la lumi\u00e8re du soleil pendant quelques heures.<\/li>\n<li><strong>Pr\u00e9caution<\/strong> : La pyrite peut s\u2019oxyder au contact de l\u2019humidit\u00e9, ce qui peut causer une d\u00e9gradation. Il est donc recommand\u00e9 de la conserver dans un endroit sec.<\/li>\n<\/ul>\n<p>&nbsp;<\/p>\n<p><strong>FAITS INT\u00c9RESSANTS<\/strong><\/p>\n<ul>\n<li><strong>Confusion avec l\u2019or<\/strong> : La pyrite est souvent confondue avec de l\u2019or en raison de sa couleur dor\u00e9e et de son \u00e9clat m\u00e9tallique. C\u2019est pourquoi elle est surnomm\u00e9e \u00ab or des fous \u00bb. Cependant, contrairement \u00e0 l&rsquo;or, elle est fragile et ne peut pas \u00eatre mall\u00e9able.<\/li>\n<li><strong>Utilisation historique<\/strong> : Les anciens Grecs et Romains utilisaient la pyrite pour allumer des feux, gr\u00e2ce \u00e0 sa capacit\u00e9 \u00e0 produire des \u00e9tincelles.<\/li>\n<\/ul>\n<p>&nbsp;<\/p>\n<p>&nbsp;<\/p>\n<p>La pyrite est une pierre puissante et belle, \u00e0 la fois pour son apparence scintillante et pour ses propri\u00e9t\u00e9s spirituelles protectrices. Que ce soit pour enrichir une collection de min\u00e9raux ou pour profiter de ses bienfaits \u00e9nerg\u00e9tiques, elle est tr\u00e8s appr\u00e9ci\u00e9e dans de nombreux domaines.<\/p>\n<p>&nbsp;<\/p>\n<p>&nbsp;<\/p>\n<p>&nbsp;<\/p>\n<p>&nbsp;<\/p>\n<p>&nbsp;<\/p>\n<p>&nbsp;<\/p>\n<p><sub>\u00a0<\/sub><\/p>\n<p>&nbsp;<\/p>\n<p>&nbsp;<\/p>\n<p>&nbsp;<\/p>\n<p>&nbsp;<\/p>\n<p>&nbsp;<\/p>\n<p>&nbsp;<\/p>\n<p>&nbsp;<\/p>\n<p><sub>\u00a0<\/sub><\/p>\n<p>&nbsp;<\/p>\n","protected":false},"excerpt":{"rendered":"<p><strong>Collection Munich<\/strong><\/p>\n<p>taille 20cm<\/p>\n<p>Poids : 16,9 grammes<\/p>\n<p>&nbsp;<\/p>\n","protected":false},"featured_media":7288,"template":"","meta":[],"product_brand":[],"product_cat":[159,109],"product_tag":[291,290,289,288,287,285,286],"class_list":{"0":"post-7289","1":"product","2":"type-product","3":"status-publish","4":"has-post-thumbnail","6":"product_cat-bijoux-perles","7":"product_cat-bijoux-pierres-naturelles","8":"product_tag-bronches","9":"product_tag-dynamisme","10":"product_tag-efficacite","11":"product_tag-joie","12":"product_tag-optimisme","13":"product_tag-tonus","14":"product_tag-vitalite","15":"pa_mineraux-pyrite","16":"pa_taille-de-bracelet-20cm","17":"pa_type-de-bijoux-bracelet","19":"first","20":"instock","21":"shipping-taxable","22":"purchasable","23":"product-type-simple"},"jetpack_sharing_enabled":true,"_links":{"self":[{"href":"https:\/\/lesfeespapillons-mineraux.com\/index.php\/wp-json\/wp\/v2\/product\/7289","targetHints":{"allow":["GET"]}}],"collection":[{"href":"https:\/\/lesfeespapillons-mineraux.com\/index.php\/wp-json\/wp\/v2\/product"}],"about":[{"href":"https:\/\/lesfeespapillons-mineraux.com\/index.php\/wp-json\/wp\/v2\/types\/product"}],"wp:featuredmedia":[{"embeddable":true,"href":"https:\/\/lesfeespapillons-mineraux.com\/index.php\/wp-json\/wp\/v2\/media\/7288"}],"wp:attachment":[{"href":"https:\/\/lesfeespapillons-mineraux.com\/index.php\/wp-json\/wp\/v2\/media?parent=7289"}],"wp:term":[{"taxonomy":"product_brand","embeddable":true,"href":"https:\/\/lesfeespapillons-mineraux.com\/index.php\/wp-json\/wp\/v2\/product_brand?post=7289"},{"taxonomy":"product_cat","embeddable":true,"href":"https:\/\/lesfeespapillons-mineraux.com\/index.php\/wp-json\/wp\/v2\/product_cat?post=7289"},{"taxonomy":"product_tag","embeddable":true,"href":"https:\/\/lesfeespapillons-mineraux.com\/index.php\/wp-json\/wp\/v2\/product_tag?post=7289"}],"curies":[{"name":"wp","href":"https:\/\/api.w.org\/{rel}","templated":true}]}}