{"id":7011,"date":"2023-06-11T12:37:24","date_gmt":"2023-06-11T10:37:24","guid":{"rendered":"https:\/\/lesfeespapillons-mineraux.com\/?post_type=product&#038;p=7011"},"modified":"2024-11-30T14:34:55","modified_gmt":"2024-11-30T13:34:55","slug":"pendentif-aigle-argent-925-3","status":"publish","type":"product","link":"https:\/\/lesfeespapillons-mineraux.com\/index.php\/produit\/pendentif-aigle-argent-925-3\/","title":{"rendered":"Pendentif aigle argent 925 et Onyx"},"content":{"rendered":"<p>L&rsquo;aigle est un symbole universel de libert\u00e9, de pouvoir et de vision. Il est v\u00e9n\u00e9r\u00e9 dans de nombreuses cultures et ses significations incluent :<\/p>\n<p>&nbsp;<\/p>\n<ol>\n<li><strong>Libert\u00e9 et Ind\u00e9pendance<\/strong><br \/>\nL\u2019aigle, ma\u00eetre des cieux, repr\u00e9sente l&rsquo;aptitude \u00e0 s&rsquo;\u00e9lever au-dessus des obstacles et \u00e0 embrasser une vie d&rsquo;autonomie et de grandeur.<\/li>\n<li><strong>Force et Pouvoir<\/strong><br \/>\nAnimal majestueux et dominant, il symbolise la puissance, le leadership et la ma\u00eetrise de soi.<\/li>\n<li><strong>Vision et Perspicacit\u00e9<\/strong><br \/>\nAvec sa vue per\u00e7ante, l\u2019aigle repr\u00e9sente la clart\u00e9 mentale, la capacit\u00e9 \u00e0 voir loin et \u00e0 anticiper l\u2019avenir.<\/li>\n<li><strong>Renaissance et Transformation<\/strong><br \/>\nSouvent associ\u00e9 \u00e0 la r\u00e9g\u00e9n\u00e9ration et au renouvellement, l\u2019aigle inspire le courage de se r\u00e9inventer.<\/li>\n<li><strong>Spiritualit\u00e9 et Connexion Divine<\/strong><br \/>\nL&rsquo;aigle est souvent vu comme un messager c\u00e9leste, connectant les mortels \u00e0 des dimensions spirituelles sup\u00e9rieures.<\/li>\n<\/ol>\n<p>&nbsp;<\/p>\n<p>La pierre d\u2019onyx, lorsqu&rsquo;elle est associ\u00e9e \u00e0 l\u2019aigle, renforce et compl\u00e8te ses significations. L\u2019onyx est connu pour ses nombreuses vertus spirituelles et protectrices :<\/p>\n<ol>\n<li><strong>Protection et Force Int\u00e9rieure<\/strong><br \/>\nL\u2019onyx est une pierre qui absorbe les \u00e9nergies n\u00e9gatives et prot\u00e8ge son porteur, tout en favorisant la stabilit\u00e9 \u00e9motionnelle.<\/li>\n<li><strong>Confiance et Ma\u00eetrise de Soi<\/strong><br \/>\nElle aide \u00e0 renforcer l\u2019assurance et \u00e0 surmonter les peurs ou les doutes.<\/li>\n<li><strong>Sagesse et Discernement<\/strong><br \/>\nL\u2019onyx favorise la r\u00e9flexion et la prise de d\u00e9cisions \u00e9clair\u00e9es, ce qui compl\u00e8te parfaitement la vision claire associ\u00e9e \u00e0 l\u2019aigle.<\/li>\n<li><strong>\u00c9nergie de Renouveau<\/strong><br \/>\nAssoci\u00e9e aux cycles de vie et \u00e0 la transformation, l\u2019onyx soutient les processus de changement et de croissance personnelle.<\/li>\n<li><strong>Ancrage et \u00c9quilibre<\/strong><br \/>\nCette pierre est id\u00e9ale pour ceux qui cherchent \u00e0 \u00e9quilibrer leur vie tout en restant connect\u00e9s \u00e0 leur force int\u00e9rieure.<\/li>\n<\/ol>\n<p>&nbsp;<\/p>\n<p>L\u2019argent amplifie les qualit\u00e9s de l\u2019aigle et de l\u2019onyx gr\u00e2ce \u00e0 ses propres attributs :<\/p>\n<ol>\n<li><strong>\u00c9nergie Lunaire et Intuition<\/strong><br \/>\nM\u00e9tal associ\u00e9 \u00e0 la Lune, il favorise la clart\u00e9 mentale et l\u2019harmonie \u00e9motionnelle.<\/li>\n<li><strong>Protection et Gu\u00e9rison<\/strong><br \/>\nComme l\u2019onyx, l\u2019argent est r\u00e9put\u00e9 pour ses propri\u00e9t\u00e9s protectrices, cr\u00e9ant un puissant bouclier \u00e9nerg\u00e9tique.<\/li>\n<li><strong>\u00c9l\u00e9gance et Raffinement<\/strong><br \/>\nL\u2019argent conf\u00e8re au bijou une touche de modernit\u00e9 et de sophistication, rehaussant les symboles qu\u2019il contient.<\/li>\n<\/ol>\n<p>&nbsp;<\/p>\n<p><strong>Associations Symboliques du Bijou<\/strong><\/p>\n<p>Un bijou en argent avec onyx repr\u00e9sentant un aigle combine harmonieusement les significations des trois \u00e9l\u00e9ments :<\/p>\n<ul>\n<li><strong>Un talisman de puissance et de protection<\/strong>, incarnant la force int\u00e9rieure et la capacit\u00e9 \u00e0 surmonter les d\u00e9fis.<\/li>\n<li><strong>Un rappel de la vision et de la perspicacit\u00e9<\/strong>, pour garder une clart\u00e9 d&rsquo;esprit dans les moments importants.<\/li>\n<li><strong>Un symbole d\u2019\u00e9quilibre entre terre et ciel<\/strong>, unissant l\u2019\u00e9l\u00e9vation spirituelle et l\u2019ancrage dans la r\u00e9alit\u00e9.<\/li>\n<li><strong>Un guide pour la transformation personnelle<\/strong>, parfait pour accompagner des p\u00e9riodes de transition ou de renouveau.<\/li>\n<\/ul>\n<p>&nbsp;<\/p>\n<p><strong>Utilisation et Contexte<\/strong><\/p>\n<ul>\n<li><strong>Bijou \u00e0 offrir<\/strong> : Id\u00e9al pour une personne qui inspire par sa force, son leadership ou sa capacit\u00e9 \u00e0 \u00e9voluer face aux d\u00e9fis. C\u2019est aussi un cadeau significatif pour accompagner un changement de vie ou une \u00e9tape importante.<\/li>\n<li><strong>Bijou \u00e0 porter<\/strong> : Convient \u00e0 ceux qui cherchent \u00e0 se prot\u00e9ger des \u00e9nergies n\u00e9gatives tout en cultivant leur force, leur clart\u00e9 mentale et leur r\u00e9silience.<\/li>\n<\/ul>\n<p>&nbsp;<\/p>\n<p><strong>Conclusion<\/strong><\/p>\n<p>Porter un bijou en argent avec onyx repr\u00e9sentant un aigle, c\u2019est se doter d\u2019un symbole puissant de force, de transformation et de protection. Ce bijou allie l\u2019\u00e9l\u00e9gance intemporelle de l\u2019argent, la profondeur mystique de l\u2019onyx et la majest\u00e9 de l\u2019aigle, pour un message \u00e0 la fois spirituel et affirm\u00e9.<\/p>\n<p>&nbsp;<\/p>\n<p>&nbsp;<\/p>\n<p>&nbsp;<\/p>\n","protected":false},"excerpt":{"rendered":"<p>vendu sans cha\u00eene<\/p>\n<p>Hauteur 5,6cm, largeur 2,6cm<\/p>\n<p>Poids : 21,1 grammes<\/p>\n","protected":false},"featured_media":9350,"template":"","meta":[],"product_brand":[],"product_cat":[107,212],"product_tag":[256],"class_list":{"0":"post-7011","1":"product","2":"type-product","3":"status-publish","4":"has-post-thumbnail","6":"product_cat-bijoux-argent","7":"product_cat-collection-animaux","8":"product_tag-aigle","9":"pa_mineraux-onyx","10":"pa_type-de-bijoux-pendentif","12":"first","13":"instock","14":"shipping-taxable","15":"purchasable","16":"product-type-simple"},"jetpack_sharing_enabled":true,"_links":{"self":[{"href":"https:\/\/lesfeespapillons-mineraux.com\/index.php\/wp-json\/wp\/v2\/product\/7011","targetHints":{"allow":["GET"]}}],"collection":[{"href":"https:\/\/lesfeespapillons-mineraux.com\/index.php\/wp-json\/wp\/v2\/product"}],"about":[{"href":"https:\/\/lesfeespapillons-mineraux.com\/index.php\/wp-json\/wp\/v2\/types\/product"}],"wp:featuredmedia":[{"embeddable":true,"href":"https:\/\/lesfeespapillons-mineraux.com\/index.php\/wp-json\/wp\/v2\/media\/9350"}],"wp:attachment":[{"href":"https:\/\/lesfeespapillons-mineraux.com\/index.php\/wp-json\/wp\/v2\/media?parent=7011"}],"wp:term":[{"taxonomy":"product_brand","embeddable":true,"href":"https:\/\/lesfeespapillons-mineraux.com\/index.php\/wp-json\/wp\/v2\/product_brand?post=7011"},{"taxonomy":"product_cat","embeddable":true,"href":"https:\/\/lesfeespapillons-mineraux.com\/index.php\/wp-json\/wp\/v2\/product_cat?post=7011"},{"taxonomy":"product_tag","embeddable":true,"href":"https:\/\/lesfeespapillons-mineraux.com\/index.php\/wp-json\/wp\/v2\/product_tag?post=7011"}],"curies":[{"name":"wp","href":"https:\/\/api.w.org\/{rel}","templated":true}]}}