{"id":6878,"date":"2023-06-10T19:23:32","date_gmt":"2023-06-10T17:23:32","guid":{"rendered":"https:\/\/lesfeespapillons-mineraux.com\/?post_type=product&#038;p=6878"},"modified":"2024-11-29T13:02:03","modified_gmt":"2024-11-29T12:02:03","slug":"pendentif-etoile-de-mer-argent-925-2","status":"publish","type":"product","link":"https:\/\/lesfeespapillons-mineraux.com\/index.php\/produit\/pendentif-etoile-de-mer-argent-925-2\/","title":{"rendered":"Pendentif \u00e9toile de mer argent 925"},"content":{"rendered":"<p>Le pendentif en forme d\u2019\u00e9toile de mer est un bijou charg\u00e9 de significations positives, associ\u00e9es \u00e0 l\u2019oc\u00e9an, \u00e0 la r\u00e9g\u00e9n\u00e9ration, et \u00e0 la guidance spirituelle. L\u2019\u00e9toile de mer, cr\u00e9ature fascinante des profondeurs marines, repr\u00e9sente des valeurs comme la r\u00e9silience, la protection et la transformation. Ce pendentif est id\u00e9al pour ceux qui cherchent \u00e0 s\u2019inspirer de la force et de l\u2019harmonie de la nature.<\/p>\n<p><strong>Symbolique g\u00e9n\u00e9rale de l\u2019\u00e9toile de mer<\/strong><\/p>\n<ol>\n<li><strong>R\u00e9g\u00e9n\u00e9ration et r\u00e9silience<\/strong>\n<ul>\n<li>L\u2019\u00e9toile de mer a la capacit\u00e9 unique de r\u00e9g\u00e9n\u00e9rer ses membres perdus. Cela en fait un puissant symbole de gu\u00e9rison, de renouveau et de r\u00e9silience face \u00e0 l\u2019adversit\u00e9.<\/li>\n<li>Porter un pendentif \u00e9toile de mer peut rappeler que la vie offre toujours des possibilit\u00e9s de renouveau.<\/li>\n<\/ul>\n<\/li>\n<li><strong>Harmonie et \u00e9quilibre<\/strong>\n<ul>\n<li>Sa forme sym\u00e9trique \u00e0 cinq branches \u00e9voque l\u2019\u00e9quilibre et l\u2019harmonie dans tous les aspects de la vie.<\/li>\n<\/ul>\n<\/li>\n<li><strong>Protection<\/strong>\n<ul>\n<li>Depuis l\u2019Antiquit\u00e9, l\u2019\u00e9toile de mer est vue comme un symbole protecteur, li\u00e9 \u00e0 l\u2019oc\u00e9an et aux voyages en mer. Elle est souvent consid\u00e9r\u00e9e comme un talisman contre les dangers.<\/li>\n<\/ul>\n<\/li>\n<li><strong>Guidance spirituelle<\/strong>\n<ul>\n<li>Associ\u00e9e aux \u00e9toiles c\u00e9lestes, l\u2019\u00e9toile de mer est \u00e9galement un symbole de guidance et d\u2019orientation, en particulier dans les p\u00e9riodes de confusion ou de transition.<\/li>\n<\/ul>\n<\/li>\n<\/ol>\n<p><strong>Symbolisme dans diff\u00e9rentes cultures<\/strong><\/p>\n<ol>\n<li><strong>Symbolisme chr\u00e9tien<\/strong>\n<ul>\n<li>L\u2019\u00e9toile de mer est parfois associ\u00e9e \u00e0 la Vierge Marie, connue comme \u00ab\u00a0\u00c9toile de la Mer\u00a0\u00bb. Elle symbolise la guidance spirituelle, la protection et l\u2019amour maternel.<\/li>\n<\/ul>\n<\/li>\n<li><strong>Mythologie grecque et romaine<\/strong>\n<ul>\n<li>Les peuples anciens liaient l\u2019\u00e9toile de mer \u00e0 la d\u00e9esse Aphrodite (V\u00e9nus), repr\u00e9sentant l\u2019amour, la beaut\u00e9 et la fertilit\u00e9.<\/li>\n<\/ul>\n<\/li>\n<li><strong>Cultures maritimes<\/strong>\n<ul>\n<li>Pour les marins, l\u2019\u00e9toile de mer \u00e9tait un talisman protecteur, cens\u00e9 les guider en toute s\u00e9curit\u00e9 lors de leurs voyages en mer.<\/li>\n<\/ul>\n<\/li>\n<li><strong>Symbolisme polyn\u00e9sien<\/strong>\n<ul>\n<li>En Polyn\u00e9sie, l\u2019\u00e9toile de mer est consid\u00e9r\u00e9e comme un symbole de connexion \u00e0 l\u2019oc\u00e9an et d\u2019\u00e9quilibre avec les forces naturelles.<\/li>\n<\/ul>\n<\/li>\n<\/ol>\n<p><strong>Interpr\u00e9tations modernes<\/strong><\/p>\n<ol>\n<li><strong>Symbole de transformation<\/strong>\n<ul>\n<li>Le pendentif \u00e9toile de mer peut repr\u00e9senter une capacit\u00e9 \u00e0 grandir et \u00e0 se transformer apr\u00e8s des p\u00e9riodes difficiles.<\/li>\n<\/ul>\n<\/li>\n<li><strong>Lien avec l\u2019oc\u00e9an<\/strong>\n<ul>\n<li>Il refl\u00e8te un amour pour la mer et la nature, ainsi qu\u2019un engagement envers leur pr\u00e9servation.<\/li>\n<\/ul>\n<\/li>\n<li><strong>\u00c9quilibre \u00e9motionnel<\/strong>\n<ul>\n<li>Gr\u00e2ce \u00e0 sa forme harmonieuse, l\u2019\u00e9toile de mer est un rappel de rester centr\u00e9 et \u00e9quilibr\u00e9 dans sa vie quotidienne.<\/li>\n<\/ul>\n<\/li>\n<li><strong>Force int\u00e9rieure<\/strong>\n<ul>\n<li>Malgr\u00e9 sa fragilit\u00e9 apparente, l\u2019\u00e9toile de mer incarne une force int\u00e9rieure impressionnante, inspirant \u00e0 rester fort et adaptable.<\/li>\n<\/ul>\n<\/li>\n<\/ol>\n<p><strong>Message personnel port\u00e9 par un pendentif \u00e9toile de mer<\/strong><\/p>\n<p>Un pendentif \u00e9toile de mer est id\u00e9al pour :<\/p>\n<ul>\n<li>Ceux qui traversent une phase de gu\u00e9rison ou de transformation personnelle.<\/li>\n<li>Les amoureux de l\u2019oc\u00e9an et de la vie marine.<\/li>\n<li>Les individus cherchant un \u00e9quilibre \u00e9motionnel et spirituel.<\/li>\n<li>Ceux qui souhaitent un talisman protecteur pour leurs voyages ou d\u00e9fis personnels.<\/li>\n<\/ul>\n<p>Un pendentif \u00e9toile de mer est un bijou qui capture l\u2019essence de l\u2019oc\u00e9an et les qualit\u00e9s de r\u00e9silience, d\u2019\u00e9quilibre et de transformation qu\u2019il inspire. Il est parfait pour ceux qui souhaitent un rappel constant de leur force int\u00e9rieure, de leur lien avec la nature, ou de leur capacit\u00e9 \u00e0 se renouveler face aux d\u00e9fis. Ce bijou allie \u00e9l\u00e9gance et profondes significations symboliques, faisant de lui un choix riche de sens et de beaut\u00e9.<\/p>\n<p>&nbsp;<\/p>\n","protected":false},"excerpt":{"rendered":"<p>vendu sans cha\u00eene<\/p>\n<p>Hauteur 3,4cm, largeur 2,6cm<\/p>\n<p>Poids : 7,3 grammes<\/p>\n","protected":false},"featured_media":9272,"template":"","meta":[],"product_brand":[],"product_cat":[107,212],"product_tag":[220],"class_list":{"0":"post-6878","1":"product","2":"type-product","3":"status-publish","4":"has-post-thumbnail","6":"product_cat-bijoux-argent","7":"product_cat-collection-animaux","8":"product_tag-etoile-de-mer","9":"pa_type-de-bijoux-pendentif","11":"first","12":"instock","13":"shipping-taxable","14":"purchasable","15":"product-type-simple"},"jetpack_sharing_enabled":true,"_links":{"self":[{"href":"https:\/\/lesfeespapillons-mineraux.com\/index.php\/wp-json\/wp\/v2\/product\/6878","targetHints":{"allow":["GET"]}}],"collection":[{"href":"https:\/\/lesfeespapillons-mineraux.com\/index.php\/wp-json\/wp\/v2\/product"}],"about":[{"href":"https:\/\/lesfeespapillons-mineraux.com\/index.php\/wp-json\/wp\/v2\/types\/product"}],"wp:featuredmedia":[{"embeddable":true,"href":"https:\/\/lesfeespapillons-mineraux.com\/index.php\/wp-json\/wp\/v2\/media\/9272"}],"wp:attachment":[{"href":"https:\/\/lesfeespapillons-mineraux.com\/index.php\/wp-json\/wp\/v2\/media?parent=6878"}],"wp:term":[{"taxonomy":"product_brand","embeddable":true,"href":"https:\/\/lesfeespapillons-mineraux.com\/index.php\/wp-json\/wp\/v2\/product_brand?post=6878"},{"taxonomy":"product_cat","embeddable":true,"href":"https:\/\/lesfeespapillons-mineraux.com\/index.php\/wp-json\/wp\/v2\/product_cat?post=6878"},{"taxonomy":"product_tag","embeddable":true,"href":"https:\/\/lesfeespapillons-mineraux.com\/index.php\/wp-json\/wp\/v2\/product_tag?post=6878"}],"curies":[{"name":"wp","href":"https:\/\/api.w.org\/{rel}","templated":true}]}}