{"id":6846,"date":"2023-06-10T18:12:50","date_gmt":"2023-06-10T16:12:50","guid":{"rendered":"https:\/\/lesfeespapillons-mineraux.com\/?post_type=product&#038;p=6846"},"modified":"2025-01-08T14:01:52","modified_gmt":"2025-01-08T13:01:52","slug":"pendentif-taureau-argent-925","status":"publish","type":"product","link":"https:\/\/lesfeespapillons-mineraux.com\/index.php\/produit\/pendentif-taureau-argent-925\/","title":{"rendered":"Pendentif taureau argent 925"},"content":{"rendered":"<p>Laissez-vous s\u00e9duire par la puissance et l\u2019\u00e9l\u00e9gance intemporelle de ce pendentif en argent, d\u00e9licatement fa\u00e7onn\u00e9 \u00e0 l\u2019image d\u2019un taureau majestueux. V\u00e9ritable symbole de force et de r\u00e9silience, ce bijou porte en lui l\u2019essence m\u00eame de la d\u00e9termination et de l\u2019ancrage.<\/p>\n<p><strong>\u00a0<\/strong><\/p>\n<p><strong>Un bijou porteur de sens :<\/strong><\/p>\n<ul>\n<li><strong>Force et stabilit\u00e9 :<\/strong> Le taureau, puissant gardien des valeurs fondamentales, rappelle \u00e0 son porteur de rester ancr\u00e9 face aux temp\u00eates de la vie.<\/li>\n<li><strong>Astrologie :<\/strong> Une ode au signe du Taureau, mais aussi une inspiration pour quiconque cherche \u00e0 incarner patience et pers\u00e9v\u00e9rance.<\/li>\n<li><strong>\u00c9nergie positive :<\/strong> L\u2019argent, m\u00e9tal protecteur, apporte s\u00e9r\u00e9nit\u00e9 et \u00e9quilibre, tout en magnifiant l\u2019aura de celui ou celle qui le porte.<\/li>\n<li><strong>Nature et enracinement :<\/strong> Ce pendentif est une invitation \u00e0 se reconnecter avec la terre, \u00e0 savourer la simplicit\u00e9 et l\u2019harmonie.<\/li>\n<\/ul>\n<p>&nbsp;<\/p>\n<p><strong>Une promesse d\u2019\u00e9l\u00e9gance et d\u2019authenticit\u00e9 :<\/strong><br \/>\nCe pendentif sublime toutes les occasions : port\u00e9 comme un talisman au quotidien, ou comme un \u00e9clat d\u2019\u00e9l\u00e9gance lors d\u2019instants pr\u00e9cieux. Son design intemporel convient \u00e0 tous, hommes et femmes, et en fait un cadeau empli de sens et de raffinement.<\/p>\n<p>&nbsp;<\/p>\n<p><strong>Entretien :<\/strong><br \/>\nOffrez \u00e0 votre bijou l\u2019attention qu\u2019il m\u00e9rite : nettoyez-le avec douceur et prot\u00e9gez-le de l\u2019eau et des produits chimiques pour pr\u00e9server son \u00e9clat.<\/p>\n<p><strong>\u00a0<\/strong><\/p>\n<p><strong>Laissez le taureau vous guider :<\/strong><br \/>\nAvec ce pendentif, portez fi\u00e8rement la force, la stabilit\u00e9 et l\u2019\u00e9clat de l\u2019argent, et laissez ce symbole puissant illuminer votre quotidien.<\/p>\n<p>&nbsp;<\/p>\n","protected":false},"excerpt":{"rendered":"<p>vendu sans cha\u00eene<\/p>\n<p>Hauteur 3cm, largeur 4,3cm<\/p>\n<p>Poids : 17,8 grammes<\/p>\n","protected":false},"featured_media":9255,"template":"","meta":[],"product_brand":[],"product_cat":[107,212],"product_tag":[225],"class_list":{"0":"post-6846","1":"product","2":"type-product","3":"status-publish","4":"has-post-thumbnail","6":"product_cat-bijoux-argent","7":"product_cat-collection-animaux","8":"product_tag-taureau","9":"pa_type-de-bijoux-pendentif","11":"first","12":"instock","13":"shipping-taxable","14":"purchasable","15":"product-type-simple"},"jetpack_sharing_enabled":true,"_links":{"self":[{"href":"https:\/\/lesfeespapillons-mineraux.com\/index.php\/wp-json\/wp\/v2\/product\/6846","targetHints":{"allow":["GET"]}}],"collection":[{"href":"https:\/\/lesfeespapillons-mineraux.com\/index.php\/wp-json\/wp\/v2\/product"}],"about":[{"href":"https:\/\/lesfeespapillons-mineraux.com\/index.php\/wp-json\/wp\/v2\/types\/product"}],"wp:featuredmedia":[{"embeddable":true,"href":"https:\/\/lesfeespapillons-mineraux.com\/index.php\/wp-json\/wp\/v2\/media\/9255"}],"wp:attachment":[{"href":"https:\/\/lesfeespapillons-mineraux.com\/index.php\/wp-json\/wp\/v2\/media?parent=6846"}],"wp:term":[{"taxonomy":"product_brand","embeddable":true,"href":"https:\/\/lesfeespapillons-mineraux.com\/index.php\/wp-json\/wp\/v2\/product_brand?post=6846"},{"taxonomy":"product_cat","embeddable":true,"href":"https:\/\/lesfeespapillons-mineraux.com\/index.php\/wp-json\/wp\/v2\/product_cat?post=6846"},{"taxonomy":"product_tag","embeddable":true,"href":"https:\/\/lesfeespapillons-mineraux.com\/index.php\/wp-json\/wp\/v2\/product_tag?post=6846"}],"curies":[{"name":"wp","href":"https:\/\/api.w.org\/{rel}","templated":true}]}}