{"id":6559,"date":"2023-06-08T08:54:56","date_gmt":"2023-06-08T06:54:56","guid":{"rendered":"https:\/\/lesfeespapillons-mineraux.com\/?post_type=product&#038;p=6559"},"modified":"2024-10-10T12:08:31","modified_gmt":"2024-10-10T10:08:31","slug":"golden-nagchampa","status":"publish","type":"product","link":"https:\/\/lesfeespapillons-mineraux.com\/index.php\/produit\/golden-nagchampa\/","title":{"rendered":"Golden Nagchampa"},"content":{"rendered":"<p>L&rsquo;encens <strong>Golden Nag Champa<\/strong> est une version tr\u00e8s populaire d&rsquo;un type d&rsquo;encens bien connu en Inde, appel\u00e9 <strong>Nag Champa<\/strong>. Voici ce que l&rsquo;on peut dire \u00e0 propos de cet encens :<\/p>\n<ol>\n<li><strong> Origine et Composition<\/strong><\/li>\n<\/ol>\n<ul>\n<li><strong>Nag Champa<\/strong> est un encens traditionnellement fabriqu\u00e9 en Inde et au N\u00e9pal. Il est connu pour son parfum unique, \u00e0 base de fleurs de <strong>frangipanier<\/strong> (aussi appel\u00e9es Champa), m\u00e9lang\u00e9es avec du bois de santal et des r\u00e9sines naturelles.<\/li>\n<li><strong>Golden Nag Champa<\/strong> est une version de cette recette, souvent produite par des fabricants tels que <em>Vijayshree Fragrance<\/em> en Inde, qui est l&rsquo;une des marques les plus c\u00e9l\u00e8bres dans ce domaine.<\/li>\n<li>Le parfum Golden Nag Champa combine plusieurs ingr\u00e9dients naturels : des huiles essentielles, des fleurs, des r\u00e9sines, du bois, et des \u00e9pices, souvent avec une touche plus florale et sucr\u00e9e que le Nag Champa classique.<\/li>\n<\/ul>\n<ol start=\"2\">\n<li><strong> Parfum et Utilisation<\/strong><\/li>\n<\/ol>\n<ul>\n<li>Il est r\u00e9put\u00e9 pour son parfum \u00e0 la fois apaisant, exotique, et l\u00e9g\u00e8rement \u00e9pic\u00e9 avec des notes florales dominantes.<\/li>\n<li>C&rsquo;est un encens largement utilis\u00e9 pour la <strong>m\u00e9ditation<\/strong>, les <strong>pratiques spirituelles<\/strong>, et la cr\u00e9ation d&rsquo;une ambiance relaxante. Il est \u00e9galement souvent utilis\u00e9 pour purifier l&rsquo;air et favoriser une atmosph\u00e8re positive.<\/li>\n<li>Son parfum est moins fum\u00e9 et plus doux que certains encens, ce qui le rend agr\u00e9able pour un usage quotidien dans les maisons, les temples, ou m\u00eame les studios de yoga.<\/li>\n<\/ul>\n<ol start=\"3\">\n<li><strong> Bienfaits suppos\u00e9s<\/strong><\/li>\n<\/ol>\n<ul>\n<li>Beaucoup attribuent \u00e0 l&rsquo;encens Golden Nag Champa des <strong>propri\u00e9t\u00e9s calmantes<\/strong>, favorisant la relaxation mentale et la concentration. Il est \u00e9galement cens\u00e9 aider \u00e0 purifier l&rsquo;esprit et \u00e0 \u00e9liminer les \u00e9nergies n\u00e9gatives.<\/li>\n<li>Dans les traditions spirituelles indiennes, on pense qu&rsquo;il favorise la <strong>connexion spirituelle<\/strong> et am\u00e9liore les pratiques m\u00e9ditatives et la pleine conscience.<\/li>\n<\/ul>\n<ol start=\"4\">\n<li><strong> Popularit\u00e9 mondiale<\/strong><\/li>\n<\/ol>\n<ul>\n<li>Cet encens est extr\u00eamement populaire en dehors de l&rsquo;Inde, notamment en Occident, o\u00f9 il est souvent associ\u00e9 \u00e0 la spiritualit\u00e9, au mouvement new-age, et aux pratiques holistiques.<\/li>\n<li>Il est \u00e9galement appr\u00e9ci\u00e9 pour son <strong>ar\u00f4me longue dur\u00e9e<\/strong>, qui peut persister longtemps apr\u00e8s avoir br\u00fbl\u00e9.<\/li>\n<\/ul>\n<p>En r\u00e9sum\u00e9, le <strong>Golden Nag Champa<\/strong> est un encens appr\u00e9ci\u00e9 pour son parfum \u00e9quilibr\u00e9 et ses usages spirituels ou de relaxation, largement utilis\u00e9 dans le monde entier pour cr\u00e9er des environnements harmonieux et apaisants.<\/p>\n<p>&nbsp;<\/p>\n","protected":false},"excerpt":{"rendered":"<p>vendu sans support<\/p>\n","protected":false},"featured_media":11386,"template":"","meta":[],"product_brand":[],"product_cat":[169,168],"product_tag":[],"class_list":{"0":"post-6559","1":"product","2":"type-product","3":"status-publish","4":"has-post-thumbnail","6":"product_cat-batonnets","7":"product_cat-encens","9":"first","10":"instock","11":"shipping-taxable","12":"purchasable","13":"product-type-simple"},"jetpack_sharing_enabled":true,"_links":{"self":[{"href":"https:\/\/lesfeespapillons-mineraux.com\/index.php\/wp-json\/wp\/v2\/product\/6559","targetHints":{"allow":["GET"]}}],"collection":[{"href":"https:\/\/lesfeespapillons-mineraux.com\/index.php\/wp-json\/wp\/v2\/product"}],"about":[{"href":"https:\/\/lesfeespapillons-mineraux.com\/index.php\/wp-json\/wp\/v2\/types\/product"}],"wp:featuredmedia":[{"embeddable":true,"href":"https:\/\/lesfeespapillons-mineraux.com\/index.php\/wp-json\/wp\/v2\/media\/11386"}],"wp:attachment":[{"href":"https:\/\/lesfeespapillons-mineraux.com\/index.php\/wp-json\/wp\/v2\/media?parent=6559"}],"wp:term":[{"taxonomy":"product_brand","embeddable":true,"href":"https:\/\/lesfeespapillons-mineraux.com\/index.php\/wp-json\/wp\/v2\/product_brand?post=6559"},{"taxonomy":"product_cat","embeddable":true,"href":"https:\/\/lesfeespapillons-mineraux.com\/index.php\/wp-json\/wp\/v2\/product_cat?post=6559"},{"taxonomy":"product_tag","embeddable":true,"href":"https:\/\/lesfeespapillons-mineraux.com\/index.php\/wp-json\/wp\/v2\/product_tag?post=6559"}],"curies":[{"name":"wp","href":"https:\/\/api.w.org\/{rel}","templated":true}]}}