{"id":6367,"date":"2023-06-04T17:50:18","date_gmt":"2023-06-04T15:50:18","guid":{"rendered":"https:\/\/lesfeespapillons-mineraux.com\/?post_type=product&#038;p=6367"},"modified":"2024-11-29T13:32:03","modified_gmt":"2024-11-29T12:32:03","slug":"pendentif-amethyste-apex-serti-argent-925-3","status":"publish","type":"product","link":"https:\/\/lesfeespapillons-mineraux.com\/index.php\/produit\/pendentif-amethyste-apex-serti-argent-925-3\/","title":{"rendered":"pendentif am\u00e9thyste Apex serti argent 925"},"content":{"rendered":"<p style=\"text-align: center\"><strong>L\u2019Am\u00e9thyste \u00a0Apex<\/strong><\/p>\n<p><strong>\u00a0<\/strong><\/p>\n<p>L&rsquo;<strong>am\u00e9thyste apex<\/strong> est une vari\u00e9t\u00e9 d&rsquo;am\u00e9thyste, particuli\u00e8rement rare et appr\u00e9ci\u00e9e, qui se distingue par certaines de ses propri\u00e9t\u00e9s uniques et ses caract\u00e9ristiques cristallines. Voici un r\u00e9sum\u00e9 de ses particularit\u00e9s<\/p>\n<p>&nbsp;<\/p>\n<ol>\n<li><strong> Origine et \u00c9tymologie<\/strong><\/li>\n<\/ol>\n<ul>\n<li><strong>Nom<\/strong> : Am\u00e9thyste Apex<\/li>\n<li><strong>\u00c9tymologie<\/strong> : \u00ab\u00a0Apex\u00a0\u00bb fait r\u00e9f\u00e9rence au sommet ou \u00e0 la pointe, ce qui est li\u00e9 \u00e0 la forme particuli\u00e8re des cristaux de cette pierre.<\/li>\n<li><strong>Famille min\u00e9rale<\/strong> : Quartz (famille des silicates)<\/li>\n<li><strong>Formule chimique<\/strong> : SiO\u2082 (dioxyde de silicium), similaire \u00e0 l\u2019am\u00e9thyste classique, avec des traces de fer et d&rsquo;autres \u00e9l\u00e9ments.<\/li>\n<\/ul>\n<p>&nbsp;<\/p>\n<ol start=\"2\">\n<li><strong> Propri\u00e9t\u00e9s Physiques<\/strong><\/li>\n<\/ol>\n<ul>\n<li><strong>Couleur<\/strong> : G\u00e9n\u00e9ralement violet profond, mais l&rsquo;am\u00e9thyste apex peut montrer des nuances de bleu, rose ou rouge dans certaines conditions lumineuses ou angles sp\u00e9cifiques.<\/li>\n<li><strong>Transparence<\/strong> : Cristal principalement transparent, souvent avec une excellente clart\u00e9.<\/li>\n<li><strong>Forme cristalline<\/strong> : L\u2019am\u00e9thyste apex est connue pour ses cristaux qui se d\u00e9veloppent en formes pyramidales ou \u00ab\u00a0apex\u00a0\u00bb, ce qui la distingue des autres vari\u00e9t\u00e9s d&rsquo;am\u00e9thystes.<\/li>\n<li><strong>Duret\u00e9 (\u00c9chelle de Mohs)<\/strong> : 7<\/li>\n<li><strong>Syst\u00e8me cristallin<\/strong> : Rhombo\u00e9drique (hexagonal)<\/li>\n<\/ul>\n<p>&nbsp;<\/p>\n<ol start=\"3\">\n<li><strong> Caract\u00e9ristiques uniques de l&rsquo;Am\u00e9thyste Apex<\/strong><\/li>\n<\/ol>\n<ul>\n<li><strong>Cristaux pointus<\/strong> : Les cristaux d&rsquo;am\u00e9thyste apex se terminent souvent en points tr\u00e8s nets et bien d\u00e9finis, ce qui leur donne leur nom. Ces pointes sont tr\u00e8s pris\u00e9es dans la collection de min\u00e9raux.<\/li>\n<li><strong>Clart\u00e9 exceptionnelle<\/strong> : Cette vari\u00e9t\u00e9 d\u2019am\u00e9thyste est r\u00e9put\u00e9e pour \u00eatre presque d\u00e9pourvue d&rsquo;inclusions, avec une grande clart\u00e9 et une puret\u00e9 remarquable.<\/li>\n<\/ul>\n<p>&nbsp;<\/p>\n<ol start=\"4\">\n<li><strong> Gisements et Provenance<\/strong><\/li>\n<\/ol>\n<ul>\n<li><strong>Provenance<\/strong> : L\u2019am\u00e9thyste apex est souvent trouv\u00e9e dans des r\u00e9gions sp\u00e9cifiques telles que certaines zones du Br\u00e9sil, de l\u2019Uruguay, et de Madagascar, o\u00f9 les conditions g\u00e9ologiques permettent la formation de cristaux \u00e0 pointe parfaitement d\u00e9finie.<\/li>\n<\/ul>\n<p>&nbsp;<\/p>\n<ol start=\"5\">\n<li><strong> Symbolique et Vertus en Lithoth\u00e9rapie<\/strong><\/li>\n<\/ol>\n<ul>\n<li><strong>Vertus spirituelles<\/strong> :\n<ul>\n<li>En raison de sa forme naturelle en pointe, l\u2019am\u00e9thyste apex est souvent utilis\u00e9e pour canaliser et diriger l&rsquo;\u00e9nergie spirituelle.<\/li>\n<li>Elle est per\u00e7ue comme une pierre de connexion, facilitant l&rsquo;ouverture du chakra coronal pour atteindre des niveaux \u00e9lev\u00e9s de conscience spirituelle.<\/li>\n<\/ul>\n<\/li>\n<li><strong>Vertus \u00e9motionnelles<\/strong> :\n<ul>\n<li>Comme l\u2019am\u00e9thyste classique, elle aide \u00e0 apaiser l\u2019esprit et soulager les tensions \u00e9motionnelles. Sa forme en pointe la rend efficace pour diriger les \u00e9nergies curatives et r\u00e9tablir l&rsquo;\u00e9quilibre.<\/li>\n<\/ul>\n<\/li>\n<li><strong>Vertus physiques<\/strong> (en lithoth\u00e9rapie) :\n<ul>\n<li>L&rsquo;am\u00e9thyste apex est utilis\u00e9e pour renforcer les propri\u00e9t\u00e9s curatives g\u00e9n\u00e9rales de l\u2019am\u00e9thyste, aidant \u00e0 purifier le corps et l\u2019esprit, notamment lors des s\u00e9ances de m\u00e9ditation.<\/li>\n<li>Elle est recommand\u00e9e pour stimuler le processus de gu\u00e9rison des d\u00e9s\u00e9quilibres \u00e9nerg\u00e9tiques.<\/li>\n<\/ul>\n<\/li>\n<\/ul>\n<p>&nbsp;<\/p>\n<ol start=\"6\">\n<li><strong> Utilisations<\/strong><\/li>\n<\/ol>\n<ul>\n<li><strong>Lithoth\u00e9rapie<\/strong> : L\u2019am\u00e9thyste apex est particuli\u00e8rement pris\u00e9e dans les pratiques \u00e9nerg\u00e9tiques, comme la m\u00e9ditation et le travail sur les chakras. Les cristaux pointus sont utilis\u00e9s pour canaliser ou diriger des flux d\u2019\u00e9nergie sp\u00e9cifiques.<\/li>\n<li><strong>D\u00e9coration et Collection<\/strong> : En raison de sa raret\u00e9 et de la beaut\u00e9 de ses cristaux, l\u2019am\u00e9thyste apex est tr\u00e8s recherch\u00e9e par les collectionneurs de pierres pr\u00e9cieuses et min\u00e9raux. Elle peut \u00eatre expos\u00e9e telle quelle, en cristaux bruts, ou \u00eatre taill\u00e9e en bijoux.<\/li>\n<li><strong>Bijoux<\/strong> : Bien qu\u2019elle soit plus fr\u00e9quemment utilis\u00e9e sous forme brute pour la d\u00e9coration ou la lithoth\u00e9rapie, elle peut aussi \u00eatre mont\u00e9e en bijoux, particuli\u00e8rement en pendentifs pour diriger l&rsquo;\u00e9nergie vers le porteur.<\/li>\n<\/ul>\n<p>&nbsp;<\/p>\n<ol start=\"7\">\n<li><strong> Entretien de l\u2019Am\u00e9thyste Apex<\/strong><\/li>\n<\/ol>\n<ul>\n<li><strong>Nettoyage<\/strong> : Elle peut \u00eatre nettoy\u00e9e sous un filet d\u2019eau claire .<\/li>\n<\/ul>\n<p>&nbsp;<\/p>\n<ol start=\"8\">\n<li><strong> Prix et Valeur<\/strong><\/li>\n<\/ol>\n<ul>\n<li><strong>Valeur<\/strong> : L\u2019am\u00e9thyste apex, en raison de sa raret\u00e9, de la nettet\u00e9 de ses cristaux et de sa beaut\u00e9 particuli\u00e8re, est souvent plus on\u00e9reuse que l\u2019am\u00e9thyste classique. Les sp\u00e9cimens avec des cristaux bien form\u00e9s et une clart\u00e9 exceptionnelle peuvent atteindre des prix \u00e9lev\u00e9s, surtout dans les cercles de collectionneurs.<\/li>\n<\/ul>\n<p>&nbsp;<\/p>\n<ol start=\"9\">\n<li><strong> Utilisation en M\u00e9ditation et \u00c9nergie<\/strong><\/li>\n<\/ol>\n<ul>\n<li><strong>M\u00e9ditation dirig\u00e9e<\/strong> : L\u2019am\u00e9thyste apex est r\u00e9put\u00e9e pour ses capacit\u00e9s \u00e0 concentrer l\u2019\u00e9nergie en un point pr\u00e9cis, facilitant les pratiques de m\u00e9ditation et d\u2019introspection profonde.<\/li>\n<li><strong>Chakra<\/strong> : Elle est particuli\u00e8rement associ\u00e9e au chakra coronal, renfor\u00e7ant la connexion spirituelle avec l&rsquo;univers et aidant \u00e0 la purification mentale.<\/li>\n<\/ul>\n<p>L&rsquo;am\u00e9thyste apex, de par sa raret\u00e9, son apparence \u00e9l\u00e9gante et ses propri\u00e9t\u00e9s \u00e9nerg\u00e9tiques uniques, est une pierre recherch\u00e9e autant pour ses qualit\u00e9s spirituelles que pour son esth\u00e9tique.<\/p>\n<p>&nbsp;<\/p>\n<p>&nbsp;<\/p>\n<p>&nbsp;<\/p>\n<p>&nbsp;<\/p>\n<p>&nbsp;<\/p>\n<p>&nbsp;<\/p>\n<p>&nbsp;<\/p>\n<p>&nbsp;<\/p>\n<p><sub>\u00a0<\/sub><\/p>\n<p>&nbsp;<\/p>\n","protected":false},"excerpt":{"rendered":"<p>vendu sans cha\u00eene<\/p>\n<p>Hauteur 3.1cm, Largeur 2.8cm<\/p>\n<p>Poids : 12,8 grammes<\/p>\n<p><strong>\u00a0<\/strong><\/p>\n","protected":false},"featured_media":6368,"template":"","meta":[],"product_brand":[],"product_cat":[96,153,109],"product_tag":[132,134,135,130,133,131],"class_list":{"0":"post-6367","1":"product","2":"type-product","3":"status-publish","4":"has-post-thumbnail","6":"product_cat-bijoux","7":"product_cat-bijoux-argent-serti","8":"product_cat-bijoux-pierres-naturelles","9":"product_tag-addictions","10":"product_tag-arthrite","11":"product_tag-cicatrisation","12":"product_tag-harmonie","13":"product_tag-migraines","14":"product_tag-sommeil","15":"pa_mineraux-amethyste","16":"pa_type-de-bijoux-pendentif","18":"first","19":"instock","20":"shipping-taxable","21":"purchasable","22":"product-type-simple"},"jetpack_sharing_enabled":true,"_links":{"self":[{"href":"https:\/\/lesfeespapillons-mineraux.com\/index.php\/wp-json\/wp\/v2\/product\/6367","targetHints":{"allow":["GET"]}}],"collection":[{"href":"https:\/\/lesfeespapillons-mineraux.com\/index.php\/wp-json\/wp\/v2\/product"}],"about":[{"href":"https:\/\/lesfeespapillons-mineraux.com\/index.php\/wp-json\/wp\/v2\/types\/product"}],"wp:featuredmedia":[{"embeddable":true,"href":"https:\/\/lesfeespapillons-mineraux.com\/index.php\/wp-json\/wp\/v2\/media\/6368"}],"wp:attachment":[{"href":"https:\/\/lesfeespapillons-mineraux.com\/index.php\/wp-json\/wp\/v2\/media?parent=6367"}],"wp:term":[{"taxonomy":"product_brand","embeddable":true,"href":"https:\/\/lesfeespapillons-mineraux.com\/index.php\/wp-json\/wp\/v2\/product_brand?post=6367"},{"taxonomy":"product_cat","embeddable":true,"href":"https:\/\/lesfeespapillons-mineraux.com\/index.php\/wp-json\/wp\/v2\/product_cat?post=6367"},{"taxonomy":"product_tag","embeddable":true,"href":"https:\/\/lesfeespapillons-mineraux.com\/index.php\/wp-json\/wp\/v2\/product_tag?post=6367"}],"curies":[{"name":"wp","href":"https:\/\/api.w.org\/{rel}","templated":true}]}}