{"id":20864,"date":"2026-02-19T16:22:49","date_gmt":"2026-02-19T15:22:49","guid":{"rendered":"https:\/\/lesfeespapillons-mineraux.com\/?post_type=product&#038;p=20864"},"modified":"2026-02-19T16:25:46","modified_gmt":"2026-02-19T15:25:46","slug":"boucles-doreille-astro-saison-du-poisson-pierres-et-argent-925","status":"publish","type":"product","link":"https:\/\/lesfeespapillons-mineraux.com\/index.php\/produit\/boucles-doreille-astro-saison-du-poisson-pierres-et-argent-925\/","title":{"rendered":"Boucles d&rsquo;oreille astro \u00ab\u00a0saison du poisson\u00a0\u00bb pierres et argent 925"},"content":{"rendered":"<p>&nbsp;<\/p>\n<p><strong>\u00a0<\/strong><\/p>\n<p><strong>\u2653 Signe : Poissons<\/strong><\/p>\n<p><strong>Dates<\/strong> : 19 f\u00e9vrier \u2013 20 mars<br \/>\n<strong>\u00c9l\u00e9ment<\/strong> : Eau<br \/>\n<strong>Plan\u00e8tes dominantes<\/strong> : Neptune &amp; Jupiter<br \/>\n<strong>Traits principaux<\/strong> : Sensibilit\u00e9, imagination, intuition, empathie, spiritualit\u00e9<\/p>\n<p>&nbsp;<\/p>\n<p><strong>\ud83c\udf1f Composition :<\/strong><\/p>\n<p><strong>3 perles naturelles<\/strong> :<\/p>\n<ul>\n<li><strong>Larvikite<\/strong><\/li>\n<li><strong>Aigue-marine<\/strong><\/li>\n<li><strong>Jaspe oc\u00e9an<\/strong><\/li>\n<\/ul>\n<p>&nbsp;<\/p>\n<p><strong>\ud83d\udd2e Vertus des pierres :<\/strong><\/p>\n<p><strong>\u26aa Larvikite \u2013 <em>Pierre de protection et de clart\u00e9 mentale<\/em><\/strong><\/p>\n<ul>\n<li><strong>Propri\u00e9t\u00e9s<\/strong> : Prot\u00e8ge des \u00e9nergies n\u00e9gatives, favorise la concentration et le discernement.<\/li>\n<li><strong>Lien avec le Poissons<\/strong> : Aide \u00e0 garder les pieds sur terre, \u00e0 structurer les pens\u00e9es et \u00e0 \u00e9viter de se laisser emporter par les \u00e9motions.<\/li>\n<\/ul>\n<p><strong>\ud83d\udc99 Aigue-marine \u2013 <em>Pierre d\u2019apaisement et de communication<\/em><\/strong><\/p>\n<ul>\n<li><strong>Propri\u00e9t\u00e9s<\/strong> : Calme les angoisses, favorise la fluidit\u00e9 dans l\u2019expression et la connexion avec ses \u00e9motions.<\/li>\n<li><strong>Lien avec le Poissons<\/strong> : Harmonise sa grande sensibilit\u00e9, renforce l\u2019intuition et soutient la communication douce et sinc\u00e8re.<\/li>\n<\/ul>\n<p><strong>\ud83c\udf0a Jaspe oc\u00e9an \u2013 <em>Pierre de r\u00e9g\u00e9n\u00e9ration et de joie int\u00e9rieure<\/em><\/strong><\/p>\n<ul>\n<li><strong>Propri\u00e9t\u00e9s<\/strong> : Apporte s\u00e9r\u00e9nit\u00e9, \u00e9quilibre \u00e9motionnel et sentiment de bien-\u00eatre.<\/li>\n<li><strong>Lien avec le Poissons<\/strong> : Encourage la l\u00e9g\u00e8ret\u00e9, la confiance et l\u2019harmonie \u00e9motionnelle, en lien avec l\u2019\u00e9nergie de l\u2019eau.<\/li>\n<\/ul>\n<p>&nbsp;<\/p>\n<p><strong>\ud83d\udcab Message \u00e9nerg\u00e9tique :<\/strong><\/p>\n<p>Ces boucles d&rsquo;oreille accompagnent le Poissons dans sa sensibilit\u00e9 et sa profondeur \u00e9motionnelle :<\/p>\n<ul>\n<li>Il <strong>prot\u00e8ge et clarifie<\/strong> (larvikite),<\/li>\n<li>Il <strong>apaise et facilite l\u2019expression<\/strong> (aigue-marine),<\/li>\n<li>Il <strong>apporte \u00e9quilibre et joie<\/strong> (jaspe oc\u00e9an).<\/li>\n<\/ul>\n<p>&nbsp;<\/p>\n","protected":false},"excerpt":{"rendered":"<p>perles 6, 8 et 10mm<\/p>\n<p>&nbsp;<\/p>\n","protected":false},"featured_media":20865,"template":"","meta":[],"product_brand":[],"product_cat":[96,159,109],"product_tag":[478,697,288,574,231],"class_list":{"0":"post-20864","1":"product","2":"type-product","3":"status-publish","4":"has-post-thumbnail","6":"product_cat-bijoux","7":"product_cat-bijoux-perles","8":"product_cat-bijoux-pierres-naturelles","9":"product_tag-confiance","10":"product_tag-equilibre-emotionnel","11":"product_tag-joie","12":"product_tag-legerete","13":"product_tag-protection","14":"pa_mineraux-aigue-marine","15":"pa_mineraux-jaspe-ocean","16":"pa_mineraux-larvikite","17":"pa_type-de-bijoux-boucles-doreille","19":"first","20":"instock","21":"shipping-taxable","22":"purchasable","23":"product-type-simple"},"jetpack_sharing_enabled":true,"_links":{"self":[{"href":"https:\/\/lesfeespapillons-mineraux.com\/index.php\/wp-json\/wp\/v2\/product\/20864","targetHints":{"allow":["GET"]}}],"collection":[{"href":"https:\/\/lesfeespapillons-mineraux.com\/index.php\/wp-json\/wp\/v2\/product"}],"about":[{"href":"https:\/\/lesfeespapillons-mineraux.com\/index.php\/wp-json\/wp\/v2\/types\/product"}],"wp:featuredmedia":[{"embeddable":true,"href":"https:\/\/lesfeespapillons-mineraux.com\/index.php\/wp-json\/wp\/v2\/media\/20865"}],"wp:attachment":[{"href":"https:\/\/lesfeespapillons-mineraux.com\/index.php\/wp-json\/wp\/v2\/media?parent=20864"}],"wp:term":[{"taxonomy":"product_brand","embeddable":true,"href":"https:\/\/lesfeespapillons-mineraux.com\/index.php\/wp-json\/wp\/v2\/product_brand?post=20864"},{"taxonomy":"product_cat","embeddable":true,"href":"https:\/\/lesfeespapillons-mineraux.com\/index.php\/wp-json\/wp\/v2\/product_cat?post=20864"},{"taxonomy":"product_tag","embeddable":true,"href":"https:\/\/lesfeespapillons-mineraux.com\/index.php\/wp-json\/wp\/v2\/product_tag?post=20864"}],"curies":[{"name":"wp","href":"https:\/\/api.w.org\/{rel}","templated":true}]}}