{"id":20677,"date":"2025-08-13T19:51:56","date_gmt":"2025-08-13T17:51:56","guid":{"rendered":"https:\/\/lesfeespapillons-mineraux.com\/?post_type=product&#038;p=20677"},"modified":"2025-08-22T09:40:13","modified_gmt":"2025-08-22T07:40:13","slug":"bracelet-saison-des-gemeaux-8-et-argent-925-2","status":"publish","type":"product","link":"https:\/\/lesfeespapillons-mineraux.com\/index.php\/produit\/bracelet-saison-des-gemeaux-8-et-argent-925-2\/","title":{"rendered":"Bracelet \u00ab\u00a0saison des g\u00e9meaux\u00a0\u00bb #8 et argent 925"},"content":{"rendered":"<p style=\"text-align: center\"><strong>\u2728Bracelet \u00ab\u00a0saison des G\u00e9meaux\u00a0\u00bb (3 perles)<\/strong><\/p>\n<p><strong>\u00a0<\/strong><\/p>\n<p><strong>\u264a Signe : G\u00e9meaux<\/strong><\/p>\n<p><strong>Dates<\/strong> : 21 mai \u2013 21 juin<br \/>\n<strong>\u00c9l\u00e9ment<\/strong> : Air<br \/>\n<strong>Plan\u00e8te dominante<\/strong> : Mercure<br \/>\n<strong>Traits principaux<\/strong> : Curiosit\u00e9, adaptabilit\u00e9, intelligence, communication, dualit\u00e9<\/p>\n<p>&nbsp;<\/p>\n<p><strong>\ud83c\udf1f Composition du bracelet :<\/strong><\/p>\n<p><strong>3 perles naturelles<\/strong> :<\/p>\n<ul>\n<li><strong>Labradorite<\/strong><\/li>\n<li><strong>Agate mousse<\/strong><\/li>\n<li><strong>Citrine<\/strong><\/li>\n<\/ul>\n<p>&nbsp;<\/p>\n<p><strong>\ud83d\udd2e Vertus des pierres :<\/strong><\/p>\n<p><strong>\ud83d\udd37 Labradorite \u2013 <em>Pierre de protection &amp; d\u2019intuition<\/em><\/strong><\/p>\n<ul>\n<li><strong>Propri\u00e9t\u00e9s<\/strong> : Prot\u00e8ge des \u00e9nergies n\u00e9gatives, renforce l&rsquo;aura, d\u00e9veloppe l&rsquo;intuition.<\/li>\n<li><strong>Lien avec le G\u00e9meaux<\/strong> : Aide \u00e0 canaliser l&rsquo;\u00e9nergie mentale d\u00e9bordante et prot\u00e8ge l\u2019empathie naturelle des G\u00e9meaux sensibles \u00e0 leur environnement.<\/li>\n<\/ul>\n<p><strong>\ud83c\udf3f Agate mousse \u2013 <em>Pierre de connexion \u00e0 la nature &amp; de stabilit\u00e9<\/em><\/strong><\/p>\n<ul>\n<li><strong>Propri\u00e9t\u00e9s<\/strong> : Apaise le stress, favorise l\u2019enracinement et la croissance personnelle.<\/li>\n<li><strong>Lien avec le G\u00e9meaux<\/strong> : Ancre le G\u00e9meaux souvent \u00ab\u00a0dans les nuages\u00a0\u00bb, l\u2019aide \u00e0 se recentrer et \u00e0 prendre des d\u00e9cisions stables.<\/li>\n<\/ul>\n<p><strong>\u2600\ufe0f Citrine \u2013 <em>Pierre de joie &amp; de clart\u00e9 mentale<\/em><\/strong><\/p>\n<ul>\n<li><strong>Propri\u00e9t\u00e9s<\/strong> : Apporte optimisme, vitalit\u00e9 et confiance en soi.<\/li>\n<li><strong>Lien avec le G\u00e9meaux<\/strong> : Stimule la cr\u00e9ativit\u00e9 et l\u2019expression, amplifie les qualit\u00e9s naturelles du G\u00e9meaux en communication et en esprit positif.<\/li>\n<\/ul>\n<p>&nbsp;<\/p>\n<p><strong>\ud83d\udcab Message \u00e9nerg\u00e9tique du bracelet :<\/strong><\/p>\n<p>Ce bracelet accompagne le G\u00e9meaux dans son quotidien avec \u00e9quilibre :<\/p>\n<ul>\n<li>Il <strong>prot\u00e8ge<\/strong> son esprit curieux et ouvert (labradorite),<\/li>\n<li>Il <strong>l&rsquo;ancre<\/strong> et le stabilise (agate mousse),<\/li>\n<li>Il <strong>illumine<\/strong> son chemin avec enthousiasme (citrine).<\/li>\n<\/ul>\n<p>&nbsp;<\/p>\n","protected":false},"excerpt":{"rendered":"<p>perles 8mm<\/p>\n<p>Besoin d\u2019une autre taille ? Contactez-nous, on le fait sur mesure !<\/p>\n","protected":false},"featured_media":20678,"template":"","meta":[],"product_brand":[],"product_cat":[96,159,109],"product_tag":[144,706,514,640,472,286],"class_list":{"0":"post-20677","1":"product","2":"type-product","3":"status-publish","4":"has-post-thumbnail","6":"product_cat-bijoux","7":"product_cat-bijoux-perles","8":"product_cat-bijoux-pierres-naturelles","9":"product_tag-communication","10":"product_tag-confiance-en-soi","11":"product_tag-creativite","12":"product_tag-stabilite","13":"product_tag-stress","14":"product_tag-vitalite","15":"pa_mineraux-agate-mousse","16":"pa_mineraux-citrine","17":"pa_mineraux-labradorite","18":"pa_taille-de-bracelet-185cm","19":"pa_type-de-bijoux-bracelet","21":"first","22":"instock","23":"shipping-taxable","24":"purchasable","25":"product-type-simple"},"jetpack_sharing_enabled":true,"_links":{"self":[{"href":"https:\/\/lesfeespapillons-mineraux.com\/index.php\/wp-json\/wp\/v2\/product\/20677","targetHints":{"allow":["GET"]}}],"collection":[{"href":"https:\/\/lesfeespapillons-mineraux.com\/index.php\/wp-json\/wp\/v2\/product"}],"about":[{"href":"https:\/\/lesfeespapillons-mineraux.com\/index.php\/wp-json\/wp\/v2\/types\/product"}],"wp:featuredmedia":[{"embeddable":true,"href":"https:\/\/lesfeespapillons-mineraux.com\/index.php\/wp-json\/wp\/v2\/media\/20678"}],"wp:attachment":[{"href":"https:\/\/lesfeespapillons-mineraux.com\/index.php\/wp-json\/wp\/v2\/media?parent=20677"}],"wp:term":[{"taxonomy":"product_brand","embeddable":true,"href":"https:\/\/lesfeespapillons-mineraux.com\/index.php\/wp-json\/wp\/v2\/product_brand?post=20677"},{"taxonomy":"product_cat","embeddable":true,"href":"https:\/\/lesfeespapillons-mineraux.com\/index.php\/wp-json\/wp\/v2\/product_cat?post=20677"},{"taxonomy":"product_tag","embeddable":true,"href":"https:\/\/lesfeespapillons-mineraux.com\/index.php\/wp-json\/wp\/v2\/product_tag?post=20677"}],"curies":[{"name":"wp","href":"https:\/\/api.w.org\/{rel}","templated":true}]}}