{"id":20300,"date":"2025-07-19T16:02:28","date_gmt":"2025-07-19T14:02:28","guid":{"rendered":"https:\/\/lesfeespapillons-mineraux.com\/?post_type=product&#038;p=20300"},"modified":"2025-08-29T11:55:20","modified_gmt":"2025-08-29T09:55:20","slug":"bracelet-saison-du-lion-4-et-argent-925-2","status":"publish","type":"product","link":"https:\/\/lesfeespapillons-mineraux.com\/index.php\/produit\/bracelet-saison-du-lion-4-et-argent-925-2\/","title":{"rendered":"Bracelet astro \u00ab\u00a0saison du lion\u00a0\u00bb #4 et argent 925"},"content":{"rendered":"<p style=\"text-align: center\"><strong>\u264c<\/strong><strong> Bracelet Lion du mois d&rsquo;Ao\u00fbt\u2013 Rayonner en Conscience<\/strong><\/p>\n<p style=\"text-align: center\"><strong>Citrine &amp; P\u00e9ridot<\/strong><\/p>\n<p>&nbsp;<\/p>\n<p><strong>\u2728 Un bijou solaire, vibrant d\u2019abondance<\/strong><\/p>\n<p>Ce bracelet, pens\u00e9 pour les <strong>Lions<\/strong> (23 juillet \u2013 22 ao\u00fbt), c\u00e9l\u00e8bre ton essence : le rayonnement, la force de volont\u00e9, la g\u00e9n\u00e9rosit\u00e9 et la lumi\u00e8re int\u00e9rieure. Il met \u00e0 l\u2019honneur une perle centrale de <strong>p\u00e9ridot<\/strong>, symbole de renouveau et de c\u0153ur ouvert, entour\u00e9e de <strong>citrine<\/strong>, pierre solaire par excellence.<\/p>\n<p>Minimaliste, lumineux et puissant, ce bijou t&rsquo;invite \u00e0 briller\u2026 mais toujours depuis un espace align\u00e9, conscient et apais\u00e9.<\/p>\n<p>&nbsp;<\/p>\n<p><strong>\ud83d\udd2e Les pierres qui t\u2019accompagnent :<\/strong><\/p>\n<p>\u2600\ufe0f <strong>Citrine (dominante)<\/strong><br \/>\nPierre de la joie, de l\u2019optimisme et de l\u2019abondance. Elle stimule la confiance en soi, attire la r\u00e9ussite et \u00e9veille ta cr\u00e9ativit\u00e9. Son \u00e9nergie solaire est en parfaite r\u00e9sonance avec la puissance du Lion.<\/p>\n<p>\ud83d\udc9a <strong>P\u00e9ridot (perle centrale), pierre du mois d&rsquo;Ao\u00fbt.<\/strong><br \/>\nPierre de gu\u00e9rison du c\u0153ur, de purification et de croissance int\u00e9rieure. Elle invite \u00e0 l\u2019ouverture, \u00e0 la clart\u00e9 \u00e9motionnelle et au renouvellement \u00e9nerg\u00e9tique. Id\u00e9ale pour le Lion qui cherche \u00e0 briller avec justesse, sans orgueil.<\/p>\n<p>&nbsp;<\/p>\n<p><strong>\ud83d\udcab Bienfaits de ce bracelet :<\/strong><\/p>\n<ul>\n<li>Stimule la joie de vivre, la vitalit\u00e9 et l\u2019\u00e9lan cr\u00e9atif<\/li>\n<li>Renforce la confiance en soi et l\u2019aura personnelle<\/li>\n<li>Aide \u00e0 canaliser l\u2019\u00e9nergie du c\u0153ur et \u00e0 rester align\u00e9(e)<\/li>\n<li>Favorise l\u2019\u00e9quilibre entre pouvoir et bienveillance<\/li>\n<\/ul>\n<p>&nbsp;<\/p>\n<p>\ud83c\udf81 <strong>Un cadeau solaire et raffin\u00e9<\/strong>, parfait pour un(e) Lion(ne) qui veut rayonner avec \u00e9l\u00e9gance, ou pour toute personne \u00e0 la recherche d\u2019un bijou \u00e9nergisant et symbolique.<\/p>\n<p>&nbsp;<\/p>\n","protected":false},"excerpt":{"rendered":"<p>perles 4mm<\/p>\n<p>Besoin d\u2019une autre taille ? Contactez-nous, on le fait sur mesure !<\/p>\n","protected":false},"featured_media":20301,"template":"","meta":[],"product_brand":[],"product_cat":[96,159,109],"product_tag":[706,723,286],"class_list":{"0":"post-20300","1":"product","2":"type-product","3":"status-publish","4":"has-post-thumbnail","6":"product_cat-bijoux","7":"product_cat-bijoux-perles","8":"product_cat-bijoux-pierres-naturelles","9":"product_tag-confiance-en-soi","10":"product_tag-joie-de-vivre","11":"product_tag-vitalite","12":"pa_mineraux-citrine","13":"pa_mineraux-peridot","14":"pa_taille-de-bracelet-185cm","15":"pa_type-de-bijoux-bracelet","17":"first","18":"instock","19":"shipping-taxable","20":"purchasable","21":"product-type-simple"},"jetpack_sharing_enabled":true,"_links":{"self":[{"href":"https:\/\/lesfeespapillons-mineraux.com\/index.php\/wp-json\/wp\/v2\/product\/20300","targetHints":{"allow":["GET"]}}],"collection":[{"href":"https:\/\/lesfeespapillons-mineraux.com\/index.php\/wp-json\/wp\/v2\/product"}],"about":[{"href":"https:\/\/lesfeespapillons-mineraux.com\/index.php\/wp-json\/wp\/v2\/types\/product"}],"wp:featuredmedia":[{"embeddable":true,"href":"https:\/\/lesfeespapillons-mineraux.com\/index.php\/wp-json\/wp\/v2\/media\/20301"}],"wp:attachment":[{"href":"https:\/\/lesfeespapillons-mineraux.com\/index.php\/wp-json\/wp\/v2\/media?parent=20300"}],"wp:term":[{"taxonomy":"product_brand","embeddable":true,"href":"https:\/\/lesfeespapillons-mineraux.com\/index.php\/wp-json\/wp\/v2\/product_brand?post=20300"},{"taxonomy":"product_cat","embeddable":true,"href":"https:\/\/lesfeespapillons-mineraux.com\/index.php\/wp-json\/wp\/v2\/product_cat?post=20300"},{"taxonomy":"product_tag","embeddable":true,"href":"https:\/\/lesfeespapillons-mineraux.com\/index.php\/wp-json\/wp\/v2\/product_tag?post=20300"}],"curies":[{"name":"wp","href":"https:\/\/api.w.org\/{rel}","templated":true}]}}