{"id":20298,"date":"2025-07-19T15:58:43","date_gmt":"2025-07-19T13:58:43","guid":{"rendered":"https:\/\/lesfeespapillons-mineraux.com\/?post_type=product&#038;p=20298"},"modified":"2025-08-29T11:57:14","modified_gmt":"2025-08-29T09:57:14","slug":"bracelet-saison-du-lion-4-et-argent-925","status":"publish","type":"product","link":"https:\/\/lesfeespapillons-mineraux.com\/index.php\/produit\/bracelet-saison-du-lion-4-et-argent-925\/","title":{"rendered":"Bracelet astro \u00ab\u00a0saison du lion\u00a0\u00bb #4 et argent 925"},"content":{"rendered":"<p style=\"text-align: center\"><strong>\u264c<\/strong><strong> Bracelet Lion du mois d&rsquo;Ao\u00fbt \u2013 Puissance Align\u00e9e<\/strong><\/p>\n<p style=\"text-align: center\"><strong>\u0152il de Tigre &amp; P\u00e9ridot<\/strong><\/p>\n<p>&nbsp;<\/p>\n<p><strong>\u2728 La force du feu, guid\u00e9e par le c\u0153ur<\/strong><\/p>\n<p>Ce bracelet incarne la puissance naturelle du <strong>Lion<\/strong>, tout en y ajoutant une touche de sagesse int\u00e9rieure. Compos\u00e9 majoritairement d\u2019<strong>\u0153il de tigre<\/strong>, pierre de protection et de courage, il est sublim\u00e9 par une <strong>perle centrale de p\u00e9ridot<\/strong>, symbole de transformation, de c\u0153ur ouvert et d\u2019\u00e9quilibre \u00e9motionnel.<\/p>\n<p>Un bijou fort, magn\u00e9tique, con\u00e7u pour celles et ceux qui veulent incarner pleinement leur rayonnement\u2026 en restant align\u00e9(e)s avec leur v\u00e9rit\u00e9 int\u00e9rieure.<\/p>\n<p>&nbsp;<\/p>\n<p><strong>\ud83d\udd2e Les pierres qui t\u2019accompagnent :<\/strong><\/p>\n<p>\ud83e\uddff <strong>\u0152il de Tigre (dominant)<\/strong><br \/>\nPierre embl\u00e9matique de protection et de force, elle agit comme un bouclier \u00e9nerg\u00e9tique. Elle renforce la confiance en soi, aide \u00e0 surmonter les peurs et encourage l\u2019affirmation personnelle \u2014 qualit\u00e9s naturelles du Lion, canalis\u00e9es avec justesse.<\/p>\n<p>\ud83d\udc9a <strong>P\u00e9ridot (perle centrale), pierre du mois d&rsquo;Ao\u00fbt.<\/strong><br \/>\nPierre de r\u00e9g\u00e9n\u00e9ration et de lumi\u00e8re int\u00e9rieure. Elle adoucit les \u00e9motions, ouvre le c\u0153ur et guide le Lion vers une puissance plus sereine, fond\u00e9e sur l\u2019authenticit\u00e9 plut\u00f4t que sur l\u2019ego.<\/p>\n<p>&nbsp;<\/p>\n<p><strong>\ud83d\udcab Bienfaits de ce bracelet :<\/strong><\/p>\n<ul>\n<li>Renforce la volont\u00e9 et le courage<\/li>\n<li>Prot\u00e8ge des influences n\u00e9gatives et du regard des autres<\/li>\n<li>Aide \u00e0 rayonner avec sagesse et bienveillance<\/li>\n<li>Soutient la transformation int\u00e9rieure et la croissance personnelle<\/li>\n<\/ul>\n<p>&nbsp;<\/p>\n<p>\ud83c\udf81 <strong>Un bijou de caract\u00e8re<\/strong> pour les Lions qui cherchent \u00e0 allier force, clart\u00e9 et \u00e9l\u00e9vation. \u00c0 offrir ou \u00e0 s\u2019offrir pour porter sa lumi\u00e8re avec fiert\u00e9\u2026 et profondeur.<\/p>\n<p>&nbsp;<\/p>\n","protected":false},"excerpt":{"rendered":"<p>perles 4mm<\/p>\n<p>Besoin d\u2019une autre taille ? Contactez-nous, on le fait sur mesure !<\/p>\n","protected":false},"featured_media":20299,"template":"","meta":[],"product_brand":[],"product_cat":[96,159,109,15],"product_tag":[718,145,540,541,779,670],"class_list":{"0":"post-20298","1":"product","2":"type-product","3":"status-publish","4":"has-post-thumbnail","6":"product_cat-bijoux","7":"product_cat-bijoux-perles","8":"product_cat-bijoux-pierres-naturelles","9":"product_cat-uncategorized","10":"product_tag-bienveillance","11":"product_tag-clarte","12":"product_tag-courage","13":"product_tag-force","14":"product_tag-revelation","15":"product_tag-volonte","16":"pa_mineraux-oeil-de-tigre","17":"pa_mineraux-peridot","18":"pa_taille-de-bracelet-185cm","19":"pa_type-de-bijoux-bracelet","21":"first","22":"instock","23":"shipping-taxable","24":"purchasable","25":"product-type-simple"},"jetpack_sharing_enabled":true,"_links":{"self":[{"href":"https:\/\/lesfeespapillons-mineraux.com\/index.php\/wp-json\/wp\/v2\/product\/20298","targetHints":{"allow":["GET"]}}],"collection":[{"href":"https:\/\/lesfeespapillons-mineraux.com\/index.php\/wp-json\/wp\/v2\/product"}],"about":[{"href":"https:\/\/lesfeespapillons-mineraux.com\/index.php\/wp-json\/wp\/v2\/types\/product"}],"wp:featuredmedia":[{"embeddable":true,"href":"https:\/\/lesfeespapillons-mineraux.com\/index.php\/wp-json\/wp\/v2\/media\/20299"}],"wp:attachment":[{"href":"https:\/\/lesfeespapillons-mineraux.com\/index.php\/wp-json\/wp\/v2\/media?parent=20298"}],"wp:term":[{"taxonomy":"product_brand","embeddable":true,"href":"https:\/\/lesfeespapillons-mineraux.com\/index.php\/wp-json\/wp\/v2\/product_brand?post=20298"},{"taxonomy":"product_cat","embeddable":true,"href":"https:\/\/lesfeespapillons-mineraux.com\/index.php\/wp-json\/wp\/v2\/product_cat?post=20298"},{"taxonomy":"product_tag","embeddable":true,"href":"https:\/\/lesfeespapillons-mineraux.com\/index.php\/wp-json\/wp\/v2\/product_tag?post=20298"}],"curies":[{"name":"wp","href":"https:\/\/api.w.org\/{rel}","templated":true}]}}