{"id":20213,"date":"2025-06-19T09:52:38","date_gmt":"2025-06-19T07:52:38","guid":{"rendered":"https:\/\/lesfeespapillons-mineraux.com\/?post_type=product&#038;p=20213"},"modified":"2025-06-20T15:53:28","modified_gmt":"2025-06-20T13:53:28","slug":"pendentifs-pierres-roulees-en-oeil-de-faucon","status":"publish","type":"product","link":"https:\/\/lesfeespapillons-mineraux.com\/index.php\/produit\/pendentifs-pierres-roulees-en-oeil-de-faucon\/","title":{"rendered":"Pendentifs pierres roul\u00e9es en \u0153il de faucon"},"content":{"rendered":"<p style=\"text-align: center\"><strong>L\u2019\u0152il de faucon<\/strong><\/p>\n<p><strong>\u00a0<\/strong><\/p>\n<p><strong>Famille<\/strong> : Quartzites (vari\u00e9t\u00e9 de quartz microcristallin)<\/p>\n<p><strong>Couleur<\/strong> : Bleu-gris \u00e0 bleu-vert avec des reflets chatoyants<\/p>\n<p><strong>Duret\u00e9 (\u00c9chelle de Mohs)<\/strong> : 6,5 \u00e0 7<\/p>\n<p><strong>Syst\u00e8me cristallin<\/strong> : Rhombo\u00e9drique (trigonal)<\/p>\n<p><strong>Composition chimique<\/strong> : SiO\u2082 (silice), avec des inclusions de crocidolite (fibres d&rsquo;amiante)<\/p>\n<p><strong>Transparence<\/strong> : Translucide \u00e0 opaque<\/p>\n<p><strong>\u00c9clat<\/strong> : Soyeux, chatoyant<\/p>\n<p>&nbsp;<\/p>\n<p><strong>Provenance :<\/strong><\/p>\n<ul>\n<li><strong>Gisements principaux<\/strong> : Afrique du Sud, Inde, Australie, \u00c9tats-Unis, Br\u00e9sil<\/li>\n<li><strong>Type de formation<\/strong> : L\u2019\u0153il de faucon se forme par l&rsquo;alt\u00e9ration de la crocidolite, un min\u00e9ral fibreux bleu-gris, qui est progressivement remplac\u00e9e par du quartz, tout en conservant la structure fibreuse originale. Ce processus cr\u00e9e les reflets soyeux caract\u00e9ristiques de la pierre.<\/li>\n<\/ul>\n<p>&nbsp;<\/p>\n<p><strong>Propri\u00e9t\u00e9s physiques :<\/strong><\/p>\n<ul>\n<li><strong>Couleurs et reflets chatoyants<\/strong> : L\u2019\u0153il de faucon pr\u00e9sente des teintes principalement bleues avec des reflets argent\u00e9s et soyeux, dus \u00e0 la structure fibreuse qui diffracte la lumi\u00e8re.<\/li>\n<li><strong>Ressemblance avec l\u2019\u0153il de tigre<\/strong> : Il est souvent confondu avec l\u2019\u0153il de tigre, mais \u00e0 la diff\u00e9rence de ce dernier, l\u2019\u0153il de faucon pr\u00e9sente des teintes bleut\u00e9es. Les deux pierres partagent des propri\u00e9t\u00e9s similaires mais l\u2019\u0153il de faucon est plus orient\u00e9 vers la vision et l\u2019intuition.<\/li>\n<\/ul>\n<p>&nbsp;<\/p>\n<p><strong>Propri\u00e9t\u00e9s \u00e9nerg\u00e9tiques et vertus en lithoth\u00e9rapie :<\/strong><\/p>\n<ul>\n<li><strong>Clart\u00e9 mentale et vision<\/strong> : L\u2019\u0153il de faucon est connu pour aiguiser la perception et la lucidit\u00e9. Il aide \u00e0 voir clairement les situations, les v\u00e9rit\u00e9s cach\u00e9es et \u00e0 mieux comprendre les perspectives globales.<\/li>\n<li><strong>Ouverture d\u2019esprit<\/strong> : Cette pierre est souvent associ\u00e9e \u00e0 l\u2019ouverture de l\u2019esprit et \u00e0 la tol\u00e9rance. Elle encourage \u00e0 embrasser de nouvelles id\u00e9es, \u00e0 rester flexible dans ses pens\u00e9es et \u00e0 d\u00e9passer les pr\u00e9jug\u00e9s.<\/li>\n<li><strong>Protection<\/strong> : Comme l\u2019\u0153il de tigre, l\u2019\u0153il de faucon est aussi une pierre de protection. Il aide \u00e0 repousser les influences n\u00e9gatives et \u00e0 favoriser un environnement serein.<\/li>\n<li><strong>Stimulation des capacit\u00e9s psychiques<\/strong> : On lui attribue la capacit\u00e9 de d\u00e9velopper l\u2019intuition et de renforcer les capacit\u00e9s de clairvoyance. Il est particuli\u00e8rement utile pour ceux qui souhaitent travailler sur leur spiritualit\u00e9 et leurs perceptions extrasensorielles.<\/li>\n<li><strong>Gestion du stress et apaisement<\/strong> : L\u2019\u0153il de faucon est une pierre qui calme les esprits agit\u00e9s, soulage les tensions et aide \u00e0 trouver un \u00e9tat de tranquillit\u00e9. Il est recommand\u00e9 pour la gestion du stress, des angoisses et des \u00e9motions d\u00e9bordantes.<\/li>\n<li><strong>Aide \u00e0 la communication<\/strong> : En agissant sur le chakra de la gorge, cette pierre favorise une communication fluide et sinc\u00e8re, permettant d\u2019exprimer ses pens\u00e9es avec clart\u00e9.<\/li>\n<\/ul>\n<p>&nbsp;<\/p>\n<p><strong>Chakras associ\u00e9s :<\/strong><\/p>\n<ul>\n<li><strong>Chakra de la Gorge (Vishuddha)<\/strong> : Principalement li\u00e9 \u00e0 ce chakra, l\u2019\u0153il de faucon favorise l\u2019expression sinc\u00e8re, la communication fluide et l\u2019\u00e9coute attentive.<\/li>\n<li><strong>Chakra du Troisi\u00e8me \u0152il (Ajna)<\/strong> : Il est \u00e9galement associ\u00e9 \u00e0 l\u2019intuition, la perception et la clairvoyance, stimulant ce centre \u00e9nerg\u00e9tique pour une meilleure compr\u00e9hension des v\u00e9rit\u00e9s profondes.<\/li>\n<\/ul>\n<p>&nbsp;<\/p>\n<p><strong>Entretien :<\/strong><\/p>\n<ul>\n<li><strong>Nettoyage<\/strong> : Pour nettoyer l\u2019\u0153il de faucon, il est recommand\u00e9 de le passer sous de l&rsquo;eau courante pendant quelques minutes. \u00c9vitez les produits chimiques agressifs.<\/li>\n<li><strong>Rechargement<\/strong> : L\u2019\u0153il de faucon peut \u00eatre recharg\u00e9 en l\u2019exposant \u00e0 la lumi\u00e8re de la lune ou en le pla\u00e7ant sur un amas de quartz ou une g\u00e9ode d\u2019am\u00e9thyste. Il vaut mieux \u00e9viter une exposition prolong\u00e9e au soleil, qui pourrait alt\u00e9rer sa couleur.<\/li>\n<\/ul>\n<p>&nbsp;<\/p>\n<p><strong>Utilisations courantes :<\/strong><\/p>\n<ul>\n<li><strong>Bijoux<\/strong> : Gr\u00e2ce \u00e0 ses reflets fascinants, l\u2019\u0153il de faucon est couramment utilis\u00e9 dans la confection de bijoux (bagues, pendentifs, bracelets). Son effet chatoyant en fait une pierre tr\u00e8s appr\u00e9ci\u00e9e pour les pi\u00e8ces ornementales.<\/li>\n<li><strong>D\u00e9coration<\/strong> : En tant que pierre polie ou brute, l\u2019\u0153il de faucon est souvent utilis\u00e9 pour d\u00e9corer les int\u00e9rieurs et apporter une \u00e9nergie apaisante et protectrice.<\/li>\n<li><strong>Lithoth\u00e9rapie<\/strong> : En s\u00e9ances de m\u00e9ditation ou de soin \u00e9nerg\u00e9tique, l\u2019\u0153il de faucon est utilis\u00e9 pour stimuler la clart\u00e9 mentale, favoriser les visions intuitives et renforcer l&rsquo;\u00e9nergie protectrice.<\/li>\n<\/ul>\n<p>&nbsp;<\/p>\n<p><strong>Symbolique :<\/strong><\/p>\n<ul>\n<li><strong>Vision claire et protection<\/strong> : Symbole de vision int\u00e9rieure et de lucidit\u00e9, l\u2019\u0153il de faucon est souvent consid\u00e9r\u00e9 comme une pierre de protection mentale et psychique, aidant \u00e0 voir au-del\u00e0 des illusions et des obstacles.<\/li>\n<li><strong>Adaptabilit\u00e9 et ouverture d&rsquo;esprit<\/strong> : La pierre encourage \u00e0 adopter une perspective plus ouverte et flexible, symbolisant l\u2019adaptabilit\u00e9 et la croissance personnelle.<\/li>\n<\/ul>\n<p>&nbsp;<\/p>\n<p><strong>Conclusion :<\/strong><\/p>\n<p>L\u2019\u0153il de faucon est une pierre fascinante par ses reflets bleus chatoyants et ses vertus protectrices et apaisantes. Elle est id\u00e9ale pour ceux qui cherchent \u00e0 am\u00e9liorer leur perception, leur intuition, tout en apportant un calme mental. Cette pierre est parfaite pour les personnes en qu\u00eate de clairvoyance, de communication sinc\u00e8re et d&rsquo;\u00e9quilibre int\u00e9rieur.<\/p>\n<p>&nbsp;<\/p>\n<p>&nbsp;<\/p>\n<p>&nbsp;<\/p>\n<p>&nbsp;<\/p>\n<p>&nbsp;<\/p>\n<p>&nbsp;<\/p>\n<p>&nbsp;<\/p>\n<p>&nbsp;<\/p>\n<p><sub>\u00a0<\/sub><\/p>\n<p>&nbsp;<\/p>\n<p>&nbsp;<\/p>\n<p>&nbsp;<\/p>\n<p>&nbsp;<\/p>\n<p>&nbsp;<\/p>\n<p><sub>\u00a0<\/sub><\/p>\n<p>&nbsp;<\/p>\n<p>&nbsp;<\/p>\n<p>&nbsp;<\/p>\n<p>&nbsp;<\/p>\n<p>&nbsp;<\/p>\n<p>&nbsp;<\/p>\n<p><sub>\u00a0<\/sub><\/p>\n<p>&nbsp;<\/p>\n<p>&nbsp;<\/p>\n<p>&nbsp;<\/p>\n<p>&nbsp;<\/p>\n<p><sub>\u00a0<\/sub><\/p>\n<p>&nbsp;<\/p>\n","protected":false},"excerpt":{"rendered":"<p>environ 2cm<\/p>\n","protected":false},"featured_media":10575,"template":"","meta":[],"product_brand":[],"product_cat":[96,109],"product_tag":[501,470,518,483,515,133],"class_list":{"0":"post-20213","1":"product","2":"type-product","3":"status-publish","4":"has-post-thumbnail","6":"product_cat-bijoux","7":"product_cat-bijoux-pierres-naturelles","8":"product_tag-concentration","9":"product_tag-crampes","10":"product_tag-elan","11":"product_tag-energie","12":"product_tag-intuition","13":"product_tag-migraines","14":"pa_mineraux-oeil-de-faucon","15":"pa_type-de-bijoux-pendentif","17":"first","18":"instock","19":"shipping-taxable","20":"purchasable","21":"product-type-simple"},"jetpack_sharing_enabled":true,"_links":{"self":[{"href":"https:\/\/lesfeespapillons-mineraux.com\/index.php\/wp-json\/wp\/v2\/product\/20213","targetHints":{"allow":["GET"]}}],"collection":[{"href":"https:\/\/lesfeespapillons-mineraux.com\/index.php\/wp-json\/wp\/v2\/product"}],"about":[{"href":"https:\/\/lesfeespapillons-mineraux.com\/index.php\/wp-json\/wp\/v2\/types\/product"}],"wp:featuredmedia":[{"embeddable":true,"href":"https:\/\/lesfeespapillons-mineraux.com\/index.php\/wp-json\/wp\/v2\/media\/10575"}],"wp:attachment":[{"href":"https:\/\/lesfeespapillons-mineraux.com\/index.php\/wp-json\/wp\/v2\/media?parent=20213"}],"wp:term":[{"taxonomy":"product_brand","embeddable":true,"href":"https:\/\/lesfeespapillons-mineraux.com\/index.php\/wp-json\/wp\/v2\/product_brand?post=20213"},{"taxonomy":"product_cat","embeddable":true,"href":"https:\/\/lesfeespapillons-mineraux.com\/index.php\/wp-json\/wp\/v2\/product_cat?post=20213"},{"taxonomy":"product_tag","embeddable":true,"href":"https:\/\/lesfeespapillons-mineraux.com\/index.php\/wp-json\/wp\/v2\/product_tag?post=20213"}],"curies":[{"name":"wp","href":"https:\/\/api.w.org\/{rel}","templated":true}]}}