{"id":20150,"date":"2025-06-18T18:43:11","date_gmt":"2025-06-18T16:43:11","guid":{"rendered":"https:\/\/lesfeespapillons-mineraux.com\/?post_type=product&#038;p=20150"},"modified":"2025-06-18T18:44:38","modified_gmt":"2025-06-18T16:44:38","slug":"pendentifs-pierres-roulees-en-jaspe-dalmatien","status":"publish","type":"product","link":"https:\/\/lesfeespapillons-mineraux.com\/index.php\/produit\/pendentifs-pierres-roulees-en-jaspe-dalmatien\/","title":{"rendered":"Pendentifs pierres roul\u00e9es en jaspe dalmatien"},"content":{"rendered":"<p style=\"text-align: center\"><strong>Le Jaspe Dalmatien<\/strong><\/p>\n<p><strong>\u00a0<\/strong><\/p>\n<ul>\n<li><strong>\u00c9tymologie<\/strong> : Le nom \u00ab\u00a0jaspe\u00a0\u00bb vient du grec \u00ab\u00a0iaspis\u00a0\u00bb signifiant \u00ab\u00a0pierre tachet\u00e9e\u00a0\u00bb. Le qualificatif \u00ab\u00a0Dalmatien\u00a0\u00bb fait r\u00e9f\u00e9rence \u00e0 sa ressemblance avec le pelage des chiens dalmatiens, en raison de ses taches noires sur un fond beige ou blanc.<\/li>\n<li><strong>Famille min\u00e9rale<\/strong> : Quartz (famille des silicates)<\/li>\n<li><strong>Formule chimique<\/strong> : SiO\u2082 (dioxyde de silicium) avec des inclusions de feldspath et d\u2019autres min\u00e9raux.<\/li>\n<\/ul>\n<p>&nbsp;<\/p>\n<ol start=\"2\">\n<li><strong> Propri\u00e9t\u00e9s Physiques<\/strong><\/li>\n<\/ol>\n<ul>\n<li><strong>Couleur<\/strong> : Fond beige clair \u00e0 gris, parsem\u00e9 de taches noires ou brunes, souvent irr\u00e9guli\u00e8res. Ces taches sont principalement dues \u00e0 des inclusions de tourmaline ou d\u2019autres min\u00e9raux fonc\u00e9s.<\/li>\n<li><strong>Transparence<\/strong> : Opaque<\/li>\n<li><strong>Duret\u00e9 <\/strong>: 6,5 \u00e0 7 sur l\u2019echelle de Mohs<\/li>\n<li><strong>Syst\u00e8me cristallin<\/strong> : Rhombo\u00e9drique (hexagonal)<\/li>\n<li><strong>Densit\u00e9<\/strong> : 2,6 \u00e0 2,7 g\/cm\u00b3<\/li>\n<\/ul>\n<p>&nbsp;<\/p>\n<ol start=\"3\">\n<li><strong> Gisements et Provenance<\/strong><\/li>\n<\/ol>\n<ul>\n<li><strong>Principaux gisements<\/strong> : Le jaspe dalmatien est principalement extrait au Mexique, bien que des gisements puissent \u00eatre trouv\u00e9s ailleurs.<\/li>\n<\/ul>\n<p>&nbsp;<\/p>\n<ol start=\"4\">\n<li><strong> Symbolique et Vertus en Lithoth\u00e9rapie<\/strong><\/li>\n<\/ol>\n<p>Le jaspe dalmatien est connu pour \u00eatre une pierre d&rsquo;\u00e9quilibre et de protection. Ses taches caract\u00e9ristiques sont souvent interpr\u00e9t\u00e9es comme un symbole de l&rsquo;\u00e9quilibre entre les forces positives et n\u00e9gatives.<\/p>\n<ul>\n<li><strong>Vertus spirituelles<\/strong> :\n<ul>\n<li><strong>\u00c9quilibre et harmonie<\/strong> : Cette pierre est cens\u00e9e aider \u00e0 \u00e9quilibrer les \u00e9nergies yin et yang, apportant stabilit\u00e9 et harmonie dans la vie.<\/li>\n<li><strong>Protection<\/strong> : Le jaspe dalmatien est r\u00e9put\u00e9 pour \u00e9loigner les \u00e9nergies n\u00e9gatives, offrant ainsi une protection spirituelle.<\/li>\n<\/ul>\n<\/li>\n<li><strong>Vertus \u00e9motionnelles<\/strong> :\n<ul>\n<li><strong>Bonheur et positivit\u00e9<\/strong> : Il est connu pour encourager la joie, la spontan\u00e9it\u00e9 et l&rsquo;attitude ludique. Il aide \u00e0 l\u00e2cher prise et \u00e0 cultiver l&rsquo;optimisme.<\/li>\n<li><strong>R\u00e9duction du stress<\/strong> : Pierre apaisante, elle permet de calmer les \u00e9motions fortes et de dissiper l&rsquo;agitation mentale.<\/li>\n<li><strong>Motivation et \u00e9nergie<\/strong> : Aide \u00e0 retrouver la motivation lors de p\u00e9riodes de fatigue \u00e9motionnelle ou mentale, et favorise l\u2019endurance.<\/li>\n<\/ul>\n<\/li>\n<li><strong>Vertus physiques<\/strong> (en lithoth\u00e9rapie) :\n<ul>\n<li><strong>D\u00e9toxification et r\u00e9g\u00e9n\u00e9ration<\/strong> : Il est utilis\u00e9 pour soutenir la d\u00e9sintoxication du corps et renforcer le syst\u00e8me immunitaire.<\/li>\n<li><strong>Bien-\u00eatre g\u00e9n\u00e9ral<\/strong> : Il est souvent employ\u00e9 pour am\u00e9liorer l\u2019\u00e9nergie physique, renforcer la vitalit\u00e9, et aider \u00e0 surmonter l\u2019\u00e9puisement.<\/li>\n<\/ul>\n<\/li>\n<li><strong>Chakra associ\u00e9<\/strong> : Principalement li\u00e9 au chakra racine (1\u1d49\u02b3 chakra), qui est associ\u00e9 \u00e0 l&rsquo;ancrage et \u00e0 la stabilit\u00e9.<\/li>\n<\/ul>\n<p>&nbsp;<\/p>\n<ol start=\"5\">\n<li><strong> Entretien du Jaspe Dalmatien<\/strong><\/li>\n<\/ol>\n<ul>\n<li><strong>Nettoyage<\/strong> : Pour le purifier, il suffit de le rincer sous l&rsquo;eau claire ou de l\u2019immerger dans de l\u2019eau distill\u00e9e non sal\u00e9e. On peut \u00e9galement utiliser la fum\u00e9e de sauge ou d\u2019encens pour le purifier.<\/li>\n<li><strong>Rechargement<\/strong> : Le jaspe dalmatien peut \u00eatre recharg\u00e9 en l\u2019exposant \u00e0 la lumi\u00e8re de la lune, sur un amas de quartz ou une g\u00e9ode d\u2019am\u00e9thyste. <strong>6. Utilisations<\/strong><\/li>\n<\/ul>\n<ul>\n<li><strong>Bijoux<\/strong> : En raison de sa beaut\u00e9 unique et de sa durabilit\u00e9, le jaspe dalmatien est couramment utilis\u00e9 dans la fabrication de bijoux tels que des bracelets, des colliers et des pendentifs.<\/li>\n<li><strong>D\u00e9coration<\/strong> : Il est aussi appr\u00e9ci\u00e9 sous forme de pierres roul\u00e9es ou de sculptures d\u00e9coratives, pour apporter une \u00e9nergie \u00e9quilibr\u00e9e \u00e0 un espace.<\/li>\n<li><strong>Lithoth\u00e9rapie<\/strong> : Souvent utilis\u00e9 lors de s\u00e9ances de m\u00e9ditation pour stabiliser l\u2019\u00e9nergie et favoriser une sensation d\u2019enracinement.<\/li>\n<\/ul>\n<p>&nbsp;<\/p>\n<ol start=\"7\">\n<li><strong> L\u00e9gendes et Croyances<\/strong><\/li>\n<\/ol>\n<ul>\n<li><strong>Protection contre les \u00e9nergies n\u00e9gatives<\/strong> : Dans certaines traditions, on croyait que le jaspe, en g\u00e9n\u00e9ral, avait la capacit\u00e9 de prot\u00e9ger son porteur des mauvais esprits et de repousser les influences n\u00e9gatives.<\/li>\n<li><strong>Symbole d\u2019endurance et de d\u00e9termination<\/strong> : En raison de sa robustesse, le jaspe \u00e9tait vu comme une pierre favorisant la t\u00e9nacit\u00e9 et l\u2019endurance, tant physiques que mentales.<\/li>\n<\/ul>\n<p>&nbsp;<\/p>\n<ol start=\"8\">\n<li><strong> Prix et Valeur<\/strong><\/li>\n<\/ol>\n<ul>\n<li><strong>Valeur<\/strong> : Le jaspe dalmatien est relativement abordable par rapport \u00e0 d\u2019autres pierres pr\u00e9cieuses et semi-pr\u00e9cieuses. Son prix d\u00e9pend de sa qualit\u00e9, de la taille des pierres et de la complexit\u00e9 des motifs. Les bijoux en jaspe dalmatien sont souvent disponibles \u00e0 des prix raisonnables.<\/li>\n<\/ul>\n<p>&nbsp;<\/p>\n<ol start=\"9\">\n<li><strong> Utilisation en M\u00e9ditation et \u00c9nergie<\/strong><\/li>\n<\/ol>\n<ul>\n<li><strong>Ancrage<\/strong> : En tant que pierre li\u00e9e au chakra racine, le jaspe dalmatien aide \u00e0 ancrer les \u00e9nergies spirituelles et \u00e0 offrir un sentiment de s\u00e9curit\u00e9.<\/li>\n<li><strong>Clart\u00e9 mentale<\/strong> : Utilis\u00e9 lors de s\u00e9ances de m\u00e9ditation, il aide \u00e0 dissiper les pens\u00e9es n\u00e9gatives et \u00e0 favoriser une approche plus positive de la vie.<\/li>\n<\/ul>\n<p>&nbsp;<\/p>\n<p>Le <strong>jaspe dalmatien<\/strong> est une pierre \u00e9nergisante et protectrice, id\u00e9ale pour ceux qui cherchent \u00e0 \u00e9quilibrer leur vie \u00e9motionnelle tout en restant connect\u00e9s \u00e0 la terre. Ses taches distinctives en font \u00e9galement un choix esth\u00e9tique pour les amateurs de bijoux et de d\u00e9coration.<\/p>\n<p>&nbsp;<\/p>\n","protected":false},"excerpt":{"rendered":"<p>environ 2cm<\/p>\n","protected":false},"featured_media":10623,"template":"","meta":[],"product_brand":[],"product_cat":[96,109],"product_tag":[478,506,482,475,532,531],"class_list":{"0":"post-20150","1":"product","2":"type-product","3":"status-publish","4":"has-post-thumbnail","6":"product_cat-bijoux","7":"product_cat-bijoux-pierres-naturelles","8":"product_tag-confiance","9":"product_tag-digestion","10":"product_tag-equilibre","11":"product_tag-foie","12":"product_tag-nausees","13":"product_tag-realisme","14":"pa_mineraux-jaspe-dalmatien","15":"pa_type-de-bijoux-pendentif","17":"first","18":"instock","19":"shipping-taxable","20":"purchasable","21":"product-type-simple"},"jetpack_sharing_enabled":true,"_links":{"self":[{"href":"https:\/\/lesfeespapillons-mineraux.com\/index.php\/wp-json\/wp\/v2\/product\/20150","targetHints":{"allow":["GET"]}}],"collection":[{"href":"https:\/\/lesfeespapillons-mineraux.com\/index.php\/wp-json\/wp\/v2\/product"}],"about":[{"href":"https:\/\/lesfeespapillons-mineraux.com\/index.php\/wp-json\/wp\/v2\/types\/product"}],"wp:featuredmedia":[{"embeddable":true,"href":"https:\/\/lesfeespapillons-mineraux.com\/index.php\/wp-json\/wp\/v2\/media\/10623"}],"wp:attachment":[{"href":"https:\/\/lesfeespapillons-mineraux.com\/index.php\/wp-json\/wp\/v2\/media?parent=20150"}],"wp:term":[{"taxonomy":"product_brand","embeddable":true,"href":"https:\/\/lesfeespapillons-mineraux.com\/index.php\/wp-json\/wp\/v2\/product_brand?post=20150"},{"taxonomy":"product_cat","embeddable":true,"href":"https:\/\/lesfeespapillons-mineraux.com\/index.php\/wp-json\/wp\/v2\/product_cat?post=20150"},{"taxonomy":"product_tag","embeddable":true,"href":"https:\/\/lesfeespapillons-mineraux.com\/index.php\/wp-json\/wp\/v2\/product_tag?post=20150"}],"curies":[{"name":"wp","href":"https:\/\/api.w.org\/{rel}","templated":true}]}}