{"id":20055,"date":"2025-06-13T21:51:45","date_gmt":"2025-06-13T19:51:45","guid":{"rendered":"https:\/\/lesfeespapillons-mineraux.com\/?post_type=product&#038;p=20055"},"modified":"2025-08-30T13:32:55","modified_gmt":"2025-08-30T11:32:55","slug":"bracelet-merci-maitresse-6","status":"publish","type":"product","link":"https:\/\/lesfeespapillons-mineraux.com\/index.php\/produit\/bracelet-merci-maitresse-6\/","title":{"rendered":"Bracelet \u00ab\u00a0merci ma\u00eetresse\u00a0\u00bb #6 et argent 925"},"content":{"rendered":"<p style=\"text-align: center\"><strong>\ud83c\udf38 Bracelet \u00ab\u00a0Merci Ma\u00eetresse\u00a0\u00bb \u2013 Iolite, Quartz Fraise &amp; Jade Blanc <\/strong><strong>\ud83c\udf38<\/strong><\/p>\n<p><strong>\u00a0<\/strong><\/p>\n<p><strong>Un bijou symbolique et d\u00e9licat pour remercier du fond du c\u0153ur.<\/strong><\/p>\n<p>Offrir ce bracelet, c\u2019est offrir bien plus qu\u2019un bijou : c\u2019est dire <strong>merci<\/strong> pour une ann\u00e9e de patience, d&rsquo;\u00e9coute, d\u2019apprentissage et de bienveillance. Un geste tendre de la part des enfants (et des parents) pour cl\u00f4turer l\u2019ann\u00e9e scolaire avec \u00e9motion et gratitude.<\/p>\n<p>&nbsp;<\/p>\n<p><strong>\u2728 Pierres naturelles et leurs vertus :<\/strong><\/p>\n<ul>\n<li><strong>Iolite<\/strong> : Pierre de clart\u00e9 et d\u2019intuition, elle favorise la compr\u00e9hension et l\u2019\u00e9quilibre int\u00e9rieur. Elle incarne la sagesse \u2014 une qualit\u00e9 pr\u00e9cieuse chez une enseignante.<\/li>\n<li><strong>Quartz Fraise<\/strong> : Pierre douce li\u00e9e \u00e0 l\u2019amour et \u00e0 la gratitude. Elle apporte une \u00e9nergie chaleureuse et positive, parfaite pour dire merci avec le c\u0153ur.<\/li>\n<li><strong>Jade Blanc<\/strong> : Symbole de paix, de s\u00e9r\u00e9nit\u00e9 et de puret\u00e9. Il renforce les liens d\u2019affection et invite \u00e0 la douceur.<\/li>\n<\/ul>\n<p>&nbsp;<\/p>\n<p><strong>\ud83d\udc8c Id\u00e9al pour :<\/strong><\/p>\n<ul>\n<li>Une fin d\u2019ann\u00e9e scolaire<\/li>\n<li>Un cadeau collectif ou personnel de la part des enfants<\/li>\n<li>Dire \u00ab\u00a0merci\u00a0\u00bb de mani\u00e8re \u00e9l\u00e9gante, douce et symbolique<\/li>\n<\/ul>\n<p>&nbsp;<\/p>\n","protected":false},"excerpt":{"rendered":"<p>perles 6mm<\/p>\n<p>Besoin d\u2019une autre taille ? Contactez-nous, on le fait sur mesure !<\/p>\n","protected":false},"featured_media":20056,"template":"","meta":[],"product_brand":[],"product_cat":[96,159,109],"product_tag":[333,560,767,515,527],"class_list":{"0":"post-20055","1":"product","2":"type-product","3":"status-publish","4":"has-post-thumbnail","6":"product_cat-bijoux","7":"product_cat-bijoux-perles","8":"product_cat-bijoux-pierres-naturelles","9":"product_tag-douceur","10":"product_tag-ecoute","11":"product_tag-equilibre-interieur","12":"product_tag-intuition","13":"product_tag-patience","14":"pa_mineraux-iolite","15":"pa_mineraux-jade-blanc","16":"pa_mineraux-quartz-fraise","17":"pa_taille-de-bracelet-19cm","18":"pa_type-de-bijoux-bracelet","20":"first","21":"instock","22":"shipping-taxable","23":"purchasable","24":"product-type-simple"},"jetpack_sharing_enabled":true,"_links":{"self":[{"href":"https:\/\/lesfeespapillons-mineraux.com\/index.php\/wp-json\/wp\/v2\/product\/20055","targetHints":{"allow":["GET"]}}],"collection":[{"href":"https:\/\/lesfeespapillons-mineraux.com\/index.php\/wp-json\/wp\/v2\/product"}],"about":[{"href":"https:\/\/lesfeespapillons-mineraux.com\/index.php\/wp-json\/wp\/v2\/types\/product"}],"wp:featuredmedia":[{"embeddable":true,"href":"https:\/\/lesfeespapillons-mineraux.com\/index.php\/wp-json\/wp\/v2\/media\/20056"}],"wp:attachment":[{"href":"https:\/\/lesfeespapillons-mineraux.com\/index.php\/wp-json\/wp\/v2\/media?parent=20055"}],"wp:term":[{"taxonomy":"product_brand","embeddable":true,"href":"https:\/\/lesfeespapillons-mineraux.com\/index.php\/wp-json\/wp\/v2\/product_brand?post=20055"},{"taxonomy":"product_cat","embeddable":true,"href":"https:\/\/lesfeespapillons-mineraux.com\/index.php\/wp-json\/wp\/v2\/product_cat?post=20055"},{"taxonomy":"product_tag","embeddable":true,"href":"https:\/\/lesfeespapillons-mineraux.com\/index.php\/wp-json\/wp\/v2\/product_tag?post=20055"}],"curies":[{"name":"wp","href":"https:\/\/api.w.org\/{rel}","templated":true}]}}