{"id":18873,"date":"2024-12-31T10:45:24","date_gmt":"2024-12-31T09:45:24","guid":{"rendered":"https:\/\/lesfeespapillons-mineraux.com\/?post_type=product&#038;p=18873"},"modified":"2024-12-31T11:11:18","modified_gmt":"2024-12-31T10:11:18","slug":"arbre-de-vie-en-amethyste","status":"publish","type":"product","link":"https:\/\/lesfeespapillons-mineraux.com\/index.php\/produit\/arbre-de-vie-en-amethyste\/","title":{"rendered":"Arbre de vie en am\u00e9thyste 7 branches"},"content":{"rendered":"<p style=\"text-align: center\"><strong>L\u2019 Arbre de Vie en Am\u00e9thyste<\/strong><\/p>\n<p>Cet arbre de vie est une \u0153uvre artisanale fabriqu\u00e9e au Br\u00e9sil. Son socle est constitu\u00e9 d\u2019un amas d\u2019am\u00e9thystes brutes, tandis que ses feuilles sont des pierres roul\u00e9es d\u2019am\u00e9thyste. Ces mat\u00e9riaux conf\u00e8rent \u00e0 cet objet une \u00e9nergie unique, associant la symbolique universelle de l\u2019arbre de vie \u00e0 la puissance spirituelle de l\u2019am\u00e9thyste.<\/p>\n<p>&nbsp;<\/p>\n<p><strong>Symbolique de l\u2019Arbre de Vie :<\/strong><\/p>\n<p>L\u2019arbre de vie est un symbole universel, pr\u00e9sent dans de nombreuses cultures et traditions spirituelles \u00e0 travers le monde.<\/p>\n<ol>\n<li><strong>Connexion entre ciel et terre :<\/strong>\n<ul>\n<li>Les racines plongent dans la terre, symbolisant l\u2019ancrage et la stabilit\u00e9.<\/li>\n<li>Les branches s\u2019\u00e9l\u00e8vent vers le ciel, repr\u00e9sentant la qu\u00eate spirituelle et la croissance.<\/li>\n<\/ul>\n<\/li>\n<li><strong>Cycle de la vie :<\/strong><br \/>\nL\u2019arbre de vie incarne le cycle perp\u00e9tuel de la vie, de la mort et de la renaissance, \u00e0 l\u2019image des saisons.<\/li>\n<li><strong>Harmonie et unit\u00e9 :<\/strong><br \/>\nIl repr\u00e9sente l\u2019interconnexion de toutes les formes de vie, un lien entre les mondes mat\u00e9riel et spirituel.<\/li>\n<li><strong>Croissance et \u00e9volution :<\/strong><br \/>\nIl est aussi un symbole de d\u00e9veloppement personnel, de progr\u00e8s et de sagesse.<\/li>\n<\/ol>\n<p>&nbsp;<\/p>\n<p><strong>Symbolique de l\u2019Am\u00e9thyste :<\/strong><\/p>\n<ol>\n<li><strong>Pierre de spiritualit\u00e9 et de sagesse :<\/strong><br \/>\nL\u2019am\u00e9thyste est connue pour son lien profond avec la spiritualit\u00e9. Elle favorise l\u2019intuition, la m\u00e9ditation et la connexion avec les plans sup\u00e9rieurs.<\/li>\n<li><strong>Protection \u00e9nerg\u00e9tique :<\/strong><br \/>\nElle agit comme un bouclier contre les \u00e9nergies n\u00e9gatives et aide \u00e0 purifier l\u2019environnement.<\/li>\n<li><strong>S\u00e9r\u00e9nit\u00e9 et calme :<\/strong><br \/>\nL\u2019am\u00e9thyste apaise les \u00e9motions, r\u00e9duit le stress et aide \u00e0 \u00e9quilibrer les \u00e9nergies.<\/li>\n<li><strong>Transformation :<\/strong><br \/>\nAssoci\u00e9e \u00e0 la transmutation des \u00e9nergies n\u00e9gatives en positives, elle aide \u00e0 d\u00e9passer les blocages et les limitations personnelles.<\/li>\n<\/ol>\n<p>&nbsp;<\/p>\n<p><strong>Symbolique de l\u2019Arbre de Vie en Am\u00e9thyste :<\/strong><\/p>\n<p>La combinaison de ces deux symboles puissants amplifie leurs significations :<\/p>\n<ul>\n<li><strong>Ancrage spirituel :<\/strong> Le socle d\u2019am\u00e9thystes brutes repr\u00e9sente une base solide pour explorer sa spiritualit\u00e9 et son potentiel int\u00e9rieur.<\/li>\n<li><strong>\u00c9l\u00e9vation \u00e9nerg\u00e9tique :<\/strong> Les feuilles en am\u00e9thyste roul\u00e9e symbolisent la croissance et l\u2019\u00e9volution personnelle, port\u00e9es par une \u00e9nergie apaisante et protectrice.<\/li>\n<li><strong>Harmonie totale :<\/strong> Cet objet favorise un \u00e9quilibre parfait entre le mat\u00e9riel (socle) et le spirituel (branches et feuilles), cr\u00e9ant une \u00e9nergie propice \u00e0 la m\u00e9ditation et \u00e0 l\u2019\u00e9panouissement.<\/li>\n<li><strong>Objet de transformation :<\/strong> Il invite \u00e0 une introspection profonde et encourage \u00e0 se lib\u00e9rer des \u00e9nergies stagnantes pour accueillir la lumi\u00e8re et la s\u00e9r\u00e9nit\u00e9.<\/li>\n<\/ul>\n<p>&nbsp;<\/p>\n<p><strong>Utilisations possibles :<\/strong><\/p>\n<ol>\n<li><strong>D\u00e9coration \u00e9nerg\u00e9tique :<\/strong><br \/>\nPlac\u00e9 dans une pi\u00e8ce, cet arbre purifie l\u2019espace et le remplit d\u2019une \u00e9nergie apaisante.<\/li>\n<li><strong>Support de m\u00e9ditation :<\/strong><br \/>\nUtilis\u00e9 comme point focal, il aide \u00e0 la concentration et \u00e0 l\u2019alignement spirituel.<\/li>\n<li><strong>Outil de gu\u00e9rison :<\/strong><br \/>\nIl peut \u00eatre int\u00e9gr\u00e9 dans des pratiques \u00e9nerg\u00e9tiques pour r\u00e9\u00e9quilibrer et harmoniser les chakras.<\/li>\n<li><strong>Cadeau significatif :<\/strong><br \/>\nUn symbole de protection, de s\u00e9r\u00e9nit\u00e9 et de croissance, parfait pour offrir \u00e0 un \u00eatre cher.<\/li>\n<\/ol>\n<p>&nbsp;<\/p>\n<p>Cet arbre de vie en am\u00e9thyste, par sa beaut\u00e9 naturelle et sa signification profonde, est bien plus qu\u2019un simple objet d\u00e9coratif : c\u2019est un v\u00e9ritable outil spirituel, un pont entre la terre et le ciel, et une source d\u2019inspiration quotidienne.<\/p>\n<p>&nbsp;<\/p>\n","protected":false},"excerpt":{"rendered":"<p>7,7&#215;6,5&#215;14,5cm<\/p>\n","protected":false},"featured_media":18874,"template":"","meta":[],"product_brand":[],"product_cat":[104,442],"product_tag":[229,682,515,526,542,640],"class_list":{"0":"post-18873","1":"product","2":"type-product","3":"status-publish","4":"has-post-thumbnail","6":"product_cat-deco","7":"product_cat-divers","8":"product_tag-ancrage","9":"product_tag-croissance","10":"product_tag-intuition","11":"product_tag-meditation","12":"product_tag-sagesse","13":"product_tag-stabilite","14":"pa_mineraux-amethyste","15":"pa_motif-arbre-de-vie","17":"first","18":"instock","19":"shipping-taxable","20":"purchasable","21":"product-type-simple"},"jetpack_sharing_enabled":true,"_links":{"self":[{"href":"https:\/\/lesfeespapillons-mineraux.com\/index.php\/wp-json\/wp\/v2\/product\/18873","targetHints":{"allow":["GET"]}}],"collection":[{"href":"https:\/\/lesfeespapillons-mineraux.com\/index.php\/wp-json\/wp\/v2\/product"}],"about":[{"href":"https:\/\/lesfeespapillons-mineraux.com\/index.php\/wp-json\/wp\/v2\/types\/product"}],"wp:featuredmedia":[{"embeddable":true,"href":"https:\/\/lesfeespapillons-mineraux.com\/index.php\/wp-json\/wp\/v2\/media\/18874"}],"wp:attachment":[{"href":"https:\/\/lesfeespapillons-mineraux.com\/index.php\/wp-json\/wp\/v2\/media?parent=18873"}],"wp:term":[{"taxonomy":"product_brand","embeddable":true,"href":"https:\/\/lesfeespapillons-mineraux.com\/index.php\/wp-json\/wp\/v2\/product_brand?post=18873"},{"taxonomy":"product_cat","embeddable":true,"href":"https:\/\/lesfeespapillons-mineraux.com\/index.php\/wp-json\/wp\/v2\/product_cat?post=18873"},{"taxonomy":"product_tag","embeddable":true,"href":"https:\/\/lesfeespapillons-mineraux.com\/index.php\/wp-json\/wp\/v2\/product_tag?post=18873"}],"curies":[{"name":"wp","href":"https:\/\/api.w.org\/{rel}","templated":true}]}}