{"id":17472,"date":"2024-09-26T11:25:05","date_gmt":"2024-09-26T09:25:05","guid":{"rendered":"https:\/\/lesfeespapillons-mineraux.com\/?post_type=product&#038;p=17472"},"modified":"2024-10-11T12:41:30","modified_gmt":"2024-10-11T10:41:30","slug":"pendentif-ganesh-argent-925-copie","status":"publish","type":"product","link":"https:\/\/lesfeespapillons-mineraux.com\/index.php\/produit\/pendentif-ganesh-argent-925-copie\/","title":{"rendered":"pendentif Ganesh argent 925"},"content":{"rendered":"<p style=\"text-align: center\"><strong>Ganesh (ou Ganesha, Ganapati)<\/strong><\/p>\n<p><strong>\u00a0<\/strong><\/p>\n<p><strong>Signification du nom :<\/strong><\/p>\n<ul>\n<li><strong>Ganesh<\/strong> signifie \u00ab\u00a0Seigneur des troupes\u00a0\u00bb (<em>Gana<\/em> : groupe ou troupe, <em>Isha<\/em> : Seigneur).<\/li>\n<li><strong>Ganapati<\/strong> : Seigneur des troupes divines.<\/li>\n<\/ul>\n<p>&nbsp;<\/p>\n<p><strong>Origine : Hindouisme, Inde<\/strong><\/p>\n<p><strong>Symbolisme principal :<\/strong><\/p>\n<ul>\n<li><strong>Dieu de la sagesse<\/strong>, de l&rsquo;<strong>intelligence<\/strong>, de la <strong>protection<\/strong> et de la <strong>prosp\u00e9rit\u00e9<\/strong>.<\/li>\n<li>Connu pour \u00eatre celui qui <strong>\u00e9limine les obstacles<\/strong> (Vighnaharta), tant sur les plans spirituels que mat\u00e9riels.<\/li>\n<\/ul>\n<p>&nbsp;<\/p>\n<p><strong>\u00c9l\u00e9ments caract\u00e9ristiques :<\/strong><\/p>\n<ul>\n<li><strong>\u00c9l\u00e9phant<\/strong> : Il a une t\u00eate d\u2019\u00e9l\u00e9phant, symbole de <strong>sagesse<\/strong> et de <strong>puissance<\/strong>.<\/li>\n<li><strong>Corps humain<\/strong> : Symbolisant la <strong>conscience humaine<\/strong> et l&rsquo;unit\u00e9 de la sagesse et de la force.<\/li>\n<li><strong>Un seul d\u00e9fense<\/strong> : Son unique d\u00e9fense repr\u00e9sente l\u2019<strong>\u00e9quilibre<\/strong> entre le spirituel et le mat\u00e9riel, ainsi que le triomphe de la sagesse sur l\u2019ignorance.<\/li>\n<li><strong>Grand ventre<\/strong> : Il est souvent repr\u00e9sent\u00e9 avec un grand ventre, symbole de la <strong>capacit\u00e9 \u00e0 dig\u00e9rer<\/strong> toutes les exp\u00e9riences de la vie (bonnes ou mauvaises).<\/li>\n<\/ul>\n<p>&nbsp;<\/p>\n<p><strong>HISTOIRE ET MYTHOLOGIE<\/strong><\/p>\n<p>Ganesh est le <strong>fils de Shiva<\/strong> (le dieu de la destruction et de la transformation) et de <strong>P\u0101rvat\u012b<\/strong> (d\u00e9esse de la montagne). Il existe plusieurs versions de sa naissance et de son acquisition d\u2019une t\u00eate d\u2019\u00e9l\u00e9phant, mais l\u2019histoire la plus populaire raconte que P\u0101rvat\u012b cr\u00e9a Ganesh \u00e0 partir de la poussi\u00e8re et de sa propre peau, pour qu\u2019il devienne son gardien. Un jour, alors que Shiva revenait de sa m\u00e9ditation, il voulut entrer dans la maison, mais Ganesh, suivant les ordres de sa m\u00e8re, lui bloqua l&rsquo;entr\u00e9e. En col\u00e8re et ne sachant pas qui \u00e9tait Ganesh, Shiva lui coupa la t\u00eate. Devant le d\u00e9sespoir de P\u0101rvat\u012b, Shiva rempla\u00e7a la t\u00eate coup\u00e9e par celle d\u2019un <strong>\u00e9l\u00e9phant<\/strong> et le dota de ses pouvoirs divins.<\/p>\n<p>&nbsp;<\/p>\n<p><strong>SYMBOLISME ET SIGNIFICATION SPIRITUELLE<\/strong><\/p>\n<p>Ganesh est un symbole tr\u00e8s riche et multi-facette, avec de nombreux attributs et significations, que voici :<\/p>\n<ol>\n<li><strong> Dieu des commencements<\/strong><\/li>\n<\/ol>\n<ul>\n<li>Ganesh est souvent pri\u00e9 avant d\u2019entreprendre toute nouvelle t\u00e2che, que ce soit un projet professionnel, un voyage, ou un mariage. Il est invoqu\u00e9 pour garantir que l\u2019<strong>entreprise se d\u00e9roule sans obstacles<\/strong> et pour recevoir ses b\u00e9n\u00e9dictions.<\/li>\n<\/ul>\n<ol start=\"2\">\n<li><strong> \u00c9liminateur des obstacles<\/strong><\/li>\n<\/ol>\n<ul>\n<li>L&rsquo;un des titres les plus importants de Ganesh est <strong>Vighnaharta<\/strong>, ce qui signifie \u00ab\u00a0celui qui supprime les obstacles\u00a0\u00bb. Que ces obstacles soient d\u2019ordre physique, \u00e9motionnel, ou spirituel, Ganesh aide \u00e0 surmonter les difficult\u00e9s et \u00e0 apporter des <strong>solutions<\/strong> aux probl\u00e8mes de la vie.<\/li>\n<\/ul>\n<ol start=\"3\">\n<li><strong> Dieu de la sagesse et du savoir<\/strong><\/li>\n<\/ol>\n<ul>\n<li>Ganesh est aussi v\u00e9n\u00e9r\u00e9 pour sa grande <strong>intelligence<\/strong> et son <strong>savoir<\/strong>. Il est l&rsquo;un des dieux pr\u00e9f\u00e9r\u00e9s des \u00e9tudiants, des \u00e9rudits, et des \u00e9crivains. Son aspect de dieu de la sagesse signifie qu\u2019il incarne la capacit\u00e9 \u00e0 voir les choses <strong>de mani\u00e8re claire<\/strong> et \u00e0 prendre des d\u00e9cisions sages.<\/li>\n<\/ul>\n<ol start=\"4\">\n<li><strong> Symbole d&rsquo;abondance et de prosp\u00e9rit\u00e9<\/strong><\/li>\n<\/ol>\n<ul>\n<li>Ganesh est \u00e9galement associ\u00e9 \u00e0 l\u2019<strong>abondance mat\u00e9rielle<\/strong> et \u00e0 la <strong>prosp\u00e9rit\u00e9<\/strong>. Il est invoqu\u00e9 par ceux qui cherchent \u00e0 am\u00e9liorer leur situation financi\u00e8re ou professionnelle, mais toujours avec un accent sur l\u2019importance de la <strong>sagesse<\/strong> dans l\u2019utilisation de ces ressources.<\/li>\n<\/ul>\n<ol start=\"5\">\n<li><strong> L\u2019incarnation de la dualit\u00e9 et de l\u2019unit\u00e9<\/strong><\/li>\n<\/ol>\n<ul>\n<li>La <strong>t\u00eate d\u2019\u00e9l\u00e9phant<\/strong> de Ganesh repr\u00e9sente l\u2019<strong>intelligence<\/strong>, tandis que son <strong>corps humain<\/strong> symbolise les d\u00e9sirs terrestres. Ensemble, ils repr\u00e9sentent l\u2019harmonie entre le <strong>spirituel<\/strong> et le <strong>mat\u00e9riel<\/strong>, deux \u00e9l\u00e9ments essentiels de l\u2019exp\u00e9rience humaine.<\/li>\n<\/ul>\n<p>&nbsp;<\/p>\n<p><strong>ATTRIBUTS ET SYMBOLISME DES OBJETS PORT\u00c9S PAR GANESH<\/strong><\/p>\n<p>Ganesh est souvent repr\u00e9sent\u00e9 avec plusieurs objets symboliques dans ses <strong>quatre mains<\/strong> :<\/p>\n<ol>\n<li><strong>Hache ou Ankush<\/strong> : Il tient une hache qui symbolise la capacit\u00e9 \u00e0 <strong>trancher les attachements<\/strong> et les illusions, nous lib\u00e9rant des d\u00e9sirs mat\u00e9riels excessifs.<\/li>\n<li><strong>Lasso (P\u0101sha)<\/strong> : Utilis\u00e9 pour <strong>attraper les obstacles<\/strong>, et aussi pour maintenir le fid\u00e8le attach\u00e9 \u00e0 la voie spirituelle.<\/li>\n<li><strong>Bol de modaka (sucreries)<\/strong> : Ganesh tient souvent un bol rempli de <strong>modakas<\/strong>, des douceurs indiennes symbolisant les <strong>fruits de la sagesse<\/strong> et les <strong>r\u00e9compenses<\/strong> du chemin spirituel.<\/li>\n<li><strong>Main lev\u00e9e en Abhaya mudra<\/strong> : Un geste de b\u00e9n\u00e9diction et de protection qui repr\u00e9sente l\u2019assurance que ses d\u00e9vots sont sous sa protection.<\/li>\n<li><strong>Rongeur ou souris (Mooshika)<\/strong> : Son v\u00e9hicule est un <strong>petit rat<\/strong>, repr\u00e9sentant le fait que Ganesh ma\u00eetrise aussi bien les grands obstacles que les plus petits, et que m\u00eame les petites cr\u00e9atures peuvent avoir une grande force. Cela symbolise \u00e9galement l\u2019humilit\u00e9.<\/li>\n<\/ol>\n<p>&nbsp;<\/p>\n<p><strong>CULTES ET FESTIVALS<\/strong><\/p>\n<ol>\n<li><strong> Ganesh Chaturthi<\/strong><\/li>\n<\/ol>\n<ul>\n<li>Le festival le plus important d\u00e9di\u00e9 \u00e0 Ganesh est <strong>Ganesh Chaturthi<\/strong>, une f\u00eate hindoue c\u00e9l\u00e9br\u00e9e principalement en Inde, particuli\u00e8rement en <strong>Maharashtra<\/strong>. Pendant cette f\u00eate, des statues de Ganesh sont install\u00e9es dans des maisons et des temples, o\u00f9 elles sont v\u00e9n\u00e9r\u00e9es pendant plusieurs jours avant d\u2019\u00eatre immerg\u00e9es dans l\u2019eau lors d\u2019une c\u00e9r\u00e9monie appel\u00e9e <strong>Visarjan<\/strong>. Ce rituel symbolise le retour de Ganesh au monde spirituel apr\u00e8s avoir r\u00e9sid\u00e9 temporairement avec ses fid\u00e8les.<\/li>\n<\/ul>\n<ol start=\"2\">\n<li><strong> Pri\u00e8res quotidiennes<\/strong><\/li>\n<\/ol>\n<ul>\n<li>Ganesh est v\u00e9n\u00e9r\u00e9 <strong>quotidiennement<\/strong> dans de nombreuses maisons hindoues, et ses images ou statues sont couramment plac\u00e9es \u00e0 l\u2019entr\u00e9e des maisons ou des entreprises pour <strong>inviter la chance<\/strong> et la <strong>prosp\u00e9rit\u00e9<\/strong>.<\/li>\n<\/ul>\n<p>&nbsp;<\/p>\n<p><strong>ENSEIGNEMENTS ET LE\u00c7ONS SPIRITUELLES<\/strong><\/p>\n<p>Ganesh transmet de nombreux <strong>enseignements spirituels<\/strong>, notamment :<\/p>\n<ul>\n<li><strong>Patience et tol\u00e9rance<\/strong> : Son apparence symbolique nous enseigne que la force int\u00e9rieure et la sagesse triomphent toujours sur les obstacles ext\u00e9rieurs.<\/li>\n<li><strong>\u00c9quilibre et unit\u00e9<\/strong> : En incarnant \u00e0 la fois le spirituel (t\u00eate d\u2019\u00e9l\u00e9phant) et le mat\u00e9riel (corps humain), il rappelle l\u2019importance de maintenir un <strong>\u00e9quilibre<\/strong> entre la poursuite de nos aspirations mat\u00e9rielles et spirituelles.<\/li>\n<li><strong>D\u00e9tachement et l\u00e2cher-prise<\/strong> : L\u2019un des messages principaux de Ganesh est la n\u00e9cessit\u00e9 de se <strong>d\u00e9tacher<\/strong> des choses qui nous retiennent, comme les peurs, les doutes, et les attachements mat\u00e9riels, afin de progresser spirituellement.<\/li>\n<\/ul>\n<p>&nbsp;<\/p>\n<p><strong>CONCLUSION<\/strong><\/p>\n<p>Ganesh est une divinit\u00e9 centrale dans l\u2019hindouisme et au-del\u00e0, symbolisant l\u2019<strong>harmonie<\/strong>, la <strong>sagesse<\/strong>, et la <strong>protection<\/strong>. Il est v\u00e9n\u00e9r\u00e9 pour <strong>\u00e9liminer les obstacles<\/strong>, <strong>apporter la prosp\u00e9rit\u00e9<\/strong>, et <strong>guider les individus<\/strong> vers un chemin de <strong>clart\u00e9 spirituelle<\/strong> et de <strong>r\u00e9ussite mat\u00e9rielle<\/strong>. Sa <strong>bienveillance<\/strong> et son r\u00f4le de <strong>guide spirituel<\/strong> en font une divinit\u00e9 aim\u00e9e et respect\u00e9e dans de nombreuses cultures et traditions.<\/p>\n<p>&nbsp;<\/p>\n<p>&nbsp;<\/p>\n<p><sub>\u00a0<\/sub><\/p>\n<p>&nbsp;<\/p>\n<p>&nbsp;<\/p>\n<p>&nbsp;<\/p>\n<p>&nbsp;<\/p>\n<p><sub>\u00a0<\/sub><\/p>\n<p>&nbsp;<\/p>\n","protected":false},"excerpt":{"rendered":"<p>vendu sans cha\u00eene<\/p>\n<p>1,8&#215;0,3&#215;2,9cm<\/p>\n<p><strong>\u00a0<\/strong><\/p>\n","protected":false},"featured_media":17473,"template":"","meta":[],"product_brand":[],"product_cat":[96,107,259],"product_tag":[],"class_list":{"0":"post-17472","1":"product","2":"type-product","3":"status-publish","4":"has-post-thumbnail","6":"product_cat-bijoux","7":"product_cat-bijoux-argent","8":"product_cat-pendentifs-argent","9":"pa_motif-ganesh","10":"pa_type-de-bijoux-pendentif","12":"first","13":"instock","14":"shipping-taxable","15":"purchasable","16":"product-type-simple"},"jetpack_sharing_enabled":true,"_links":{"self":[{"href":"https:\/\/lesfeespapillons-mineraux.com\/index.php\/wp-json\/wp\/v2\/product\/17472","targetHints":{"allow":["GET"]}}],"collection":[{"href":"https:\/\/lesfeespapillons-mineraux.com\/index.php\/wp-json\/wp\/v2\/product"}],"about":[{"href":"https:\/\/lesfeespapillons-mineraux.com\/index.php\/wp-json\/wp\/v2\/types\/product"}],"wp:featuredmedia":[{"embeddable":true,"href":"https:\/\/lesfeespapillons-mineraux.com\/index.php\/wp-json\/wp\/v2\/media\/17473"}],"wp:attachment":[{"href":"https:\/\/lesfeespapillons-mineraux.com\/index.php\/wp-json\/wp\/v2\/media?parent=17472"}],"wp:term":[{"taxonomy":"product_brand","embeddable":true,"href":"https:\/\/lesfeespapillons-mineraux.com\/index.php\/wp-json\/wp\/v2\/product_brand?post=17472"},{"taxonomy":"product_cat","embeddable":true,"href":"https:\/\/lesfeespapillons-mineraux.com\/index.php\/wp-json\/wp\/v2\/product_cat?post=17472"},{"taxonomy":"product_tag","embeddable":true,"href":"https:\/\/lesfeespapillons-mineraux.com\/index.php\/wp-json\/wp\/v2\/product_tag?post=17472"}],"curies":[{"name":"wp","href":"https:\/\/api.w.org\/{rel}","templated":true}]}}