{"id":17438,"date":"2024-09-20T21:53:02","date_gmt":"2024-09-20T19:53:02","guid":{"rendered":"https:\/\/lesfeespapillons-mineraux.com\/?post_type=product&#038;p=17438"},"modified":"2024-09-20T21:54:50","modified_gmt":"2024-09-20T19:54:50","slug":"bracelet-touareg-en-argent-925-et-ebene-3","status":"publish","type":"product","link":"https:\/\/lesfeespapillons-mineraux.com\/index.php\/produit\/bracelet-touareg-en-argent-925-et-ebene-3\/","title":{"rendered":"Bracelet Touareg en argent 925 et \u00e9b\u00e8ne"},"content":{"rendered":"<p>Bijoux Touareg traditionnel de la coop\u00e9rative d&rsquo;Agadez au nord du Niger. Collection en argent 925 avec ou sans \u00e9b\u00e8ne. Les gravures repr\u00e9sentent les dunes, les \u00e9toiles ou les signes des tribus nomades.<\/p>\n","protected":false},"excerpt":{"rendered":"<p>Bijoux Touareg traditionnel de la coop\u00e9rative d&rsquo;Agadez au nord du Niger. Collection en argent 925 avec ou sans \u00e9b\u00e8ne. Les gravures repr\u00e9sentent les dunes, les \u00e9toiles ou les signes des tribus nomades.<\/p>\n","protected":false},"featured_media":17439,"template":"","meta":[],"product_brand":[],"product_cat":[96,107],"product_tag":[],"class_list":{"0":"post-17438","1":"product","2":"type-product","3":"status-publish","4":"has-post-thumbnail","6":"product_cat-bijoux","7":"product_cat-bijoux-argent","8":"pa_type-de-bijoux-bracelet","10":"first","11":"instock","12":"shipping-taxable","13":"purchasable","14":"product-type-simple"},"jetpack_sharing_enabled":true,"_links":{"self":[{"href":"https:\/\/lesfeespapillons-mineraux.com\/index.php\/wp-json\/wp\/v2\/product\/17438","targetHints":{"allow":["GET"]}}],"collection":[{"href":"https:\/\/lesfeespapillons-mineraux.com\/index.php\/wp-json\/wp\/v2\/product"}],"about":[{"href":"https:\/\/lesfeespapillons-mineraux.com\/index.php\/wp-json\/wp\/v2\/types\/product"}],"wp:featuredmedia":[{"embeddable":true,"href":"https:\/\/lesfeespapillons-mineraux.com\/index.php\/wp-json\/wp\/v2\/media\/17439"}],"wp:attachment":[{"href":"https:\/\/lesfeespapillons-mineraux.com\/index.php\/wp-json\/wp\/v2\/media?parent=17438"}],"wp:term":[{"taxonomy":"product_brand","embeddable":true,"href":"https:\/\/lesfeespapillons-mineraux.com\/index.php\/wp-json\/wp\/v2\/product_brand?post=17438"},{"taxonomy":"product_cat","embeddable":true,"href":"https:\/\/lesfeespapillons-mineraux.com\/index.php\/wp-json\/wp\/v2\/product_cat?post=17438"},{"taxonomy":"product_tag","embeddable":true,"href":"https:\/\/lesfeespapillons-mineraux.com\/index.php\/wp-json\/wp\/v2\/product_tag?post=17438"}],"curies":[{"name":"wp","href":"https:\/\/api.w.org\/{rel}","templated":true}]}}