{"id":17429,"date":"2024-09-20T21:44:02","date_gmt":"2024-09-20T19:44:02","guid":{"rendered":"https:\/\/lesfeespapillons-mineraux.com\/?post_type=product&#038;p=17429"},"modified":"2024-09-20T21:45:54","modified_gmt":"2024-09-20T19:45:54","slug":"boucles-doreille-touareg-en-argent-925-et-ebene-15","status":"publish","type":"product","link":"https:\/\/lesfeespapillons-mineraux.com\/index.php\/produit\/boucles-doreille-touareg-en-argent-925-et-ebene-15\/","title":{"rendered":"Boucles d&rsquo;oreille Touareg en argent 925 et \u00e9b\u00e8ne"},"content":{"rendered":"<p>Bijoux Touareg traditionnel de la coop\u00e9rative d&rsquo;Agadez au nord du Niger. Collection en argent 925 avec ou sans \u00e9b\u00e8ne. Les gravures repr\u00e9sentent les dunes, les \u00e9toiles ou les signes des tribus nomades.<\/p>\n","protected":false},"excerpt":{"rendered":"<p>Bijoux Touareg traditionnel de la coop\u00e9rative d&rsquo;Agadez au nord du Niger. Collection en argent 925 avec ou sans \u00e9b\u00e8ne. Les gravures repr\u00e9sentent les dunes, les \u00e9toiles ou les signes des tribus nomades.<\/p>\n","protected":false},"featured_media":17430,"template":"","meta":[],"product_brand":[],"product_cat":[96,107],"product_tag":[],"class_list":{"0":"post-17429","1":"product","2":"type-product","3":"status-publish","4":"has-post-thumbnail","6":"product_cat-bijoux","7":"product_cat-bijoux-argent","8":"pa_type-de-bijoux-boucles-doreille","10":"first","11":"instock","12":"shipping-taxable","13":"purchasable","14":"product-type-simple"},"jetpack_sharing_enabled":true,"_links":{"self":[{"href":"https:\/\/lesfeespapillons-mineraux.com\/index.php\/wp-json\/wp\/v2\/product\/17429","targetHints":{"allow":["GET"]}}],"collection":[{"href":"https:\/\/lesfeespapillons-mineraux.com\/index.php\/wp-json\/wp\/v2\/product"}],"about":[{"href":"https:\/\/lesfeespapillons-mineraux.com\/index.php\/wp-json\/wp\/v2\/types\/product"}],"wp:featuredmedia":[{"embeddable":true,"href":"https:\/\/lesfeespapillons-mineraux.com\/index.php\/wp-json\/wp\/v2\/media\/17430"}],"wp:attachment":[{"href":"https:\/\/lesfeespapillons-mineraux.com\/index.php\/wp-json\/wp\/v2\/media?parent=17429"}],"wp:term":[{"taxonomy":"product_brand","embeddable":true,"href":"https:\/\/lesfeespapillons-mineraux.com\/index.php\/wp-json\/wp\/v2\/product_brand?post=17429"},{"taxonomy":"product_cat","embeddable":true,"href":"https:\/\/lesfeespapillons-mineraux.com\/index.php\/wp-json\/wp\/v2\/product_cat?post=17429"},{"taxonomy":"product_tag","embeddable":true,"href":"https:\/\/lesfeespapillons-mineraux.com\/index.php\/wp-json\/wp\/v2\/product_tag?post=17429"}],"curies":[{"name":"wp","href":"https:\/\/api.w.org\/{rel}","templated":true}]}}