{"id":17359,"date":"2024-09-20T19:33:32","date_gmt":"2024-09-20T17:33:32","guid":{"rendered":"https:\/\/lesfeespapillons-mineraux.com\/?post_type=product&#038;p=17359"},"modified":"2024-09-20T20:10:37","modified_gmt":"2024-09-20T18:10:37","slug":"bague-touareg-en-argent-925-2","status":"publish","type":"product","link":"https:\/\/lesfeespapillons-mineraux.com\/index.php\/produit\/bague-touareg-en-argent-925-2\/","title":{"rendered":"Bague Touareg en argent 925 et \u00e9b\u00e8ne"},"content":{"rendered":"<p>Bijoux Touareg traditionnel de la coop\u00e9rative d&rsquo;Agadez au nord du Niger. Collection en argent 925 avec ou sans \u00e9b\u00e8ne. Les gravures repr\u00e9sentent les dunes, les \u00e9toiles ou les signes des tribus nomades.<\/p>\n","protected":false},"excerpt":{"rendered":"<p>Bijoux Touareg traditionnel de la coop\u00e9rative d&rsquo;Agadez au nord du Niger. Collection en argent 925 avec ou sans \u00e9b\u00e8ne. Les gravures repr\u00e9sentent les dunes, les \u00e9toiles ou les signes des tribus nomades.<\/p>\n","protected":false},"featured_media":17361,"template":"","meta":[],"product_brand":[],"product_cat":[96,107],"product_tag":[],"class_list":{"0":"post-17359","1":"product","2":"type-product","3":"status-publish","4":"has-post-thumbnail","6":"product_cat-bijoux","7":"product_cat-bijoux-argent","8":"pa_taille-de-bague-305","9":"pa_type-de-bijoux-bague","11":"first","12":"instock","13":"shipping-taxable","14":"purchasable","15":"product-type-simple"},"jetpack_sharing_enabled":true,"_links":{"self":[{"href":"https:\/\/lesfeespapillons-mineraux.com\/index.php\/wp-json\/wp\/v2\/product\/17359","targetHints":{"allow":["GET"]}}],"collection":[{"href":"https:\/\/lesfeespapillons-mineraux.com\/index.php\/wp-json\/wp\/v2\/product"}],"about":[{"href":"https:\/\/lesfeespapillons-mineraux.com\/index.php\/wp-json\/wp\/v2\/types\/product"}],"wp:featuredmedia":[{"embeddable":true,"href":"https:\/\/lesfeespapillons-mineraux.com\/index.php\/wp-json\/wp\/v2\/media\/17361"}],"wp:attachment":[{"href":"https:\/\/lesfeespapillons-mineraux.com\/index.php\/wp-json\/wp\/v2\/media?parent=17359"}],"wp:term":[{"taxonomy":"product_brand","embeddable":true,"href":"https:\/\/lesfeespapillons-mineraux.com\/index.php\/wp-json\/wp\/v2\/product_brand?post=17359"},{"taxonomy":"product_cat","embeddable":true,"href":"https:\/\/lesfeespapillons-mineraux.com\/index.php\/wp-json\/wp\/v2\/product_cat?post=17359"},{"taxonomy":"product_tag","embeddable":true,"href":"https:\/\/lesfeespapillons-mineraux.com\/index.php\/wp-json\/wp\/v2\/product_tag?post=17359"}],"curies":[{"name":"wp","href":"https:\/\/api.w.org\/{rel}","templated":true}]}}