{"id":17338,"date":"2024-09-20T19:10:15","date_gmt":"2024-09-20T17:10:15","guid":{"rendered":"https:\/\/lesfeespapillons-mineraux.com\/?post_type=product&#038;p=17338"},"modified":"2024-09-20T20:13:42","modified_gmt":"2024-09-20T18:13:42","slug":"bague-touareg-en-argent-925-et-ebene-3","status":"publish","type":"product","link":"https:\/\/lesfeespapillons-mineraux.com\/index.php\/produit\/bague-touareg-en-argent-925-et-ebene-3\/","title":{"rendered":"Bague Touareg en argent 925 et \u00e9b\u00e8ne"},"content":{"rendered":"<p>Bijoux Touareg traditionnel de la coop\u00e9rative d&rsquo;Agadez au nord du Niger. Collection en argent 925 avec ou sans \u00e9b\u00e8ne. Les gravures repr\u00e9sentent les dunes, les \u00e9toiles ou les signes des tribus nomades.<\/p>\n","protected":false},"excerpt":{"rendered":"<p>Bijoux Touareg traditionnel de la coop\u00e9rative d&rsquo;Agadez au nord du Niger. Collection en argent 925 avec ou sans \u00e9b\u00e8ne. Les gravures repr\u00e9sentent les dunes, les \u00e9toiles ou les signes des tribus nomades.<\/p>\n","protected":false},"featured_media":17340,"template":"","meta":[],"product_brand":[],"product_cat":[96,107],"product_tag":[],"class_list":{"0":"post-17338","1":"product","2":"type-product","3":"status-publish","4":"has-post-thumbnail","6":"product_cat-bijoux","7":"product_cat-bijoux-argent","8":"pa_taille-de-bague-294","9":"pa_type-de-bijoux-bague","11":"first","12":"instock","13":"shipping-taxable","14":"purchasable","15":"product-type-simple"},"jetpack_sharing_enabled":true,"_links":{"self":[{"href":"https:\/\/lesfeespapillons-mineraux.com\/index.php\/wp-json\/wp\/v2\/product\/17338","targetHints":{"allow":["GET"]}}],"collection":[{"href":"https:\/\/lesfeespapillons-mineraux.com\/index.php\/wp-json\/wp\/v2\/product"}],"about":[{"href":"https:\/\/lesfeespapillons-mineraux.com\/index.php\/wp-json\/wp\/v2\/types\/product"}],"wp:featuredmedia":[{"embeddable":true,"href":"https:\/\/lesfeespapillons-mineraux.com\/index.php\/wp-json\/wp\/v2\/media\/17340"}],"wp:attachment":[{"href":"https:\/\/lesfeespapillons-mineraux.com\/index.php\/wp-json\/wp\/v2\/media?parent=17338"}],"wp:term":[{"taxonomy":"product_brand","embeddable":true,"href":"https:\/\/lesfeespapillons-mineraux.com\/index.php\/wp-json\/wp\/v2\/product_brand?post=17338"},{"taxonomy":"product_cat","embeddable":true,"href":"https:\/\/lesfeespapillons-mineraux.com\/index.php\/wp-json\/wp\/v2\/product_cat?post=17338"},{"taxonomy":"product_tag","embeddable":true,"href":"https:\/\/lesfeespapillons-mineraux.com\/index.php\/wp-json\/wp\/v2\/product_tag?post=17338"}],"curies":[{"name":"wp","href":"https:\/\/api.w.org\/{rel}","templated":true}]}}