{"id":17172,"date":"2024-09-14T17:08:06","date_gmt":"2024-09-14T15:08:06","guid":{"rendered":"https:\/\/lesfeespapillons-mineraux.com\/?post_type=product&#038;p=17172"},"modified":"2024-09-27T15:06:53","modified_gmt":"2024-09-27T13:06:53","slug":"runes-3","status":"publish","type":"product","link":"https:\/\/lesfeespapillons-mineraux.com\/index.php\/produit\/runes-3\/","title":{"rendered":"Runes en quartz rose"},"content":{"rendered":"<p style=\"text-align: center\"><strong>Les Runes<\/strong><\/p>\n<p>Les runes sont des symboles issus des alphabets utilis\u00e9s par les anciens peuples germaniques, notamment les Scandinaves et les Anglo-Saxons. Chaque rune poss\u00e8de une signification sp\u00e9cifique et est souvent associ\u00e9e \u00e0 des concepts mystiques, magiques ou spirituels.<\/p>\n<p><strong>Origine :<\/strong><\/p>\n<ul>\n<li>Les runes ont \u00e9t\u00e9 utilis\u00e9es principalement entre le Ier et le XIIe si\u00e8cle, avec des inscriptions retrouv\u00e9es sur des pierres, des armes, des outils et des objets du quotidien.<\/li>\n<li>L&rsquo;alphabet runique le plus connu est le Futhark, qui tire son nom des six premi\u00e8res runes de l&rsquo;alphabet : F, U, \u00de (Thorn), A, R et K.<\/li>\n<\/ul>\n<p><strong>Types d&rsquo;alphabets runiques :<\/strong><\/p>\n<ol>\n<li><strong>Futhark ancien :<\/strong> Utilis\u00e9 par les peuples germaniques du Ier au VIIIe si\u00e8cle, il compte 24 runes.<\/li>\n<li><strong>Futhark jeune :<\/strong> D\u00e9velopp\u00e9 au VIIIe si\u00e8cle, il comprend 16 runes et est utilis\u00e9 principalement en Scandinavie.<\/li>\n<li><strong>Futhark anglo-saxon :<\/strong> Comprend 28 runes, avec des lettres suppl\u00e9mentaires adapt\u00e9es \u00e0 la langue anglo-saxonne.<\/li>\n<\/ol>\n<p><strong>Symbolisme et signification des runes :<\/strong><\/p>\n<p>Chaque rune poss\u00e8de une signification et des associations sp\u00e9cifiques :<\/p>\n<ol>\n<li><strong>Fehu (F) :<\/strong> Richesse, prosp\u00e9rit\u00e9, r\u00e9ussite mat\u00e9rielle.<\/li>\n<li><strong>Uruz (U) :<\/strong> Force, sant\u00e9, \u00e9nergie, vitalit\u00e9.<\/li>\n<li><strong>Thurisaz (\u00de) :<\/strong> Protection, d\u00e9fense, lutte contre les obstacles.<\/li>\n<li><strong>Ansuz (A) :<\/strong> Communication, sagesse, inspiration divine.<\/li>\n<li><strong>Raido (R) :<\/strong> Voyage, mouvement, changement, harmonie.<\/li>\n<li><strong>Kenaz (K) :<\/strong> Connaissance, illumination, cr\u00e9ativit\u00e9.<\/li>\n<li><strong>Gebo (G) :<\/strong> \u00c9change, g\u00e9n\u00e9rosit\u00e9, partenariats.<\/li>\n<li><strong>Wunjo (W) :<\/strong> Joie, bonheur, harmonie.<\/li>\n<li><strong>Hagalaz (H) :<\/strong> Changement, destruction, forces naturelles.<\/li>\n<li><strong>Nauthiz (N) :<\/strong> Besoin, contrainte, survie.<\/li>\n<li><strong>Isa (I) :<\/strong> Gel, stagnation, repos, contemplation.<\/li>\n<li><strong>Jera (J) :<\/strong> Cycle des saisons, r\u00e9colte, r\u00e9sultats.<\/li>\n<li><strong>Eihwaz (E) :<\/strong> Protection, d\u00e9fense, transition.<\/li>\n<li><strong>Perthro (P) :<\/strong> Destin, myst\u00e8re, chances, r\u00e9v\u00e9lations.<\/li>\n<li><strong>Algiz (Z) :<\/strong> Protection, d\u00e9fense spirituelle, connexion divine.<\/li>\n<li><strong>Sowilo (S) :<\/strong> Victoire, succ\u00e8s, \u00e9nergie vitale.<\/li>\n<li><strong>Tiwaz (T) :<\/strong> Justice, sacrifice, honneur.<\/li>\n<li><strong>Berkano (B) :<\/strong> Croissance, fertilit\u00e9, renouveau.<\/li>\n<li><strong>Ehwaz (E) :<\/strong> Partenariat, mouvement, travail en \u00e9quipe.<\/li>\n<li><strong>Madr (M) :<\/strong> Humanit\u00e9, connexions, liens familiaux.<\/li>\n<li><strong>Laguz (L) :<\/strong> \u00c9motions, intuition, fluidit\u00e9.<\/li>\n<li><strong>Inguz (Ng) :<\/strong> Nouveau d\u00e9part, fertilit\u00e9, potentiel.<\/li>\n<li><strong>Dagaz (D) :<\/strong> \u00c9veil, renouveau, transformation.<\/li>\n<li><strong>Othala (O) :<\/strong> H\u00e9ritage, racines, propri\u00e9t\u00e9, tradition.<\/li>\n<\/ol>\n<p><strong>Utilisations des runes :<\/strong><\/p>\n<ul>\n<li><strong>Divination :<\/strong> Les runes sont souvent utilis\u00e9es comme outil de divination. Les praticiens tirent des runes pour obtenir des conseils ou des r\u00e9ponses \u00e0 des questions sp\u00e9cifiques.<\/li>\n<li><strong>Magie runique :<\/strong> Les runes sont \u00e9galement employ\u00e9es dans des rituels magiques pour attirer des \u00e9nergies sp\u00e9cifiques ou pour effectuer des protections.<\/li>\n<li><strong>Inscriptions historiques :<\/strong> Les runes \u00e9taient grav\u00e9es sur des objets pour des raisons comm\u00e9moratives, magiques ou spirituelles.<\/li>\n<\/ul>\n<p><strong>Pratique moderne :<\/strong><\/p>\n<ul>\n<li>Aujourd&rsquo;hui, les runes suscitent un int\u00e9r\u00eat croissant dans la spiritualit\u00e9 n\u00e9o-pa\u00efenne et l&rsquo;\u00e9sot\u00e9risme.<\/li>\n<li>Elles sont souvent int\u00e9gr\u00e9es dans des pratiques de m\u00e9ditation, de d\u00e9veloppement personnel et de recherche de l&rsquo;\u00e2me.<\/li>\n<\/ul>\n<p><strong>Conclusion :<\/strong><\/p>\n<p>Les runes sont bien plus que de simples lettres. Elles repr\u00e9sentent un syst\u00e8me complexe de symboles charg\u00e9s de significations spirituelles et mystiques. Que ce soit dans le cadre de la divination, de la magie ou de l&rsquo;expression personnelle, les runes continuent d&rsquo;inspirer et d&rsquo;influencer de nombreuses personnes \u00e0 travers le monde.<\/p>\n<p>&nbsp;<\/p>\n","protected":false},"excerpt":{"rendered":"<p>25 pi\u00e8ces en quartz rose<\/p>\n","protected":false},"featured_media":17173,"template":"","meta":[],"product_brand":[],"product_cat":[104,442],"product_tag":[],"class_list":{"0":"post-17172","1":"product","2":"type-product","3":"status-publish","4":"has-post-thumbnail","6":"product_cat-deco","7":"product_cat-divers","8":"pa_mineraux-quartz-rose","10":"first","11":"instock","12":"shipping-taxable","13":"purchasable","14":"product-type-simple"},"jetpack_sharing_enabled":true,"_links":{"self":[{"href":"https:\/\/lesfeespapillons-mineraux.com\/index.php\/wp-json\/wp\/v2\/product\/17172","targetHints":{"allow":["GET"]}}],"collection":[{"href":"https:\/\/lesfeespapillons-mineraux.com\/index.php\/wp-json\/wp\/v2\/product"}],"about":[{"href":"https:\/\/lesfeespapillons-mineraux.com\/index.php\/wp-json\/wp\/v2\/types\/product"}],"wp:featuredmedia":[{"embeddable":true,"href":"https:\/\/lesfeespapillons-mineraux.com\/index.php\/wp-json\/wp\/v2\/media\/17173"}],"wp:attachment":[{"href":"https:\/\/lesfeespapillons-mineraux.com\/index.php\/wp-json\/wp\/v2\/media?parent=17172"}],"wp:term":[{"taxonomy":"product_brand","embeddable":true,"href":"https:\/\/lesfeespapillons-mineraux.com\/index.php\/wp-json\/wp\/v2\/product_brand?post=17172"},{"taxonomy":"product_cat","embeddable":true,"href":"https:\/\/lesfeespapillons-mineraux.com\/index.php\/wp-json\/wp\/v2\/product_cat?post=17172"},{"taxonomy":"product_tag","embeddable":true,"href":"https:\/\/lesfeespapillons-mineraux.com\/index.php\/wp-json\/wp\/v2\/product_tag?post=17172"}],"curies":[{"name":"wp","href":"https:\/\/api.w.org\/{rel}","templated":true}]}}