{"id":17108,"date":"2024-06-18T11:12:02","date_gmt":"2024-06-18T09:12:02","guid":{"rendered":"https:\/\/lesfeespapillons-mineraux.com\/?post_type=product&#038;p=17108"},"modified":"2024-06-18T11:14:30","modified_gmt":"2024-06-18T09:14:30","slug":"tete-de-dragon-en-yooperlite","status":"publish","type":"product","link":"https:\/\/lesfeespapillons-mineraux.com\/index.php\/produit\/tete-de-dragon-en-yooperlite\/","title":{"rendered":"T\u00eate de dragon en Yooperlite"},"content":{"rendered":"<p style=\"text-align: center\"><strong>La yooperlite<\/strong><\/p>\n<p style=\"text-align: center\">Pierre de v\u00e9rit\u00e9<\/p>\n<p>&nbsp;<\/p>\n<p><u>Origine du nom\u00a0:<\/u> <em>du surnom \u00ab\u00a0yooper\u00a0\u00bb donn\u00e9 aux habitants de la p\u00e9ninsule sup\u00e9rieure du Michigan<\/em><\/p>\n<p>Roche de sy\u00e9nite contenant de la Sodalite fluorescente, d\u00e9couverte en 2018 par Erik Rintamaki sur les plages du lac sup\u00e9rieur dans le Michigan, aux Etats-Unis.<\/p>\n<p><u>Chakra\u00a0:<\/u> gorge<\/p>\n<p>&nbsp;<\/p>\n<p style=\"text-align: center\"><strong><u>Les vertus pr\u00eat\u00e9es \u00e0 cette pierre en lithoth\u00e9rapie <\/u><\/strong><\/p>\n<p><strong>Au niveau \u00e9motionnel et spirituel, <\/strong>la yooperlite facilite la communication et l\u2019expression de nos sentiments<\/p>\n<p><strong>Au niveau physique, <\/strong>elle est un bon soutien pour la gorge, aide \u00e0 g\u00e9rer les insomnies, les phobies et la col\u00e8re.<\/p>\n<p>&nbsp;<\/p>\n<p>&nbsp;<\/p>\n<p style=\"text-align: center\"><strong><u>Les moyens de purification\u00a0: <\/u><\/strong><\/p>\n<p>On pourra la purifier sous un filet d\u2019eau (de pr\u00e9f\u00e9rence d\u2019eau de source) ou dans les fum\u00e9es d\u2019encens (sauge blanche, dragon\u2019s blood, palo santo, tulsi\u2026)<\/p>\n<p>La yooperlite se recharge ensuite \u00e0 la lumi\u00e8re du soleil, sur un amas cristallin (am\u00e9thyste ou cristal de roche), sur un motif de fleur de vie ou dans une coquille Saint-Jacques&#8230;<\/p>\n<p>A chacun de trouver le rituel qui lui convient.<\/p>\n<p>&nbsp;<\/p>\n<p>&nbsp;<\/p>\n<p>&nbsp;<\/p>\n<p>&nbsp;<\/p>\n<p>&nbsp;<\/p>\n<p>&nbsp;<\/p>\n<p>&nbsp;<\/p>\n<p><sub>\u00a0<\/sub><\/p>\n<p>&nbsp;<\/p>\n<p>&nbsp;<\/p>\n","protected":false},"excerpt":{"rendered":"<p>7&#215;3,7&#215;3,5cm<\/p>\n","protected":false},"featured_media":17109,"template":"","meta":[],"product_brand":[],"product_cat":[104,440],"product_tag":[229,520,506,233,519,521],"class_list":{"0":"post-17108","1":"product","2":"type-product","3":"status-publish","4":"has-post-thumbnail","6":"product_cat-deco","7":"product_cat-sculptures","8":"product_tag-ancrage","9":"product_tag-centrage","10":"product_tag-digestion","11":"product_tag-inflammation","12":"product_tag-peurs","13":"product_tag-ulcere","14":"pa_mineraux-yooperlite","16":"first","17":"instock","18":"shipping-taxable","19":"purchasable","20":"product-type-simple"},"jetpack_sharing_enabled":true,"_links":{"self":[{"href":"https:\/\/lesfeespapillons-mineraux.com\/index.php\/wp-json\/wp\/v2\/product\/17108","targetHints":{"allow":["GET"]}}],"collection":[{"href":"https:\/\/lesfeespapillons-mineraux.com\/index.php\/wp-json\/wp\/v2\/product"}],"about":[{"href":"https:\/\/lesfeespapillons-mineraux.com\/index.php\/wp-json\/wp\/v2\/types\/product"}],"wp:featuredmedia":[{"embeddable":true,"href":"https:\/\/lesfeespapillons-mineraux.com\/index.php\/wp-json\/wp\/v2\/media\/17109"}],"wp:attachment":[{"href":"https:\/\/lesfeespapillons-mineraux.com\/index.php\/wp-json\/wp\/v2\/media?parent=17108"}],"wp:term":[{"taxonomy":"product_brand","embeddable":true,"href":"https:\/\/lesfeespapillons-mineraux.com\/index.php\/wp-json\/wp\/v2\/product_brand?post=17108"},{"taxonomy":"product_cat","embeddable":true,"href":"https:\/\/lesfeespapillons-mineraux.com\/index.php\/wp-json\/wp\/v2\/product_cat?post=17108"},{"taxonomy":"product_tag","embeddable":true,"href":"https:\/\/lesfeespapillons-mineraux.com\/index.php\/wp-json\/wp\/v2\/product_tag?post=17108"}],"curies":[{"name":"wp","href":"https:\/\/api.w.org\/{rel}","templated":true}]}}