{"id":17029,"date":"2024-06-15T17:15:23","date_gmt":"2024-06-15T15:15:23","guid":{"rendered":"https:\/\/lesfeespapillons-mineraux.com\/?post_type=product&#038;p=17029"},"modified":"2025-01-13T15:47:30","modified_gmt":"2025-01-13T14:47:30","slug":"bracelet-du-chakra-du-troisieme-oeil-en-apatite-lapis-lazuli-oeil-de-faucon-et-argent-925","status":"publish","type":"product","link":"https:\/\/lesfeespapillons-mineraux.com\/index.php\/produit\/bracelet-du-chakra-du-troisieme-oeil-en-apatite-lapis-lazuli-oeil-de-faucon-et-argent-925\/","title":{"rendered":"Bracelet \u00ab\u00a0vision int\u00e9rieure et expression de soi\u00a0\u00bb #4 et argent 925"},"content":{"rendered":"<p style=\"text-align: center\"><strong>Bracelet \u00ab\u00a0Vision Int\u00e9rieure et Expression de Soi\u00a0\u00bb<\/strong><\/p>\n<p><strong>\u00a0<\/strong><\/p>\n<p>Ce bracelet a \u00e9t\u00e9 con\u00e7u pour favoriser une vision int\u00e9rieure claire et une expression de soi authentique, tout en apportant une protection contre les \u00e9nergies n\u00e9gatives. Il aide \u00e0 renforcer la connexion spirituelle, la clart\u00e9 mentale et la capacit\u00e9 \u00e0 communiquer avec sinc\u00e9rit\u00e9. L\u2019apatite bleue stimule la communication, le lapis-lazuli soutient la v\u00e9rit\u00e9 int\u00e9rieure, et l&rsquo;\u0153il de faucon offre protection et acuit\u00e9 mentale.<\/p>\n<p><strong>\u00a0<\/strong><\/p>\n<p><strong>Compositions et Propri\u00e9t\u00e9s des Pierres :<\/strong><\/p>\n<ul>\n<li><strong>Apatite Bleue :<\/strong>\n<ul>\n<li><strong><em>Propri\u00e9t\u00e9s \u00c9nerg\u00e9tiques<\/em><\/strong><strong> : <\/strong>Connue pour sa capacit\u00e9 \u00e0 renforcer la concentration et la motivation, l&rsquo;apatite bleue est aussi une pierre d&rsquo;inspiration. Elle est id\u00e9ale pour d\u00e9bloquer la communication, renforcer l&rsquo;expression cr\u00e9ative et encourager l\u2019\u00e9coute active.<\/li>\n<li><strong><em>Bienfaits \u00c9motionnels<\/em><\/strong><strong> : <\/strong>Elle aide \u00e0 surmonter la confusion et les incertitudes, procurant ainsi un sentiment de calme int\u00e9rieur. L&rsquo;apatite est aussi r\u00e9put\u00e9e pour favoriser une approche positive des d\u00e9fis quotidiens.<\/li>\n<li><strong><em>Chakra associ\u00e9<\/em><\/strong><strong> : <\/strong>Chakra de la Gorge (5e chakra), ce qui la rend particuli\u00e8rement utile pour les personnes qui ont besoin de communiquer efficacement et d&rsquo;exprimer leur v\u00e9rit\u00e9 avec clart\u00e9.<\/li>\n<\/ul>\n<\/li>\n<\/ul>\n<p>&nbsp;<\/p>\n<ul>\n<li><strong>Lapis Lazuli :<\/strong>\n<ul>\n<li><strong><em>Propri\u00e9t\u00e9s \u00c9nerg\u00e9tiques<\/em><\/strong><strong> : <\/strong>Pierre de la v\u00e9rit\u00e9 et de la sagesse, le lapis-lazuli est utilis\u00e9 depuis l&rsquo;Antiquit\u00e9 pour renforcer l&rsquo;intuition et l&rsquo;autor\u00e9flexion. Il aide \u00e0 acc\u00e9der \u00e0 des niveaux de conscience sup\u00e9rieurs, favorisant ainsi l&rsquo;alignement spirituel et la clart\u00e9 int\u00e9rieure.<\/li>\n<li><strong><em>Bienfaits \u00c9motionnels<\/em><\/strong><strong> : <\/strong>Apporte l&rsquo;harmonie et l\u2019\u00e9quilibre en apaisant les tensions. C\u2019est une pierre qui soutient l\u2019acceptation de soi et aide \u00e0 surmonter les peurs qui emp\u00eachent de s\u2019exprimer pleinement.<\/li>\n<li><strong><em>Chakra associ\u00e9<\/em><\/strong><strong> : <\/strong>Chakra du Troisi\u00e8me \u0152il (6e chakra), stimulant la clairvoyance et la connaissance de soi.<\/li>\n<\/ul>\n<\/li>\n<\/ul>\n<p>&nbsp;<\/p>\n<ul>\n<li><strong>\u0152il de Faucon :<\/strong>\n<ul>\n<li><strong><em>Propri\u00e9t\u00e9s \u00c9nerg\u00e9tiques<\/em><\/strong><strong> : <\/strong>Pierre de protection mentale et \u00e9motionnelle, l&rsquo;\u0153il de faucon favorise une vue d\u2019ensemble des situations, aidant ainsi \u00e0 percevoir les nuances et \u00e0 \u00e9viter les pens\u00e9es limitantes. Il est id\u00e9al pour ceux qui cherchent \u00e0 \u00e9largir leur compr\u00e9hension et \u00e0 rester vigilants face aux influences n\u00e9gatives.<\/li>\n<li><strong><em>Bienfaits \u00c9motionnels<\/em><\/strong> : Favorise la paix int\u00e9rieure, l&rsquo;ancrage et la stabilit\u00e9 \u00e9motionnelle. Cette pierre aide \u00e0 rester calme et centr\u00e9, m\u00eame dans des environnements stressants ou perturbants.<\/li>\n<li><strong><em>Chakra associ\u00e9<\/em><\/strong><strong> : <\/strong>Chakra du Troisi\u00e8me \u0152il (6e chakra), mais il peut aussi agir sur le Chakra Racine (1er chakra) pour ancrer les \u00e9nergies spirituelles dans la r\u00e9alit\u00e9.<\/li>\n<\/ul>\n<\/li>\n<\/ul>\n<p><strong>\u00a0<\/strong><\/p>\n<p><strong>Bienfaits Combin\u00e9s du Bracelet :<\/strong><\/p>\n<ul>\n<li>Intuition et Clairvoyance : Gr\u00e2ce au lapis-lazuli et \u00e0 l\u2019\u0153il de faucon, ce bracelet d\u00e9veloppe les capacit\u00e9s intuitives, offrant ainsi une vision \u00e9largie des situations et des d\u00e9fis personnels.<\/li>\n<li>Expression Authentique : L&rsquo;apatite et le lapis-lazuli travaillent ensemble pour encourager une communication fluide et sinc\u00e8re, aidant \u00e0 surmonter les blocages \u00e9motionnels et \u00e0 exprimer ses pens\u00e9es avec assurance.<\/li>\n<li>Protection et Ancrage : L\u2019\u0153il de faucon agit comme un bouclier contre les \u00e9nergies n\u00e9gatives, permettant de rester centr\u00e9 et calme, tandis que le lapis-lazuli harmonise les \u00e9motions et l\u2019apatite aide \u00e0 stabiliser les fluctuations de pens\u00e9e.<\/li>\n<\/ul>\n<p><strong>\u00a0<\/strong><\/p>\n<p><strong>Recommandations d&rsquo;Utilisation :<\/strong><\/p>\n<p><strong><br \/>\n<\/strong>Ce bracelet est id\u00e9al pour les moments o\u00f9 l\u2019on a besoin de clart\u00e9 mentale, que ce soit pour prendre des d\u00e9cisions importantes, s\u2019exprimer dans des discussions sinc\u00e8res ou se prot\u00e9ger des influences ext\u00e9rieures. Il peut \u00eatre port\u00e9 au quotidien, ou lors de m\u00e9ditations ax\u00e9es sur l\u2019intuition et l\u2019expression de soi.<\/p>\n<p>Ce bracelet convient particuli\u00e8rement aux personnes qui cherchent \u00e0 d\u00e9velopper leur spiritualit\u00e9, \u00e0 approfondir leur connaissance d\u2019elles-m\u00eames et \u00e0 exprimer leurs pens\u00e9es et \u00e9motions de mani\u00e8re claire et authentique.<\/p>\n<p><strong>\u00a0<\/strong><\/p>\n<p><strong>Entretien et Rechargement :<\/strong><\/p>\n<ul>\n<li><strong>Purification : <\/strong>Purifiez le bracelet en le laissant reposer sur un lit de sel de mer ou en le passant sous la fum\u00e9e de sauge, de palo santo ou d\u2019encens. Ce processus aide \u00e0 \u00e9liminer les \u00e9nergies accumul\u00e9es.<\/li>\n<li><strong>Rechargement : <\/strong>Placez le bracelet sous la lumi\u00e8re de la lune pour recharger ses \u00e9nergies. Le lapis-lazuli et l&rsquo;\u0153il de faucon se rechargent \u00e9galement bien avec la lumi\u00e8re douce du soleil, mais veillez \u00e0 \u00e9viter une exposition prolong\u00e9e au soleil pour pr\u00e9server la couleur des pierres.<\/li>\n<li><strong>Conseils suppl\u00e9mentaires : <\/strong>Pour maximiser les effets du bracelet, prenez quelques instants chaque jour pour le tenir dans vos mains, visualiser votre intention, et vous connecter aux \u00e9nergies de chaque pierre.<\/li>\n<\/ul>\n<p><strong>\u00a0<\/strong><\/p>\n<p>Ce bracelet symbolise l\u2019alliance entre la vision int\u00e9rieure et l\u2019expression sinc\u00e8re. Il permet de trouver un \u00e9quilibre entre l\u2019esprit, le c\u0153ur et la parole, tout en restant ancr\u00e9 et prot\u00e9g\u00e9. C\u2019est un bijou id\u00e9al pour ceux qui aspirent \u00e0 une connexion profonde avec eux-m\u00eames et leur environnement.<\/p>\n<p>Ce bracelet est non seulement un accessoire de style, mais aussi un outil pr\u00e9cieux pour d\u00e9velopper et prot\u00e9ger son espace int\u00e9rieur, tout en s\u2019ouvrant aux autres avec sinc\u00e9rit\u00e9 et profondeur.<\/p>\n<p>&nbsp;<\/p>\n<p>&nbsp;<\/p>\n<p>&nbsp;<\/p>\n<p>&nbsp;<\/p>\n<p>&nbsp;<\/p>\n<p>&nbsp;<\/p>\n<p><sub>\u00a0<\/sub><\/p>\n<p>&nbsp;<\/p>\n<p>&nbsp;<\/p>\n","protected":false},"excerpt":{"rendered":"<p>Perles 4mm<\/p>\n<p>Apatite bleue, Lapis Lazuli et \u0153il de faucon<\/p>\n<p>Besoin d\u2019une autre taille ? Contactez-nous, on le fait sur mesure !<\/p>\n<p>&nbsp;<\/p>\n","protected":false},"featured_media":17030,"template":"","meta":[],"product_brand":[],"product_cat":[96,159,109],"product_tag":[713,676,144,741,515],"class_list":{"0":"post-17029","1":"product","2":"type-product","3":"status-publish","4":"has-post-thumbnail","6":"product_cat-bijoux","7":"product_cat-bijoux-perles","8":"product_cat-bijoux-pierres-naturelles","9":"product_tag-blocages-emotionnels","10":"product_tag-calme","11":"product_tag-communication","12":"product_tag-harmonie-emotionnelle","13":"product_tag-intuition","14":"pa_mineraux-apatite","15":"pa_mineraux-lapis-lazuli","16":"pa_mineraux-oeil-de-faucon","17":"pa_taille-de-bracelet-18cm","18":"pa_type-de-bijoux-bracelet","20":"first","21":"instock","22":"shipping-taxable","23":"purchasable","24":"product-type-simple"},"jetpack_sharing_enabled":true,"_links":{"self":[{"href":"https:\/\/lesfeespapillons-mineraux.com\/index.php\/wp-json\/wp\/v2\/product\/17029","targetHints":{"allow":["GET"]}}],"collection":[{"href":"https:\/\/lesfeespapillons-mineraux.com\/index.php\/wp-json\/wp\/v2\/product"}],"about":[{"href":"https:\/\/lesfeespapillons-mineraux.com\/index.php\/wp-json\/wp\/v2\/types\/product"}],"wp:featuredmedia":[{"embeddable":true,"href":"https:\/\/lesfeespapillons-mineraux.com\/index.php\/wp-json\/wp\/v2\/media\/17030"}],"wp:attachment":[{"href":"https:\/\/lesfeespapillons-mineraux.com\/index.php\/wp-json\/wp\/v2\/media?parent=17029"}],"wp:term":[{"taxonomy":"product_brand","embeddable":true,"href":"https:\/\/lesfeespapillons-mineraux.com\/index.php\/wp-json\/wp\/v2\/product_brand?post=17029"},{"taxonomy":"product_cat","embeddable":true,"href":"https:\/\/lesfeespapillons-mineraux.com\/index.php\/wp-json\/wp\/v2\/product_cat?post=17029"},{"taxonomy":"product_tag","embeddable":true,"href":"https:\/\/lesfeespapillons-mineraux.com\/index.php\/wp-json\/wp\/v2\/product_tag?post=17029"}],"curies":[{"name":"wp","href":"https:\/\/api.w.org\/{rel}","templated":true}]}}