{"id":16815,"date":"2024-06-09T21:24:08","date_gmt":"2024-06-09T19:24:08","guid":{"rendered":"https:\/\/lesfeespapillons-mineraux.com\/?post_type=product&#038;p=16815"},"modified":"2025-01-13T16:07:26","modified_gmt":"2025-01-13T15:07:26","slug":"bracelet-citrine-6mm-et-argent-925-2","status":"publish","type":"product","link":"https:\/\/lesfeespapillons-mineraux.com\/index.php\/produit\/bracelet-citrine-6mm-et-argent-925-2\/","title":{"rendered":"bracelet en citrine #6 et argent 925"},"content":{"rendered":"<div class=\"flex max-w-full flex-col flex-grow\">\n<div class=\"min-h-8 text-message flex w-full flex-col items-end gap-2 whitespace-normal break-words [.text-message+&amp;]:mt-5\" dir=\"auto\" data-message-author-role=\"assistant\" data-message-id=\"d213ccdc-1a10-4af9-9468-bc7ed6824c74\">\n<div class=\"flex w-full flex-col gap-1 empty:hidden first:pt-[3px]\">\n<div class=\"markdown prose w-full break-words dark:prose-invert dark\">\n<p style=\"text-align: center\"><strong>La Citrine<\/strong><\/p>\n<p style=\"text-align: center\"><strong>Famille :<\/strong> Quartz (Silice &#8211; Dioxyde de silicium)<\/p>\n<p>&nbsp;<\/p>\n<p><strong>Couleur :<\/strong><\/p>\n<ul>\n<li>La citrine pr\u00e9sente des teintes allant du <strong>jaune p\u00e2le<\/strong> au <strong>jaune dor\u00e9<\/strong>, voire au <strong>brun orang\u00e9<\/strong>. Les teintes plus fonc\u00e9es (souvent appel\u00e9es citrines chauff\u00e9es) sont obtenues par traitement thermique.<\/li>\n<\/ul>\n<p>&nbsp;<\/p>\n<p><strong>Origine :<\/strong><\/p>\n<ul>\n<li>Les principaux gisements de citrine se trouvent au <strong>Br\u00e9sil<\/strong>, \u00e0 <strong>Madagascar<\/strong>, en <strong>Espagne<\/strong>, en <strong>Russie<\/strong>, aux <strong>\u00c9tats-Unis<\/strong>, et dans certaines r\u00e9gions d&rsquo;<strong>Afrique<\/strong>. Une grande partie des citrines vendues sur le march\u00e9 sont des am\u00e9thystes chauff\u00e9es.<\/li>\n<\/ul>\n<p>&nbsp;<\/p>\n<p><strong>Composition chimique :<\/strong><\/p>\n<ul>\n<li><strong>Formule chimique :<\/strong> SiO\u2082 (Dioxyde de silicium)<\/li>\n<li>La couleur jaune est due \u00e0 la pr\u00e9sence de faibles quantit\u00e9s de <strong>fer<\/strong> dans la structure cristalline du quartz.<\/li>\n<\/ul>\n<p>&nbsp;<\/p>\n<p><strong>Duret\u00e9 sur l&rsquo;\u00e9chelle de Mohs :<\/strong><\/p>\n<ul>\n<li><strong>7\/10<\/strong> (elle est durable et r\u00e9sistante, ce qui en fait une pierre pris\u00e9e pour les bijoux)<\/li>\n<\/ul>\n<p>&nbsp;<\/p>\n<p><strong>Syst\u00e8me cristallin :<\/strong><\/p>\n<ul>\n<li><strong>Rhombo\u00e9drique (hexagonal)<\/strong><\/li>\n<\/ul>\n<p>&nbsp;<\/p>\n<p><strong>Propri\u00e9t\u00e9s en lithoth\u00e9rapie :<\/strong><\/p>\n<ul>\n<li><strong>\u00c9nergie positive et joie<\/strong> : La citrine est connue pour diffuser une \u00e9nergie de joie et de positivit\u00e9. Elle est souvent utilis\u00e9e pour am\u00e9liorer l&rsquo;humeur et cultiver une attitude optimiste.<\/li>\n<li><strong>Prosp\u00e9rit\u00e9 et abondance<\/strong> : Surnomm\u00e9e la \u00ab\u00a0pierre de la prosp\u00e9rit\u00e9\u00a0\u00bb, elle est associ\u00e9e \u00e0 l&rsquo;abondance mat\u00e9rielle et au succ\u00e8s. Beaucoup la placent dans leur espace de travail pour attirer la r\u00e9ussite financi\u00e8re.<\/li>\n<li><strong>Renforcement de la confiance en soi<\/strong> : La citrine stimule la confiance en soi et l&rsquo;estime de soi. Elle aide \u00e0 surmonter les doutes et \u00e0 se sentir plus s\u00fbr dans les prises de d\u00e9cision.<\/li>\n<li><strong>Cr\u00e9ativit\u00e9 et clart\u00e9 mentale<\/strong> : Elle est id\u00e9ale pour les personnes cherchant \u00e0 stimuler leur cr\u00e9ativit\u00e9 et \u00e0 clarifier leurs id\u00e9es. Elle permet de trouver de nouvelles perspectives et d\u2019\u00eatre plus productif.<\/li>\n<\/ul>\n<p>&nbsp;<\/p>\n<p><strong>Chakras associ\u00e9s :<\/strong><\/p>\n<ul>\n<li><strong>Chakra du plexus solaire<\/strong> (Manipura) : La citrine est fortement connect\u00e9e \u00e0 ce chakra, qui est le centre de la volont\u00e9, de la confiance en soi et de l&rsquo;estime de soi.<\/li>\n<\/ul>\n<p>&nbsp;<\/p>\n<p><strong>Utilisations :<\/strong><\/p>\n<ul>\n<li><strong>Bijoux<\/strong> : La citrine est souvent utilis\u00e9e en joaillerie (bagues, pendentifs, boucles d\u2019oreilles), gr\u00e2ce \u00e0 sa couleur chaude et son \u00e9clat.<\/li>\n<li><strong>D\u00e9coration<\/strong> : On la trouve fr\u00e9quemment dans les environnements professionnels ou \u00e0 la maison pour attirer l&rsquo;abondance et cr\u00e9er une atmosph\u00e8re harmonieuse.<\/li>\n<li><strong>M\u00e9ditation et pratiques spirituelles<\/strong> : Elle est utilis\u00e9e pour \u00e9quilibrer les chakras, notamment le plexus solaire, et pour augmenter la concentration et la clart\u00e9 mentale.<\/li>\n<\/ul>\n<p>&nbsp;<\/p>\n<p><strong>Entretien :<\/strong><\/p>\n<ul>\n<li><strong>Purification<\/strong> : La citrine peut \u00eatre purifi\u00e9e simplement sous de l\u2019eau claire. Elle n\u2019a pas besoin d&rsquo;\u00eatre purifi\u00e9e aussi souvent que d&rsquo;autres pierres, car elle ne retient pas les \u00e9nergies n\u00e9gatives.<\/li>\n<li><strong>Rechargement<\/strong> : Il est conseill\u00e9 de la recharger \u00e0 la lumi\u00e8re du soleil, car c&rsquo;est une pierre solaire. Cependant, il vaut mieux \u00e9viter une exposition prolong\u00e9e au soleil pour ne pas ternir sa couleur. On peut alors simplement la poser sur une g\u00e9ode d\u2019am\u00e9thyste.<\/li>\n<\/ul>\n<p>&nbsp;<\/p>\n<p><strong>Symbolisme et Histoire :<\/strong><\/p>\n<ul>\n<li><strong>Nom<\/strong> : Le nom \u00ab\u00a0citrine\u00a0\u00bb vient du mot latin \u00ab\u00a0citrus\u00a0\u00bb, en raison de sa couleur jaune rappelant le citron.<\/li>\n<li><strong>Symbolisme<\/strong> : Associ\u00e9e \u00e0 la richesse et \u00e0 la g\u00e9n\u00e9rosit\u00e9, la citrine a \u00e9t\u00e9 utilis\u00e9e \u00e0 travers l\u2019histoire pour attirer le succ\u00e8s et la prosp\u00e9rit\u00e9. En Gr\u00e8ce antique, elle \u00e9tait d\u00e9j\u00e0 utilis\u00e9e pour ses bienfaits suppos\u00e9s de protection et de gu\u00e9rison.<\/li>\n<li><strong>Histoire<\/strong> : Au Moyen \u00c2ge, elle \u00e9tait port\u00e9e pour se prot\u00e9ger contre les mauvais sorts et les poisons. Les marchands en faisaient \u00e9galement un talisman pour attirer la chance et les affaires florissantes.<\/li>\n<\/ul>\n<p>&nbsp;<\/p>\n<p><strong>\u00a0Compatibilit\u00e9 avec d\u2019autres pierres :<\/strong><\/p>\n<p>La citrine peut \u00eatre combin\u00e9e avec :<\/p>\n<ul>\n<li><strong>L\u2019\u0153il de tigre<\/strong> pour renforcer la confiance en soi.<\/li>\n<li><strong>Le quartz rose<\/strong> pour apporter de la douceur et de l&rsquo;amour dans le quotidien.<\/li>\n<li><strong>L\u2019am\u00e9thyste<\/strong> pour \u00e9quilibrer les \u00e9nergies spirituelles et cr\u00e9atives.<\/li>\n<li><strong>La cornaline et la fluorine <\/strong>pour les travaux intellectuels.<\/li>\n<\/ul>\n<p>&nbsp;<\/p>\n<p>La <strong>citrine<\/strong> est id\u00e9ale pour ceux qui cherchent \u00e0 cultiver la joie, la prosp\u00e9rit\u00e9 et la confiance en eux, tout en stimulant la cr\u00e9ativit\u00e9 et en clarifiant leur esprit. C\u2019est une pierre lumineuse qui apporte de l\u2019\u00e9nergie positive dans de nombreux aspects de la vie.<\/p>\n<p>&nbsp;<\/p>\n<\/div>\n<\/div>\n<\/div>\n<\/div>\n<p>&nbsp;<\/p>\n<p>&nbsp;<\/p>\n<p>&nbsp;<\/p>\n<p>&nbsp;<\/p>\n<p>&nbsp;<\/p>\n<p>&nbsp;<\/p>\n<p>&nbsp;<\/p>\n<p><sub>\u00a0<\/sub><\/p>\n<p>&nbsp;<\/p>\n<p>&nbsp;<\/p>\n<p>&nbsp;<\/p>\n<p>&nbsp;<\/p>\n<p>&nbsp;<\/p>\n<p>&nbsp;<\/p>\n<p><sub>\u00a0<\/sub><\/p>\n<p>&nbsp;<\/p>\n<p><sub>\u00a0<\/sub><\/p>\n<p>&nbsp;<\/p>\n<p>&nbsp;<\/p>\n<p>&nbsp;<\/p>\n<p>&nbsp;<\/p>\n<p>&nbsp;<\/p>\n<p>&nbsp;<\/p>\n<p><sub>\u00a0<\/sub><\/p>\n<p>&nbsp;<\/p>\n<p>&nbsp;<\/p>\n<p>&nbsp;<\/p>\n<p>&nbsp;<\/p>\n<p>&nbsp;<\/p>\n<p>&nbsp;<\/p>\n<p><sub>\u00a0<\/sub><\/p>\n<p>&nbsp;<\/p>\n<p><sub>\u00a0<\/sub><\/p>\n<p>&nbsp;<\/p>\n","protected":false},"excerpt":{"rendered":"<p>Perles 6mm<\/p>\n<p>Besoin d\u2019une autre taille ? Contactez-nous, on le fait sur mesure !<\/p>\n","protected":false},"featured_media":16816,"template":"","meta":[],"product_brand":[],"product_cat":[96,159,109],"product_tag":[478,506,232,505,288,287],"class_list":{"0":"post-16815","1":"product","2":"type-product","3":"status-publish","4":"has-post-thumbnail","6":"product_cat-bijoux","7":"product_cat-bijoux-perles","8":"product_cat-bijoux-pierres-naturelles","9":"product_tag-confiance","10":"product_tag-digestion","11":"product_tag-fatigue","12":"product_tag-inquietude","13":"product_tag-joie","14":"product_tag-optimisme","15":"pa_mineraux-citrine","16":"pa_taille-de-bracelet-19cm","17":"pa_type-de-bijoux-bracelet","19":"first","20":"instock","21":"shipping-taxable","22":"purchasable","23":"product-type-simple"},"jetpack_sharing_enabled":true,"_links":{"self":[{"href":"https:\/\/lesfeespapillons-mineraux.com\/index.php\/wp-json\/wp\/v2\/product\/16815","targetHints":{"allow":["GET"]}}],"collection":[{"href":"https:\/\/lesfeespapillons-mineraux.com\/index.php\/wp-json\/wp\/v2\/product"}],"about":[{"href":"https:\/\/lesfeespapillons-mineraux.com\/index.php\/wp-json\/wp\/v2\/types\/product"}],"wp:featuredmedia":[{"embeddable":true,"href":"https:\/\/lesfeespapillons-mineraux.com\/index.php\/wp-json\/wp\/v2\/media\/16816"}],"wp:attachment":[{"href":"https:\/\/lesfeespapillons-mineraux.com\/index.php\/wp-json\/wp\/v2\/media?parent=16815"}],"wp:term":[{"taxonomy":"product_brand","embeddable":true,"href":"https:\/\/lesfeespapillons-mineraux.com\/index.php\/wp-json\/wp\/v2\/product_brand?post=16815"},{"taxonomy":"product_cat","embeddable":true,"href":"https:\/\/lesfeespapillons-mineraux.com\/index.php\/wp-json\/wp\/v2\/product_cat?post=16815"},{"taxonomy":"product_tag","embeddable":true,"href":"https:\/\/lesfeespapillons-mineraux.com\/index.php\/wp-json\/wp\/v2\/product_tag?post=16815"}],"curies":[{"name":"wp","href":"https:\/\/api.w.org\/{rel}","templated":true}]}}