{"id":16742,"date":"2024-06-08T16:24:30","date_gmt":"2024-06-08T14:24:30","guid":{"rendered":"https:\/\/lesfeespapillons-mineraux.com\/?post_type=product&#038;p=16742"},"modified":"2025-02-19T22:49:58","modified_gmt":"2025-02-19T21:49:58","slug":"boucles-doreille-chakra-coronal-10mm-en-lepidolite-amethyste-et-cacoxenite-et-argent-925","status":"publish","type":"product","link":"https:\/\/lesfeespapillons-mineraux.com\/index.php\/produit\/boucles-doreille-chakra-coronal-10mm-en-lepidolite-amethyste-et-cacoxenite-et-argent-925\/","title":{"rendered":"Boucles d&rsquo;oreille chakra coronal et argent 925"},"content":{"rendered":"<p style=\"text-align: center\"><strong>L&rsquo;am\u00e9thyste<\/strong><\/p>\n<p style=\"text-align: center\"><strong>Sa couleur lui vient de traces de fer et de mangan\u00e8se<\/strong><\/p>\n<p>&nbsp;<\/p>\n<p><u>Origine du nom\u00a0:<\/u> <em>du grec \u00ab\u00a0a\u00a0\u00bb (sans) \u00ab\u00a0m\u00e9thys\u00a0\u00bb (alcool)<\/em><\/p>\n<p><em><u>Classe cristalline\u00a0:<\/u><\/em><em> Quartz<\/em><\/p>\n<p><em><u>Formule chimique\u00a0:<\/u><\/em> SiO<sub>2 <\/sub>(dioxyde de silicium)<\/p>\n<p><u>Duret\u00e9\u00a0:<\/u> 7 selon l\u2019\u00e9chelle de Mohs<\/p>\n<p><u>Syst\u00e8me cristallin\u00a0<\/u>: rhombo\u00e9drique<\/p>\n<p><u>Densit\u00e9\u00a0:<\/u> 2,58-2,64<\/p>\n<p><u>Gisements\u00a0:<\/u> Afrique du Sud, Autriche, Br\u00e9sil, \u00c9tats-Unis, France, Inde, Maroc, Mexique, Namibie, Slovaquie, Sri Lanka, Uruguay<\/p>\n<p><u>Chakra\u00a0:<\/u> coronal<\/p>\n<p>&nbsp;<\/p>\n<p style=\"text-align: center\"><strong><u>Les vertus pr\u00eat\u00e9es \u00e0 cette pierre en Lithoth\u00e9rapie :<br \/>\n<\/u><\/strong><\/p>\n<p>&nbsp;<\/p>\n<p><strong>Au niveau \u00e9motionnel et spirituel, <\/strong>l\u2019am\u00e9thyste harmonise le lieu dans lequel elle se trouve, elle apporte la paix int\u00e9rieure, le calme mental et l\u2019acuit\u00e9 intellectuelle, elle favorise les r\u00eaves et intuitions paisibles et lib\u00e8re des pens\u00e9es obsessionnelles.<\/p>\n<p><strong>Au niveau physique, <\/strong>l\u2019am\u00e9thyste aide \u00e0 travailler sur les addictions, aide \u00e0 g\u00e9rer les migraines et les douleurs li\u00e9es \u00e0 l\u2019arthrite, elle pourra \u00eatre un soutien pour la cicatrisation.<\/p>\n<p><strong>Au niveau \u00e9nerg\u00e9tique : <\/strong>Elle \u00e9nergise les autres pierres, \u00e9quilibre les corps \u00e9nerg\u00e9tiques et purifie l\u2019aura de celui qui la porte.<\/p>\n<p>&nbsp;<\/p>\n<p>&nbsp;<\/p>\n<p>&nbsp;<\/p>\n<p>&nbsp;<\/p>\n<p style=\"text-align: center\"><strong>La Cacox\u00e9nite<\/strong><\/p>\n<p style=\"text-align: center\">pierre de l\u2019ascension<\/p>\n<p>&nbsp;<\/p>\n<p>Ici, le nom cacox\u00e9nite d\u00e9signe en fait un quartz (le plus souvent de l\u2019am\u00e9thyste) contenant des inclusions aciculaires de cacox\u00e9nite.<\/p>\n<p>&nbsp;<\/p>\n<p><u>Origine du nom\u00a0:<\/u> d\u00e9crite par le min\u00e9ralogiste Steinmann en 1825 sous le nom de Kacoxene, <em>du Grec \u00ab\u00a0kako\u00e7\u00a0\u00bb (mauvais), \u00ab\u00a0x\u00e9nos\u00a0\u00bb (\u00a0h\u00f4te\u00a0) parce que sa teneur en phosphore diminue la qualit\u00e9 du fer fondu \u00e0 partir du minerai en contenant.<\/em><\/p>\n<p><em><u>Formule chimique\u00a0:<\/u><\/em> Fe<sup>3+<\/sup><sub>24<\/sub>AI[(Oh)<sub>12<\/sub>|O<sub>6<\/sub>|(PO<sub>4)17<\/sub>]17H<sub>2<\/sub>O, phosphates hydrat\u00e9s.<\/p>\n<p><u>Duret\u00e9\u00a0:<\/u> 7 selon l\u2019\u00e9chelle de Mohs<\/p>\n<p><u>Syst\u00e8me cristallin\u00a0<\/u>: hexagonal<\/p>\n<p><u>Densit\u00e9\u00a0:<\/u> 2,26<\/p>\n<p>&nbsp;<\/p>\n<p>&nbsp;<\/p>\n<p>&nbsp;<\/p>\n<p style=\"text-align: center\"><strong><u>Les vertus pr\u00eat\u00e9es \u00e0 cette pierre en lithoth\u00e9rapie <\/u><\/strong><\/p>\n<p>&nbsp;<\/p>\n<p><strong>Au niveau \u00e9motionnel et spirituel, <\/strong>la cacox\u00e9nite \u00e9l\u00e8ve la conscience spirituelle et augmente la cr\u00e9ativit\u00e9.<\/p>\n<p><strong>Au niveau physique, <\/strong>elle est utilis\u00e9e comme support de r\u00e9g\u00e9n\u00e9ration des cellules.<\/p>\n<p><strong>Au niveau \u00e9nerg\u00e9tique, <\/strong>elle d\u00e9veloppe la clairvoyance et la clairaudience, augmente l\u2019\u00e9nergie dans les chakras sup\u00e9rieurs, permet de faire le lien entre ressenti \u00e9nerg\u00e9tique et vision globale. Elle facilite la vision de l\u2019aura et les sensations de l\u2019\u00e9nergie.<\/p>\n<p>&nbsp;<\/p>\n<p>&nbsp;<\/p>\n<p>&nbsp;<\/p>\n<p>&nbsp;<\/p>\n<p>&nbsp;<\/p>\n<p style=\"text-align: center\"><strong>La L\u00e9pidolite<\/strong><\/p>\n<p>&nbsp;<\/p>\n<p><u>Origine du nom\u00a0:<\/u> <em>du Grec \u00ab\u00a0l\u00e9pidos\u00a0\u00bb (\u00e9caille) et \u00ab\u00a0lithos\u00a0\u00bb (pierre), nomm\u00e9e en 1792 par Martin Heinrich Klaproth.<\/em><\/p>\n<p><em><u>Classe cristalline\u00a0:<\/u><\/em><em> Phyllosilicate <\/em><\/p>\n<p><em><u>Formule chimique\u00a0:<\/u><\/em> KLi<sub>2<\/sub>AI(AI, SI)<sub>3<\/sub>O<sub>10<\/sub>(F, OH)<sub>2 <\/sub>, mica lithinif\u00e8re<\/p>\n<p><u>Duret\u00e9\u00a0:<\/u> entre 6,5 et 7 selon l\u2019\u00e9chelle de Mohs<\/p>\n<p><u>Syst\u00e8me cristallin\u00a0<\/u>: monoclinique<\/p>\n<p><u>Densit\u00e9\u00a0:<\/u> 2,5 \u00e0 2,5<\/p>\n<p><u>Gisements\u00a0:<\/u> Br\u00e9sil, Canada, \u00c9tats-Unis, Inde, Madagascar, Norv\u00e8ge, Tanzanie, Zimbabwe\u2026<\/p>\n<p>&nbsp;<\/p>\n<p>&nbsp;<\/p>\n<p style=\"text-align: center\"><strong><u>Les vertus pr\u00eat\u00e9es \u00e0 cette pierre en lithoth\u00e9rapie <\/u><\/strong><\/p>\n<p>&nbsp;<\/p>\n<p><strong>Au niveau \u00e9motionnel et spirituel, <\/strong>la l\u00e9pidolite aide \u00e0 g\u00e9rer les angoisses et le stress et nous aide \u00e0 \u00e9viter de ressasser les soucis et \u00e0 prendre les d\u00e9cisions, surtout li\u00e9es aux grands changements.<\/p>\n<p><strong>Au niveau physique, <\/strong>elle est utilis\u00e9e pour lutter contre les insomnies en aidant \u00e0 la d\u00e9contraction. Elle est utile en cas de douleurs musculaires et dorsales.<\/p>\n<p>&nbsp;<\/p>\n<p>&nbsp;<\/p>\n<p style=\"text-align: center\"><strong><u>Les moyens de purification\u00a0:<\/u><\/strong><\/p>\n<p>On pourra le purifier sous un filet d\u2019eau (de pr\u00e9f\u00e9rence d\u2019eau de source) ou dans les fum\u00e9es d\u2019encens (sauge blanche, dragon\u2019s blood, palo santo, tulsi\u2026)<\/p>\n<p>Il se recharge ensuite \u00e0 la lumi\u00e8re du soleil, sur un amas cristallin (am\u00e9thyste ou cristal de roche), sur un motif de fleur de vie ou dans une coquille Saint-Jacques \u2026<\/p>\n<p>\u00c0 chacun de trouver le rituel qui lui convient.<\/p>\n<p>&nbsp;<\/p>\n<p>&nbsp;<\/p>\n<p>&nbsp;<\/p>\n<p>&nbsp;<\/p>\n<p>&nbsp;<\/p>\n<p>&nbsp;<\/p>\n<p>&nbsp;<\/p>\n<p><sub>\u00a0<\/sub><\/p>\n<p>&nbsp;<\/p>\n<p>&nbsp;<\/p>\n<p>&nbsp;<\/p>\n<p>&nbsp;<\/p>\n<p>&nbsp;<\/p>\n<p>&nbsp;<\/p>\n<p>&nbsp;<\/p>\n<p>&nbsp;<\/p>\n<p><sub>\u00a0<\/sub><\/p>\n<p>&nbsp;<\/p>\n<p>&nbsp;<\/p>\n<p>&nbsp;<\/p>\n<p>&nbsp;<\/p>\n<p>&nbsp;<\/p>\n<p>&nbsp;<\/p>\n<p>&nbsp;<\/p>\n<p><sub>\u00a0<\/sub><\/p>\n<p>&nbsp;<\/p>\n","protected":false},"excerpt":{"rendered":"<p>Am\u00e9thyste, cacox\u00e9nite et L\u00e9pidolite<\/p>\n<p>perles 6, 8 et 10mm<\/p>\n<p>&nbsp;<\/p>\n<p>&nbsp;<\/p>\n<p><strong>\u00a0<\/strong><\/p>\n","protected":false},"featured_media":16755,"template":"","meta":[],"product_brand":[],"product_cat":[96,159,109],"product_tag":[132,134,135,130,133,131],"class_list":{"0":"post-16742","1":"product","2":"type-product","3":"status-publish","4":"has-post-thumbnail","6":"product_cat-bijoux","7":"product_cat-bijoux-perles","8":"product_cat-bijoux-pierres-naturelles","9":"product_tag-addictions","10":"product_tag-arthrite","11":"product_tag-cicatrisation","12":"product_tag-harmonie","13":"product_tag-migraines","14":"product_tag-sommeil","15":"pa_mineraux-amethyste","16":"pa_mineraux-cacoxenite","17":"pa_mineraux-lepidolite","18":"pa_piece-318","19":"pa_piece-319","20":"pa_piece-320","21":"pa_piece-322","22":"pa_piece-323","23":"pa_piece-416","24":"pa_type-de-bijoux-boucles-doreille","26":"first","27":"instock","28":"shipping-taxable","29":"purchasable","30":"product-type-variable"},"jetpack_sharing_enabled":true,"_links":{"self":[{"href":"https:\/\/lesfeespapillons-mineraux.com\/index.php\/wp-json\/wp\/v2\/product\/16742","targetHints":{"allow":["GET"]}}],"collection":[{"href":"https:\/\/lesfeespapillons-mineraux.com\/index.php\/wp-json\/wp\/v2\/product"}],"about":[{"href":"https:\/\/lesfeespapillons-mineraux.com\/index.php\/wp-json\/wp\/v2\/types\/product"}],"wp:featuredmedia":[{"embeddable":true,"href":"https:\/\/lesfeespapillons-mineraux.com\/index.php\/wp-json\/wp\/v2\/media\/16755"}],"wp:attachment":[{"href":"https:\/\/lesfeespapillons-mineraux.com\/index.php\/wp-json\/wp\/v2\/media?parent=16742"}],"wp:term":[{"taxonomy":"product_brand","embeddable":true,"href":"https:\/\/lesfeespapillons-mineraux.com\/index.php\/wp-json\/wp\/v2\/product_brand?post=16742"},{"taxonomy":"product_cat","embeddable":true,"href":"https:\/\/lesfeespapillons-mineraux.com\/index.php\/wp-json\/wp\/v2\/product_cat?post=16742"},{"taxonomy":"product_tag","embeddable":true,"href":"https:\/\/lesfeespapillons-mineraux.com\/index.php\/wp-json\/wp\/v2\/product_tag?post=16742"}],"curies":[{"name":"wp","href":"https:\/\/api.w.org\/{rel}","templated":true}]}}