{"id":16649,"date":"2024-06-06T14:07:03","date_gmt":"2024-06-06T12:07:03","guid":{"rendered":"https:\/\/lesfeespapillons-mineraux.com\/?post_type=product&#038;p=16649"},"modified":"2024-06-06T15:14:01","modified_gmt":"2024-06-06T13:14:01","slug":"pendentif-en-obsidienne-doree-et-argent-925","status":"publish","type":"product","link":"https:\/\/lesfeespapillons-mineraux.com\/index.php\/produit\/pendentif-en-obsidienne-doree-et-argent-925\/","title":{"rendered":"Pendentif en obsidienne dor\u00e9e et argent 925"},"content":{"rendered":"<p style=\"text-align: center\"><strong>L\u2019obsidienne<\/strong><\/p>\n<p style=\"text-align: center\">Roche volcanique vitreuse de couleur sombre<\/p>\n<p>&nbsp;<\/p>\n<p>&nbsp;<\/p>\n<p><em>\u00a0<\/em><em><u>Formule chimique\u00a0:<\/u><\/em> SiO<sub>2<\/sub> (dioxyde de silicium \u00e0 70%) avec des impuret\u00e9s de fer et de magn\u00e9sium<\/p>\n<p><u>Duret\u00e9\u00a0:<\/u> 5,5 selon l\u2019\u00e9chelle de Mohs<\/p>\n<p><u>Syst\u00e8me cristallin\u00a0<\/u>: amorphe<\/p>\n<p><u>Densit\u00e9\u00a0:<\/u> 2-3<\/p>\n<p><u>Gisements\u00a0:<\/u> Hawa\u00ef, Hongrie Indon\u00e9sie, Islande, Japon, Java, Mexique.<\/p>\n<p><u>Chakra\u00a0:<\/u> 3<sup>\u00e8me<\/sup> \u0153il<\/p>\n<p>&nbsp;<\/p>\n<p style=\"text-align: center\"><strong><u>Les vertus pr\u00eat\u00e9es \u00e0 cette pierre en lithoth\u00e9rapie <\/u><\/strong><\/p>\n<p><strong>Au niveau \u00e9motionnel et spirituel, <\/strong>l\u2019obsidienne calme les peurs et la d\u00e9pression, elle nous place face \u00e0 nos v\u00e9rit\u00e9s et nous aide \u00e0 nous ancrer et nous recentrer.<\/p>\n<p><strong>Au niveau physique, <\/strong>elle fortifie le syst\u00e8me osseux et am\u00e9liore la circulation du sang. Sur le chakra solaire, elle calmera les aigreurs et ulc\u00e8res d\u2019estomac. On pourra \u00e9galement l\u2019utiliser seule ou associ\u00e9e \u00e0 une malachite pour ses vertus anti-inflammatoires.<\/p>\n<p>&nbsp;<\/p>\n<p style=\"text-align: center\"><strong><u>Les moyens de purification\u00a0:<\/u><\/strong><\/p>\n<p>L\u2019obsidienne n\u2019a pas besoin d\u2019\u00eatre purifi\u00e9e ou recharg\u00e9e.<\/p>\n<p>&nbsp;<\/p>\n<p>&nbsp;<\/p>\n<p>&nbsp;<\/p>\n<p>&nbsp;<\/p>\n<p><sub>\u00a0<\/sub><\/p>\n<p>&nbsp;<\/p>\n","protected":false},"excerpt":{"rendered":"<p>2,8&#215;1,5&#215;4,4cm<\/p>\n","protected":false},"featured_media":16650,"template":"","meta":[],"product_brand":[],"product_cat":[96,109],"product_tag":[229,520,506,233,519,521],"class_list":{"0":"post-16649","1":"product","2":"type-product","3":"status-publish","4":"has-post-thumbnail","6":"product_cat-bijoux","7":"product_cat-bijoux-pierres-naturelles","8":"product_tag-ancrage","9":"product_tag-centrage","10":"product_tag-digestion","11":"product_tag-inflammation","12":"product_tag-peurs","13":"product_tag-ulcere","14":"pa_mineraux-obsidienne","15":"pa_type-de-bijoux-pendentif","17":"first","18":"instock","19":"shipping-taxable","20":"purchasable","21":"product-type-simple"},"jetpack_sharing_enabled":true,"_links":{"self":[{"href":"https:\/\/lesfeespapillons-mineraux.com\/index.php\/wp-json\/wp\/v2\/product\/16649","targetHints":{"allow":["GET"]}}],"collection":[{"href":"https:\/\/lesfeespapillons-mineraux.com\/index.php\/wp-json\/wp\/v2\/product"}],"about":[{"href":"https:\/\/lesfeespapillons-mineraux.com\/index.php\/wp-json\/wp\/v2\/types\/product"}],"wp:featuredmedia":[{"embeddable":true,"href":"https:\/\/lesfeespapillons-mineraux.com\/index.php\/wp-json\/wp\/v2\/media\/16650"}],"wp:attachment":[{"href":"https:\/\/lesfeespapillons-mineraux.com\/index.php\/wp-json\/wp\/v2\/media?parent=16649"}],"wp:term":[{"taxonomy":"product_brand","embeddable":true,"href":"https:\/\/lesfeespapillons-mineraux.com\/index.php\/wp-json\/wp\/v2\/product_brand?post=16649"},{"taxonomy":"product_cat","embeddable":true,"href":"https:\/\/lesfeespapillons-mineraux.com\/index.php\/wp-json\/wp\/v2\/product_cat?post=16649"},{"taxonomy":"product_tag","embeddable":true,"href":"https:\/\/lesfeespapillons-mineraux.com\/index.php\/wp-json\/wp\/v2\/product_tag?post=16649"}],"curies":[{"name":"wp","href":"https:\/\/api.w.org\/{rel}","templated":true}]}}