{"id":16643,"date":"2024-06-06T13:56:18","date_gmt":"2024-06-06T11:56:18","guid":{"rendered":"https:\/\/lesfeespapillons-mineraux.com\/?post_type=product&#038;p=16643"},"modified":"2024-06-06T13:58:25","modified_gmt":"2024-06-06T11:58:25","slug":"pendentif-navajo-en-turquoise-naturelle-et-argent-925-3","status":"publish","type":"product","link":"https:\/\/lesfeespapillons-mineraux.com\/index.php\/produit\/pendentif-navajo-en-turquoise-naturelle-et-argent-925-3\/","title":{"rendered":"Pendentif Navajo en turquoise naturelle et argent 925"},"content":{"rendered":"<p style=\"text-align: center\"><strong>La turquoise<\/strong><\/p>\n<p style=\"text-align: center\"><strong>Pierre des voyageurs<\/strong><\/p>\n<p>&nbsp;<\/p>\n<p>&nbsp;<\/p>\n<p><u>Origine du nom\u00a0:<\/u> <em>de l\u2019adjectif f\u00e9minin fran\u00e7ais du XVI si\u00e8cle turqueise \u00ab\u00a0turc\u00a0\u00bb<\/em><\/p>\n<p><em><u>Formule chimique\u00a0:<\/u><\/em> CuAl<sub>6 <\/sub>(PO<sub>4<\/sub>)<sub>4<\/sub>(OH)<sub>8<\/sub>4H<sub>2<\/sub>Q<\/p>\n<p><u>Duret\u00e9\u00a0:<\/u> 5 \u00e0 6 selon l\u2019\u00e9chelle de Mohs<\/p>\n<p><u>Syst\u00e8me cristallin\u00a0<\/u>: triclinique<\/p>\n<p><u>Densit\u00e9\u00a0:<\/u> 2,6-2,9<\/p>\n<p><u>Gisements\u00a0:<\/u> Iran, Mexique, USA, Chili, Australie\u2026<\/p>\n<p><u>Chakra\u00a0:<\/u> gorge<\/p>\n<p>&nbsp;<\/p>\n<p>&nbsp;<\/p>\n<p style=\"text-align: center\"><strong><u>Les vertus pr\u00eat\u00e9es \u00e0 cette pierre en lithoth\u00e9rapie <\/u><\/strong><\/p>\n<p>&nbsp;<\/p>\n<p><strong>Au niveau \u00e9motionnel et spirituel, <\/strong>la turquoise prot\u00e8ge des pens\u00e9es n\u00e9gatives, aide au discernement et \u00e0 la s\u00e9r\u00e9nit\u00e9, c\u2019est une pierre parfaite pour aider \u00e0 l\u2019adaptation et \u00e0 la souplesse intellectuelle.<\/p>\n<p><strong>Au niveau physique, <\/strong>elle est un bon soutien pour la gorge et les voies respiratoires<\/p>\n<p><strong>Au niveau \u00e9nerg\u00e9tique : <\/strong>Elle absorbe rapidement les perturbations caus\u00e9es par des points g\u00e9opathog\u00e8nes.<\/p>\n<p>&nbsp;<\/p>\n<p><strong><u>Les moyens de purification\u00a0:<\/u><\/strong><\/p>\n<p>On pourra la purifier sous un filet d\u2019eau (de pr\u00e9f\u00e9rence d\u2019eau de source) ou dans les fum\u00e9es d\u2019encens (sauge blanche, dragon\u2019s blood, palo santo, tulsi\u2026)<\/p>\n<p>La turquoise se recharge ensuite \u00e0 la lumi\u00e8re du soleil, sur un amas cristallin (am\u00e9thyste ou cristal de roche), sur un motif de fleur de vie ou dans une coquille Saint-Jacques&#8230;<\/p>\n<p>A chacun de trouver le rituel qui lui convient.<\/p>\n<p>&nbsp;<\/p>\n<p>&nbsp;<\/p>\n<p>&nbsp;<\/p>\n<p>&nbsp;<\/p>\n<p>&nbsp;<\/p>\n<p>&nbsp;<\/p>\n<p>&nbsp;<\/p>\n<p><sub>\u00a0<\/sub><\/p>\n<p>&nbsp;<\/p>\n","protected":false},"excerpt":{"rendered":"<p>diam\u00e8tre : 1,2cm et 1,9cm<\/p>\n<p>longueur : 5cm<\/p>\n<p>Artiste Navajo Lorenzo Arviso<\/p>\n<p>turquoises de la mine de Sleeping Beauty<\/p>\n","protected":false},"featured_media":16644,"template":"","meta":[],"product_brand":[],"product_cat":[96,153,109],"product_tag":[656,498,481,130,508],"class_list":{"0":"post-16643","1":"product","2":"type-product","3":"status-publish","4":"has-post-thumbnail","6":"product_cat-bijoux","7":"product_cat-bijoux-argent-serti","8":"product_cat-bijoux-pierres-naturelles","9":"product_tag-adaptation","10":"product_tag-discernement","11":"product_tag-empathie","12":"product_tag-harmonie","13":"product_tag-serenite","14":"pa_mineraux-turquoise","15":"pa_type-de-bijoux-pendentif","17":"first","18":"instock","19":"shipping-taxable","20":"purchasable","21":"product-type-simple"},"jetpack_sharing_enabled":true,"_links":{"self":[{"href":"https:\/\/lesfeespapillons-mineraux.com\/index.php\/wp-json\/wp\/v2\/product\/16643","targetHints":{"allow":["GET"]}}],"collection":[{"href":"https:\/\/lesfeespapillons-mineraux.com\/index.php\/wp-json\/wp\/v2\/product"}],"about":[{"href":"https:\/\/lesfeespapillons-mineraux.com\/index.php\/wp-json\/wp\/v2\/types\/product"}],"wp:featuredmedia":[{"embeddable":true,"href":"https:\/\/lesfeespapillons-mineraux.com\/index.php\/wp-json\/wp\/v2\/media\/16644"}],"wp:attachment":[{"href":"https:\/\/lesfeespapillons-mineraux.com\/index.php\/wp-json\/wp\/v2\/media?parent=16643"}],"wp:term":[{"taxonomy":"product_brand","embeddable":true,"href":"https:\/\/lesfeespapillons-mineraux.com\/index.php\/wp-json\/wp\/v2\/product_brand?post=16643"},{"taxonomy":"product_cat","embeddable":true,"href":"https:\/\/lesfeespapillons-mineraux.com\/index.php\/wp-json\/wp\/v2\/product_cat?post=16643"},{"taxonomy":"product_tag","embeddable":true,"href":"https:\/\/lesfeespapillons-mineraux.com\/index.php\/wp-json\/wp\/v2\/product_tag?post=16643"}],"curies":[{"name":"wp","href":"https:\/\/api.w.org\/{rel}","templated":true}]}}