{"id":16496,"date":"2024-06-01T17:54:08","date_gmt":"2024-06-01T15:54:08","guid":{"rendered":"https:\/\/lesfeespapillons-mineraux.com\/?post_type=product&#038;p=16496"},"modified":"2024-12-27T15:25:45","modified_gmt":"2024-12-27T14:25:45","slug":"bracelet-lapis-lazuli-4mm-et-argent-925","status":"publish","type":"product","link":"https:\/\/lesfeespapillons-mineraux.com\/index.php\/produit\/bracelet-lapis-lazuli-4mm-et-argent-925\/","title":{"rendered":"Bracelet en lapis lazuli #4 et argent 925"},"content":{"rendered":"<p style=\"text-align: center\"><strong>Le Lapis Lazuli<\/strong><\/p>\n<p>&nbsp;<\/p>\n<p><em><u>Formule chimique\u00a0:<\/u><\/em> Na<sub>6<\/sub>Ca<sub>2<\/sub>(AlSiO<sub>4<\/sub>)<sub>6<\/sub>(SO<sub>4, <\/sub>S, S<sub>2, <\/sub>S<sub>3, <\/sub>CI, OH)<sub>2<\/sub><\/p>\n<p><u>Duret\u00e9\u00a0:<\/u> 5-6 selon l\u2019\u00e9chelle de Mohs<\/p>\n<p><u>Syst\u00e8me cristallin\u00a0<\/u>: Cubique<\/p>\n<p><u>Densit\u00e9\u00a0:<\/u> 2.7-3<\/p>\n<p><u>Gisements\u00a0:<\/u> Afghanistan, Argentine, Chili, Russie<\/p>\n<p><u>Chakra\u00a0:<\/u> 3<\/p>\n<p>&nbsp;<\/p>\n<p style=\"text-align: center\"><strong><u>Les vertus pr\u00eat\u00e9es \u00e0 cette pierre en lithoth\u00e9rapie <\/u><\/strong><\/p>\n<p><strong>Au niveau \u00e9motionnel et spirituel, <\/strong>le lapis lazuli est un bon support pour la cr\u00e9ativit\u00e9 et la concentration. Il aide \u00e0 d\u00e9velopper son intuition avec une bonne analyse et lucidit\u00e9 sur ce qui nous entoure. le Lapis lazuli est un bon support pour la cr\u00e9ativit\u00e9 et la concentration. Il aide \u00e0 d\u00e9velopper son intuition avec une bonne analyse et lucidit\u00e9 sur ce <strong>Au niveau physique, <\/strong>Il aide \u00e0 lutter contre les migraines et les n\u00e9vralgies. C\u2019est une bonne pierre pour travailler sur les probl\u00e8mes d\u2019\u00e9ruptions cutan\u00e9es et les inflammations ORL.<\/p>\n<p>&nbsp;<\/p>\n<p style=\"text-align: center\"><strong><u>Les moyens de purification\u00a0:<\/u><\/strong><\/p>\n<p>On pourra la purifier sous un filet d\u2019eau (de pr\u00e9f\u00e9rence d\u2019eau de source) ou dans les fum\u00e9es d\u2019encens (sauge blanche, dragon\u2019s blood, palo santo, tulsi\u2026)<\/p>\n<p>Le lapis lazuli se recharge ensuite \u00e0 la lumi\u00e8re du soleil , sur un amas cristallin (am\u00e9thyste ou cristal de roche), sur un motif de fleur de vie ou dans une coquille Saint-Jacques \u2026<\/p>\n<p>\u00c0 chacun de trouver le rituel qui lui convient<\/p>\n<p>&nbsp;<\/p>\n<p>&nbsp;<\/p>\n<p>&nbsp;<\/p>\n<p>&nbsp;<\/p>\n<p>&nbsp;<\/p>\n<p>&nbsp;<\/p>\n<p><sub>\u00a0<\/sub><\/p>\n<p>&nbsp;<\/p>\n<p>&nbsp;<\/p>\n","protected":false},"excerpt":{"rendered":"<p>taille : 18cm<\/p>\n","protected":false},"featured_media":16497,"template":"","meta":[],"product_brand":[],"product_cat":[96,159,109],"product_tag":[517,501,514,515,133,516],"class_list":{"0":"post-16496","1":"product","2":"type-product","3":"status-publish","4":"has-post-thumbnail","6":"product_cat-bijoux","7":"product_cat-bijoux-perles","8":"product_cat-bijoux-pierres-naturelles","9":"product_tag-clairvoyance","10":"product_tag-concentration","11":"product_tag-creativite","12":"product_tag-intuition","13":"product_tag-migraines","14":"product_tag-nevralgies","15":"pa_mineraux-lapis-lazuli","16":"pa_taille-de-bracelet-18cm","17":"pa_type-de-bijoux-bracelet","19":"first","20":"instock","21":"shipping-taxable","22":"purchasable","23":"product-type-simple"},"jetpack_sharing_enabled":true,"_links":{"self":[{"href":"https:\/\/lesfeespapillons-mineraux.com\/index.php\/wp-json\/wp\/v2\/product\/16496","targetHints":{"allow":["GET"]}}],"collection":[{"href":"https:\/\/lesfeespapillons-mineraux.com\/index.php\/wp-json\/wp\/v2\/product"}],"about":[{"href":"https:\/\/lesfeespapillons-mineraux.com\/index.php\/wp-json\/wp\/v2\/types\/product"}],"wp:featuredmedia":[{"embeddable":true,"href":"https:\/\/lesfeespapillons-mineraux.com\/index.php\/wp-json\/wp\/v2\/media\/16497"}],"wp:attachment":[{"href":"https:\/\/lesfeespapillons-mineraux.com\/index.php\/wp-json\/wp\/v2\/media?parent=16496"}],"wp:term":[{"taxonomy":"product_brand","embeddable":true,"href":"https:\/\/lesfeespapillons-mineraux.com\/index.php\/wp-json\/wp\/v2\/product_brand?post=16496"},{"taxonomy":"product_cat","embeddable":true,"href":"https:\/\/lesfeespapillons-mineraux.com\/index.php\/wp-json\/wp\/v2\/product_cat?post=16496"},{"taxonomy":"product_tag","embeddable":true,"href":"https:\/\/lesfeespapillons-mineraux.com\/index.php\/wp-json\/wp\/v2\/product_tag?post=16496"}],"curies":[{"name":"wp","href":"https:\/\/api.w.org\/{rel}","templated":true}]}}