{"id":16483,"date":"2024-06-01T17:38:36","date_gmt":"2024-06-01T15:38:36","guid":{"rendered":"https:\/\/lesfeespapillons-mineraux.com\/?post_type=product&#038;p=16483"},"modified":"2024-12-27T15:26:40","modified_gmt":"2024-12-27T14:26:40","slug":"clous-doreille-labradorite-serties-argent-925-10","status":"publish","type":"product","link":"https:\/\/lesfeespapillons-mineraux.com\/index.php\/produit\/clous-doreille-labradorite-serties-argent-925-10\/","title":{"rendered":"Clous d&rsquo;oreille en labradorite serties argent 925"},"content":{"rendered":"<div class=\"flex max-w-full flex-col flex-grow\">\n<div class=\"min-h-8 text-message flex w-full flex-col items-end gap-2 whitespace-normal break-words [.text-message+&amp;]:mt-5\" dir=\"auto\" data-message-author-role=\"assistant\" data-message-id=\"5fc1ff9f-80eb-40b3-8218-42cb2b7f2ccf\">\n<div class=\"flex w-full flex-col gap-1 empty:hidden first:pt-[3px]\">\n<div class=\"markdown prose w-full break-words dark:prose-invert dark\">\n<p style=\"text-align: center\"><strong>La \u00a0Labradorite<\/strong><\/p>\n<p style=\"text-align: center\"><strong>Famille : Feldspath<\/strong><\/p>\n<p><strong>\u00a0<\/strong><\/p>\n<ul>\n<li><strong>Groupe : Silicate<\/strong><\/li>\n<li><strong>Composition chimique : (Ca, Na)(Al, Si)\u2084O\u2088 (Aluminosilicate de calcium et de sodium)<\/strong><\/li>\n<li><strong>Couleur : Gris, bleu, vert, jaune, avec des irisations multicolores (souvent bleu\u00e2tres ou vertes)<\/strong><\/li>\n<li><strong>Duret\u00e9 sur l&rsquo;\u00e9chelle de Mohs : 6 \u00e0 6,5<\/strong><\/li>\n<li><strong>Origine du nom : Elle tire son nom de la r\u00e9gion du Labrador au Canada, o\u00f9 elle a \u00e9t\u00e9 d\u00e9couverte pour la premi\u00e8re fois en 1770<\/strong><\/li>\n<\/ul>\n<p>&nbsp;<\/p>\n<p><strong>Propri\u00e9t\u00e9s Physiques :<\/strong><\/p>\n<ul>\n<li><strong>Syst\u00e8me cristallin : Triclinique<\/strong><\/li>\n<li><strong>Transparence : Semi-transparente \u00e0 opaque<\/strong><\/li>\n<li><strong>Clivage : Parfait sur deux directions<\/strong><\/li>\n<li><strong>Irrisation : Ph\u00e9nom\u00e8ne optique caract\u00e9ristique appel\u00e9 labradorescence, donnant des reflets m\u00e9talliques souvent dans les teintes bleut\u00e9es ou verd\u00e2tre<\/strong><\/li>\n<\/ul>\n<p>&nbsp;<\/p>\n<p><strong>Origine et Gisements :<\/strong><\/p>\n<p><strong>La labradorite est pr\u00e9sente dans diff\u00e9rentes parties du monde, notamment :<\/strong><\/p>\n<p><strong>Canada (principalement au Labrador), <\/strong><strong>Finlande (pierre appel\u00e9e spectrolite), <\/strong><strong>Madagascar, <\/strong><strong>Mexique, <\/strong><strong>Russie, <\/strong><strong>Norv\u00e8ge.<\/strong><\/p>\n<p>&nbsp;<\/p>\n<p><strong>Vertus et Propri\u00e9t\u00e9s en Lithoth\u00e9rapie :<\/strong><\/p>\n<p><strong>La labradorite est appr\u00e9ci\u00e9e tr\u00e8s pour ses propri\u00e9t\u00e9s en lithoth\u00e9rapie, tant sur le plan psychologique que physique.<\/strong><\/p>\n<p>&nbsp;<\/p>\n<p><strong>Propri\u00e9t\u00e9s \u00c9motionnelles et Spirituelles :<\/strong><\/p>\n<ul>\n<li><strong>Bouclier protecteur : La labradorite est r\u00e9put\u00e9e pour \u00eatre une pierre de protection tr\u00e8s puissante, surtout contre les \u00e9nergies n\u00e9gatives. Elle agit comme un bouclier et renvoie les \u00e9nergies n\u00e9gatives \u00e0 leur source.<\/strong><\/li>\n<li><strong>Stabilit\u00e9 d&rsquo;\u00e9motionnelle : Aide \u00e0 \u00e9quilibrer et \u00e0 apaiser les \u00e9motions, favorisant ainsi un \u00e9tat de tranquillit\u00e9 mentale.<\/strong><\/li>\n<li><strong>Stimulation de l\u2019intuition : Favorise le d\u00e9veloppement des capacit\u00e9s intuitives et psychiques, notamment pour les personnes sensibles ou les th\u00e9rapeutes.<\/strong><\/li>\n<li><strong>Pierre de transformation : Encourage le changement et aide \u00e0 surmonter les peurs, en facilitant la prise de d\u00e9cisions importantes.<\/strong><\/li>\n<\/ul>\n<p>&nbsp;<\/p>\n<p><strong>Propri\u00e9t\u00e9s Physiques:<\/strong><\/p>\n<ul>\n<li><strong>les d\u00e9fenses des immunitaires : Elle est souvent associ\u00e9e \u00e0 un meilleur fonctionnement du syst\u00e8me immunitaire.<\/strong><\/li>\n<li><strong>Soulagement du stress : Elle aide \u00e0 att\u00e9nuer la fatigue mentale et physique en absorbant les \u00e9nergies n\u00e9gatives.<\/strong><\/li>\n<li><strong>Stimulation de l&rsquo;\u00e9nergie : Elle favorise la r\u00e9g\u00e9n\u00e9ration des \u00e9nergies, surtout apr\u00e8s des p\u00e9riodes d&rsquo;\u00e9puisement.<\/strong><\/li>\n<\/ul>\n<p>&nbsp;<\/p>\n<p><strong>Entretien de la Labradorite :<\/strong><\/p>\n<p><strong>Comme beaucoup de pierres, la labradorite a besoin d&rsquo;un entretien r\u00e9gulier pour maintenir son efficacit\u00e9 \u00e9nerg\u00e9tique.<\/strong><\/p>\n<ul>\n<li><strong>Nettoyage : Utilisez de l&rsquo;eau claire (id\u00e9alement de source ou d\u00e9min\u00e9ralis\u00e9e), de pr\u00e9f\u00e9rence ti\u00e8de, pour nettoyer la pierre.<\/strong><\/li>\n<li><strong>Rechargement : Elle peut \u00eatre recharg\u00e9e \u00e0 la lumi\u00e8re lunaire ou sur un amas de quartz. \u00c9vitez une exposition prolong\u00e9e au soleil, car cela pourrait alt\u00e9rer ses couleurs.<\/strong><\/li>\n<\/ul>\n<p>&nbsp;<\/p>\n<p><strong>Utilisation :<\/strong><\/p>\n<ul>\n<li><strong>Bijoux : La labradorite est souvent port\u00e9e sous forme de pendentif, bracelet ou bague pour b\u00e9n\u00e9ficier de ses propri\u00e9t\u00e9s protectrices au quotidien.<\/strong><\/li>\n<li><strong>D\u00e9coration : Elle est aussi utilis\u00e9e en pierres roul\u00e9es ou en objets d\u00e9coratifs pour harmoniser un espace de vie ou de travail.<\/strong><\/li>\n<li><strong>M\u00e9ditation : Plac\u00e9e sur le troisi\u00e8me \u0153il, la labradorite est id\u00e9ale pour des s\u00e9ances de m\u00e9ditation ax\u00e9es sur l\u2019intuition et l\u2019\u00e9quilibre \u00e9motionnel.<\/strong><\/li>\n<\/ul>\n<p>&nbsp;<\/p>\n<\/div>\n<\/div>\n<\/div>\n<\/div>\n<p>&nbsp;<\/p>\n<p>&nbsp;<\/p>\n<p>&nbsp;<\/p>\n<p>&nbsp;<\/p>\n<p>&nbsp;<\/p>\n<p>&nbsp;<\/p>\n<p>&nbsp;<\/p>\n<p><sub>\u00a0<\/sub><\/p>\n<p>&nbsp;<\/p>\n<p>&nbsp;<\/p>\n<p>&nbsp;<\/p>\n<p>&nbsp;<\/p>\n<p><sub>\u00a0<\/sub><\/p>\n<p>&nbsp;<\/p>\n<p>&nbsp;<\/p>\n<p>&nbsp;<\/p>\n<p>&nbsp;<\/p>\n<p>&nbsp;<\/p>\n<p>&nbsp;<\/p>\n<p>&nbsp;<\/p>\n<p>&nbsp;<\/p>\n<p>&nbsp;<\/p>\n<p><sub>\u00a0<\/sub><\/p>\n<p>&nbsp;<\/p>\n<p>&nbsp;<\/p>\n<p>&nbsp;<\/p>\n<p>&nbsp;<\/p>\n<p><sub>\u00a0<\/sub><\/p>\n<p>&nbsp;<\/p>\n","protected":false},"excerpt":{"rendered":"<p>diam\u00e8tre : 0,5cm<\/p>\n","protected":false},"featured_media":16484,"template":"","meta":[],"product_brand":[],"product_cat":[96,153,109],"product_tag":[230,229,481,232,233,231,234,227],"class_list":{"0":"post-16483","1":"product","2":"type-product","3":"status-publish","4":"has-post-thumbnail","6":"product_cat-bijoux","7":"product_cat-bijoux-argent-serti","8":"product_cat-bijoux-pierres-naturelles","9":"product_tag-amitie","10":"product_tag-ancrage","11":"product_tag-empathie","12":"product_tag-fatigue","13":"product_tag-inflammation","14":"product_tag-protection","15":"product_tag-rhumatisme","16":"product_tag-sensibilite","17":"pa_mineraux-labradorite","18":"pa_type-de-bijoux-boucles-doreille","20":"first","21":"instock","22":"shipping-taxable","23":"purchasable","24":"product-type-simple"},"jetpack_sharing_enabled":true,"_links":{"self":[{"href":"https:\/\/lesfeespapillons-mineraux.com\/index.php\/wp-json\/wp\/v2\/product\/16483","targetHints":{"allow":["GET"]}}],"collection":[{"href":"https:\/\/lesfeespapillons-mineraux.com\/index.php\/wp-json\/wp\/v2\/product"}],"about":[{"href":"https:\/\/lesfeespapillons-mineraux.com\/index.php\/wp-json\/wp\/v2\/types\/product"}],"wp:featuredmedia":[{"embeddable":true,"href":"https:\/\/lesfeespapillons-mineraux.com\/index.php\/wp-json\/wp\/v2\/media\/16484"}],"wp:attachment":[{"href":"https:\/\/lesfeespapillons-mineraux.com\/index.php\/wp-json\/wp\/v2\/media?parent=16483"}],"wp:term":[{"taxonomy":"product_brand","embeddable":true,"href":"https:\/\/lesfeespapillons-mineraux.com\/index.php\/wp-json\/wp\/v2\/product_brand?post=16483"},{"taxonomy":"product_cat","embeddable":true,"href":"https:\/\/lesfeespapillons-mineraux.com\/index.php\/wp-json\/wp\/v2\/product_cat?post=16483"},{"taxonomy":"product_tag","embeddable":true,"href":"https:\/\/lesfeespapillons-mineraux.com\/index.php\/wp-json\/wp\/v2\/product_tag?post=16483"}],"curies":[{"name":"wp","href":"https:\/\/api.w.org\/{rel}","templated":true}]}}