{"id":16140,"date":"2024-02-12T10:50:26","date_gmt":"2024-02-12T09:50:26","guid":{"rendered":"https:\/\/lesfeespapillons-mineraux.com\/?post_type=product&#038;p=16140"},"modified":"2024-06-19T09:22:00","modified_gmt":"2024-06-19T07:22:00","slug":"bracelet-en-quartz-fraise-6-et-argent-925-2","status":"publish","type":"product","link":"https:\/\/lesfeespapillons-mineraux.com\/index.php\/produit\/bracelet-en-quartz-fraise-6-et-argent-925-2\/","title":{"rendered":"Bracelet en quartz fraise #6 et argent 925"},"content":{"rendered":"<p style=\"text-align: center\"><strong>Le quartz fraise<br \/>\n<\/strong><\/p>\n<p style=\"text-align: center\"><strong>Il tient sa couleur de traces de mangan\u00e8se et de titane<\/strong><\/p>\n<p>&nbsp;<\/p>\n<p><em>\u00a0<\/em><em><u>Classe cristalline\u00a0:<\/u><\/em><em> Quartz<\/em><\/p>\n<p><em><u>Formule chimique\u00a0:<\/u><\/em> SiO<sub>2 <\/sub>\u00a0(dioxyde de silicium)<\/p>\n<p><u>Duret\u00e9\u00a0:<\/u> 7 selon l\u2019\u00e9chelle de Mohs<\/p>\n<p><u>Syst\u00e8me cristallin\u00a0<\/u>: trigonal<\/p>\n<p><u>Densit\u00e9\u00a0:<\/u> 2,65<\/p>\n<p><u>Gisements\u00a0:<\/u> \u00a0Br\u00e9sil, \u00c9tats-Unis, Inde, Kenya, \u00a0Madagascar, Mozambique, Namibie, Sri Lanka<\/p>\n<p>&nbsp;<\/p>\n<p style=\"text-align: center\"><strong><u>Les vertus pr\u00eat\u00e9es \u00e0 cette pierre en lithoth\u00e9rapie <\/u><\/strong><\/p>\n<p><strong>Au niveau \u00e9motionnel et spirituel, <\/strong>le quartz fraise apporte la douceur, l\u2019amour et la s\u00e9r\u00e9nit\u00e9 comme un retour \u00e0 l\u2019enfance. Il \u00e9loigne les peurs et les angoisses et aide \u00e0 lutter contre la d\u00e9pression.<\/p>\n<p><strong>Au niveau physique, <\/strong>Il aide \u00e0 lutter contre les insomnies et est un bon soutien pour la circulation sanguine et le c\u0153ur.<\/p>\n<p><strong>\u00a0<\/strong><strong>Au niveau \u00e9nerg\u00e9tique,<\/strong> c\u2019est un neutralisateur des perturbateurs g\u00e9o biologiques.<\/p>\n<p>&nbsp;<\/p>\n<p style=\"text-align: center\"><strong><u>Les moyens de purification\u00a0:<\/u><\/strong><\/p>\n<p>On pourra le purifier sous un filet d\u2019eau (de pr\u00e9f\u00e9rence d\u2019eau de source) ou dans les fum\u00e9es d\u2019encens (sauge blanche, dragon\u2019s blood, palo santo, tulsi\u2026)<\/p>\n<p>Le quartz fraise se recharge ensuite \u00e0 la lumi\u00e8re du soleil, sur un amas cristallin (am\u00e9thyste ou cristal de roche), sur un motif de fleur de vie ou dans une coquille Saint-Jacques \u2026<\/p>\n<p>\u00c0 chacun de trouver le rituel qui lui convient.<\/p>\n<p>&nbsp;<\/p>\n<p>&nbsp;<\/p>\n<p>&nbsp;<\/p>\n<p>&nbsp;<\/p>\n<p>&nbsp;<\/p>\n<p>&nbsp;<\/p>\n<p>&nbsp;<\/p>\n<p><sub>\u00a0<\/sub><\/p>\n<p>&nbsp;<\/p>\n<p>&nbsp;<\/p>\n<p>&nbsp;<\/p>\n<p>&nbsp;<\/p>\n<p>&nbsp;<\/p>\n<p>&nbsp;<\/p>\n<p><sub>\u00a0<\/sub><\/p>\n<p>&nbsp;<\/p>\n<p><sub>\u00a0<\/sub><\/p>\n<p>&nbsp;<\/p>\n","protected":false},"excerpt":{"rendered":"<p>Le quartz fraise Il tient sa couleur de traces de mangan\u00e8se et de titane &nbsp; \u00a0Classe cristalline\u00a0: Quartz Formule chimique\u00a0: SiO2 \u00a0(dioxyde de silicium) Duret\u00e9\u00a0: 7 selon l\u2019\u00e9chelle de Mohs Syst\u00e8me cristallin\u00a0: trigonal Densit\u00e9\u00a0: 2,65 Gisements\u00a0: \u00a0Br\u00e9sil, \u00c9tats-Unis, Inde, Kenya, \u00a0Madagascar, Mozambique, Namibie, Sri Lanka &nbsp; Les vertus pr\u00eat\u00e9es \u00e0 cette pierre en lithoth\u00e9rapie Au [&hellip;]<\/p>\n","protected":false},"featured_media":16141,"template":"","meta":[],"product_brand":[],"product_cat":[96,159,109],"product_tag":[507,147,135,509,333,510,508],"class_list":{"0":"post-16140","1":"product","2":"type-product","3":"status-publish","4":"has-post-thumbnail","6":"product_cat-bijoux","7":"product_cat-bijoux-perles","8":"product_cat-bijoux-pierres-naturelles","9":"product_tag-amour","10":"product_tag-angoisses","11":"product_tag-cicatrisation","12":"product_tag-depression","13":"product_tag-douceur","14":"product_tag-insomnie","15":"product_tag-serenite","16":"pa_mineraux-quartz-fraise","17":"pa_taille-de-bracelet-195cm","18":"pa_type-de-bijoux-bracelet","20":"first","21":"instock","22":"shipping-taxable","23":"purchasable","24":"product-type-simple"},"jetpack_sharing_enabled":true,"_links":{"self":[{"href":"https:\/\/lesfeespapillons-mineraux.com\/index.php\/wp-json\/wp\/v2\/product\/16140","targetHints":{"allow":["GET"]}}],"collection":[{"href":"https:\/\/lesfeespapillons-mineraux.com\/index.php\/wp-json\/wp\/v2\/product"}],"about":[{"href":"https:\/\/lesfeespapillons-mineraux.com\/index.php\/wp-json\/wp\/v2\/types\/product"}],"wp:featuredmedia":[{"embeddable":true,"href":"https:\/\/lesfeespapillons-mineraux.com\/index.php\/wp-json\/wp\/v2\/media\/16141"}],"wp:attachment":[{"href":"https:\/\/lesfeespapillons-mineraux.com\/index.php\/wp-json\/wp\/v2\/media?parent=16140"}],"wp:term":[{"taxonomy":"product_brand","embeddable":true,"href":"https:\/\/lesfeespapillons-mineraux.com\/index.php\/wp-json\/wp\/v2\/product_brand?post=16140"},{"taxonomy":"product_cat","embeddable":true,"href":"https:\/\/lesfeespapillons-mineraux.com\/index.php\/wp-json\/wp\/v2\/product_cat?post=16140"},{"taxonomy":"product_tag","embeddable":true,"href":"https:\/\/lesfeespapillons-mineraux.com\/index.php\/wp-json\/wp\/v2\/product_tag?post=16140"}],"curies":[{"name":"wp","href":"https:\/\/api.w.org\/{rel}","templated":true}]}}