{"id":15995,"date":"2024-01-11T14:36:31","date_gmt":"2024-01-11T13:36:31","guid":{"rendered":"https:\/\/lesfeespapillons-mineraux.com\/?post_type=product&#038;p=15995"},"modified":"2024-10-11T16:30:03","modified_gmt":"2024-10-11T14:30:03","slug":"bracelet-en-pierre-de-lave-6-et-argent-925","status":"publish","type":"product","link":"https:\/\/lesfeespapillons-mineraux.com\/index.php\/produit\/bracelet-en-pierre-de-lave-6-et-argent-925\/","title":{"rendered":"Bracelet en pierre de lave #6 et argent 925"},"content":{"rendered":"<p style=\"text-align: center\"><strong>La Pierre de Lave<\/strong><\/p>\n<p><strong>\u00a0<\/strong><\/p>\n<p><strong>Couleur<\/strong> : Noir, gris fonc\u00e9, parfois brun fonc\u00e9 ou rouge\u00e2tre<\/p>\n<p><strong>Famille min\u00e9rale<\/strong> : Roche volcanique<\/p>\n<p><strong>Duret\u00e9<\/strong> : 3 &#8211; 3,5 sur l\u2019\u00e9chelle de Mohs<\/p>\n<p><strong>Composition chimique<\/strong> : Majoritairement compos\u00e9e de min\u00e9raux tels que le fer, le magn\u00e9sium, et le silicium, en plus d&rsquo;\u00e9l\u00e9ments volatils d\u00e9gaz\u00e9s lors de son \u00e9ruption volcanique.<\/p>\n<p>La pierre de lave est une roche issue du refroidissement de la lave volcanique. Elle est poreuse et l\u00e9g\u00e8re, mais extr\u00eamement robuste. On la trouve principalement dans les zones volcaniques du monde entier, et elle est largement utilis\u00e9e en lithoth\u00e9rapie et en bijouterie en raison de ses propri\u00e9t\u00e9s \u00e9nerg\u00e9tiques et de son aspect brut mais fascinant.<\/p>\n<p>&nbsp;<\/p>\n<p><strong>Chakras Associ\u00e9s<\/strong><\/p>\n<ul>\n<li><strong>Chakra racine<\/strong> (<em>Muladhara<\/em>) : La pierre de lave est particuli\u00e8rement reli\u00e9e au chakra racine, offrant une forte connexion \u00e0 la Terre et favorisant un sentiment de s\u00e9curit\u00e9, d&rsquo;ancrage et de stabilit\u00e9.<\/li>\n<\/ul>\n<p>&nbsp;<\/p>\n<p><strong>Propri\u00e9t\u00e9s \u00c9nerg\u00e9tiques et Spirituelles<\/strong><\/p>\n<ol>\n<li><strong>Ancrage et Stabilit\u00e9<\/strong>\n<ul>\n<li>La pierre de lave est une excellente pierre d&rsquo;<strong>ancrage<\/strong>. Elle permet de rester <strong>connect\u00e9 \u00e0 la Terre<\/strong>, aidant \u00e0 calmer les esprits dispers\u00e9s et \u00e0 apporter un sentiment de <strong>stabilit\u00e9 int\u00e9rieure<\/strong>.<\/li>\n<li>Elle est id\u00e9ale pour ceux qui se sentent d\u00e9stabilis\u00e9s, anxieux ou \u00e9motionnellement instables, car elle aide \u00e0 <strong>retrouver l\u2019\u00e9quilibre<\/strong> et \u00e0 renforcer les fondations personnelles.<\/li>\n<\/ul>\n<\/li>\n<li><strong>Force et Courage<\/strong>\n<ul>\n<li>La pierre de lave est souvent associ\u00e9e \u00e0 l&rsquo;<strong>\u00e9nergie du feu<\/strong>, \u00e9tant issue de la lave volcanique. Elle incarne la <strong>force<\/strong> et le <strong>courage<\/strong>, aidant \u00e0 surmonter les \u00e9preuves de la vie avec <strong>d\u00e9termination<\/strong> et <strong>r\u00e9silience<\/strong>.<\/li>\n<li>Porter ou utiliser cette pierre peut insuffler une grande <strong>force int\u00e9rieure<\/strong>, notamment lors de p\u00e9riodes de transformation ou de changement majeur dans la vie.<\/li>\n<\/ul>\n<\/li>\n<li><strong>Lib\u00e9ration des \u00e9motions enfouies<\/strong>\n<ul>\n<li>En raison de sa connexion \u00e0 l&rsquo;\u00e9nergie de la Terre, la pierre de lave est un excellent outil pour lib\u00e9rer les <strong>\u00e9motions n\u00e9gatives<\/strong> ou les <strong>blocages \u00e9motionnels<\/strong> profond\u00e9ment enfouis. Elle aide \u00e0 faire face \u00e0 ces \u00e9motions, \u00e0 les <strong>transformer<\/strong>, puis \u00e0 les <strong>laisser partir<\/strong>.<\/li>\n<li>Utilis\u00e9e r\u00e9guli\u00e8rement, elle peut favoriser un processus de <strong>gu\u00e9rison \u00e9motionnelle<\/strong>.<\/li>\n<\/ul>\n<\/li>\n<li><strong>\u00c9quilibre et Calme<\/strong>\n<ul>\n<li>Bien qu&rsquo;elle provienne de l&rsquo;\u00e9nergie dynamique et intense d&rsquo;un volcan, la pierre de lave est connue pour apporter un sentiment de <strong>calme<\/strong> et de <strong>s\u00e9r\u00e9nit\u00e9<\/strong>. Elle peut aider \u00e0 \u00e9quilibrer les \u00e9motions intenses et \u00e0 r\u00e9duire le stress.<\/li>\n<li>C&rsquo;est une excellente pierre pour ceux qui veulent \u00e9quilibrer les \u00e9nergies chaotiques dans leur vie et retrouver un sentiment de paix int\u00e9rieure.<\/li>\n<\/ul>\n<\/li>\n<li><strong>Transformation et Renouveau<\/strong>\n<ul>\n<li>En tant que produit direct de la lave en fusion, la pierre de lave est un symbole puissant de <strong>transformation<\/strong>. Elle peut soutenir les personnes en p\u00e9riode de <strong>changement<\/strong>, en leur donnant la force n\u00e9cessaire pour se renouveler et adopter de nouvelles perspectives.<\/li>\n<li>Elle aide \u00e0 accepter le changement et \u00e0 se <strong>r\u00e9inventer<\/strong>, tout en restant ancr\u00e9 dans ses valeurs profondes.<\/li>\n<\/ul>\n<\/li>\n<\/ol>\n<p>&nbsp;<\/p>\n<p><strong>Utilisations en Lithoth\u00e9rapie<\/strong><\/p>\n<ol>\n<li><strong>Bijoux d\u2019ancrage<\/strong>\n<ul>\n<li>La pierre de lave est souvent utilis\u00e9e dans la <strong>cr\u00e9ation de bijoux<\/strong>, notamment des bracelets et des colliers. En raison de sa capacit\u00e9 \u00e0 absorber des huiles essentielles, elle est souvent port\u00e9e avec quelques gouttes d&rsquo;huile apaisante pour favoriser la d\u00e9tente et l\u2019ancrage tout au long de la journ\u00e9e.<\/li>\n<li>Porter cette pierre permet d&rsquo;avoir un contact constant avec ses propri\u00e9t\u00e9s \u00e9nerg\u00e9tiques, renfor\u00e7ant l&rsquo;<strong>ancrage<\/strong> et la <strong>stabilit\u00e9 \u00e9motionnelle<\/strong>.<\/li>\n<\/ul>\n<\/li>\n<li><strong>M\u00e9ditation et ancrage<\/strong>\n<ul>\n<li>En m\u00e9ditation, la pierre de lave peut \u00eatre plac\u00e9e pr\u00e8s du chakra racine ou tenue dans la main pour renforcer la connexion \u00e0 la Terre et favoriser une <strong>m\u00e9ditation profonde<\/strong>. Elle aide \u00e0 garder l\u2019esprit clair et stable, surtout si vous travaillez sur des probl\u00e8mes \u00e9motionnels ou cherchez \u00e0 <strong>reconnecter \u00e0 la Terre<\/strong>.<\/li>\n<\/ul>\n<\/li>\n<li><strong>Protection<\/strong>\n<ul>\n<li>La pierre de lave peut \u00e9galement \u00eatre utilis\u00e9e comme <strong>amulettes de protection<\/strong>. Elle aide \u00e0 <strong>\u00e9loigner les \u00e9nergies n\u00e9gatives<\/strong> et \u00e0 stabiliser l\u2019aura. Plac\u00e9e dans la maison ou sur le lieu de travail, elle favorise un climat serein, \u00e9loignant les influences n\u00e9fastes.<\/li>\n<\/ul>\n<\/li>\n<li><strong>Aromath\u00e9rapie<\/strong>\n<ul>\n<li>Gr\u00e2ce \u00e0 sa nature poreuse, la pierre de lave est souvent utilis\u00e9e pour absorber et diffuser les <strong>huiles essentielles<\/strong>. Une goutte d\u2019huile sur la pierre permet une diffusion prolong\u00e9e, alliant ainsi les bienfaits de l\u2019aromath\u00e9rapie aux propri\u00e9t\u00e9s de la pierre.<\/li>\n<\/ul>\n<\/li>\n<\/ol>\n<p>&nbsp;<\/p>\n<p><strong>Purification et Rechargement<\/strong><\/p>\n<ul>\n<li><strong>Purification<\/strong> : La pierre de lave peut \u00eatre purifi\u00e9e en la passant sous l\u2019eau courante ou en la fumigeant avec de la sauge ou du palo santo. Elle peut aussi \u00eatre nettoy\u00e9e en la laissant tremper dans de l&rsquo;eau distill\u00e9e ou en utilisant des vibrations sonores (bol tib\u00e9tain, cloche).<\/li>\n<li><strong>Rechargement<\/strong> : Pour recharger la pierre de lave, il est recommand\u00e9 de la placer sous les rayons du <strong>soleil<\/strong> ou sur un amas de quartz ou d\u2019am\u00e9thyste. Sa connexion \u00e0 l\u2019\u00e9nergie du feu rend le soleil un excellent moyen de raviver son \u00e9nergie.<\/li>\n<\/ul>\n<p>&nbsp;<\/p>\n<p><strong>Origine et Gisements<\/strong><\/p>\n<ul>\n<li>La pierre de lave se trouve partout o\u00f9 des <strong>volcans<\/strong> sont pr\u00e9sents. Les gisements les plus connus se trouvent en <strong>Islande<\/strong>, en <strong>Hawa\u00ef<\/strong>, en <strong>Italie<\/strong> (notamment autour du V\u00e9suve), mais aussi dans d&rsquo;autres r\u00e9gions \u00e0 forte activit\u00e9 volcanique, comme le <strong>Japon<\/strong>, le <strong>Mexique<\/strong> et l&rsquo;<strong>Indon\u00e9sie<\/strong>.<\/li>\n<\/ul>\n<p>&nbsp;<\/p>\n<p><strong>Symbolisme et Signification<\/strong><\/p>\n<ul>\n<li>La pierre de lave est souvent vue comme un symbole de <strong>force<\/strong>, de <strong>r\u00e9silience<\/strong> et de <strong>transformation<\/strong>. En tant que produit direct du magma terrestre, elle repr\u00e9sente la capacit\u00e9 de surmonter les \u00e9preuves et de <strong>rena\u00eetre<\/strong> de ses cendres.<\/li>\n<li>C\u2019est aussi une pierre qui rappelle notre <strong>connexion profonde \u00e0 la Terre<\/strong>, nous ancrant dans la r\u00e9alit\u00e9 tout en nous insufflant le courage de <strong>changer<\/strong> et de <strong>grandir<\/strong>.<\/li>\n<\/ul>\n<p>&nbsp;<\/p>\n<p><strong>R\u00e9sum\u00e9 des Bienfaits<\/strong><\/p>\n<ul>\n<li><strong>Ancrage<\/strong> et stabilisation \u00e9motionnelle<\/li>\n<li><strong>Force int\u00e9rieure<\/strong> et <strong>courage<\/strong> face aux d\u00e9fis<\/li>\n<li>Lib\u00e9ration des <strong>\u00e9motions enfouies<\/strong> et gu\u00e9rison \u00e9motionnelle<\/li>\n<li><strong>Protection<\/strong> contre les \u00e9nergies n\u00e9gatives<\/li>\n<li><strong>Calme<\/strong> et s\u00e9r\u00e9nit\u00e9 \u00e9motionnelle<\/li>\n<li>Soutien dans les phases de <strong>transformation<\/strong> et de <strong>renouveau<\/strong><\/li>\n<\/ul>\n<p>&nbsp;<\/p>\n<p><strong>Conclusion<\/strong><\/p>\n<p>La <strong>pierre de lave<\/strong> est une pierre puissante et b\u00e9n\u00e9fique, particuli\u00e8rement pour ceux qui cherchent \u00e0 renforcer leur <strong>ancrage<\/strong>, \u00e0 surmonter les \u00e9preuves de la vie avec courage, ou \u00e0 se lib\u00e9rer des \u00e9motions n\u00e9gatives accumul\u00e9es. Son \u00e9nergie \u00e9quilibrante, issue de la force brute de la nature, en fait une alli\u00e9e de choix pour ceux en qu\u00eate de stabilit\u00e9 et de transformation personnelle. Utilis\u00e9e en bijoux, en m\u00e9ditation ou dans un cadre th\u00e9rapeutique, elle offre une connexion profonde avec les \u00e9nergies de la Terre, tout en apportant <strong>force<\/strong> et <strong>protection<\/strong> au quotidien.<\/p>\n<p>&nbsp;<\/p>\n","protected":false},"excerpt":{"rendered":"<p>La Pierre de Lave \u00a0 Couleur : Noir, gris fonc\u00e9, parfois brun fonc\u00e9 ou rouge\u00e2tre Famille min\u00e9rale : Roche volcanique Duret\u00e9 : 3 &#8211; 3,5 sur l\u2019\u00e9chelle de Mohs Composition chimique : Majoritairement compos\u00e9e de min\u00e9raux tels que le fer, le magn\u00e9sium, et le silicium, en plus d&rsquo;\u00e9l\u00e9ments volatils d\u00e9gaz\u00e9s lors de son \u00e9ruption volcanique. [&hellip;]<\/p>\n","protected":false},"featured_media":15996,"template":"","meta":[],"product_brand":[],"product_cat":[96,159,109],"product_tag":[],"class_list":{"0":"post-15995","1":"product","2":"type-product","3":"status-publish","4":"has-post-thumbnail","6":"product_cat-bijoux","7":"product_cat-bijoux-perles","8":"product_cat-bijoux-pierres-naturelles","9":"pa_mineraux-pierre-de-lave","10":"pa_taille-de-bracelet-185cm","11":"pa_type-de-bijoux-bracelet","13":"first","14":"instock","15":"shipping-taxable","16":"purchasable","17":"product-type-simple"},"jetpack_sharing_enabled":true,"_links":{"self":[{"href":"https:\/\/lesfeespapillons-mineraux.com\/index.php\/wp-json\/wp\/v2\/product\/15995","targetHints":{"allow":["GET"]}}],"collection":[{"href":"https:\/\/lesfeespapillons-mineraux.com\/index.php\/wp-json\/wp\/v2\/product"}],"about":[{"href":"https:\/\/lesfeespapillons-mineraux.com\/index.php\/wp-json\/wp\/v2\/types\/product"}],"wp:featuredmedia":[{"embeddable":true,"href":"https:\/\/lesfeespapillons-mineraux.com\/index.php\/wp-json\/wp\/v2\/media\/15996"}],"wp:attachment":[{"href":"https:\/\/lesfeespapillons-mineraux.com\/index.php\/wp-json\/wp\/v2\/media?parent=15995"}],"wp:term":[{"taxonomy":"product_brand","embeddable":true,"href":"https:\/\/lesfeespapillons-mineraux.com\/index.php\/wp-json\/wp\/v2\/product_brand?post=15995"},{"taxonomy":"product_cat","embeddable":true,"href":"https:\/\/lesfeespapillons-mineraux.com\/index.php\/wp-json\/wp\/v2\/product_cat?post=15995"},{"taxonomy":"product_tag","embeddable":true,"href":"https:\/\/lesfeespapillons-mineraux.com\/index.php\/wp-json\/wp\/v2\/product_tag?post=15995"}],"curies":[{"name":"wp","href":"https:\/\/api.w.org\/{rel}","templated":true}]}}