{"id":15892,"date":"2024-01-10T14:48:01","date_gmt":"2024-01-10T13:48:01","guid":{"rendered":"https:\/\/lesfeespapillons-mineraux.com\/?post_type=product&#038;p=15892"},"modified":"2025-05-09T17:23:41","modified_gmt":"2025-05-09T15:23:41","slug":"pendentif-arbre-de-vie-en-obsidienne-doree-serti-argent-925","status":"publish","type":"product","link":"https:\/\/lesfeespapillons-mineraux.com\/index.php\/produit\/pendentif-arbre-de-vie-en-obsidienne-doree-serti-argent-925\/","title":{"rendered":"Pendentif arbre de vie en obsidienne dor\u00e9e serti argent 925"},"content":{"rendered":"<p class=\"\" data-start=\"271\" data-end=\"444\">Apportez une touche de myst\u00e8re et de symbolisme \u00e0 votre quotidien avec ce pendentif raffin\u00e9 en obsidienne dor\u00e9e naturelle, sublim\u00e9 par un d\u00e9licat arbre de vie en argent 925.<\/p>\n<p data-start=\"271\" data-end=\"444\">\n<p class=\"\" data-start=\"446\" data-end=\"470\"><strong data-start=\"446\" data-end=\"470\">\u2728 Caract\u00e9ristiques :<\/strong><\/p>\n<ul data-start=\"471\" data-end=\"796\">\n<li class=\"\" data-start=\"471\" data-end=\"538\">\n<p class=\"\" data-start=\"473\" data-end=\"538\"><strong data-start=\"473\" data-end=\"483\">Pierre<\/strong> : Obsidienne dor\u00e9e naturelle, aux reflets scintillants<\/p>\n<\/li>\n<li class=\"\" data-start=\"539\" data-end=\"598\">\n<p class=\"\" data-start=\"541\" data-end=\"598\"><strong data-start=\"541\" data-end=\"550\">Motif<\/strong> : Arbre de vie finement travaill\u00e9 en argent 925<\/p>\n<\/li>\n<li class=\"\" data-start=\"599\" data-end=\"627\">\n<p class=\"\" data-start=\"601\" data-end=\"627\"><strong data-start=\"601\" data-end=\"610\">Forme<\/strong> : Pendentif rond<\/p>\n<\/li>\n<li class=\"\" data-start=\"660\" data-end=\"727\">\n<p class=\"\" data-start=\"662\" data-end=\"727\"><strong data-start=\"662\" data-end=\"673\">Monture<\/strong> : B\u00e9li\u00e8re en argent 925 (compatible cha\u00eene ou cordo<strong>n)<\/strong><\/p>\n<\/li>\n<\/ul>\n<p class=\"\" data-start=\"798\" data-end=\"817\"><strong data-start=\"798\" data-end=\"817\">\ud83c\udf3f Symbolique :<\/strong><\/p>\n<ul data-start=\"818\" data-end=\"1062\">\n<li class=\"\" data-start=\"818\" data-end=\"951\">\n<p class=\"\" data-start=\"820\" data-end=\"951\"><strong data-start=\"820\" data-end=\"840\">Obsidienne dor\u00e9e<\/strong> : Pierre de protection et de clart\u00e9, elle aide \u00e0 lib\u00e9rer les blocages \u00e9nerg\u00e9tiques et \u00e0 renforcer l\u2019assurance.<\/p>\n<\/li>\n<li class=\"\" data-start=\"952\" data-end=\"1062\">\n<p class=\"\" data-start=\"954\" data-end=\"1062\"><strong data-start=\"954\" data-end=\"970\">Arbre de vie<\/strong> : Repr\u00e9sente la croissance, l\u2019\u00e9quilibre et la connexion entre le corps, l\u2019\u00e2me et la nature.<\/p>\n<\/li>\n<\/ul>\n<p>&nbsp;<\/p>\n<p class=\"\" data-start=\"1064\" data-end=\"1198\"><strong data-start=\"1064\" data-end=\"1082\">\ud83c\udf81 Id\u00e9e cadeau<\/strong> :<br \/>\nUn bijou inspirant \u00e0 offrir ou \u00e0 s\u2019offrir, pour marquer un changement, un ancrage ou un nouveau d\u00e9part spirituel.<\/p>\n<p>&nbsp;<\/p>\n<p>&nbsp;<\/p>\n<p><sub>\u00a0<\/sub><\/p>\n<p>&nbsp;<\/p>\n","protected":false},"excerpt":{"rendered":"<p>diam\u00e8tre : 2,8cm<\/p>\n","protected":false},"featured_media":15893,"template":"","meta":[],"product_brand":[],"product_cat":[96,153,109],"product_tag":[229,520,506,233,519,521],"class_list":{"0":"post-15892","1":"product","2":"type-product","3":"status-publish","4":"has-post-thumbnail","6":"product_cat-bijoux","7":"product_cat-bijoux-argent-serti","8":"product_cat-bijoux-pierres-naturelles","9":"product_tag-ancrage","10":"product_tag-centrage","11":"product_tag-digestion","12":"product_tag-inflammation","13":"product_tag-peurs","14":"product_tag-ulcere","15":"pa_mineraux-obsidienne","16":"pa_motif-arbre-de-vie","17":"pa_type-de-bijoux-pendentif","19":"first","20":"instock","21":"shipping-taxable","22":"purchasable","23":"product-type-simple"},"jetpack_sharing_enabled":true,"_links":{"self":[{"href":"https:\/\/lesfeespapillons-mineraux.com\/index.php\/wp-json\/wp\/v2\/product\/15892","targetHints":{"allow":["GET"]}}],"collection":[{"href":"https:\/\/lesfeespapillons-mineraux.com\/index.php\/wp-json\/wp\/v2\/product"}],"about":[{"href":"https:\/\/lesfeespapillons-mineraux.com\/index.php\/wp-json\/wp\/v2\/types\/product"}],"wp:featuredmedia":[{"embeddable":true,"href":"https:\/\/lesfeespapillons-mineraux.com\/index.php\/wp-json\/wp\/v2\/media\/15893"}],"wp:attachment":[{"href":"https:\/\/lesfeespapillons-mineraux.com\/index.php\/wp-json\/wp\/v2\/media?parent=15892"}],"wp:term":[{"taxonomy":"product_brand","embeddable":true,"href":"https:\/\/lesfeespapillons-mineraux.com\/index.php\/wp-json\/wp\/v2\/product_brand?post=15892"},{"taxonomy":"product_cat","embeddable":true,"href":"https:\/\/lesfeespapillons-mineraux.com\/index.php\/wp-json\/wp\/v2\/product_cat?post=15892"},{"taxonomy":"product_tag","embeddable":true,"href":"https:\/\/lesfeespapillons-mineraux.com\/index.php\/wp-json\/wp\/v2\/product_tag?post=15892"}],"curies":[{"name":"wp","href":"https:\/\/api.w.org\/{rel}","templated":true}]}}