{"id":15527,"date":"2023-12-10T15:21:57","date_gmt":"2023-12-10T14:21:57","guid":{"rendered":"https:\/\/lesfeespapillons-mineraux.com\/?post_type=product&#038;p=15527"},"modified":"2024-10-11T16:56:14","modified_gmt":"2024-10-11T14:56:14","slug":"pendentif-en-ammonite-et-argent-925","status":"publish","type":"product","link":"https:\/\/lesfeespapillons-mineraux.com\/index.php\/produit\/pendentif-en-ammonite-et-argent-925\/","title":{"rendered":"Pendentif en ammonite et argent 925"},"content":{"rendered":"<p style=\"text-align: center\"><strong>Ammonite fossilis\u00e9e en pyrite<\/strong><\/p>\n<p><strong>\u00a0<\/strong><\/p>\n<p><strong>Couleur<\/strong> : Dor\u00e9 m\u00e9tallique (\u00e0 cause de la pyrite)<\/p>\n<p><strong>Origine<\/strong> : Russie, principalement dans la r\u00e9gion de <strong>Volga<\/strong>.<\/p>\n<p><strong>\u00c2ge<\/strong> : Environ 65 \u00e0 400 millions d\u2019ann\u00e9es (P\u00e9riode du D\u00e9vonien \u00e0 la fin du Cr\u00e9tac\u00e9).<\/p>\n<p><strong>Famille<\/strong> : Fossiles d\u2019ammonites min\u00e9ralis\u00e9es en pyrite<\/p>\n<p><strong>Min\u00e9ralisation<\/strong> : Pyrite (aussi appel\u00e9e \u00ab\u00a0l\u2019or des fous\u00a0\u00bb), un min\u00e9ral compos\u00e9 de sulfure de fer.<\/p>\n<p>Les <strong>ammonites<\/strong> sont des fossiles marins issus de mollusques c\u00e9phalopodes aujourd&rsquo;hui \u00e9teints, qui vivaient dans les oc\u00e9ans il y a des centaines de millions d&rsquo;ann\u00e9es. En Russie, certaines ammonites sont trouv\u00e9es <strong>fossilis\u00e9es en pyrite<\/strong>, ce qui leur donne une apparence dor\u00e9e brillante, distincte et pris\u00e9e par les collectionneurs, les passionn\u00e9s de fossiles, et les amateurs de lithoth\u00e9rapie.<\/p>\n<p>&nbsp;<\/p>\n<p><strong>Formation des Ammonites Fossilis\u00e9es en Pyrite<\/strong><\/p>\n<p>Ces fossiles se forment lorsque des ammonites meurent et que leurs coquilles sont enfouies sous les s\u00e9diments dans des conditions sp\u00e9cifiques. La <strong>pyrite<\/strong> remplace progressivement la coquille calcaire originelle de l\u2019ammonite, dans un processus appel\u00e9 <strong>min\u00e9ralisation<\/strong>, souvent dans des environnements pauvres en oxyg\u00e8ne mais riches en sulfures de fer. Ce processus donne \u00e0 ces fossiles une surface m\u00e9tallique dor\u00e9e, qui les rend particuli\u00e8rement uniques et esth\u00e9tiquement attrayants.<\/p>\n<p>&nbsp;<\/p>\n<p><strong>Chakras Associ\u00e9s<\/strong><\/p>\n<ul>\n<li><strong>Chakra racine<\/strong> (<em>Muladhara<\/em>) : La pyrite et l\u2019ammonite \u00e9tant toutes deux li\u00e9es \u00e0 la Terre, elles agissent puissamment sur le chakra racine, favorisant l\u2019ancrage et la stabilit\u00e9.<\/li>\n<li><strong>Chakra sacr\u00e9<\/strong> (<em>Svadhisthana<\/em>) : L\u2019ammonite en tant que symbole de l\u2019eau ancienne et de la vie marine peut \u00e9galement influencer le chakra sacr\u00e9, stimulant la cr\u00e9ativit\u00e9 et la vitalit\u00e9.<\/li>\n<li><strong>Chakra du Plexus Solaire<\/strong> (Manipura) : Ce chakra est li\u00e9 \u00e0 la confiance en soi, \u00e0 la volont\u00e9 et \u00e0 l&rsquo;\u00e9nergie personnelle. La pyrite y est souvent associ\u00e9e pour renforcer ces aspects.<\/li>\n<\/ul>\n<p>&nbsp;<\/p>\n<p><strong>Propri\u00e9t\u00e9s \u00c9nerg\u00e9tiques et Spirituelles<\/strong><\/p>\n<ol>\n<li><strong>Ancrage et Stabilit\u00e9<\/strong>\n<ul>\n<li>Les ammonites en pyrite combinent l\u2019\u00e9nergie stabilisatrice des <strong>fossiles<\/strong> et les propri\u00e9t\u00e9s protectrices et \u00e9nerg\u00e9tiques de la <strong>pyrite<\/strong>. Elles sont id\u00e9ales pour ceux qui cherchent \u00e0 renforcer leur <strong>ancrage<\/strong> dans la r\u00e9alit\u00e9 physique tout en restant connect\u00e9s \u00e0 l\u2019histoire de la Terre.<\/li>\n<\/ul>\n<\/li>\n<li><strong>Protection et D\u00e9fense<\/strong>\n<ul>\n<li>La <strong>pyrite<\/strong> est bien connue pour ses capacit\u00e9s \u00e0 repousser les <strong>\u00e9nergies n\u00e9gatives<\/strong> et \u00e0 agir comme un bouclier protecteur. Lorsqu\u2019elle se forme autour d\u2019une ammonite, elle conf\u00e8re \u00e0 ce fossile une puissante <strong>\u00e9nergie d\u00e9fensive<\/strong>, capable de prot\u00e9ger l\u2019aura et de cr\u00e9er un environnement \u00e9nerg\u00e9tique s\u00fbr.<\/li>\n<li>Porter ou placer une ammonite en pyrite dans votre espace peut aider \u00e0 <strong>dissiper le stress<\/strong>, \u00e0 se prot\u00e9ger des influences n\u00e9fastes, et \u00e0 apporter un sentiment de <strong>s\u00e9curit\u00e9<\/strong>.<\/li>\n<\/ul>\n<\/li>\n<li><strong>Transformation et \u00c9volution<\/strong>\n<ul>\n<li>Les ammonites sont des symboles de l&rsquo;<strong>\u00e9volution<\/strong>, du <strong>changement<\/strong> et de la <strong>transformation<\/strong>. En tant que fossiles, elles incarnent le cycle \u00e9ternel de la vie et de la mort, aidant ceux qui les utilisent \u00e0 accepter les <strong>changements<\/strong> dans leur vie, \u00e0 embrasser de nouvelles phases et \u00e0 s&rsquo;adapter aux transformations in\u00e9vitables de l&rsquo;existence.<\/li>\n<li>Elles encouragent \u00e0 <strong>laisser aller le pass\u00e9<\/strong> et \u00e0 avancer avec force et sagesse.<\/li>\n<\/ul>\n<\/li>\n<li><strong>Prosp\u00e9rit\u00e9 et Abondance<\/strong>\n<ul>\n<li>La pyrite est souvent surnomm\u00e9e \u00ab\u00a0l\u2019or des fous\u00a0\u00bb en raison de sa ressemblance avec l\u2019or v\u00e9ritable, mais elle est aussi connue pour attirer la <strong>prosp\u00e9rit\u00e9<\/strong> et l\u2019<strong>abondance<\/strong>. L\u2019ammonite en pyrite peut ainsi stimuler la <strong>cr\u00e9ation de richesse<\/strong> et renforcer la capacit\u00e9 \u00e0 saisir les <strong>opportunit\u00e9s financi\u00e8res<\/strong>.<\/li>\n<\/ul>\n<\/li>\n<li><strong>Sagesse Ancienne<\/strong>\n<ul>\n<li>En tant que fossile, l\u2019ammonite est une repr\u00e9sentation puissante de la <strong>sagesse ancienne<\/strong> et de la <strong>m\u00e9moire de la Terre<\/strong>. Les utilisateurs de ces fossiles peuvent puiser dans cette \u00e9nergie ancienne pour mieux comprendre les cycles de la vie, obtenir des perspectives spirituelles, et se connecter aux <strong>racines ancestrales<\/strong>.<\/li>\n<li>La spirale naturelle de l\u2019ammonite symbolise \u00e9galement le cheminement vers la <strong>connaissance int\u00e9rieure<\/strong> et l\u2019<strong>\u00e9volution spirituelle<\/strong>.<\/li>\n<\/ul>\n<\/li>\n<li><strong>\u00c9nergie de Cr\u00e9ation<\/strong>\n<ul>\n<li>La forme spiral\u00e9e de l\u2019ammonite repr\u00e9sente l&rsquo;<strong>\u00e9nergie cr\u00e9atrice<\/strong> et le <strong>flux constant<\/strong> de la vie. Utilis\u00e9e en m\u00e9ditation ou en th\u00e9rapie \u00e9nerg\u00e9tique, elle aide \u00e0 <strong>stimuler la cr\u00e9ativit\u00e9<\/strong>, \u00e0 trouver de nouvelles id\u00e9es et \u00e0 voir les situations sous un angle diff\u00e9rent.<\/li>\n<\/ul>\n<\/li>\n<\/ol>\n<p>&nbsp;<\/p>\n<p><strong>Utilisations en Lithoth\u00e9rapie et Spiritualit\u00e9<\/strong><\/p>\n<ol>\n<li><strong>Bijoux et Talismans<\/strong>\n<ul>\n<li>Les ammonites fossilis\u00e9es en pyrite sont souvent utilis\u00e9es dans la cr\u00e9ation de <strong>bijoux<\/strong> (pendentifs, bagues, etc.) en raison de leur aspect esth\u00e9tique unique et de leurs puissantes \u00e9nergies. Elles servent \u00e0 la fois de talismans de <strong>protection<\/strong>, de <strong>chance<\/strong>, et d\u2019<strong>abondance<\/strong>.<\/li>\n<li>Porter une ammonite en pyrite peut aider \u00e0 se prot\u00e9ger des influences n\u00e9gatives tout en stimulant l\u2019\u00e9nergie vitale et la confiance en soi.<\/li>\n<\/ul>\n<\/li>\n<li><strong>D\u00e9coration et Feng Shui<\/strong>\n<ul>\n<li>Dans le <strong>Feng Shui<\/strong>, les ammonites en pyrite sont plac\u00e9es dans la maison ou au bureau pour favoriser la <strong>prosp\u00e9rit\u00e9<\/strong>, l\u2019<strong>\u00e9volution personnelle<\/strong>, et pour apporter de l\u2019<strong>harmonie<\/strong>. Elles sont souvent plac\u00e9es dans les secteurs de la maison associ\u00e9s \u00e0 la richesse ou \u00e0 la cr\u00e9ativit\u00e9.<\/li>\n<li>Ces fossiles peuvent \u00e9galement \u00eatre plac\u00e9s dans des environnements de travail pour stimuler la <strong>productivit\u00e9<\/strong> et repousser les \u00e9nergies stressantes.<\/li>\n<\/ul>\n<\/li>\n<li><strong>M\u00e9ditation et Connexion Spirituelle<\/strong>\n<ul>\n<li>En <strong>m\u00e9ditation<\/strong>, tenir ou se concentrer sur une ammonite en pyrite peut favoriser l\u2019<strong>ancrage<\/strong>, aider \u00e0 trouver de la clart\u00e9 et \u00e0 se connecter aux \u00e9nergies <strong>ancestrales<\/strong>. Cela peut \u00e9galement faciliter le travail sur la <strong>transformation personnelle<\/strong> et l\u2019acceptation du changement.<\/li>\n<li>Elles sont id\u00e9ales pour ceux qui cherchent \u00e0 explorer les <strong>m\u00e9moires karmiques<\/strong> ou \u00e0 se connecter \u00e0 des connaissances profondes sur les cycles de vie.<\/li>\n<\/ul>\n<\/li>\n<\/ol>\n<p>&nbsp;<\/p>\n<p><strong>Purification et Rechargement<\/strong><\/p>\n<ul>\n<li><strong>Purification<\/strong> : Il est recommand\u00e9 de purifier les ammonites en pyrite en les passant sous un <strong>filet d\u2019eau<\/strong> ou en utilisant de la <strong>fum\u00e9e<\/strong> de sauge ou de palo santo. \u00c9vitez le sel, car la pyrite est sensible \u00e0 l&rsquo;humidit\u00e9.<\/li>\n<li><strong>Rechargement<\/strong> : La pyrite aime \u00eatre recharg\u00e9e \u00e0 la lumi\u00e8re du <strong>soleil<\/strong>, qui amplifie ses \u00e9nergies protectrices et attractives. Vous pouvez \u00e9galement placer l\u2019ammonite sur un amas de quartz pour la revitaliser.<\/li>\n<\/ul>\n<p>&nbsp;<\/p>\n<p><strong>Origine et Gisements<\/strong><\/p>\n<ul>\n<li>Les ammonites en pyrite sont principalement trouv\u00e9es dans la r\u00e9gion de <strong>Volga<\/strong>, en <strong>Russie<\/strong>, une zone r\u00e9put\u00e9e pour ses <strong>d\u00e9p\u00f4ts fossiles<\/strong> et ses sp\u00e9cimens de haute qualit\u00e9.<\/li>\n<li>Les gisements de cette r\u00e9gion sont particuli\u00e8rement connus pour les conditions sp\u00e9cifiques de fossilisation qui permettent \u00e0 la pyrite de remplacer la coquille des ammonites, cr\u00e9ant ainsi ces pi\u00e8ces uniques.<\/li>\n<\/ul>\n<p>&nbsp;<\/p>\n<p><strong>R\u00e9sum\u00e9 des Bienfaits<\/strong><\/p>\n<ul>\n<li><strong>Protection \u00e9nerg\u00e9tique<\/strong> contre les influences n\u00e9gatives<\/li>\n<li><strong>Ancrage<\/strong> et renforcement de la stabilit\u00e9 \u00e9motionnelle<\/li>\n<li><strong>Transformation personnelle<\/strong> et acceptation des changements<\/li>\n<li>Stimulation de la <strong>prosp\u00e9rit\u00e9<\/strong> et de l\u2019<strong>abondance<\/strong><\/li>\n<li>Connexion \u00e0 la <strong>sagesse ancienne<\/strong> et aux cycles de la vie<\/li>\n<li>Favorise la <strong>cr\u00e9ativit\u00e9<\/strong> et la <strong>croissance spirituelle<\/strong><\/li>\n<\/ul>\n<p>&nbsp;<\/p>\n<p><strong>Conclusion<\/strong><\/p>\n<p>Les <strong>ammonites fossilis\u00e9es en pyrite<\/strong> de Russie sont des objets fascinants \u00e0 la fois par leur aspect esth\u00e9tique et par leurs puissantes propri\u00e9t\u00e9s \u00e9nerg\u00e9tiques. Elles offrent une <strong>protection<\/strong> accrue, stimulent l\u2019<strong>ancrage<\/strong> et la <strong>transformation personnelle<\/strong>, tout en apportant <strong>chance<\/strong> et <strong>prosp\u00e9rit\u00e9<\/strong> \u00e0 ceux qui les utilisent. Ces fossiles sont des symboles puissants d\u2019\u00e9volution, de renouveau, et de sagesse ancestrale, ce qui en fait des pi\u00e8ces incontournables pour les collectionneurs et les amateurs de lithoth\u00e9rapie.<\/p>\n<p>&nbsp;<\/p>\n","protected":false},"excerpt":{"rendered":"<p>vendu sans cha\u00eene<\/p>\n<p>3,8&#215;0,8&#215;5,4cm<\/p>\n","protected":false},"featured_media":15528,"template":"","meta":[],"product_brand":[],"product_cat":[96,153,109],"product_tag":[675,678,677,514,231,542],"class_list":{"0":"post-15527","1":"product","2":"type-product","3":"status-publish","4":"has-post-thumbnail","6":"product_cat-bijoux","7":"product_cat-bijoux-argent-serti","8":"product_cat-bijoux-pierres-naturelles","9":"product_tag-abondance","10":"product_tag-chance","11":"product_tag-changement","12":"product_tag-creativite","13":"product_tag-protection","14":"product_tag-sagesse","15":"pa_mineraux-fossile","16":"pa_type-de-bijoux-pendentif","18":"first","19":"instock","20":"shipping-taxable","21":"purchasable","22":"product-type-simple"},"jetpack_sharing_enabled":true,"_links":{"self":[{"href":"https:\/\/lesfeespapillons-mineraux.com\/index.php\/wp-json\/wp\/v2\/product\/15527","targetHints":{"allow":["GET"]}}],"collection":[{"href":"https:\/\/lesfeespapillons-mineraux.com\/index.php\/wp-json\/wp\/v2\/product"}],"about":[{"href":"https:\/\/lesfeespapillons-mineraux.com\/index.php\/wp-json\/wp\/v2\/types\/product"}],"wp:featuredmedia":[{"embeddable":true,"href":"https:\/\/lesfeespapillons-mineraux.com\/index.php\/wp-json\/wp\/v2\/media\/15528"}],"wp:attachment":[{"href":"https:\/\/lesfeespapillons-mineraux.com\/index.php\/wp-json\/wp\/v2\/media?parent=15527"}],"wp:term":[{"taxonomy":"product_brand","embeddable":true,"href":"https:\/\/lesfeespapillons-mineraux.com\/index.php\/wp-json\/wp\/v2\/product_brand?post=15527"},{"taxonomy":"product_cat","embeddable":true,"href":"https:\/\/lesfeespapillons-mineraux.com\/index.php\/wp-json\/wp\/v2\/product_cat?post=15527"},{"taxonomy":"product_tag","embeddable":true,"href":"https:\/\/lesfeespapillons-mineraux.com\/index.php\/wp-json\/wp\/v2\/product_tag?post=15527"}],"curies":[{"name":"wp","href":"https:\/\/api.w.org\/{rel}","templated":true}]}}