{"id":15363,"date":"2023-12-08T16:09:31","date_gmt":"2023-12-08T15:09:31","guid":{"rendered":"https:\/\/lesfeespapillons-mineraux.com\/?post_type=product&#038;p=15363"},"modified":"2024-10-13T14:28:23","modified_gmt":"2024-10-13T12:28:23","slug":"boucles-doreille-en-pierres-naturelles-et-argent-925","status":"publish","type":"product","link":"https:\/\/lesfeespapillons-mineraux.com\/index.php\/produit\/boucles-doreille-en-pierres-naturelles-et-argent-925\/","title":{"rendered":"Boucles d&rsquo;oreille en pierres naturelles et argent 925"},"content":{"rendered":"","protected":false},"excerpt":{"rendered":"<p>Possibilit\u00e9 de nous contacter pour une r\u00e9alisation personnalis\u00e9e<\/p>\n<p>longueur totale : 6cm<\/p>\n<p>largeur : 2,9cm<\/p>\n","protected":false},"featured_media":15365,"template":"","meta":[],"product_brand":[],"product_cat":[96,159,109],"product_tag":[],"class_list":{"0":"post-15363","1":"product","2":"type-product","3":"status-publish","4":"has-post-thumbnail","6":"product_cat-bijoux","7":"product_cat-bijoux-perles","8":"product_cat-bijoux-pierres-naturelles","9":"pa_mineraux-amethyste","10":"pa_mineraux-apatite","11":"pa_mineraux-calcedoine","12":"pa_mineraux-cornaline","13":"pa_mineraux-grenat","14":"pa_mineraux-lapis-lazuli","15":"pa_type-de-bijoux-boucles-doreille","17":"first","18":"instock","19":"shipping-taxable","20":"purchasable","21":"product-type-variable"},"jetpack_sharing_enabled":true,"_links":{"self":[{"href":"https:\/\/lesfeespapillons-mineraux.com\/index.php\/wp-json\/wp\/v2\/product\/15363","targetHints":{"allow":["GET"]}}],"collection":[{"href":"https:\/\/lesfeespapillons-mineraux.com\/index.php\/wp-json\/wp\/v2\/product"}],"about":[{"href":"https:\/\/lesfeespapillons-mineraux.com\/index.php\/wp-json\/wp\/v2\/types\/product"}],"wp:featuredmedia":[{"embeddable":true,"href":"https:\/\/lesfeespapillons-mineraux.com\/index.php\/wp-json\/wp\/v2\/media\/15365"}],"wp:attachment":[{"href":"https:\/\/lesfeespapillons-mineraux.com\/index.php\/wp-json\/wp\/v2\/media?parent=15363"}],"wp:term":[{"taxonomy":"product_brand","embeddable":true,"href":"https:\/\/lesfeespapillons-mineraux.com\/index.php\/wp-json\/wp\/v2\/product_brand?post=15363"},{"taxonomy":"product_cat","embeddable":true,"href":"https:\/\/lesfeespapillons-mineraux.com\/index.php\/wp-json\/wp\/v2\/product_cat?post=15363"},{"taxonomy":"product_tag","embeddable":true,"href":"https:\/\/lesfeespapillons-mineraux.com\/index.php\/wp-json\/wp\/v2\/product_tag?post=15363"}],"curies":[{"name":"wp","href":"https:\/\/api.w.org\/{rel}","templated":true}]}}