{"id":15337,"date":"2023-12-08T13:44:32","date_gmt":"2023-12-08T12:44:32","guid":{"rendered":"https:\/\/lesfeespapillons-mineraux.com\/?post_type=product&#038;p=15337"},"modified":"2024-10-02T11:05:27","modified_gmt":"2024-10-02T09:05:27","slug":"pierres-roulees-en-quartz-fume-2","status":"publish","type":"product","link":"https:\/\/lesfeespapillons-mineraux.com\/index.php\/produit\/pierres-roulees-en-quartz-fume-2\/","title":{"rendered":"Pierres roul\u00e9es en quartz fum\u00e9"},"content":{"rendered":"<p style=\"text-align: center\"><strong>Le Quartz Fum\u00e9<\/strong><\/p>\n<p><strong>\u00a0<\/strong><\/p>\n<p><strong>Nom anglais :<\/strong> Smoky Quartz<\/p>\n<p><strong>Famille :<\/strong> Quartz (Silice &#8211; Dioxyde de silicium)<\/p>\n<p>&nbsp;<\/p>\n<p><strong>Couleur :<\/strong><\/p>\n<ul>\n<li>Le quartz fum\u00e9 pr\u00e9sente des teintes allant du <strong>gris clair translucide<\/strong> au <strong>brun fonc\u00e9<\/strong>, parfois tirant sur le noir. Sa transparence varie de l\u00e9g\u00e8rement trouble \u00e0 compl\u00e8tement opaque.<\/li>\n<\/ul>\n<p>&nbsp;<\/p>\n<p><strong>Origine :<\/strong><\/p>\n<ul>\n<li>Les principaux gisements de quartz fum\u00e9 se trouvent dans divers pays du monde, notamment en <strong>Suisse<\/strong>, au <strong>Br\u00e9sil<\/strong>, aux <strong>\u00c9tats-Unis<\/strong> (Colorado), en <strong>\u00c9cosse<\/strong>, et \u00e0 <strong>Madagascar<\/strong>.<\/li>\n<\/ul>\n<p>&nbsp;<\/p>\n<p><strong>Composition chimique :<\/strong><\/p>\n<ul>\n<li><strong>Formule chimique :<\/strong> SiO\u2082 (Dioxyde de silicium)<\/li>\n<li>La coloration brune du quartz fum\u00e9 est due \u00e0 l&rsquo;irradiation naturelle des min\u00e9raux de fer pr\u00e9sents dans la pierre.<\/li>\n<li><strong>Duret\u00e9 sur l&rsquo;\u00e9chelle de Mohs : 7\/10<\/strong> (une duret\u00e9 \u00e9lev\u00e9e, le quartz fum\u00e9 est assez r\u00e9sistant)<\/li>\n<li><strong>Syst\u00e8me cristallin : Rhombo\u00e9drique (hexagonal)<\/strong><\/li>\n<\/ul>\n<p>&nbsp;<\/p>\n<p><strong>Propri\u00e9t\u00e9s en lithoth\u00e9rapie :<\/strong><\/p>\n<ul>\n<li><strong>Ancrage et Protection<\/strong> : Le quartz fum\u00e9 est consid\u00e9r\u00e9 comme une pierre puissante d&rsquo;ancrage. Il aide \u00e0 se connecter \u00e0 la Terre et \u00e0 stabiliser les \u00e9nergies.<\/li>\n<li><strong>Apaisement de l&rsquo;esprit<\/strong> : Il aide \u00e0 dissiper les pens\u00e9es n\u00e9gatives, \u00e0 renforcer la volont\u00e9 et la lucidit\u00e9, et \u00e0 favoriser un \u00e9tat de calme mental. Il est souvent utilis\u00e9 pour se recentrer et trouver les fondements d\u2019un projet.<\/li>\n<li><strong>D\u00e9toxification \u00e9motionnelle<\/strong> : On dit que le quartz fum\u00e9 absorbe les \u00e9nergies n\u00e9gatives et les toxines \u00e9motionnelles, lib\u00e9rant ainsi le porteur de tensions internes et le soutenant dans sa lutte contre les d\u00e9pendances et les addictions.<\/li>\n<li><strong>Stimulation de la concentration<\/strong> : Il est connu pour am\u00e9liorer la concentration et la lucidit\u00e9 mentale, en aidant \u00e0 prendre des d\u00e9cisions plus rationnelles.<\/li>\n<\/ul>\n<p>&nbsp;<\/p>\n<p><strong>Chakras associ\u00e9s :<\/strong><\/p>\n<ul>\n<li><strong>Chakra racine<\/strong> (Muladhara) : Le quartz fum\u00e9 est fortement li\u00e9 \u00e0 ce chakra, renfor\u00e7ant ainsi l&rsquo;ancrage et la stabilit\u00e9.<\/li>\n<\/ul>\n<p>&nbsp;<\/p>\n<p><strong>Utilisations :<\/strong><\/p>\n<ul>\n<li><strong>Bijoux<\/strong> : En raison de sa beaut\u00e9 et de sa r\u00e9sistance, le quartz fum\u00e9 est couramment utilis\u00e9 dans les bijoux (bagues, pendentifs, bracelets).<\/li>\n<li><strong>D\u00e9coration<\/strong> : Sous forme de cristaux bruts ou polis, il est appr\u00e9ci\u00e9 en tant qu&rsquo;objet d\u00e9coratif, souvent utilis\u00e9 dans des environnements calmes ou m\u00e9ditatifs.<\/li>\n<li><strong>M\u00e9ditation et pratiques spirituelles<\/strong> : Il est souvent employ\u00e9 dans les s\u00e9ances de m\u00e9ditation pour favoriser un enracinement profond et \u00e9loigner les distractions mentales.<\/li>\n<\/ul>\n<p>&nbsp;<\/p>\n<p><strong>Entretien :<\/strong><\/p>\n<ul>\n<li><strong>Purification<\/strong> : Pour purifier un quartz fum\u00e9, il est recommand\u00e9 de le passer sous de l&rsquo;eau claire ou dans les fum\u00e9es d\u2019encens.<\/li>\n<li><strong>Rechargement<\/strong> : Le quartz fum\u00e9 peut \u00eatre recharg\u00e9 en le pla\u00e7ant \u00e0 la lumi\u00e8re du soleil ou de la lune pendant quelques heures. Il est \u00e9galement possible de le d\u00e9poser sur une g\u00e9ode d\u2019am\u00e9thyste ou de quartz clair pour le revitaliser.<\/li>\n<\/ul>\n<p>&nbsp;<\/p>\n<p><strong>Symbolisme et Histoire :<\/strong><\/p>\n<ul>\n<li>Dans certaines cultures, notamment les <strong>Celtique<\/strong> et <strong>Tib\u00e9taine<\/strong>, le quartz fum\u00e9 est consid\u00e9r\u00e9 comme sacr\u00e9 et \u00e9tait utilis\u00e9 dans les rituels spirituels pour ses propri\u00e9t\u00e9s de protection et de purification.<\/li>\n<li>En <strong>\u00c9cosse<\/strong>, il est la <strong>pierre nationale<\/strong>, connue sous le nom de \u00ab\u00a0Cairngorm\u00a0\u00bb, en r\u00e9f\u00e9rence \u00e0 une r\u00e9gion montagneuse o\u00f9 il est abondant.<\/li>\n<\/ul>\n<p>&nbsp;<\/p>\n<p>Cette pierre est id\u00e9ale pour ceux qui cherchent \u00e0 se prot\u00e9ger des \u00e9nergies n\u00e9gatives, \u00e0 rester ancr\u00e9s, et \u00e0 apaiser l&rsquo;esprit dans des moments de stress.<\/p>\n<p>&nbsp;<\/p>\n","protected":false},"excerpt":{"rendered":"<p>vendues \u00e0 l&rsquo;unit\u00e9<\/p>\n","protected":false},"featured_media":15338,"template":"","meta":[],"product_brand":[],"product_cat":[95,313],"product_tag":[132,671,477,640,670],"class_list":{"0":"post-15337","1":"product","2":"type-product","3":"status-publish","4":"has-post-thumbnail","6":"product_cat-mineraux","7":"product_cat-pierres-roulees","8":"product_tag-addictions","9":"product_tag-dependances","10":"product_tag-lucidite","11":"product_tag-stabilite","12":"product_tag-volonte","14":"first","15":"instock","16":"shipping-taxable","17":"purchasable","18":"product-type-simple"},"jetpack_sharing_enabled":true,"_links":{"self":[{"href":"https:\/\/lesfeespapillons-mineraux.com\/index.php\/wp-json\/wp\/v2\/product\/15337","targetHints":{"allow":["GET"]}}],"collection":[{"href":"https:\/\/lesfeespapillons-mineraux.com\/index.php\/wp-json\/wp\/v2\/product"}],"about":[{"href":"https:\/\/lesfeespapillons-mineraux.com\/index.php\/wp-json\/wp\/v2\/types\/product"}],"wp:featuredmedia":[{"embeddable":true,"href":"https:\/\/lesfeespapillons-mineraux.com\/index.php\/wp-json\/wp\/v2\/media\/15338"}],"wp:attachment":[{"href":"https:\/\/lesfeespapillons-mineraux.com\/index.php\/wp-json\/wp\/v2\/media?parent=15337"}],"wp:term":[{"taxonomy":"product_brand","embeddable":true,"href":"https:\/\/lesfeespapillons-mineraux.com\/index.php\/wp-json\/wp\/v2\/product_brand?post=15337"},{"taxonomy":"product_cat","embeddable":true,"href":"https:\/\/lesfeespapillons-mineraux.com\/index.php\/wp-json\/wp\/v2\/product_cat?post=15337"},{"taxonomy":"product_tag","embeddable":true,"href":"https:\/\/lesfeespapillons-mineraux.com\/index.php\/wp-json\/wp\/v2\/product_tag?post=15337"}],"curies":[{"name":"wp","href":"https:\/\/api.w.org\/{rel}","templated":true}]}}