{"id":14893,"date":"2023-12-03T15:39:27","date_gmt":"2023-12-03T14:39:27","guid":{"rendered":"https:\/\/lesfeespapillons-mineraux.com\/?post_type=product&#038;p=14893"},"modified":"2024-10-11T20:17:51","modified_gmt":"2024-10-11T18:17:51","slug":"pendentif-emeraude-serti-argent-925-5","status":"publish","type":"product","link":"https:\/\/lesfeespapillons-mineraux.com\/index.php\/produit\/pendentif-emeraude-serti-argent-925-5\/","title":{"rendered":"Pendentif \u00e9meraude serti argent 925"},"content":{"rendered":"<p style=\"text-align: center\"><strong>L\u2019\u00c9meraude<br \/>\nGroupe<\/strong> : Silicates<br \/>\n<strong>Famille<\/strong> : B\u00e9ryl<br \/>\n<strong>Formule chimique<\/strong> : Be\u2083Al\u2082(SiO\u2083)\u2086<br \/>\n<strong>Couleur principale<\/strong> : Vert<\/p>\n<p>&nbsp;<\/p>\n<p><strong>Caract\u00e9ristiques<\/strong><\/p>\n<ol>\n<li><strong>Couleur<\/strong> :<br \/>\nL&rsquo;\u00e9meraude est surtout connue pour sa couleur verte intense, qui peut varier du vert clair au vert profond en fonction des inclusions et des impuret\u00e9s pr\u00e9sentes dans le cristal. La teinte verte est due \u00e0 la pr\u00e9sence de chrome et parfois de vanadium.<\/li>\n<li><strong>Duret\u00e9<\/strong> :<br \/>\n7,5 \u00e0 8 sur l&rsquo;\u00e9chelle de Mohs, ce qui en fait une pierre relativement dure, mais plus fragile que d&rsquo;autres gemmes comme le saphir ou le diamant en raison de ses nombreuses inclusions (appel\u00e9es \u00ab\u00a0jardin\u00a0\u00bb).<\/li>\n<li><strong>Syst\u00e8me cristallin<\/strong> :<br \/>\nHexagonal.<\/li>\n<li><strong>Clivage<\/strong> :<br \/>\nPeu marqu\u00e9, irr\u00e9gulier.<\/li>\n<li><strong>Transparence<\/strong> :<br \/>\nTranslucide \u00e0 opaque. Les \u00e9meraudes les plus recherch\u00e9es sont transparentes, mais la plupart pr\u00e9sentent des inclusions.<\/li>\n<li><strong>\u00c9clat<\/strong> :<br \/>\nVitreux.<\/li>\n<li><strong>Densit\u00e9<\/strong> :<br \/>\n2,7 \u00e0 2,8 g\/cm\u00b3.<\/li>\n<\/ol>\n<p>&nbsp;<\/p>\n<p><strong>Origine et Formation<\/strong><\/p>\n<p>L&rsquo;\u00e9meraude est une vari\u00e9t\u00e9 de b\u00e9ryl, un min\u00e9ral qui se forme dans des environnements hydrothermaux ou magmatiques. Elle se d\u00e9veloppe dans des conditions g\u00e9ologiques sp\u00e9cifiques, o\u00f9 le b\u00e9ryllium rencontre du chrome ou du vanadium, ce qui donne \u00e0 la pierre sa couleur caract\u00e9ristique. Les \u00e9meraudes se forment g\u00e9n\u00e9ralement dans des roches m\u00e9tamorphiques ou dans des veines hydrothermales.<\/p>\n<p><strong>Gisements<\/strong><\/p>\n<p>Les \u00e9meraudes les plus c\u00e9l\u00e8bres proviennent de certains gisements dans le monde entier, notamment :<\/p>\n<ul>\n<li><strong>Colombie<\/strong> : Les \u00e9meraudes colombiennes sont les plus pris\u00e9es en raison de leur couleur et de leur transparence exceptionnelles (gisements de Muzo, Chivor).<\/li>\n<li><strong>Zambie<\/strong> : Les \u00e9meraudes de Zambie sont \u00e9galement tr\u00e8s populaires pour leur couleur vert fonc\u00e9 avec des reflets bleut\u00e9s.<\/li>\n<li><strong>Br\u00e9sil<\/strong> : Connu pour produire des \u00e9meraudes de grande taille.<\/li>\n<li><strong>Pakistan<\/strong> et <strong>Afghanistan<\/strong> : Fournissent des \u00e9meraudes de bonne qualit\u00e9.<\/li>\n<li><strong>Russie<\/strong> : Autrefois c\u00e9l\u00e8bre pour les \u00e9meraudes des montagnes de l\u2019Oural.<\/li>\n<\/ul>\n<p>&nbsp;<\/p>\n<p><strong>Propri\u00e9t\u00e9s et Utilisations<\/strong><\/p>\n<ol>\n<li><strong>Lithoth\u00e9rapie<\/strong> :<br \/>\nL&rsquo;\u00e9meraude est souvent associ\u00e9e au renouveau et \u00e0 l&rsquo;amour. Elle est cens\u00e9e apaiser le c\u0153ur, am\u00e9liorer la vision int\u00e9rieure, et favoriser la clart\u00e9 mentale et la v\u00e9rit\u00e9. On dit aussi qu&rsquo;elle aide \u00e0 renforcer les relations amoureuses et \u00e0 promouvoir la loyaut\u00e9 et l&rsquo;harmonie.<\/li>\n<li><strong>Symbolisme<\/strong> :<br \/>\nL\u2019\u00e9meraude est un symbole de jeunesse, de renouveau et d\u2019amour \u00e9ternel. Elle est consid\u00e9r\u00e9e comme une pierre protectrice, attirant la chance et le succ\u00e8s, tout en \u00e9quilibrant les \u00e9motions.<\/li>\n<li><strong>Utilisation en bijouterie<\/strong> :<br \/>\nL&rsquo;\u00e9meraude est l&rsquo;une des quatre pierres pr\u00e9cieuses principales, aux c\u00f4t\u00e9s du diamant, du saphir et du rubis. Elle est tr\u00e8s pris\u00e9e en joaillerie, souvent taill\u00e9e en cabochon ou en taille \u00e9meraude, une coupe qui met en valeur la couleur et r\u00e9duit les risques de casse. En raison de ses inclusions fr\u00e9quentes, l&rsquo;\u00e9meraude est g\u00e9n\u00e9ralement trait\u00e9e avec des huiles ou des r\u00e9sines pour am\u00e9liorer sa clart\u00e9.<\/li>\n<\/ol>\n<p>&nbsp;<\/p>\n<p><strong>Entretien<\/strong><\/p>\n<p>L\u2019\u00e9meraude, bien que relativement dure, est plus fragile que d&rsquo;autres pierres pr\u00e9cieuses en raison de ses inclusions naturelles. Voici quelques conseils pour son entretien :<\/p>\n<ul>\n<li><strong>Nettoyage<\/strong> : Utilisez de l&rsquo;eau ti\u00e8de et un savon doux. \u00c9vitez les nettoyeurs \u00e0 ultrasons et \u00e0 vapeur qui pourraient endommager la pierre.<\/li>\n<li><strong>Protection<\/strong> : \u00c9vitez de porter l&rsquo;\u00e9meraude pendant des activit\u00e9s physiques ou lors de l&rsquo;utilisation de produits chimiques. Elle doit \u00eatre manipul\u00e9e avec soin pour \u00e9viter les chocs et les rayures.<\/li>\n<li><strong>Traitement<\/strong> : Les \u00e9meraudes sont souvent trait\u00e9es avec des huiles pour am\u00e9liorer leur apparence. Ces huiles peuvent s&rsquo;\u00e9vaporer avec le temps, il est donc recommand\u00e9 de la faire traiter de nouveau par un professionnel apr\u00e8s plusieurs ann\u00e9es.<\/li>\n<\/ul>\n<p>&nbsp;<\/p>\n<p><strong>L\u00e9gendes et Mythes<\/strong><\/p>\n<p>L&rsquo;\u00e9meraude est entour\u00e9e de nombreuses l\u00e9gendes \u00e0 travers l&rsquo;histoire. Chez les anciens \u00c9gyptiens, elle \u00e9tait le symbole de la fertilit\u00e9 et de la renaissance, et on disait que la reine Cl\u00e9op\u00e2tre \u00e9tait particuli\u00e8rement fascin\u00e9e par cette pierre.<\/p>\n<p>Dans les traditions indiennes et romaines, on pensait que l&rsquo;\u00e9meraude am\u00e9liorait les dons proph\u00e9tiques et favorisait la connaissance des secrets divins. On croyait aussi qu\u2019elle avait la capacit\u00e9 de prot\u00e9ger contre les maladies et d&rsquo;apporter la sagesse \u00e0 celui qui la portait.<\/p>\n<p>Dans la chr\u00e9tient\u00e9, l&rsquo;\u00e9meraude symbolisait la r\u00e9surrection et l&rsquo;immortalit\u00e9.<\/p>\n<p>&nbsp;<\/p>\n<p><strong>Conclusion<\/strong><\/p>\n<p>L\u2019\u00e9meraude est l&rsquo;une des gemmes les plus anciennes et les plus v\u00e9n\u00e9r\u00e9es, connue pour sa beaut\u00e9 et ses propri\u00e9t\u00e9s symboliques profondes. Utilis\u00e9e \u00e0 la fois comme pierre pr\u00e9cieuse en joaillerie et comme outil spirituel en lithoth\u00e9rapie, elle continue de captiver par son \u00e9l\u00e9gance et son pouvoir protecteur.<\/p>\n<p>&nbsp;<\/p>\n<p>&nbsp;<\/p>\n<p>&nbsp;<\/p>\n<p><sub>\u00a0<\/sub><\/p>\n<p>&nbsp;<\/p>\n","protected":false},"excerpt":{"rendered":"<p>1,2&#215;0,6x2cm<\/p>\n","protected":false},"featured_media":14894,"template":"","meta":[],"product_brand":[],"product_cat":[96,153,109],"product_tag":[507,146,678,145,130,680],"class_list":{"0":"post-14893","1":"product","2":"type-product","3":"status-publish","4":"has-post-thumbnail","6":"product_cat-bijoux","7":"product_cat-bijoux-argent-serti","8":"product_cat-bijoux-pierres-naturelles","9":"product_tag-amour","10":"product_tag-apaisement","11":"product_tag-chance","12":"product_tag-clarte","13":"product_tag-harmonie","14":"product_tag-loyaute","15":"pa_mineraux-emeraude","16":"pa_type-de-bijoux-pendentif","18":"first","19":"instock","20":"shipping-taxable","21":"purchasable","22":"product-type-simple"},"jetpack_sharing_enabled":true,"_links":{"self":[{"href":"https:\/\/lesfeespapillons-mineraux.com\/index.php\/wp-json\/wp\/v2\/product\/14893","targetHints":{"allow":["GET"]}}],"collection":[{"href":"https:\/\/lesfeespapillons-mineraux.com\/index.php\/wp-json\/wp\/v2\/product"}],"about":[{"href":"https:\/\/lesfeespapillons-mineraux.com\/index.php\/wp-json\/wp\/v2\/types\/product"}],"wp:featuredmedia":[{"embeddable":true,"href":"https:\/\/lesfeespapillons-mineraux.com\/index.php\/wp-json\/wp\/v2\/media\/14894"}],"wp:attachment":[{"href":"https:\/\/lesfeespapillons-mineraux.com\/index.php\/wp-json\/wp\/v2\/media?parent=14893"}],"wp:term":[{"taxonomy":"product_brand","embeddable":true,"href":"https:\/\/lesfeespapillons-mineraux.com\/index.php\/wp-json\/wp\/v2\/product_brand?post=14893"},{"taxonomy":"product_cat","embeddable":true,"href":"https:\/\/lesfeespapillons-mineraux.com\/index.php\/wp-json\/wp\/v2\/product_cat?post=14893"},{"taxonomy":"product_tag","embeddable":true,"href":"https:\/\/lesfeespapillons-mineraux.com\/index.php\/wp-json\/wp\/v2\/product_tag?post=14893"}],"curies":[{"name":"wp","href":"https:\/\/api.w.org\/{rel}","templated":true}]}}