{"id":13806,"date":"2023-11-20T09:14:03","date_gmt":"2023-11-20T08:14:03","guid":{"rendered":"https:\/\/lesfeespapillons-mineraux.com\/?post_type=product&#038;p=13806"},"modified":"2024-09-29T10:07:35","modified_gmt":"2024-09-29T08:07:35","slug":"guashas-en-aventurine","status":"publish","type":"product","link":"https:\/\/lesfeespapillons-mineraux.com\/index.php\/produit\/guashas-en-aventurine\/","title":{"rendered":"Guashas en Aventurine"},"content":{"rendered":"<p style=\"text-align: center\"><strong>L\u2019 Aventurine<\/strong><\/p>\n<p><strong>\u00a0<\/strong><\/p>\n<p><strong>Origine du nom<\/strong><\/p>\n<ul>\n<li><strong>\u00c9tymologie : Le nom \u00ab\u00a0aventurine\u00a0\u00bb vient du mot italien <em>\u00ab\u00a0a ventura\u00a0\u00bb<\/em>, qui signifie \u00ab\u00a0par hasard\u00a0\u00bb, en r\u00e9f\u00e9rence \u00e0 une d\u00e9couverte fortuite dans la verrerie.<\/strong><\/li>\n<\/ul>\n<p><strong>Composition chimique et structure<\/strong><\/p>\n<ul>\n<li><strong>Famille : Quartz<\/strong><\/li>\n<li><strong>Formule chimique : SiO\u2082 (dioxyde de silicium)<\/strong><\/li>\n<li><strong>Inclusions : Fuchsite (mica chromif\u00e8re) pour l&rsquo;aventurine verte, h\u00e9matite pour la rouge-brun, et muscovite ou dumorti\u00e9rite pour les autres couleurs.<\/strong><\/li>\n<li><strong>Duret\u00e9 (Mohs) : 6,5 \u00e0 7<\/strong><\/li>\n<\/ul>\n<p><strong>Couleurs<\/strong><\/p>\n<ul>\n<li><strong>Vert (le plus courant), bleu, rouge-brun, jaune, orange. Les inclusions min\u00e9rales sont responsables de ces diff\u00e9rentes teintes.<\/strong><\/li>\n<\/ul>\n<p><strong>Provenance g\u00e9ographique<\/strong><\/p>\n<ul>\n<li><strong>Les principaux gisements d&rsquo;aventurine se trouvent au Br\u00e9sil, en Inde, en Russie, en Chine, et au Tibet.<\/strong><\/li>\n<\/ul>\n<p><strong>Propri\u00e9t\u00e9s physiques<\/strong><\/p>\n<ul>\n<li><strong>Aspect : Pierre translucide \u00e0 opaque, avec un effet chatoyant ou scintillant d\u00fb \u00e0 ses inclusions (ph\u00e9nom\u00e8ne appel\u00e9 aventurescence).<\/strong><\/li>\n<li><strong>Transparence : Translucide \u00e0 opaque.<\/strong><\/li>\n<li><strong>Lustre : Vitreux \u00e0 soyeux.<\/strong><\/li>\n<\/ul>\n<p><strong>Utilisations<\/strong><\/p>\n<ul>\n<li><strong>Bijouterie : L\u2019aventurine est souvent utilis\u00e9e pour des bijoux comme des pendentifs, bagues, et bracelets.<\/strong><\/li>\n<li><strong>Objets de d\u00e9coratifs : Sculptures, pierres roul\u00e9es, objets d&rsquo;art.<\/strong><\/li>\n<li><strong>Lithoth\u00e9rapie : Pierre associ\u00e9e \u00e0 la chance, \u00e0 la prosp\u00e9rit\u00e9, et \u00e0 la s\u00e9r\u00e9nit\u00e9.<\/strong><\/li>\n<\/ul>\n<p><strong>Symbolisme et vertus en lithoth\u00e9rapie<\/strong><\/p>\n<ul>\n<li><strong>\u00a0Surnomm\u00e9e \u00ab\u00a0pierre de la chance\u00a0\u00bb, elle attire la prosp\u00e9rit\u00e9 et la joie.<\/strong><\/li>\n<li><strong>Apaisement \u00e9motionnel : Elle aide \u00e0 calmer les \u00e9motions, \u00e0 diminuer le stress et \u00e0 renforcer l&rsquo;harmonie int\u00e9rieure.<\/strong><\/li>\n<li><strong>Chakra : Principalement associ\u00e9e au chakra du c\u0153ur (Anahata).<\/strong><\/li>\n<\/ul>\n<p><strong>Entretien<\/strong><\/p>\n<ul>\n<li><strong>Purification : \u00c0 l&rsquo;eau claire ou dans les fum\u00e9es d\u2019encens.<\/strong><\/li>\n<li><strong>Rechargement : Exposition \u00e0 la lumi\u00e8re du soleil ou placement sur une g\u00e9ode d\u2019am\u00e9thyste.<\/strong><\/li>\n<\/ul>\n<p><strong>Conclusion<\/strong><\/p>\n<p><strong>L\u2019aventurine est une pierre pr\u00e9cieuse appr\u00e9ci\u00e9e pour son \u00e9clat, sa beaut\u00e9 naturelle et ses vertus spirituelles. Utilis\u00e9e autant dans la joaillerie que dans la lithoth\u00e9rapie, elle est r\u00e9put\u00e9e pour apporter chance, bien-\u00eatre et \u00e9quilibre \u00e9motionnel.<\/strong><\/p>\n<p>&nbsp;<\/p>\n<p>&nbsp;<\/p>\n<p>&nbsp;<\/p>\n<p>&nbsp;<\/p>\n<p>&nbsp;<\/p>\n<p>&nbsp;<\/p>\n<p><sub>\u00a0<\/sub><\/p>\n<p>&nbsp;<\/p>\n","protected":false},"excerpt":{"rendered":"<p>environ 8x5cm<\/p>\n","protected":false},"featured_media":13807,"template":"","meta":[],"product_brand":[],"product_cat":[339,435,104],"product_tag":[480,478,475,477,479],"class_list":{"0":"post-13806","1":"product","2":"type-product","3":"status-publish","4":"has-post-thumbnail","6":"product_cat-accessoires","7":"product_cat-accessoires-massage","8":"product_cat-deco","9":"product_tag-cheveux","10":"product_tag-confiance","11":"product_tag-foie","12":"product_tag-lucidite","13":"product_tag-peau","14":"pa_mineraux-aventurine","15":"pa_piece-318","16":"pa_piece-319","17":"pa_piece-320","18":"pa_piece-322","19":"pa_piece-323","21":"first","22":"instock","23":"shipping-taxable","24":"purchasable","25":"product-type-variable"},"jetpack_sharing_enabled":true,"_links":{"self":[{"href":"https:\/\/lesfeespapillons-mineraux.com\/index.php\/wp-json\/wp\/v2\/product\/13806","targetHints":{"allow":["GET"]}}],"collection":[{"href":"https:\/\/lesfeespapillons-mineraux.com\/index.php\/wp-json\/wp\/v2\/product"}],"about":[{"href":"https:\/\/lesfeespapillons-mineraux.com\/index.php\/wp-json\/wp\/v2\/types\/product"}],"wp:featuredmedia":[{"embeddable":true,"href":"https:\/\/lesfeespapillons-mineraux.com\/index.php\/wp-json\/wp\/v2\/media\/13807"}],"wp:attachment":[{"href":"https:\/\/lesfeespapillons-mineraux.com\/index.php\/wp-json\/wp\/v2\/media?parent=13806"}],"wp:term":[{"taxonomy":"product_brand","embeddable":true,"href":"https:\/\/lesfeespapillons-mineraux.com\/index.php\/wp-json\/wp\/v2\/product_brand?post=13806"},{"taxonomy":"product_cat","embeddable":true,"href":"https:\/\/lesfeespapillons-mineraux.com\/index.php\/wp-json\/wp\/v2\/product_cat?post=13806"},{"taxonomy":"product_tag","embeddable":true,"href":"https:\/\/lesfeespapillons-mineraux.com\/index.php\/wp-json\/wp\/v2\/product_tag?post=13806"}],"curies":[{"name":"wp","href":"https:\/\/api.w.org\/{rel}","templated":true}]}}