{"id":13481,"date":"2023-11-17T08:38:21","date_gmt":"2023-11-17T07:38:21","guid":{"rendered":"https:\/\/lesfeespapillons-mineraux.com\/?post_type=product&#038;p=13481"},"modified":"2024-10-12T12:25:34","modified_gmt":"2024-10-12T10:25:34","slug":"bracelet-7-chakras-confiance-en-soi-6-et-argent-925-2","status":"publish","type":"product","link":"https:\/\/lesfeespapillons-mineraux.com\/index.php\/produit\/bracelet-7-chakras-confiance-en-soi-6-et-argent-925-2\/","title":{"rendered":"Bracelet 7 chakras \u00ab\u00a0Confiance en soi\u00a0\u00bb #6 et argent 925"},"content":{"rendered":"<p style=\"text-align: center\"><strong>Bracelet 7 Chakras sur le Th\u00e8me de la Confiance en Soi<\/strong><\/p>\n<p><strong>\u00a0<\/strong><\/p>\n<p>Ce bracelet se compose de pierres s\u00e9lectionn\u00e9es pour \u00e9quilibrer les <strong>7 chakras<\/strong>, tout en renfor\u00e7ant la confiance en soi \u00e0 tous les niveaux. Il aide \u00e0 surmonter les doutes, \u00e0 d\u00e9velopper la clart\u00e9 mentale, la s\u00e9curit\u00e9 int\u00e9rieure, et \u00e0 cultiver une affirmation positive dans la vie quotidienne. Chaque pierre agit sur un chakra pour apporter des bienfaits sp\u00e9cifiques, tout en renfor\u00e7ant la force personnelle et l&rsquo;estime de soi.<\/p>\n<p>&nbsp;<\/p>\n<ol>\n<li><strong> Chakra Couronne (Sahasrara) \u2014 Am\u00e9thyste<\/strong><\/li>\n<\/ol>\n<ul>\n<li><strong>Pierre<\/strong> : Am\u00e9thyste<\/li>\n<li><strong>Couleur<\/strong> : Violet<\/li>\n<li><strong>\u00c9nergies<\/strong> : L&rsquo;am\u00e9thyste stimule la sagesse et la connexion spirituelle. Pour le chakra couronne, elle aide \u00e0 d\u00e9velopper une conscience \u00e9lev\u00e9e, favorisant ainsi une confiance int\u00e9rieure profonde et une paix spirituelle. En \u00e9quilibrant les \u00e9nergies spirituelles, elle permet de se sentir align\u00e9 avec son chemin de vie.<\/li>\n<li><strong>Effets sur la confiance en soi<\/strong> : L&rsquo;am\u00e9thyste permet de cultiver une confiance bas\u00e9e sur la spiritualit\u00e9, en aidant \u00e0 d\u00e9passer les peurs et les doutes gr\u00e2ce \u00e0 une compr\u00e9hension plus profonde de soi-m\u00eame et du monde.<\/li>\n<\/ul>\n<p>&nbsp;<\/p>\n<ol start=\"2\">\n<li><strong> Chakra du Troisi\u00e8me \u0152il (Ajna) \u2014 \u0152il de Faucon<\/strong><\/li>\n<\/ol>\n<ul>\n<li><strong>Pierre<\/strong> : \u0152il de Faucon<\/li>\n<li><strong>Couleur<\/strong> : Bleu-gris<\/li>\n<li><strong>\u00c9nergies<\/strong> : L\u2019\u0153il de faucon est une pierre qui stimule la clart\u00e9 mentale et la perception. Elle renforce la vision int\u00e9rieure et aide \u00e0 voir clairement les situations. Cela permet de prendre des d\u00e9cisions plus confiantes et de mieux comprendre ses propres capacit\u00e9s.<\/li>\n<li><strong>Effets sur la confiance en soi<\/strong> : En \u00e9quilibrant le chakra du troisi\u00e8me \u0153il, l&rsquo;\u0153il de faucon favorise une compr\u00e9hension lucide de soi-m\u00eame, renfor\u00e7ant ainsi la confiance en ses capacit\u00e9s et en son jugement.<\/li>\n<\/ul>\n<p>&nbsp;<\/p>\n<ol start=\"3\">\n<li><strong> Chakra de la Gorge (Vishuddha) \u2014 Ang\u00e9lite<\/strong><\/li>\n<\/ol>\n<ul>\n<li><strong>Pierre<\/strong> : Ang\u00e9lite<\/li>\n<li><strong>Couleur<\/strong> : Bleu p\u00e2le<\/li>\n<li><strong>\u00c9nergies<\/strong> : L&rsquo;ang\u00e9lite est une pierre douce qui favorise la communication et l&rsquo;expression de soi. Elle apaise les tensions et permet de s&rsquo;exprimer avec clart\u00e9 et assurance. En \u00e9quilibrant le chakra de la gorge, elle aide \u00e0 d\u00e9passer la peur de s\u2019exprimer et encourage \u00e0 parler avec confiance et authenticit\u00e9.<\/li>\n<li><strong>Effets sur la confiance en soi<\/strong> : L&rsquo;ang\u00e9lite aide \u00e0 renforcer la capacit\u00e9 \u00e0 exprimer ses id\u00e9es et sentiments avec assurance, favorisant ainsi une meilleure communication, essentielle \u00e0 une confiance en soi affirm\u00e9e.<\/li>\n<\/ul>\n<p>&nbsp;<\/p>\n<ol start=\"4\">\n<li><strong> Chakra du C\u0153ur (Anahata) \u2014 Chrysoprase<\/strong><\/li>\n<\/ol>\n<ul>\n<li><strong>Pierre<\/strong> : Chrysoprase<\/li>\n<li><strong>Couleur<\/strong> : Vert pomme<\/li>\n<li><strong>\u00c9nergies<\/strong> : La chrysoprase est une pierre de gu\u00e9rison \u00e9motionnelle et d\u2019ouverture du c\u0153ur. Elle favorise l\u2019amour de soi, le pardon et la compassion. En \u00e9quilibrant le chakra du c\u0153ur, elle aide \u00e0 d\u00e9velopper une estime de soi positive et un amour inconditionnel pour soi-m\u00eame.<\/li>\n<li><strong>Effets sur la confiance en soi<\/strong> : En favorisant l&rsquo;acceptation de soi, la chrysoprase aide \u00e0 se sentir digne d&rsquo;amour et de respect, renfor\u00e7ant ainsi la confiance en soi et l&rsquo;estime personnelle.<\/li>\n<\/ul>\n<p>&nbsp;<\/p>\n<ol start=\"5\">\n<li><strong> Chakra du Plexus Solaire (Manipura) \u2014 Citrine<\/strong><\/li>\n<\/ol>\n<ul>\n<li><strong>Pierre<\/strong> : Citrine<\/li>\n<li><strong>Couleur<\/strong> : Jaune dor\u00e9<\/li>\n<li><strong>\u00c9nergies<\/strong> : La citrine est la pierre par excellence de la confiance, de la r\u00e9ussite et de l&rsquo;\u00e9nergie positive. Elle stimule le chakra du plexus solaire, source de volont\u00e9, de pouvoir personnel et d&rsquo;estime de soi. Elle encourage la clart\u00e9 mentale et la capacit\u00e9 \u00e0 manifester ses intentions avec assurance.<\/li>\n<li><strong>Effets sur la confiance en soi<\/strong> : La citrine apporte une \u00e9nergie rayonnante qui renforce l&rsquo;estime de soi, la cr\u00e9ativit\u00e9 et l&rsquo;abondance. Elle permet de d\u00e9velopper une confiance en ses capacit\u00e9s et en son potentiel de r\u00e9ussite.<\/li>\n<\/ul>\n<p>&nbsp;<\/p>\n<ol start=\"6\">\n<li><strong> Chakra Sacr\u00e9 (Svadhisthana) \u2014 Cornaline<\/strong><\/li>\n<\/ol>\n<ul>\n<li><strong>Pierre<\/strong> : Cornaline<\/li>\n<li><strong>Couleur<\/strong> : Rouge orang\u00e9<\/li>\n<li><strong>\u00c9nergies<\/strong> : La cornaline est une pierre d&rsquo;\u00e9nergie, de vitalit\u00e9 et de cr\u00e9ativit\u00e9. Elle stimule le chakra sacr\u00e9, si\u00e8ge de l&rsquo;\u00e9motion et de l&rsquo;\u00e9nergie cr\u00e9atrice. Elle aide \u00e0 surmonter la peur de l&rsquo;\u00e9chec, \u00e0 d\u00e9velopper la motivation et \u00e0 exprimer sa cr\u00e9ativit\u00e9 sans inhibitions.<\/li>\n<li><strong>Effets sur la confiance en soi<\/strong> : La cornaline aide \u00e0 vaincre les peurs, \u00e0 \u00e9veiller la passion et la motivation. Elle encourage \u00e0 prendre des risques et \u00e0 s&rsquo;affirmer dans ses projets et relations, renfor\u00e7ant ainsi une confiance en soi dynamique et audacieuse.<\/li>\n<\/ul>\n<p>&nbsp;<\/p>\n<ol start=\"7\">\n<li><strong> Chakra Racine (Muladhara) \u2014 \u0152il de Taureau<\/strong><\/li>\n<\/ol>\n<ul>\n<li><strong>Pierre<\/strong> : \u0152il de Taureau<\/li>\n<li><strong>Couleur<\/strong> : Rouge brun avec des reflets dor\u00e9s<\/li>\n<li><strong>\u00c9nergies<\/strong> : L\u2019\u0153il de taureau est une pierre d\u2019ancrage et de protection. Elle apporte une \u00e9nergie stabilisante, favorisant un sentiment de s\u00e9curit\u00e9 et de confiance en ses bases. En \u00e9quilibrant le chakra racine, elle renforce la force int\u00e9rieure, la r\u00e9silience et la capacit\u00e9 \u00e0 faire face aux d\u00e9fis.<\/li>\n<li><strong>Effets sur la confiance en soi<\/strong> : L&rsquo;\u0153il de taureau donne le courage d\u2019affronter les situations difficiles et renforce la confiance en soi en permettant de rester ancr\u00e9, concentr\u00e9 et d\u00e9termin\u00e9 face aux obstacles.<\/li>\n<\/ul>\n<p>&nbsp;<\/p>\n<p><strong>\u00c9quilibre et Th\u00e8me de la Confiance en Soi :<\/strong><\/p>\n<p>Le <strong>bracelet 7 chakras sur le th\u00e8me de la confiance en soi<\/strong> harmonise les chakras et permet de d\u00e9velopper une confiance profonde \u00e0 plusieurs niveaux :<\/p>\n<ol>\n<li><strong>Am\u00e9thyste<\/strong> (chakra couronne) pour une confiance spirituelle et une paix int\u00e9rieure.<\/li>\n<li><strong>\u0152il de faucon<\/strong> (chakra du troisi\u00e8me \u0153il) pour une vision claire et une prise de d\u00e9cision confiante.<\/li>\n<li><strong>Ang\u00e9lite<\/strong> (chakra de la gorge) pour une expression de soi claire et authentique.<\/li>\n<li><strong>Chrysoprase<\/strong> (chakra du c\u0153ur) pour cultiver l&rsquo;amour de soi et l&rsquo;acceptation.<\/li>\n<li><strong>Citrine<\/strong> (chakra du plexus solaire) pour stimuler la volont\u00e9, le succ\u00e8s et l&rsquo;estime de soi.<\/li>\n<li><strong>Cornaline<\/strong> (chakra sacr\u00e9) pour encourager la motivation, la cr\u00e9ativit\u00e9 et l\u2019audace.<\/li>\n<li><strong>\u0152il de taureau<\/strong> (chakra racine) pour renforcer l&rsquo;ancrage, la force et le courage.<\/li>\n<\/ol>\n<p>Ce bracelet est id\u00e9al pour ceux qui cherchent \u00e0 surmonter leurs doutes, \u00e0 s&rsquo;affirmer dans leurs relations et leurs projets, et \u00e0 d\u00e9velopper une confiance solide et r\u00e9siliente.<\/p>\n<p>&nbsp;<\/p>\n","protected":false},"excerpt":{"rendered":"<p>Am\u00e9thyste, \u0152il de faucon, Ang\u00e9lite, Chrysoprase, Citrine, Cornaline, \u0152il de taureau<\/p>\n<p>taille : 18,5cm<\/p>\n","protected":false},"featured_media":13482,"template":"","meta":[],"product_brand":[],"product_cat":[96,159,109],"product_tag":[],"class_list":{"0":"post-13481","1":"product","2":"type-product","3":"status-publish","4":"has-post-thumbnail","6":"product_cat-bijoux","7":"product_cat-bijoux-perles","8":"product_cat-bijoux-pierres-naturelles","9":"pa_mineraux-amethyste","10":"pa_mineraux-angelite","11":"pa_mineraux-chrysoprase","12":"pa_mineraux-citrine","13":"pa_mineraux-cornaline","14":"pa_mineraux-oeil-de-faucon","15":"pa_mineraux-oeil-de-taureau","16":"pa_taille-de-bracelet-185cm","17":"pa_type-de-bijoux-bracelet","19":"first","20":"instock","21":"shipping-taxable","22":"purchasable","23":"product-type-simple"},"jetpack_sharing_enabled":true,"_links":{"self":[{"href":"https:\/\/lesfeespapillons-mineraux.com\/index.php\/wp-json\/wp\/v2\/product\/13481","targetHints":{"allow":["GET"]}}],"collection":[{"href":"https:\/\/lesfeespapillons-mineraux.com\/index.php\/wp-json\/wp\/v2\/product"}],"about":[{"href":"https:\/\/lesfeespapillons-mineraux.com\/index.php\/wp-json\/wp\/v2\/types\/product"}],"wp:featuredmedia":[{"embeddable":true,"href":"https:\/\/lesfeespapillons-mineraux.com\/index.php\/wp-json\/wp\/v2\/media\/13482"}],"wp:attachment":[{"href":"https:\/\/lesfeespapillons-mineraux.com\/index.php\/wp-json\/wp\/v2\/media?parent=13481"}],"wp:term":[{"taxonomy":"product_brand","embeddable":true,"href":"https:\/\/lesfeespapillons-mineraux.com\/index.php\/wp-json\/wp\/v2\/product_brand?post=13481"},{"taxonomy":"product_cat","embeddable":true,"href":"https:\/\/lesfeespapillons-mineraux.com\/index.php\/wp-json\/wp\/v2\/product_cat?post=13481"},{"taxonomy":"product_tag","embeddable":true,"href":"https:\/\/lesfeespapillons-mineraux.com\/index.php\/wp-json\/wp\/v2\/product_tag?post=13481"}],"curies":[{"name":"wp","href":"https:\/\/api.w.org\/{rel}","templated":true}]}}